{"id":10351,"date":"2025-07-04T17:03:10","date_gmt":"2025-07-04T15:03:10","guid":{"rendered":"https:\/\/www.tourisme-volvestre.fr\/le-volvestre-land-of-know-how\/"},"modified":"2025-09-03T11:23:52","modified_gmt":"2025-09-03T09:23:52","slug":"le-volvestre-land-of-know-how","status":"publish","type":"page","link":"https:\/\/www.tourisme-volvestre.fr\/en\/le-volvestre-land-of-know-how\/","title":{"rendered":"Le Volvestre, land of know-how"},"content":{"rendered":"\n<div class=\"wp-block-group alignfull has-accent-4-background-color has-background has-global-padding is-layout-constrained wp-container-core-group-is-layout-a17fb4a4 wp-block-group-is-layout-constrained\" style=\"margin-top:-2rem;margin-bottom:0;padding-top:var(--wp--preset--spacing--50);padding-right:var(--wp--preset--spacing--50);padding-bottom:var(--wp--preset--spacing--50);padding-left:var(--wp--preset--spacing--50)\">\n<div class=\"wp-block-columns alignwide are-vertically-aligned-center is-layout-flex wp-container-core-columns-is-layout-1da03c2a wp-block-columns-is-layout-flex\">\n<div class=\"wp-block-column is-vertically-aligned-center is-layout-flow wp-block-column-is-layout-flow\" style=\"flex-basis:50%\">\n<div class=\"wp-block-group is-vertical is-content-justification-stretch is-layout-flex wp-container-core-group-is-layout-03ea0e6e wp-block-group-is-layout-flex\" style=\"min-height:100%\">\n<h2 class=\"wp-block-heading\"><mark style=\"color:#77b342\" class=\"has-inline-color\">Unique know-how to share\u2026 WITH YOU!  <\/mark><\/h2>\n\n\n\n<p class=\"has-proxima-nova-font-family wp-container-content-0733e5d0\">Volvestre is a land of inspiration and creativity. Numerous artisans perpetuate precious skills, blending tradition and modernity. <br \/><br \/>Between permanent and temporary exhibitions, art galleries, and craft shops, Volvestre is full of places to discover skills and meet artisans.<br \/><br \/><strong>Cutlery, pottery, leatherwork, weaving, ceramics, blacksmithing, photography&#8230;<\/strong> here, talents are numerous and accessible. <br \/><br \/>Are you ready to embark on the artistic and artisanal world of Volvestre ? Follow our guide! <\/p>\n<\/div>\n<\/div>\n\n\n\n<div class=\"wp-block-column is-vertically-aligned-center is-layout-flow wp-block-column-is-layout-flow\" style=\"flex-basis:50%\">\n<figure class=\"wp-block-image aligncenter size-full is-resized is-style-rounded is-style-rounded--1\"><img loading=\"lazy\" decoding=\"async\" width=\"1315\" height=\"1754\" src=\"https:\/\/www.tourisme-volvestre.fr\/wp-content\/uploads\/2025\/08\/bax_lesforgesdelasalamandre_artisanat_portrait_fig@stephanelessieux-2048x2048-1.jpg\" alt=\"\" class=\"wp-image-8437\" style=\"aspect-ratio:0.75;object-fit:cover;width:415px;height:auto\" srcset=\"https:\/\/www.tourisme-volvestre.fr\/wp-content\/uploads\/2025\/08\/bax_lesforgesdelasalamandre_artisanat_portrait_fig@stephanelessieux-2048x2048-1.jpg 1315w, https:\/\/www.tourisme-volvestre.fr\/wp-content\/uploads\/2025\/08\/bax_lesforgesdelasalamandre_artisanat_portrait_fig@stephanelessieux-2048x2048-1-225x300.jpg 225w, https:\/\/www.tourisme-volvestre.fr\/wp-content\/uploads\/2025\/08\/bax_lesforgesdelasalamandre_artisanat_portrait_fig@stephanelessieux-2048x2048-1-768x1024.jpg 768w, https:\/\/www.tourisme-volvestre.fr\/wp-content\/uploads\/2025\/08\/bax_lesforgesdelasalamandre_artisanat_portrait_fig@stephanelessieux-2048x2048-1-1152x1536.jpg 1152w\" sizes=\"auto, (max-width: 1315px) 100vw, 1315px\" \/><figcaption class=\"wp-element-caption\">La Forge de la Salamandre in Bax @St\u00e9phaneLessieux<\/figcaption><\/figure>\n<\/div>\n<\/div>\n\n\n\n<div class=\"wp-block-group alignfull has-accent-4-background-color has-background has-global-padding is-layout-constrained wp-container-core-group-is-layout-ed5e8923 wp-block-group-is-layout-constrained\" style=\"margin-top:var(--wp--preset--spacing--20);margin-bottom:0;padding-top:var(--wp--preset--spacing--20);padding-right:var(--wp--preset--spacing--20);padding-bottom:var(--wp--preset--spacing--20);padding-left:var(--wp--preset--spacing--20)\">\n<div class=\"wp-block-group is-nowrap is-layout-flex wp-container-core-group-is-layout-6c531013 wp-block-group-is-layout-flex\">\n<div class=\"wp-block-group has-global-padding is-layout-constrained wp-container-core-group-is-layout-c385debf wp-block-group-is-layout-constrained\" style=\"padding-top:var(--wp--preset--spacing--20);padding-right:var(--wp--preset--spacing--20);padding-bottom:var(--wp--preset--spacing--20);padding-left:var(--wp--preset--spacing--20)\">\n<div class=\"wp-block-columns is-layout-flex wp-container-core-columns-is-layout-28f84493 wp-block-columns-is-layout-flex\">\n<div class=\"wp-block-column is-layout-flow wp-block-column-is-layout-flow\">\n<figure class=\"wp-block-image aligncenter size-full has-custom-border\"><img loading=\"lazy\" decoding=\"async\" width=\"645\" height=\"458\" src=\"https:\/\/www.tourisme-volvestre.fr\/wp-content\/uploads\/2025\/08\/Capture-decran-2025-08-07-131228.jpg\" alt=\"\" class=\"wp-image-8446\" style=\"border-radius:25px;aspect-ratio:1;object-fit:cover\" srcset=\"https:\/\/www.tourisme-volvestre.fr\/wp-content\/uploads\/2025\/08\/Capture-decran-2025-08-07-131228.jpg 645w, https:\/\/www.tourisme-volvestre.fr\/wp-content\/uploads\/2025\/08\/Capture-decran-2025-08-07-131228-300x213.jpg 300w\" sizes=\"auto, (max-width: 645px) 100vw, 645px\" \/><figcaption class=\"wp-element-caption\">Ceramist @Sevda <\/figcaption><\/figure>\n\n\n\n<div class=\"wp-block-buttons is-content-justification-center is-layout-flex wp-container-core-buttons-is-layout-a89b3969 wp-block-buttons-is-layout-flex\">\n<div class=\"wp-block-button\"><a class=\"wp-block-button__link wp-element-button\" href=\"https:\/\/www.tourisme-volvestre.fr\/our-artists-and-craftspeople\/?lang=en\">Our artists and artisans <\/a><\/div>\n<\/div>\n<\/div>\n\n\n\n<div class=\"wp-block-column is-layout-flow wp-block-column-is-layout-flow\">\n<figure class=\"wp-block-image aligncenter size-full has-custom-border\"><img loading=\"lazy\" decoding=\"async\" width=\"2048\" height=\"1367\" src=\"https:\/\/www.tourisme-volvestre.fr\/wp-content\/uploads\/2025\/07\/martrestolosane_animation_jema_lauradrigo_artisanat_volvestre@bassinauterivain.jpg\" alt=\"\" class=\"wp-image-7129\" style=\"border-radius:25px;aspect-ratio:1;object-fit:cover\" srcset=\"https:\/\/www.tourisme-volvestre.fr\/wp-content\/uploads\/2025\/07\/martrestolosane_animation_jema_lauradrigo_artisanat_volvestre@bassinauterivain.jpg 2048w, https:\/\/www.tourisme-volvestre.fr\/wp-content\/uploads\/2025\/07\/martrestolosane_animation_jema_lauradrigo_artisanat_volvestre@bassinauterivain-300x200.jpg 300w, https:\/\/www.tourisme-volvestre.fr\/wp-content\/uploads\/2025\/07\/martrestolosane_animation_jema_lauradrigo_artisanat_volvestre@bassinauterivain-1024x684.jpg 1024w, https:\/\/www.tourisme-volvestre.fr\/wp-content\/uploads\/2025\/07\/martrestolosane_animation_jema_lauradrigo_artisanat_volvestre@bassinauterivain-768x513.jpg 768w, https:\/\/www.tourisme-volvestre.fr\/wp-content\/uploads\/2025\/07\/martrestolosane_animation_jema_lauradrigo_artisanat_volvestre@bassinauterivain-1536x1025.jpg 1536w\" sizes=\"auto, (max-width: 2048px) 100vw, 2048px\" \/><figcaption class=\"wp-element-caption\">Laura Drigo @OTIBassinAuterivain<\/figcaption><\/figure>\n\n\n\n<div class=\"wp-block-buttons is-content-justification-center is-layout-flex wp-container-core-buttons-is-layout-a89b3969 wp-block-buttons-is-layout-flex\">\n<div class=\"wp-block-button\"><a class=\"wp-block-button__link wp-element-button\" href=\"https:\/\/www.tourisme-volvestre.fr\/internships-and-workshops\/?lang=en\">our courses and workshops<\/a><\/div>\n<\/div>\n<\/div>\n\n\n\n<div class=\"wp-block-column is-layout-flow wp-block-column-is-layout-flow\">\n<figure class=\"wp-block-image aligncenter size-full has-custom-border\"><img loading=\"lazy\" decoding=\"async\" width=\"1928\" height=\"2560\" src=\"https:\/\/www.tourisme-volvestre.fr\/wp-content\/uploads\/2025\/07\/saintsulpicesurleze_lesaudacieuses_lanternes@lisaoti.jpg\" alt=\"\" class=\"wp-image-7284\" style=\"border-radius:25px;aspect-ratio:1;object-fit:cover\" srcset=\"https:\/\/www.tourisme-volvestre.fr\/wp-content\/uploads\/2025\/07\/saintsulpicesurleze_lesaudacieuses_lanternes@lisaoti.jpg 1928w, https:\/\/www.tourisme-volvestre.fr\/wp-content\/uploads\/2025\/07\/saintsulpicesurleze_lesaudacieuses_lanternes@lisaoti-226x300.jpg 226w, https:\/\/www.tourisme-volvestre.fr\/wp-content\/uploads\/2025\/07\/saintsulpicesurleze_lesaudacieuses_lanternes@lisaoti-771x1024.jpg 771w, https:\/\/www.tourisme-volvestre.fr\/wp-content\/uploads\/2025\/07\/saintsulpicesurleze_lesaudacieuses_lanternes@lisaoti-768x1020.jpg 768w, https:\/\/www.tourisme-volvestre.fr\/wp-content\/uploads\/2025\/07\/saintsulpicesurleze_lesaudacieuses_lanternes@lisaoti-1157x1536.jpg 1157w, https:\/\/www.tourisme-volvestre.fr\/wp-content\/uploads\/2025\/07\/saintsulpicesurleze_lesaudacieuses_lanternes@lisaoti-1542x2048.jpg 1542w\" sizes=\"auto, (max-width: 1928px) 100vw, 1928px\" \/><figcaption class=\"wp-element-caption\">Les audacieuses @OTIduVolvestre<\/figcaption><\/figure>\n\n\n\n<div class=\"wp-block-buttons is-content-justification-center is-layout-flex wp-container-core-buttons-is-layout-a89b3969 wp-block-buttons-is-layout-flex\">\n<div class=\"wp-block-button\"><a class=\"wp-block-button__link wp-element-button\" href=\"https:\/\/www.tourisme-volvestre.fr\/artisan-shops\/?lang=en\">Our craft shops<\/a><\/div>\n<\/div>\n<\/div>\n<\/div>\n<\/div>\n<\/div>\n\n\n\n<div class=\"wp-block-group has-global-padding is-layout-constrained wp-container-core-group-is-layout-c385debf wp-block-group-is-layout-constrained\" style=\"padding-top:var(--wp--preset--spacing--20);padding-right:var(--wp--preset--spacing--20);padding-bottom:var(--wp--preset--spacing--20);padding-left:var(--wp--preset--spacing--20)\">\n<div class=\"wp-block-columns is-layout-flex wp-container-core-columns-is-layout-28f84493 wp-block-columns-is-layout-flex\">\n<div class=\"wp-block-column is-layout-flow wp-block-column-is-layout-flow\">\n<figure class=\"wp-block-image aligncenter size-full has-custom-border\"><img loading=\"lazy\" decoding=\"async\" width=\"625\" height=\"926\" src=\"https:\/\/www.tourisme-volvestre.fr\/wp-content\/uploads\/2025\/08\/rieuxvolvesre_artgallery@susanamagalhaes-768x926-1.jpg\" alt=\"\" class=\"wp-image-8746\" style=\"border-radius:25px;aspect-ratio:1;object-fit:cover\" srcset=\"https:\/\/www.tourisme-volvestre.fr\/wp-content\/uploads\/2025\/08\/rieuxvolvesre_artgallery@susanamagalhaes-768x926-1.jpg 625w, https:\/\/www.tourisme-volvestre.fr\/wp-content\/uploads\/2025\/08\/rieuxvolvesre_artgallery@susanamagalhaes-768x926-1-202x300.jpg 202w\" sizes=\"auto, (max-width: 625px) 100vw, 625px\" \/><figcaption class=\"wp-element-caption\">SM Art Gallery @SusanaMagalhaes<\/figcaption><\/figure>\n\n\n\n<div class=\"wp-block-buttons is-content-justification-center is-layout-flex wp-container-core-buttons-is-layout-a89b3969 wp-block-buttons-is-layout-flex\">\n<div class=\"wp-block-button\"><a class=\"wp-block-button__link has-text-align-center wp-element-button\" href=\"https:\/\/www.tourisme-volvestre.fr\/exhibitions-and-galleries\/?lang=en\">Our exhibitions and galleries<\/a><\/div>\n<\/div>\n<\/div>\n\n\n\n<div class=\"wp-block-column is-layout-flow wp-block-column-is-layout-flow\">\n<figure class=\"wp-block-image aligncenter size-full has-custom-border\"><img loading=\"lazy\" decoding=\"async\" width=\"2560\" height=\"1440\" src=\"https:\/\/www.tourisme-volvestre.fr\/wp-content\/uploads\/2025\/06\/PXL_20250621_164039307.MP2_.jpg\" alt=\"\" class=\"wp-image-6791\" style=\"border-radius:25px;aspect-ratio:1;object-fit:cover\" srcset=\"https:\/\/www.tourisme-volvestre.fr\/wp-content\/uploads\/2025\/06\/PXL_20250621_164039307.MP2_.jpg 2560w, https:\/\/www.tourisme-volvestre.fr\/wp-content\/uploads\/2025\/06\/PXL_20250621_164039307.MP2_-300x169.jpg 300w, https:\/\/www.tourisme-volvestre.fr\/wp-content\/uploads\/2025\/06\/PXL_20250621_164039307.MP2_-1024x576.jpg 1024w, https:\/\/www.tourisme-volvestre.fr\/wp-content\/uploads\/2025\/06\/PXL_20250621_164039307.MP2_-768x432.jpg 768w, https:\/\/www.tourisme-volvestre.fr\/wp-content\/uploads\/2025\/06\/PXL_20250621_164039307.MP2_-1536x864.jpg 1536w, https:\/\/www.tourisme-volvestre.fr\/wp-content\/uploads\/2025\/06\/PXL_20250621_164039307.MP2_-2048x1152.jpg 2048w\" sizes=\"auto, (max-width: 2560px) 100vw, 2560px\" \/><figcaption class=\"wp-element-caption\">Exhibition @OTIduVolvestre <\/figcaption><\/figure>\n\n\n\n<div class=\"wp-block-buttons is-content-justification-center is-layout-flex wp-container-core-buttons-is-layout-a89b3969 wp-block-buttons-is-layout-flex\">\n<div class=\"wp-block-button\"><a class=\"wp-block-button__link wp-element-button\" href=\"https:\/\/www.tourisme-volvestre.fr\/art-exhibition-in-saint-sulpice-sur-leze\/?lang=en\">Our temporary exhibitions<\/a><\/div>\n<\/div>\n<\/div>\n\n\n\n<div class=\"wp-block-column is-layout-flow wp-block-column-is-layout-flow\">\n<figure class=\"wp-block-image aligncenter size-full has-custom-border\"><img loading=\"lazy\" decoding=\"async\" width=\"2560\" height=\"1709\" src=\"https:\/\/www.tourisme-volvestre.fr\/wp-content\/uploads\/2025\/07\/martrestolosane_jema_artisanat_detail_art@marionoti.jpg\" alt=\"\" class=\"wp-image-7328\" style=\"border-radius:25px;aspect-ratio:1;object-fit:cover\" srcset=\"https:\/\/www.tourisme-volvestre.fr\/wp-content\/uploads\/2025\/07\/martrestolosane_jema_artisanat_detail_art@marionoti.jpg 2560w, https:\/\/www.tourisme-volvestre.fr\/wp-content\/uploads\/2025\/07\/martrestolosane_jema_artisanat_detail_art@marionoti-300x200.jpg 300w, https:\/\/www.tourisme-volvestre.fr\/wp-content\/uploads\/2025\/07\/martrestolosane_jema_artisanat_detail_art@marionoti-1024x684.jpg 1024w, https:\/\/www.tourisme-volvestre.fr\/wp-content\/uploads\/2025\/07\/martrestolosane_jema_artisanat_detail_art@marionoti-768x513.jpg 768w, https:\/\/www.tourisme-volvestre.fr\/wp-content\/uploads\/2025\/07\/martrestolosane_jema_artisanat_detail_art@marionoti-1536x1025.jpg 1536w, https:\/\/www.tourisme-volvestre.fr\/wp-content\/uploads\/2025\/07\/martrestolosane_jema_artisanat_detail_art@marionoti-2048x1367.jpg 2048w\" sizes=\"auto, (max-width: 2560px) 100vw, 2560px\" \/><figcaption class=\"wp-element-caption\">Craft @OTIduVolvestre<\/figcaption><\/figure>\n\n\n\n<div class=\"wp-block-buttons is-content-justification-center is-layout-flex wp-container-core-buttons-is-layout-a89b3969 wp-block-buttons-is-layout-flex\">\n<div class=\"wp-block-button\"><a class=\"wp-block-button__link wp-element-button\" href=\"https:\/\/www.tourisme-volvestre.fr\/our-key-events\/?lang=en\">Les Journ\u00e9es Europ\u00e9ennes des M\u00e9tiers d&#8217;art<\/a><\/div>\n<\/div>\n<\/div>\n<\/div>\n<\/div>\n\n\n\n<div style=\"height:9px\" aria-hidden=\"true\" class=\"wp-block-spacer\"><\/div>\n<\/div>\n<\/div>\n","protected":false},"excerpt":{"rendered":"<p>Unique know-how to share\u2026 WITH YOU! Volvestre is a land of inspiration and creativity. Numerous artisans perpetuate precious skills, blending tradition and modernity. Between permanent and temporary exhibitions, art galleries, and craft shops, Volvestre is full of places to discover skills and meet artisans. Cutlery, pottery, leatherwork, weaving, ceramics, blacksmithing, photography&#8230; here, talents are numerous [&hellip;]<\/p>\n","protected":false},"author":6,"featured_media":8438,"parent":0,"menu_order":0,"comment_status":"closed","ping_status":"closed","template":"page-no-title","meta":{"_acf_changed":false,"inline_featured_image":false,"footnotes":""},"class_list":["post-10351","page","type-page","status-publish","has-post-thumbnail","hentry"],"acf":[],"yoast_head":"<!-- This site is optimized with the Yoast SEO plugin v27.3 - https:\/\/yoast.com\/product\/yoast-seo-wordpress\/ -->\n<title>Le Volvestre, land of know-how - Volvestre Tourisme<\/title>\n<meta name=\"description\" content=\"Are you an art and craft enthusiast ? Meet our artisans, discover our exhibitions and galleries, and take some craftsmanship home with you !\" \/>\n<meta name=\"robots\" content=\"index, follow, max-snippet:-1, max-image-preview:large, max-video-preview:-1\" \/>\n<link rel=\"canonical\" href=\"https:\/\/www.tourisme-volvestre.fr\/en\/le-volvestre-land-of-know-how\/\" \/>\n<meta property=\"og:locale\" content=\"en_US\" \/>\n<meta property=\"og:type\" content=\"article\" \/>\n<meta property=\"og:title\" content=\"Le Volvestre, land of know-how - Volvestre Tourisme\" \/>\n<meta property=\"og:description\" content=\"Are you an art and craft enthusiast ? Meet our artisans, discover our exhibitions and galleries, and take some craftsmanship home with you !\" \/>\n<meta property=\"og:url\" content=\"https:\/\/www.tourisme-volvestre.fr\/en\/le-volvestre-land-of-know-how\/\" \/>\n<meta property=\"og:site_name\" content=\"Volvestre Tourisme\" \/>\n<meta property=\"article:publisher\" content=\"https:\/\/www.facebook.com\/TourismeVolvestre\" \/>\n<meta property=\"article:modified_time\" content=\"2025-09-03T09:23:52+00:00\" \/>\n<meta property=\"og:image\" content=\"https:\/\/www.tourisme-volvestre.fr\/wp-content\/uploads\/2025\/08\/bax_lesforgesdelasalamandre_artisanat_portrait_fig@stephanelessieux-2048x2048-1.jpg\" \/>\n\t<meta property=\"og:image:width\" content=\"1315\" \/>\n\t<meta property=\"og:image:height\" content=\"1754\" \/>\n\t<meta property=\"og:image:type\" content=\"image\/jpeg\" \/>\n<meta name=\"twitter:card\" content=\"summary_large_image\" \/>\n<meta name=\"twitter:label1\" content=\"Est. reading time\" \/>\n\t<meta name=\"twitter:data1\" content=\"1 minute\" \/>\n<script type=\"application\/ld+json\" class=\"yoast-schema-graph\">{\"@context\":\"https:\\\/\\\/schema.org\",\"@graph\":[{\"@type\":\"WebPage\",\"@id\":\"https:\\\/\\\/www.tourisme-volvestre.fr\\\/en\\\/le-volvestre-land-of-know-how\\\/\",\"url\":\"https:\\\/\\\/www.tourisme-volvestre.fr\\\/en\\\/le-volvestre-land-of-know-how\\\/\",\"name\":\"Le Volvestre, land of know-how - Volvestre Tourisme\",\"isPartOf\":{\"@id\":\"https:\\\/\\\/www.tourisme-volvestre.fr\\\/en\\\/#website\"},\"primaryImageOfPage\":{\"@id\":\"https:\\\/\\\/www.tourisme-volvestre.fr\\\/en\\\/le-volvestre-land-of-know-how\\\/#primaryimage\"},\"image\":{\"@id\":\"https:\\\/\\\/www.tourisme-volvestre.fr\\\/en\\\/le-volvestre-land-of-know-how\\\/#primaryimage\"},\"thumbnailUrl\":\"https:\\\/\\\/www.tourisme-volvestre.fr\\\/wp-content\\\/uploads\\\/2025\\\/08\\\/bax_lesforgesdelasalamandre_artisanat_portrait_fig@stephanelessieux-2048x2048-1.jpg\",\"datePublished\":\"2025-07-04T15:03:10+00:00\",\"dateModified\":\"2025-09-03T09:23:52+00:00\",\"description\":\"Are you an art and craft enthusiast ? Meet our artisans, discover our exhibitions and galleries, and take some craftsmanship home with you !\",\"breadcrumb\":{\"@id\":\"https:\\\/\\\/www.tourisme-volvestre.fr\\\/en\\\/le-volvestre-land-of-know-how\\\/#breadcrumb\"},\"inLanguage\":\"en-US\",\"potentialAction\":[{\"@type\":\"ReadAction\",\"target\":[\"https:\\\/\\\/www.tourisme-volvestre.fr\\\/en\\\/le-volvestre-land-of-know-how\\\/\"]}]},{\"@type\":\"ImageObject\",\"inLanguage\":\"en-US\",\"@id\":\"https:\\\/\\\/www.tourisme-volvestre.fr\\\/en\\\/le-volvestre-land-of-know-how\\\/#primaryimage\",\"url\":\"https:\\\/\\\/www.tourisme-volvestre.fr\\\/wp-content\\\/uploads\\\/2025\\\/08\\\/bax_lesforgesdelasalamandre_artisanat_portrait_fig@stephanelessieux-2048x2048-1.jpg\",\"contentUrl\":\"https:\\\/\\\/www.tourisme-volvestre.fr\\\/wp-content\\\/uploads\\\/2025\\\/08\\\/bax_lesforgesdelasalamandre_artisanat_portrait_fig@stephanelessieux-2048x2048-1.jpg\",\"width\":1315,\"height\":1754},{\"@type\":\"BreadcrumbList\",\"@id\":\"https:\\\/\\\/www.tourisme-volvestre.fr\\\/en\\\/le-volvestre-land-of-know-how\\\/#breadcrumb\",\"itemListElement\":[{\"@type\":\"ListItem\",\"position\":1,\"name\":\"Accueil\",\"item\":\"https:\\\/\\\/www.tourisme-volvestre.fr\\\/en\\\/?lang=en\"},{\"@type\":\"ListItem\",\"position\":2,\"name\":\"Le Volvestre, land of know-how\"}]},{\"@type\":\"WebSite\",\"@id\":\"https:\\\/\\\/www.tourisme-volvestre.fr\\\/en\\\/#website\",\"url\":\"https:\\\/\\\/www.tourisme-volvestre.fr\\\/en\\\/\",\"name\":\"Volvestre Tourisme\",\"description\":\"\",\"publisher\":{\"@id\":\"https:\\\/\\\/www.tourisme-volvestre.fr\\\/en\\\/#organization\"},\"alternateName\":\"OT Volvestre\",\"potentialAction\":[{\"@type\":\"SearchAction\",\"target\":{\"@type\":\"EntryPoint\",\"urlTemplate\":\"https:\\\/\\\/www.tourisme-volvestre.fr\\\/en\\\/?s={search_term_string}\"},\"query-input\":{\"@type\":\"PropertyValueSpecification\",\"valueRequired\":true,\"valueName\":\"search_term_string\"}}],\"inLanguage\":\"en-US\"},{\"@type\":\"Organization\",\"@id\":\"https:\\\/\\\/www.tourisme-volvestre.fr\\\/en\\\/#organization\",\"name\":\"Volvestre Tourisme\",\"url\":\"https:\\\/\\\/www.tourisme-volvestre.fr\\\/en\\\/\",\"logo\":{\"@type\":\"ImageObject\",\"inLanguage\":\"en-US\",\"@id\":\"https:\\\/\\\/www.tourisme-volvestre.fr\\\/en\\\/#\\\/schema\\\/logo\\\/image\\\/\",\"url\":\"https:\\\/\\\/www.tourisme-volvestre.fr\\\/wp-content\\\/uploads\\\/2025\\\/02\\\/logo-site.png\",\"contentUrl\":\"https:\\\/\\\/www.tourisme-volvestre.fr\\\/wp-content\\\/uploads\\\/2025\\\/02\\\/logo-site.png\",\"width\":152,\"height\":152,\"caption\":\"Volvestre Tourisme\"},\"image\":{\"@id\":\"https:\\\/\\\/www.tourisme-volvestre.fr\\\/en\\\/#\\\/schema\\\/logo\\\/image\\\/\"},\"sameAs\":[\"https:\\\/\\\/www.facebook.com\\\/TourismeVolvestre\",\"https:\\\/\\\/www.instagram.com\\\/tourismevolvestre\"]}]}<\/script>\n<!-- \/ Yoast SEO plugin. -->","yoast_head_json":{"title":"Le Volvestre, land of know-how - Volvestre Tourisme","description":"Are you an art and craft enthusiast ? Meet our artisans, discover our exhibitions and galleries, and take some craftsmanship home with you !","robots":{"index":"index","follow":"follow","max-snippet":"max-snippet:-1","max-image-preview":"max-image-preview:large","max-video-preview":"max-video-preview:-1"},"canonical":"https:\/\/www.tourisme-volvestre.fr\/en\/le-volvestre-land-of-know-how\/","og_locale":"en_US","og_type":"article","og_title":"Le Volvestre, land of know-how - Volvestre Tourisme","og_description":"Are you an art and craft enthusiast ? Meet our artisans, discover our exhibitions and galleries, and take some craftsmanship home with you !","og_url":"https:\/\/www.tourisme-volvestre.fr\/en\/le-volvestre-land-of-know-how\/","og_site_name":"Volvestre Tourisme","article_publisher":"https:\/\/www.facebook.com\/TourismeVolvestre","article_modified_time":"2025-09-03T09:23:52+00:00","og_image":[{"width":1315,"height":1754,"url":"https:\/\/www.tourisme-volvestre.fr\/wp-content\/uploads\/2025\/08\/bax_lesforgesdelasalamandre_artisanat_portrait_fig@stephanelessieux-2048x2048-1.jpg","type":"image\/jpeg"}],"twitter_card":"summary_large_image","twitter_misc":{"Est. reading time":"1 minute"},"schema":{"@context":"https:\/\/schema.org","@graph":[{"@type":"WebPage","@id":"https:\/\/www.tourisme-volvestre.fr\/en\/le-volvestre-land-of-know-how\/","url":"https:\/\/www.tourisme-volvestre.fr\/en\/le-volvestre-land-of-know-how\/","name":"Le Volvestre, land of know-how - Volvestre Tourisme","isPartOf":{"@id":"https:\/\/www.tourisme-volvestre.fr\/en\/#website"},"primaryImageOfPage":{"@id":"https:\/\/www.tourisme-volvestre.fr\/en\/le-volvestre-land-of-know-how\/#primaryimage"},"image":{"@id":"https:\/\/www.tourisme-volvestre.fr\/en\/le-volvestre-land-of-know-how\/#primaryimage"},"thumbnailUrl":"https:\/\/www.tourisme-volvestre.fr\/wp-content\/uploads\/2025\/08\/bax_lesforgesdelasalamandre_artisanat_portrait_fig@stephanelessieux-2048x2048-1.jpg","datePublished":"2025-07-04T15:03:10+00:00","dateModified":"2025-09-03T09:23:52+00:00","description":"Are you an art and craft enthusiast ? Meet our artisans, discover our exhibitions and galleries, and take some craftsmanship home with you !","breadcrumb":{"@id":"https:\/\/www.tourisme-volvestre.fr\/en\/le-volvestre-land-of-know-how\/#breadcrumb"},"inLanguage":"en-US","potentialAction":[{"@type":"ReadAction","target":["https:\/\/www.tourisme-volvestre.fr\/en\/le-volvestre-land-of-know-how\/"]}]},{"@type":"ImageObject","inLanguage":"en-US","@id":"https:\/\/www.tourisme-volvestre.fr\/en\/le-volvestre-land-of-know-how\/#primaryimage","url":"https:\/\/www.tourisme-volvestre.fr\/wp-content\/uploads\/2025\/08\/bax_lesforgesdelasalamandre_artisanat_portrait_fig@stephanelessieux-2048x2048-1.jpg","contentUrl":"https:\/\/www.tourisme-volvestre.fr\/wp-content\/uploads\/2025\/08\/bax_lesforgesdelasalamandre_artisanat_portrait_fig@stephanelessieux-2048x2048-1.jpg","width":1315,"height":1754},{"@type":"BreadcrumbList","@id":"https:\/\/www.tourisme-volvestre.fr\/en\/le-volvestre-land-of-know-how\/#breadcrumb","itemListElement":[{"@type":"ListItem","position":1,"name":"Accueil","item":"https:\/\/www.tourisme-volvestre.fr\/en\/?lang=en"},{"@type":"ListItem","position":2,"name":"Le Volvestre, land of know-how"}]},{"@type":"WebSite","@id":"https:\/\/www.tourisme-volvestre.fr\/en\/#website","url":"https:\/\/www.tourisme-volvestre.fr\/en\/","name":"Volvestre Tourisme","description":"","publisher":{"@id":"https:\/\/www.tourisme-volvestre.fr\/en\/#organization"},"alternateName":"OT Volvestre","potentialAction":[{"@type":"SearchAction","target":{"@type":"EntryPoint","urlTemplate":"https:\/\/www.tourisme-volvestre.fr\/en\/?s={search_term_string}"},"query-input":{"@type":"PropertyValueSpecification","valueRequired":true,"valueName":"search_term_string"}}],"inLanguage":"en-US"},{"@type":"Organization","@id":"https:\/\/www.tourisme-volvestre.fr\/en\/#organization","name":"Volvestre Tourisme","url":"https:\/\/www.tourisme-volvestre.fr\/en\/","logo":{"@type":"ImageObject","inLanguage":"en-US","@id":"https:\/\/www.tourisme-volvestre.fr\/en\/#\/schema\/logo\/image\/","url":"https:\/\/www.tourisme-volvestre.fr\/wp-content\/uploads\/2025\/02\/logo-site.png","contentUrl":"https:\/\/www.tourisme-volvestre.fr\/wp-content\/uploads\/2025\/02\/logo-site.png","width":152,"height":152,"caption":"Volvestre Tourisme"},"image":{"@id":"https:\/\/www.tourisme-volvestre.fr\/en\/#\/schema\/logo\/image\/"},"sameAs":["https:\/\/www.facebook.com\/TourismeVolvestre","https:\/\/www.instagram.com\/tourismevolvestre"]}]}},"_links":{"self":[{"href":"https:\/\/www.tourisme-volvestre.fr\/en\/wp-json\/wp\/v2\/pages\/10351","targetHints":{"allow":["GET"]}}],"collection":[{"href":"https:\/\/www.tourisme-volvestre.fr\/en\/wp-json\/wp\/v2\/pages"}],"about":[{"href":"https:\/\/www.tourisme-volvestre.fr\/en\/wp-json\/wp\/v2\/types\/page"}],"author":[{"embeddable":true,"href":"https:\/\/www.tourisme-volvestre.fr\/en\/wp-json\/wp\/v2\/users\/6"}],"replies":[{"embeddable":true,"href":"https:\/\/www.tourisme-volvestre.fr\/en\/wp-json\/wp\/v2\/comments?post=10351"}],"version-history":[{"count":3,"href":"https:\/\/www.tourisme-volvestre.fr\/en\/wp-json\/wp\/v2\/pages\/10351\/revisions"}],"predecessor-version":[{"id":10387,"href":"https:\/\/www.tourisme-volvestre.fr\/en\/wp-json\/wp\/v2\/pages\/10351\/revisions\/10387"}],"wp:featuredmedia":[{"embeddable":true,"href":"https:\/\/www.tourisme-volvestre.fr\/en\/wp-json\/wp\/v2\/media\/8438"}],"wp:attachment":[{"href":"https:\/\/www.tourisme-volvestre.fr\/en\/wp-json\/wp\/v2\/media?parent=10351"}],"curies":[{"name":"wp","href":"https:\/\/api.w.org\/{rel}","templated":true}]}}