{"id":9816,"date":"2025-06-30T09:57:58","date_gmt":"2025-06-30T07:57:58","guid":{"rendered":"https:\/\/www.tourisme-volvestre.fr\/saint-sulpice-sur-leze\/"},"modified":"2025-09-01T11:00:53","modified_gmt":"2025-09-01T09:00:53","slug":"saint-sulpice-sur-leze","status":"publish","type":"page","link":"https:\/\/www.tourisme-volvestre.fr\/en\/saint-sulpice-sur-leze\/","title":{"rendered":"Saint-Sulpice-sur-L\u00e8ze"},"content":{"rendered":"\n<h3 class=\"wp-block-heading has-text-align-center\">Visit Saint-Sulpice-sur-L\u00e8ze, a remarkable old bastide !<\/h3>\n\n<p class=\"has-text-align-center\">Half an hour from Toulouse, Saint-Sulpice-sur-L\u00e8ze is a real gem of the<a href=\"https:\/\/www.tourisme-volvestre.fr\/le-volvestre\/?lang=en\"> Volvestre region<\/a>. Listed as a Remarkable Heritage Site, this charming village captivates visitors with its authenticity and lifestyle. With its historical streets, its picturesque bastide, its iconic mill and the peaceful banks of the L\u00e8ze, every step is an invitation to explore. In summer, the heart of the village comes alive with art exhibitions,<a href=\"https:\/\/boutiquelesaudacieuses.com\/\" target=\"_blank\" rel=\"noreferrer noopener\"> craft shops<\/a> and <a href=\"https:\/\/www.tourisme-volvestre.fr\/where-to-eat-in-volvestre\/?lang=en\">restaurant<\/a>. In the surrounding area, <a href=\"https:\/\/www.tourisme-volvestre.fr\/all-our-hikes\/?lang=en\">hikes<\/a> offer breathtaking views of the Pyrenees. An ideal getaway combining culture, nature and relaxation.     <\/p>\n\n<figure class=\"wp-block-image aligncenter size-large is-style-rounded is-style-rounded--1\"><img loading=\"lazy\" decoding=\"async\" width=\"1024\" height=\"768\" src=\"https:\/\/www.tourisme-volvestre.fr\/wp-content\/uploads\/2025\/06\/saintsulpicesurleze_moulindepesquies_paysage_patrimoine_ete@oti-1024x768.jpg\" alt=\"\" class=\"wp-image-5206\" style=\"aspect-ratio:16\/9;object-fit:cover\" srcset=\"https:\/\/www.tourisme-volvestre.fr\/wp-content\/uploads\/2025\/06\/saintsulpicesurleze_moulindepesquies_paysage_patrimoine_ete@oti-1024x768.jpg 1024w, https:\/\/www.tourisme-volvestre.fr\/wp-content\/uploads\/2025\/06\/saintsulpicesurleze_moulindepesquies_paysage_patrimoine_ete@oti-300x225.jpg 300w, https:\/\/www.tourisme-volvestre.fr\/wp-content\/uploads\/2025\/06\/saintsulpicesurleze_moulindepesquies_paysage_patrimoine_ete@oti-768x576.jpg 768w, https:\/\/www.tourisme-volvestre.fr\/wp-content\/uploads\/2025\/06\/saintsulpicesurleze_moulindepesquies_paysage_patrimoine_ete@oti-1536x1151.jpg 1536w, https:\/\/www.tourisme-volvestre.fr\/wp-content\/uploads\/2025\/06\/saintsulpicesurleze_moulindepesquies_paysage_patrimoine_ete@oti-2048x1535.jpg 2048w\" sizes=\"auto, (max-width: 1024px) 100vw, 1024px\" \/><figcaption class=\"wp-element-caption\">Pesqui\u00e8s mill in Saint-Sulpice-sur-L\u00e8ze @oti<\/figcaption><\/figure>\n\n<h2 class=\"wp-block-heading has-text-align-center\">A journey through time <\/h2>\n\n<div class=\"wp-block-columns is-layout-flex wp-container-core-columns-is-layout-28f84493 wp-block-columns-is-layout-flex\">\n<div class=\"wp-block-column is-layout-flow wp-block-column-is-layout-flow\" style=\"flex-basis:33.33%\">\n<p><strong><mark style=\"color:#77b342\" class=\"has-inline-color\">Saint-Sulpice-sur-L\u00e8ze<\/mark><\/strong>, founded in the 13th century, is a typical bastide town of south-western France. Built on a promontory overlooking the L\u00e8ze River, it benefits from its strategic location between Toulouse and the Pyrenees. Its history is written in its stones: its fortified church, its arcaded square, its mills, its half-timbered houses and its narrow streets bear witness to its medieval past.   <\/p>\n\n\n\n<h3 class=\"wp-block-heading\">What is a bastide?<\/h3>\n\n\n\n<p><em>A bastide is a type of medieval village <strong>typical of south-western France<\/strong>, founded mainly in the 13th and 14th centuries. Built according to a regular plan, bastides are organised around a large central square with arcades, often lined with market halls and streets laid out in a checked pattern. They reflect a desire for structured urban planning, combining security, commerce and community life. These villages are now sought after for their unique charm and warm atmosphere.   <\/em><\/p>\n<\/div>\n\n\n\n<div class=\"wp-block-column is-layout-flow wp-block-column-is-layout-flow\" style=\"flex-basis:66.66%\">\n<figure class=\"wp-block-image aligncenter size-large is-style-rounded is-style-rounded--2\"><img loading=\"lazy\" decoding=\"async\" width=\"1024\" height=\"683\" src=\"https:\/\/www.tourisme-volvestre.fr\/wp-content\/uploads\/2025\/06\/saintsulpicesurleze_patrimoine_arcade@paulineplantrou-1024x683.jpg\" alt=\"\" class=\"wp-image-6711\" style=\"aspect-ratio:1;object-fit:cover\" srcset=\"https:\/\/www.tourisme-volvestre.fr\/wp-content\/uploads\/2025\/06\/saintsulpicesurleze_patrimoine_arcade@paulineplantrou-1024x683.jpg 1024w, https:\/\/www.tourisme-volvestre.fr\/wp-content\/uploads\/2025\/06\/saintsulpicesurleze_patrimoine_arcade@paulineplantrou-300x200.jpg 300w, https:\/\/www.tourisme-volvestre.fr\/wp-content\/uploads\/2025\/06\/saintsulpicesurleze_patrimoine_arcade@paulineplantrou-768x512.jpg 768w, https:\/\/www.tourisme-volvestre.fr\/wp-content\/uploads\/2025\/06\/saintsulpicesurleze_patrimoine_arcade@paulineplantrou-1536x1024.jpg 1536w, https:\/\/www.tourisme-volvestre.fr\/wp-content\/uploads\/2025\/06\/saintsulpicesurleze_patrimoine_arcade@paulineplantrou-2048x1366.jpg 2048w\" sizes=\"auto, (max-width: 1024px) 100vw, 1024px\" \/><figcaption class=\"wp-element-caption\">The arcades and shops @paulineplantrou<\/figcaption><\/figure>\n<\/div>\n<\/div>\n\n<div class=\"wp-block-columns is-layout-flex wp-container-core-columns-is-layout-28f84493 wp-block-columns-is-layout-flex\">\n<div class=\"wp-block-column is-layout-flow wp-block-column-is-layout-flow\">\n<figure class=\"wp-block-image aligncenter size-large is-style-rounded is-style-rounded--3\"><img loading=\"lazy\" decoding=\"async\" width=\"1024\" height=\"683\" src=\"https:\/\/www.tourisme-volvestre.fr\/wp-content\/uploads\/2025\/06\/saintsulpicesurleze_patrimoine_arcades@paulineplantrou-1024x683.jpg\" alt=\"\" class=\"wp-image-6714\" style=\"aspect-ratio:1;object-fit:cover\" srcset=\"https:\/\/www.tourisme-volvestre.fr\/wp-content\/uploads\/2025\/06\/saintsulpicesurleze_patrimoine_arcades@paulineplantrou-1024x683.jpg 1024w, https:\/\/www.tourisme-volvestre.fr\/wp-content\/uploads\/2025\/06\/saintsulpicesurleze_patrimoine_arcades@paulineplantrou-300x200.jpg 300w, https:\/\/www.tourisme-volvestre.fr\/wp-content\/uploads\/2025\/06\/saintsulpicesurleze_patrimoine_arcades@paulineplantrou-768x512.jpg 768w, https:\/\/www.tourisme-volvestre.fr\/wp-content\/uploads\/2025\/06\/saintsulpicesurleze_patrimoine_arcades@paulineplantrou-1536x1024.jpg 1536w, https:\/\/www.tourisme-volvestre.fr\/wp-content\/uploads\/2025\/06\/saintsulpicesurleze_patrimoine_arcades@paulineplantrou-2048x1366.jpg 2048w\" sizes=\"auto, (max-width: 1024px) 100vw, 1024px\" \/><figcaption class=\"wp-element-caption\">Under the arcades @paulineplantrou<\/figcaption><\/figure>\n<\/div>\n\n\n\n<div class=\"wp-block-column is-layout-flow wp-block-column-is-layout-flow\">\n<h3 class=\"wp-block-heading has-text-align-center\">To visit&#8230;<\/h3>\n\n\n\n<figure class=\"wp-block-image aligncenter size-full\"><img loading=\"lazy\" decoding=\"async\" width=\"112\" height=\"93\" src=\"https:\/\/www.tourisme-volvestre.fr\/wp-content\/uploads\/2025\/02\/Group-46.png\" alt=\"\" class=\"wp-image-573\" \/><\/figure>\n\n\n\n<div class=\"wp-block-buttons is-content-justification-center is-layout-flex wp-container-core-buttons-is-layout-a89b3969 wp-block-buttons-is-layout-flex\">\n<div class=\"wp-block-button\"><a class=\"wp-block-button__link wp-element-button\" href=\"https:\/\/www.calameo.com\/read\/0071118533cad153e767b\" target=\"_blank\" rel=\"noreferrer noopener\">City booklet<\/a><\/div>\n<\/div>\n\n\n\n<div class=\"wp-block-buttons is-content-justification-center is-layout-flex wp-container-core-buttons-is-layout-5b5683f2 wp-block-buttons-is-layout-flex\">\n<div class=\"wp-block-button\"><a class=\"wp-block-button__link wp-element-button\" href=\"https:\/\/www.tourisme-volvestre.fr\/wp-content\/uploads\/2025\/06\/Saint_sulpice_pesquies.pdf\" target=\"_blank\" rel=\"noreferrer noopener\">Hike loop<\/a><\/div>\n<\/div>\n<\/div>\n\n\n\n<div class=\"wp-block-column is-layout-flow wp-block-column-is-layout-flow\">\n<figure class=\"wp-block-image aligncenter size-large is-style-rounded is-style-rounded--4\"><img loading=\"lazy\" decoding=\"async\" width=\"1024\" height=\"1024\" src=\"https:\/\/www.tourisme-volvestre.fr\/wp-content\/uploads\/2025\/06\/saintsulpicesurleze_patrimoine_jardindupuybusque_orangerie_pri@marionoti-1024x1024.jpg\" alt=\"\" class=\"wp-image-6717\" style=\"aspect-ratio:1;object-fit:cover\" srcset=\"https:\/\/www.tourisme-volvestre.fr\/wp-content\/uploads\/2025\/06\/saintsulpicesurleze_patrimoine_jardindupuybusque_orangerie_pri@marionoti-1024x1024.jpg 1024w, https:\/\/www.tourisme-volvestre.fr\/wp-content\/uploads\/2025\/06\/saintsulpicesurleze_patrimoine_jardindupuybusque_orangerie_pri@marionoti-300x300.jpg 300w, https:\/\/www.tourisme-volvestre.fr\/wp-content\/uploads\/2025\/06\/saintsulpicesurleze_patrimoine_jardindupuybusque_orangerie_pri@marionoti-150x150.jpg 150w, https:\/\/www.tourisme-volvestre.fr\/wp-content\/uploads\/2025\/06\/saintsulpicesurleze_patrimoine_jardindupuybusque_orangerie_pri@marionoti-768x768.jpg 768w, https:\/\/www.tourisme-volvestre.fr\/wp-content\/uploads\/2025\/06\/saintsulpicesurleze_patrimoine_jardindupuybusque_orangerie_pri@marionoti-1536x1536.jpg 1536w, https:\/\/www.tourisme-volvestre.fr\/wp-content\/uploads\/2025\/06\/saintsulpicesurleze_patrimoine_jardindupuybusque_orangerie_pri@marionoti.jpg 2048w\" sizes=\"auto, (max-width: 1024px) 100vw, 1024px\" \/><figcaption class=\"wp-element-caption\">Old orangery @oti<\/figcaption><\/figure>\n<\/div>\n<\/div>\n\n<p><\/p>\n\n<div class=\"wp-block-group has-accent-4-background-color has-background has-global-padding is-layout-constrained wp-container-core-group-is-layout-c385debf wp-block-group-is-layout-constrained\" style=\"padding-top:var(--wp--preset--spacing--20);padding-right:var(--wp--preset--spacing--20);padding-bottom:var(--wp--preset--spacing--20);padding-left:var(--wp--preset--spacing--20)\">\n<h2 class=\"wp-block-heading has-text-align-center\">You may also <mark style=\"color:#1d1d1b\" class=\"has-inline-color\">like<\/mark>&#8230;<\/h2>\n\n\n\n<div class=\"wp-block-columns is-layout-flex wp-container-core-columns-is-layout-28f84493 wp-block-columns-is-layout-flex\">\n<div class=\"wp-block-column is-layout-flow wp-block-column-is-layout-flow\">\n<figure class=\"wp-block-image aligncenter size-full has-custom-border\"><img decoding=\"async\" src=\"https:\/\/www.tourisme-volvestre.fr\/wp-content\/uploads\/2025\/04\/rieuxvolvestre_patrimoine_pansdebois_fig_ete@thefrenchwanderers-1.jpg\" alt=\"A essential medieval city in Haute-Garonne department.\" class=\"wp-image-1380\" style=\"border-radius:25px;aspect-ratio:1;object-fit:cover\" \/><figcaption class=\"wp-element-caption\">Historical center @frenchwonderers<\/figcaption><\/figure>\n\n\n\n<div class=\"wp-block-buttons is-content-justification-center is-layout-flex wp-container-core-buttons-is-layout-a89b3969 wp-block-buttons-is-layout-flex\">\n<div class=\"wp-block-button\"><a class=\"wp-block-button__link wp-element-button\" href=\"https:\/\/www.tourisme-volvestre.fr\/rieux-volvestre-the-city-with-multiple-labels\/?lang=en\">Visit Rieux-Volvestre<\/a><\/div>\n<\/div>\n<\/div>\n\n\n\n<div class=\"wp-block-column is-layout-flow wp-block-column-is-layout-flow\">\n<figure class=\"wp-block-image aligncenter size-full has-custom-border\"><img loading=\"lazy\" decoding=\"async\" width=\"2560\" height=\"1709\" src=\"https:\/\/www.tourisme-volvestre.fr\/wp-content\/uploads\/2025\/04\/montesquieuvolvestre_paysage_eglisesaintvictor_pri@pierrehonore-1-min-scaled.jpg\" alt=\"\" class=\"wp-image-1404\" style=\"border-radius:25px;aspect-ratio:1;object-fit:cover\" srcset=\"https:\/\/www.tourisme-volvestre.fr\/wp-content\/uploads\/2025\/04\/montesquieuvolvestre_paysage_eglisesaintvictor_pri@pierrehonore-1-min-scaled.jpg 2560w, https:\/\/www.tourisme-volvestre.fr\/wp-content\/uploads\/2025\/04\/montesquieuvolvestre_paysage_eglisesaintvictor_pri@pierrehonore-1-min-300x200.jpg 300w, https:\/\/www.tourisme-volvestre.fr\/wp-content\/uploads\/2025\/04\/montesquieuvolvestre_paysage_eglisesaintvictor_pri@pierrehonore-1-min-1024x683.jpg 1024w, https:\/\/www.tourisme-volvestre.fr\/wp-content\/uploads\/2025\/04\/montesquieuvolvestre_paysage_eglisesaintvictor_pri@pierrehonore-1-min-768x513.jpg 768w, https:\/\/www.tourisme-volvestre.fr\/wp-content\/uploads\/2025\/04\/montesquieuvolvestre_paysage_eglisesaintvictor_pri@pierrehonore-1-min-1536x1025.jpg 1536w\" sizes=\"auto, (max-width: 2560px) 100vw, 2560px\" \/><figcaption class=\"wp-element-caption\">Montesquieu-Volvestre @pierrehonor\u00e9<\/figcaption><\/figure>\n\n\n\n<div class=\"wp-block-buttons is-content-justification-center is-layout-flex wp-container-core-buttons-is-layout-a89b3969 wp-block-buttons-is-layout-flex\">\n<div class=\"wp-block-button\"><a class=\"wp-block-button__link wp-element-button\" href=\"https:\/\/www.tourisme-volvestre.fr\/our-heritage\/?lang=en\">Explore our towns and villages<\/a><\/div>\n<\/div>\n<\/div>\n\n\n\n<div class=\"wp-block-column is-layout-flow wp-block-column-is-layout-flow\">\n<figure class=\"wp-block-image aligncenter size-full has-custom-border\"><img loading=\"lazy\" decoding=\"async\" width=\"1882\" height=\"2366\" src=\"https:\/\/www.tourisme-volvestre.fr\/wp-content\/uploads\/2025\/08\/rieuxvolvestre-animation_visiteguidee_theatralisee_groupe_fig_sebastienriff@lisaot-2.jpeg\" alt=\"\" class=\"wp-image-9451\" style=\"border-radius:25px;aspect-ratio:1;object-fit:cover\" srcset=\"https:\/\/www.tourisme-volvestre.fr\/wp-content\/uploads\/2025\/08\/rieuxvolvestre-animation_visiteguidee_theatralisee_groupe_fig_sebastienriff@lisaot-2.jpeg 1882w, https:\/\/www.tourisme-volvestre.fr\/wp-content\/uploads\/2025\/08\/rieuxvolvestre-animation_visiteguidee_theatralisee_groupe_fig_sebastienriff@lisaot-2-239x300.jpeg 239w, https:\/\/www.tourisme-volvestre.fr\/wp-content\/uploads\/2025\/08\/rieuxvolvestre-animation_visiteguidee_theatralisee_groupe_fig_sebastienriff@lisaot-2-815x1024.jpeg 815w, https:\/\/www.tourisme-volvestre.fr\/wp-content\/uploads\/2025\/08\/rieuxvolvestre-animation_visiteguidee_theatralisee_groupe_fig_sebastienriff@lisaot-2-768x966.jpeg 768w, https:\/\/www.tourisme-volvestre.fr\/wp-content\/uploads\/2025\/08\/rieuxvolvestre-animation_visiteguidee_theatralisee_groupe_fig_sebastienriff@lisaot-2-1222x1536.jpeg 1222w, https:\/\/www.tourisme-volvestre.fr\/wp-content\/uploads\/2025\/08\/rieuxvolvestre-animation_visiteguidee_theatralisee_groupe_fig_sebastienriff@lisaot-2-1629x2048.jpeg 1629w\" sizes=\"auto, (max-width: 1882px) 100vw, 1882px\" \/><figcaption class=\"wp-element-caption\">a visit with S\u00e9bastien Riff @oti<\/figcaption><\/figure>\n\n\n\n<div class=\"wp-block-buttons is-content-justification-center is-layout-flex wp-container-core-buttons-is-layout-a89b3969 wp-block-buttons-is-layout-flex\">\n<div class=\"wp-block-button\"><a class=\"wp-block-button__link wp-element-button\" href=\"https:\/\/www.tourisme-volvestre.fr\/book-a-tour\/?lang=en\">Book a guided tour<\/a><\/div>\n<\/div>\n<\/div>\n<\/div>\n<\/div>\n\n<p><\/p>\n","protected":false},"excerpt":{"rendered":"<p>Visit Saint-Sulpice-sur-L\u00e8ze, a remarkable old bastide ! Half an hour from Toulouse, Saint-Sulpice-sur-L\u00e8ze is a real gem of the Volvestre region. Listed as a Remarkable Heritage Site, this charming village captivates visitors with its authenticity and lifestyle. With its historical streets, its picturesque bastide, its iconic mill and the peaceful banks of the L\u00e8ze, every [&hellip;]<\/p>\n","protected":false},"author":3,"featured_media":6241,"parent":0,"menu_order":0,"comment_status":"closed","ping_status":"closed","template":"page-no-title","meta":{"_acf_changed":false,"inline_featured_image":false,"footnotes":""},"class_list":["post-9816","page","type-page","status-publish","has-post-thumbnail","hentry"],"acf":[],"yoast_head":"<!-- This site is optimized with the Yoast SEO plugin v27.3 - https:\/\/yoast.com\/product\/yoast-seo-wordpress\/ -->\n<title>Saint-Sulpice-sur-L\u00e8ze - Volvestre Tourisme<\/title>\n<meta name=\"description\" content=\"Visit Saint-Sulpice-sur-L\u00e8ze, a charming fortified town on the banks of the L\u00e8ze River, where heritage, nature and the Volvestre lifestyle come together.\" \/>\n<meta name=\"robots\" content=\"index, follow, max-snippet:-1, max-image-preview:large, max-video-preview:-1\" \/>\n<link rel=\"canonical\" href=\"https:\/\/www.tourisme-volvestre.fr\/en\/saint-sulpice-sur-leze\/\" \/>\n<meta property=\"og:locale\" content=\"en_US\" \/>\n<meta property=\"og:type\" content=\"article\" \/>\n<meta property=\"og:title\" content=\"Saint-Sulpice-sur-L\u00e8ze - Volvestre Tourisme\" \/>\n<meta property=\"og:description\" content=\"Visit Saint-Sulpice-sur-L\u00e8ze, a charming fortified town on the banks of the L\u00e8ze River, where heritage, nature and the Volvestre lifestyle come together.\" \/>\n<meta property=\"og:url\" content=\"https:\/\/www.tourisme-volvestre.fr\/en\/saint-sulpice-sur-leze\/\" \/>\n<meta property=\"og:site_name\" content=\"Volvestre Tourisme\" \/>\n<meta property=\"article:publisher\" content=\"https:\/\/www.facebook.com\/TourismeVolvestre\" \/>\n<meta property=\"article:modified_time\" content=\"2025-09-01T09:00:53+00:00\" \/>\n<meta property=\"og:image\" content=\"https:\/\/www.tourisme-volvestre.fr\/wp-content\/uploads\/2025\/06\/saintsulpicesurleze_patrimoine_paysage_face@mariont.jpg\" \/>\n\t<meta property=\"og:image:width\" content=\"2560\" \/>\n\t<meta property=\"og:image:height\" content=\"1707\" \/>\n\t<meta property=\"og:image:type\" content=\"image\/jpeg\" \/>\n<meta name=\"twitter:card\" content=\"summary_large_image\" \/>\n<meta name=\"twitter:label1\" content=\"Est. reading time\" \/>\n\t<meta name=\"twitter:data1\" content=\"1 minute\" \/>\n<script type=\"application\/ld+json\" class=\"yoast-schema-graph\">{\"@context\":\"https:\\\/\\\/schema.org\",\"@graph\":[{\"@type\":\"WebPage\",\"@id\":\"https:\\\/\\\/www.tourisme-volvestre.fr\\\/en\\\/saint-sulpice-sur-leze\\\/\",\"url\":\"https:\\\/\\\/www.tourisme-volvestre.fr\\\/en\\\/saint-sulpice-sur-leze\\\/\",\"name\":\"Saint-Sulpice-sur-L\u00e8ze - Volvestre Tourisme\",\"isPartOf\":{\"@id\":\"https:\\\/\\\/www.tourisme-volvestre.fr\\\/en\\\/#website\"},\"primaryImageOfPage\":{\"@id\":\"https:\\\/\\\/www.tourisme-volvestre.fr\\\/en\\\/saint-sulpice-sur-leze\\\/#primaryimage\"},\"image\":{\"@id\":\"https:\\\/\\\/www.tourisme-volvestre.fr\\\/en\\\/saint-sulpice-sur-leze\\\/#primaryimage\"},\"thumbnailUrl\":\"https:\\\/\\\/www.tourisme-volvestre.fr\\\/wp-content\\\/uploads\\\/2025\\\/06\\\/saintsulpicesurleze_patrimoine_paysage_face@mariont.jpg\",\"datePublished\":\"2025-06-30T07:57:58+00:00\",\"dateModified\":\"2025-09-01T09:00:53+00:00\",\"description\":\"Visit Saint-Sulpice-sur-L\u00e8ze, a charming fortified town on the banks of the L\u00e8ze River, where heritage, nature and the Volvestre lifestyle come together.\",\"breadcrumb\":{\"@id\":\"https:\\\/\\\/www.tourisme-volvestre.fr\\\/en\\\/saint-sulpice-sur-leze\\\/#breadcrumb\"},\"inLanguage\":\"en-US\",\"potentialAction\":[{\"@type\":\"ReadAction\",\"target\":[\"https:\\\/\\\/www.tourisme-volvestre.fr\\\/en\\\/saint-sulpice-sur-leze\\\/\"]}]},{\"@type\":\"ImageObject\",\"inLanguage\":\"en-US\",\"@id\":\"https:\\\/\\\/www.tourisme-volvestre.fr\\\/en\\\/saint-sulpice-sur-leze\\\/#primaryimage\",\"url\":\"https:\\\/\\\/www.tourisme-volvestre.fr\\\/wp-content\\\/uploads\\\/2025\\\/06\\\/saintsulpicesurleze_patrimoine_paysage_face@mariont.jpg\",\"contentUrl\":\"https:\\\/\\\/www.tourisme-volvestre.fr\\\/wp-content\\\/uploads\\\/2025\\\/06\\\/saintsulpicesurleze_patrimoine_paysage_face@mariont.jpg\",\"width\":2560,\"height\":1707},{\"@type\":\"BreadcrumbList\",\"@id\":\"https:\\\/\\\/www.tourisme-volvestre.fr\\\/en\\\/saint-sulpice-sur-leze\\\/#breadcrumb\",\"itemListElement\":[{\"@type\":\"ListItem\",\"position\":1,\"name\":\"Accueil\",\"item\":\"https:\\\/\\\/www.tourisme-volvestre.fr\\\/en\\\/?lang=en\"},{\"@type\":\"ListItem\",\"position\":2,\"name\":\"Saint-Sulpice-sur-L\u00e8ze\"}]},{\"@type\":\"WebSite\",\"@id\":\"https:\\\/\\\/www.tourisme-volvestre.fr\\\/en\\\/#website\",\"url\":\"https:\\\/\\\/www.tourisme-volvestre.fr\\\/en\\\/\",\"name\":\"Volvestre Tourisme\",\"description\":\"\",\"publisher\":{\"@id\":\"https:\\\/\\\/www.tourisme-volvestre.fr\\\/en\\\/#organization\"},\"alternateName\":\"OT Volvestre\",\"potentialAction\":[{\"@type\":\"SearchAction\",\"target\":{\"@type\":\"EntryPoint\",\"urlTemplate\":\"https:\\\/\\\/www.tourisme-volvestre.fr\\\/en\\\/?s={search_term_string}\"},\"query-input\":{\"@type\":\"PropertyValueSpecification\",\"valueRequired\":true,\"valueName\":\"search_term_string\"}}],\"inLanguage\":\"en-US\"},{\"@type\":\"Organization\",\"@id\":\"https:\\\/\\\/www.tourisme-volvestre.fr\\\/en\\\/#organization\",\"name\":\"Volvestre Tourisme\",\"url\":\"https:\\\/\\\/www.tourisme-volvestre.fr\\\/en\\\/\",\"logo\":{\"@type\":\"ImageObject\",\"inLanguage\":\"en-US\",\"@id\":\"https:\\\/\\\/www.tourisme-volvestre.fr\\\/en\\\/#\\\/schema\\\/logo\\\/image\\\/\",\"url\":\"https:\\\/\\\/www.tourisme-volvestre.fr\\\/wp-content\\\/uploads\\\/2025\\\/02\\\/logo-site.png\",\"contentUrl\":\"https:\\\/\\\/www.tourisme-volvestre.fr\\\/wp-content\\\/uploads\\\/2025\\\/02\\\/logo-site.png\",\"width\":152,\"height\":152,\"caption\":\"Volvestre Tourisme\"},\"image\":{\"@id\":\"https:\\\/\\\/www.tourisme-volvestre.fr\\\/en\\\/#\\\/schema\\\/logo\\\/image\\\/\"},\"sameAs\":[\"https:\\\/\\\/www.facebook.com\\\/TourismeVolvestre\",\"https:\\\/\\\/www.instagram.com\\\/tourismevolvestre\"]}]}<\/script>\n<!-- \/ Yoast SEO plugin. -->","yoast_head_json":{"title":"Saint-Sulpice-sur-L\u00e8ze - Volvestre Tourisme","description":"Visit Saint-Sulpice-sur-L\u00e8ze, a charming fortified town on the banks of the L\u00e8ze River, where heritage, nature and the Volvestre lifestyle come together.","robots":{"index":"index","follow":"follow","max-snippet":"max-snippet:-1","max-image-preview":"max-image-preview:large","max-video-preview":"max-video-preview:-1"},"canonical":"https:\/\/www.tourisme-volvestre.fr\/en\/saint-sulpice-sur-leze\/","og_locale":"en_US","og_type":"article","og_title":"Saint-Sulpice-sur-L\u00e8ze - Volvestre Tourisme","og_description":"Visit Saint-Sulpice-sur-L\u00e8ze, a charming fortified town on the banks of the L\u00e8ze River, where heritage, nature and the Volvestre lifestyle come together.","og_url":"https:\/\/www.tourisme-volvestre.fr\/en\/saint-sulpice-sur-leze\/","og_site_name":"Volvestre Tourisme","article_publisher":"https:\/\/www.facebook.com\/TourismeVolvestre","article_modified_time":"2025-09-01T09:00:53+00:00","og_image":[{"width":2560,"height":1707,"url":"https:\/\/www.tourisme-volvestre.fr\/wp-content\/uploads\/2025\/06\/saintsulpicesurleze_patrimoine_paysage_face@mariont.jpg","type":"image\/jpeg"}],"twitter_card":"summary_large_image","twitter_misc":{"Est. reading time":"1 minute"},"schema":{"@context":"https:\/\/schema.org","@graph":[{"@type":"WebPage","@id":"https:\/\/www.tourisme-volvestre.fr\/en\/saint-sulpice-sur-leze\/","url":"https:\/\/www.tourisme-volvestre.fr\/en\/saint-sulpice-sur-leze\/","name":"Saint-Sulpice-sur-L\u00e8ze - Volvestre Tourisme","isPartOf":{"@id":"https:\/\/www.tourisme-volvestre.fr\/en\/#website"},"primaryImageOfPage":{"@id":"https:\/\/www.tourisme-volvestre.fr\/en\/saint-sulpice-sur-leze\/#primaryimage"},"image":{"@id":"https:\/\/www.tourisme-volvestre.fr\/en\/saint-sulpice-sur-leze\/#primaryimage"},"thumbnailUrl":"https:\/\/www.tourisme-volvestre.fr\/wp-content\/uploads\/2025\/06\/saintsulpicesurleze_patrimoine_paysage_face@mariont.jpg","datePublished":"2025-06-30T07:57:58+00:00","dateModified":"2025-09-01T09:00:53+00:00","description":"Visit Saint-Sulpice-sur-L\u00e8ze, a charming fortified town on the banks of the L\u00e8ze River, where heritage, nature and the Volvestre lifestyle come together.","breadcrumb":{"@id":"https:\/\/www.tourisme-volvestre.fr\/en\/saint-sulpice-sur-leze\/#breadcrumb"},"inLanguage":"en-US","potentialAction":[{"@type":"ReadAction","target":["https:\/\/www.tourisme-volvestre.fr\/en\/saint-sulpice-sur-leze\/"]}]},{"@type":"ImageObject","inLanguage":"en-US","@id":"https:\/\/www.tourisme-volvestre.fr\/en\/saint-sulpice-sur-leze\/#primaryimage","url":"https:\/\/www.tourisme-volvestre.fr\/wp-content\/uploads\/2025\/06\/saintsulpicesurleze_patrimoine_paysage_face@mariont.jpg","contentUrl":"https:\/\/www.tourisme-volvestre.fr\/wp-content\/uploads\/2025\/06\/saintsulpicesurleze_patrimoine_paysage_face@mariont.jpg","width":2560,"height":1707},{"@type":"BreadcrumbList","@id":"https:\/\/www.tourisme-volvestre.fr\/en\/saint-sulpice-sur-leze\/#breadcrumb","itemListElement":[{"@type":"ListItem","position":1,"name":"Accueil","item":"https:\/\/www.tourisme-volvestre.fr\/en\/?lang=en"},{"@type":"ListItem","position":2,"name":"Saint-Sulpice-sur-L\u00e8ze"}]},{"@type":"WebSite","@id":"https:\/\/www.tourisme-volvestre.fr\/en\/#website","url":"https:\/\/www.tourisme-volvestre.fr\/en\/","name":"Volvestre Tourisme","description":"","publisher":{"@id":"https:\/\/www.tourisme-volvestre.fr\/en\/#organization"},"alternateName":"OT Volvestre","potentialAction":[{"@type":"SearchAction","target":{"@type":"EntryPoint","urlTemplate":"https:\/\/www.tourisme-volvestre.fr\/en\/?s={search_term_string}"},"query-input":{"@type":"PropertyValueSpecification","valueRequired":true,"valueName":"search_term_string"}}],"inLanguage":"en-US"},{"@type":"Organization","@id":"https:\/\/www.tourisme-volvestre.fr\/en\/#organization","name":"Volvestre Tourisme","url":"https:\/\/www.tourisme-volvestre.fr\/en\/","logo":{"@type":"ImageObject","inLanguage":"en-US","@id":"https:\/\/www.tourisme-volvestre.fr\/en\/#\/schema\/logo\/image\/","url":"https:\/\/www.tourisme-volvestre.fr\/wp-content\/uploads\/2025\/02\/logo-site.png","contentUrl":"https:\/\/www.tourisme-volvestre.fr\/wp-content\/uploads\/2025\/02\/logo-site.png","width":152,"height":152,"caption":"Volvestre Tourisme"},"image":{"@id":"https:\/\/www.tourisme-volvestre.fr\/en\/#\/schema\/logo\/image\/"},"sameAs":["https:\/\/www.facebook.com\/TourismeVolvestre","https:\/\/www.instagram.com\/tourismevolvestre"]}]}},"_links":{"self":[{"href":"https:\/\/www.tourisme-volvestre.fr\/en\/wp-json\/wp\/v2\/pages\/9816","targetHints":{"allow":["GET"]}}],"collection":[{"href":"https:\/\/www.tourisme-volvestre.fr\/en\/wp-json\/wp\/v2\/pages"}],"about":[{"href":"https:\/\/www.tourisme-volvestre.fr\/en\/wp-json\/wp\/v2\/types\/page"}],"author":[{"embeddable":true,"href":"https:\/\/www.tourisme-volvestre.fr\/en\/wp-json\/wp\/v2\/users\/3"}],"replies":[{"embeddable":true,"href":"https:\/\/www.tourisme-volvestre.fr\/en\/wp-json\/wp\/v2\/comments?post=9816"}],"version-history":[{"count":4,"href":"https:\/\/www.tourisme-volvestre.fr\/en\/wp-json\/wp\/v2\/pages\/9816\/revisions"}],"predecessor-version":[{"id":10179,"href":"https:\/\/www.tourisme-volvestre.fr\/en\/wp-json\/wp\/v2\/pages\/9816\/revisions\/10179"}],"wp:featuredmedia":[{"embeddable":true,"href":"https:\/\/www.tourisme-volvestre.fr\/en\/wp-json\/wp\/v2\/media\/6241"}],"wp:attachment":[{"href":"https:\/\/www.tourisme-volvestre.fr\/en\/wp-json\/wp\/v2\/media?parent=9816"}],"curies":[{"name":"wp","href":"https:\/\/api.w.org\/{rel}","templated":true}]}}