{"id":10336,"date":"2024-11-19T09:10:22","date_gmt":"2024-11-19T08:10:22","guid":{"rendered":"https:\/\/www.tourisme-volvestre.fr\/informacion-practica\/"},"modified":"2025-09-03T11:59:25","modified_gmt":"2025-09-03T09:59:25","slug":"informacion-practica","status":"publish","type":"page","link":"https:\/\/www.tourisme-volvestre.fr\/es\/informacion-practica\/","title":{"rendered":"Informaci\u00f3n pr\u00e1ctica"},"content":{"rendered":"\n<div class=\"wp-block-group alignfull has-accent-4-background-color has-background has-global-padding is-layout-constrained wp-container-core-group-is-layout-669513ed wp-block-group-is-layout-constrained\" style=\"margin-top:0;margin-bottom:0;padding-top:var(--wp--preset--spacing--50);padding-right:var(--wp--preset--spacing--50);padding-bottom:var(--wp--preset--spacing--50);padding-left:var(--wp--preset--spacing--50)\">\n<div class=\"wp-block-columns alignwide is-layout-flex wp-container-core-columns-is-layout-1da03c2a wp-block-columns-is-layout-flex\">\n<div class=\"wp-block-column is-vertically-aligned-stretch is-layout-flow wp-block-column-is-layout-flow\" style=\"flex-basis:50%\">\n<div class=\"wp-block-group is-vertical is-content-justification-stretch is-layout-flex wp-container-core-group-is-layout-401b7a8a wp-block-group-is-layout-flex\" style=\"min-height:100%\">\n<h2 class=\"wp-block-heading\">Prepare su estancia<\/h2>\n\n\n\n<div class=\"wp-block-group has-global-padding is-content-justification-left is-layout-constrained wp-container-core-group-is-layout-9fe8ed88 wp-block-group-is-layout-constrained\">\n<p class=\"has-proxima-nova-font-family wp-container-content-0733e5d0\">\u00a1Prep\u00e1rese para una estancia relajante y llena de descubrimientos! Olv\u00eddese del estr\u00e9s del d\u00eda a d\u00eda y \u00fanase a nosotros para descubrir un remanso de paz.  <\/p>\n\n\n\n<div class=\"wp-block-buttons is-layout-flex wp-block-buttons-is-layout-flex\">\n<div class=\"wp-block-button\"><a class=\"wp-block-button__link wp-element-button\" href=\"https:\/\/www.tourisme-volvestre.fr\/el-volvestre\/?lang=es\">Descubre el Volvestre<\/a><\/div>\n\n\n\n<div class=\"wp-block-button\"><a class=\"wp-block-button__link wp-element-button\" href=\"https:\/\/www.tourisme-volvestre.fr\/nuestros-alojamientos\/?lang=es\">\u00bfD\u00f3nde dormir?<\/a><\/div>\n\n\n\n<div class=\"wp-block-button\"><a class=\"wp-block-button__link wp-element-button\" href=\"https:\/\/www.tourisme-volvestre.fr\/donde-comer-en-volvestre\/?lang=es\">\u00bfD\u00f3nde comer?<\/a><\/div>\n\n\n\n<div class=\"wp-block-button\"><a class=\"wp-block-button__link wp-element-button\" href=\"https:\/\/www.tourisme-volvestre.fr\/que-hacer\/?lang=es\">\u00bfQu\u00e9 hacer?<\/a><\/div>\n<\/div>\n<\/div>\n<\/div>\n<\/div>\n\n\n\n<div class=\"wp-block-column is-vertically-aligned-center is-layout-flow wp-block-column-is-layout-flow\" style=\"flex-basis:50%\">\n<figure class=\"wp-block-image aligncenter size-full is-resized is-style-rounded is-style-rounded--1\"><img loading=\"lazy\" decoding=\"async\" width=\"1709\" height=\"2560\" src=\"https:\/\/www.tourisme-volvestre.fr\/wp-content\/uploads\/2025\/05\/montesquieuvolvestre_castera_rando_famille_animaux_paysage_fig_ete@loicbel-scaled.jpg\" alt=\"\" class=\"wp-image-1752\" style=\"aspect-ratio:0.75;object-fit:cover;width:395px;height:auto\" srcset=\"https:\/\/www.tourisme-volvestre.fr\/wp-content\/uploads\/2025\/05\/montesquieuvolvestre_castera_rando_famille_animaux_paysage_fig_ete@loicbel-scaled.jpg 1709w, https:\/\/www.tourisme-volvestre.fr\/wp-content\/uploads\/2025\/05\/montesquieuvolvestre_castera_rando_famille_animaux_paysage_fig_ete@loicbel-200x300.jpg 200w, https:\/\/www.tourisme-volvestre.fr\/wp-content\/uploads\/2025\/05\/montesquieuvolvestre_castera_rando_famille_animaux_paysage_fig_ete@loicbel-683x1024.jpg 683w, https:\/\/www.tourisme-volvestre.fr\/wp-content\/uploads\/2025\/05\/montesquieuvolvestre_castera_rando_famille_animaux_paysage_fig_ete@loicbel-768x1151.jpg 768w, https:\/\/www.tourisme-volvestre.fr\/wp-content\/uploads\/2025\/05\/montesquieuvolvestre_castera_rando_famille_animaux_paysage_fig_ete@loicbel-1025x1536.jpg 1025w, https:\/\/www.tourisme-volvestre.fr\/wp-content\/uploads\/2025\/05\/montesquieuvolvestre_castera_rando_famille_animaux_paysage_fig_ete@loicbel-1367x2048.jpg 1367w\" sizes=\"auto, (max-width: 1709px) 100vw, 1709px\" \/><figcaption class=\"wp-element-caption\">@Lo\u00efcBel<\/figcaption><\/figure>\n<\/div>\n<\/div>\n<\/div>\n\n<div class=\"wp-block-group alignfull has-contrast-2-background-color has-background has-global-padding is-layout-constrained wp-container-core-group-is-layout-b1cbb6a2 wp-block-group-is-layout-constrained\" style=\"margin-top:0px;margin-bottom:0px;padding-top:var(--wp--preset--spacing--40);padding-right:var(--wp--preset--spacing--50);padding-bottom:var(--wp--preset--spacing--40);padding-left:var(--wp--preset--spacing--50)\">\n<h2 class=\"wp-block-heading has-text-align-center has-base-2-color has-text-color has-link-color wp-elements-332045dbde27ee749f0c5922fcd4cb32\">La Oficina de turismo del Volvestre<\/h2>\n\n\n\n<p class=\"has-text-align-center has-base-2-color has-text-color has-link-color wp-elements-9a5d9c2dbb09eaea200b445ca495463e\">Antes de conocerla, conozca al equipo que forma la Oficina de Turismo de Volvestre&#8230;<\/p>\n\n\n\n<figure class=\"wp-block-image aligncenter size-full is-resized is-style-rounded is-style-rounded--2\"><img loading=\"lazy\" decoding=\"async\" width=\"1428\" height=\"800\" src=\"https:\/\/www.tourisme-volvestre.fr\/wp-content\/uploads\/2025\/09\/n-2048x1019-2.jpg\" alt=\"\" class=\"wp-image-10649\" style=\"width:764px;height:auto\" srcset=\"https:\/\/www.tourisme-volvestre.fr\/wp-content\/uploads\/2025\/09\/n-2048x1019-2.jpg 1428w, https:\/\/www.tourisme-volvestre.fr\/wp-content\/uploads\/2025\/09\/n-2048x1019-2-300x168.jpg 300w, https:\/\/www.tourisme-volvestre.fr\/wp-content\/uploads\/2025\/09\/n-2048x1019-2-1024x574.jpg 1024w, https:\/\/www.tourisme-volvestre.fr\/wp-content\/uploads\/2025\/09\/n-2048x1019-2-768x430.jpg 768w\" sizes=\"auto, (max-width: 1428px) 100vw, 1428px\" \/><figcaption class=\"wp-element-caption\">Equipo de la Oficina de Turismo<\/figcaption><\/figure>\n\n\n\n<div class=\"wp-block-buttons is-content-justification-center is-layout-flex wp-container-core-buttons-is-layout-a89b3969 wp-block-buttons-is-layout-flex\">\n<div class=\"wp-block-button\"><a class=\"wp-block-button__link has-contrast-2-color has-base-2-background-color has-text-color has-background has-link-color wp-element-button\" href=\"https:\/\/www.tourisme-volvestre.fr\/nuestro-equipo\/?lang=es\">Nuestro equipo<\/a><\/div>\n\n\n\n<div class=\"wp-block-button\"><a class=\"wp-block-button__link has-contrast-2-color has-base-2-background-color has-text-color has-background has-link-color wp-element-button\" href=\"https:\/\/www.tourisme-volvestre.fr\/nuestro-horario\/?lang=es\">Nuestros horarios<\/a><\/div>\n\n\n\n<div class=\"wp-block-button\"><a class=\"wp-block-button__link has-contrast-2-color has-base-2-background-color has-text-color has-background has-link-color wp-element-button\" href=\"https:\/\/www.tourisme-volvestre.fr\/como-venir\/?lang=es\">\u00bfC\u00f3mo venir?<\/a><\/div>\n\n\n\n<div class=\"wp-block-button\"><a class=\"wp-block-button__link has-contrast-2-color has-base-2-background-color has-text-color has-background has-link-color wp-element-button\" href=\"https:\/\/www.tourisme-volvestre.fr\/la-red-de-embajadores\/?lang=es\">La Red de Embajadores<\/a><\/div>\n<\/div>\n<\/div>\n\n<div class=\"wp-block-group alignfull has-accent-4-background-color has-background has-global-padding is-layout-constrained wp-container-core-group-is-layout-669513ed wp-block-group-is-layout-constrained\" style=\"margin-top:0;margin-bottom:0;padding-top:var(--wp--preset--spacing--50);padding-right:var(--wp--preset--spacing--50);padding-bottom:var(--wp--preset--spacing--50);padding-left:var(--wp--preset--spacing--50)\">\n<div class=\"wp-block-columns alignwide is-layout-flex wp-container-core-columns-is-layout-1da03c2a wp-block-columns-is-layout-flex\">\n<div class=\"wp-block-column is-vertically-aligned-center is-layout-flow wp-block-column-is-layout-flow\" style=\"flex-basis:50%\">\n<figure class=\"wp-block-image aligncenter size-full is-resized is-style-rounded is-style-rounded--3\"><img loading=\"lazy\" decoding=\"async\" width=\"1210\" height=\"1409\" src=\"https:\/\/www.tourisme-volvestre.fr\/wp-content\/uploads\/2025\/06\/IMG-20250429-WA0000.jpg\" alt=\"\" class=\"wp-image-4957\" style=\"aspect-ratio:0.75;object-fit:cover;width:371px;height:auto\" srcset=\"https:\/\/www.tourisme-volvestre.fr\/wp-content\/uploads\/2025\/06\/IMG-20250429-WA0000.jpg 1210w, https:\/\/www.tourisme-volvestre.fr\/wp-content\/uploads\/2025\/06\/IMG-20250429-WA0000-258x300.jpg 258w, https:\/\/www.tourisme-volvestre.fr\/wp-content\/uploads\/2025\/06\/IMG-20250429-WA0000-879x1024.jpg 879w, https:\/\/www.tourisme-volvestre.fr\/wp-content\/uploads\/2025\/06\/IMG-20250429-WA0000-768x894.jpg 768w\" sizes=\"auto, (max-width: 1210px) 100vw, 1210px\" \/><figcaption class=\"wp-element-caption\">Revista 2025 @OTIduVolvestre<\/figcaption><\/figure>\n<\/div>\n\n\n\n<div class=\"wp-block-column is-vertically-aligned-stretch is-layout-flow wp-block-column-is-layout-flow\" style=\"flex-basis:50%\">\n<div class=\"wp-block-group is-vertical is-content-justification-stretch is-layout-flex wp-container-core-group-is-layout-401b7a8a wp-block-group-is-layout-flex\" style=\"min-height:100%\">\n<h2 class=\"wp-block-heading\">Nuestros folletos tur\u00edsticos<\/h2>\n\n\n\n<div class=\"wp-block-group has-global-padding is-content-justification-left is-layout-constrained wp-container-core-group-is-layout-9fe8ed88 wp-block-group-is-layout-constrained\">\n<p class=\"has-proxima-nova-font-family wp-container-content-0733e5d0\">Descubra nuestros folletos tur\u00edsticos y gu\u00edas de la ciudad para que su estancia en el Volvestre sea un \u00e9xito. Consulte o descargue nuestros documentos en l\u00ednea. <\/p>\n\n\n\n<div class=\"wp-block-buttons is-layout-flex wp-block-buttons-is-layout-flex\">\n<div class=\"wp-block-button\"><a class=\"wp-block-button__link wp-element-button\" href=\"https:\/\/www.tourisme-volvestre.fr\/nuestros-folletos-turisticos\/?lang=es\">Nuestros folletos tur\u00edsticos<br\/><br\/><\/a><\/div>\n<\/div>\n<\/div>\n<\/div>\n<\/div>\n<\/div>\n<\/div>\n","protected":false},"excerpt":{"rendered":"<p>Prepare su estancia \u00a1Prep\u00e1rese para una estancia relajante y llena de descubrimientos! Olv\u00eddese del estr\u00e9s del d\u00eda a d\u00eda y \u00fanase a nosotros para descubrir un remanso de paz. La Oficina de turismo del Volvestre Antes de conocerla, conozca al equipo que forma la Oficina de Turismo de Volvestre&#8230; Nuestros folletos tur\u00edsticos Descubra nuestros folletos [&hellip;]<\/p>\n","protected":false},"author":1,"featured_media":1336,"parent":0,"menu_order":0,"comment_status":"closed","ping_status":"closed","template":"page-no-title","meta":{"_acf_changed":false,"inline_featured_image":false,"footnotes":""},"class_list":["post-10336","page","type-page","status-publish","has-post-thumbnail","hentry"],"acf":[],"yoast_head":"<!-- This site is optimized with the Yoast SEO plugin v27.3 - https:\/\/yoast.com\/product\/yoast-seo-wordpress\/ -->\n<title>Informaci\u00f3n pr\u00e1ctica - Volvestre Tourisme<\/title>\n<meta name=\"description\" content=\"Encuentre nuestra informaci\u00f3n pr\u00e1ctica para preparar bien su estancia con nosotros : c\u00f3mo llegar, la oficina de turismo y nuestros folletos tur\u00edsticos.\" \/>\n<meta name=\"robots\" content=\"index, follow, max-snippet:-1, max-image-preview:large, max-video-preview:-1\" \/>\n<link rel=\"canonical\" href=\"https:\/\/www.tourisme-volvestre.fr\/es\/informacion-practica\/\" \/>\n<meta property=\"og:locale\" content=\"es_ES\" \/>\n<meta property=\"og:type\" content=\"article\" \/>\n<meta property=\"og:title\" content=\"Informaci\u00f3n pr\u00e1ctica - Volvestre Tourisme\" \/>\n<meta property=\"og:description\" content=\"Encuentre nuestra informaci\u00f3n pr\u00e1ctica para preparar bien su estancia con nosotros : c\u00f3mo llegar, la oficina de turismo y nuestros folletos tur\u00edsticos.\" \/>\n<meta property=\"og:url\" content=\"https:\/\/www.tourisme-volvestre.fr\/es\/informacion-practica\/\" \/>\n<meta property=\"og:site_name\" content=\"Volvestre Tourisme\" \/>\n<meta property=\"article:publisher\" content=\"https:\/\/www.facebook.com\/TourismeVolvestre\" \/>\n<meta property=\"article:modified_time\" content=\"2025-09-03T09:59:25+00:00\" \/>\n<meta property=\"og:image\" content=\"https:\/\/www.tourisme-volvestre.fr\/wp-content\/uploads\/2025\/04\/montesquieuvolvestre_paysage_panorama_famille_fig_pri_ete@loicbel-scaled.jpg\" \/>\n\t<meta property=\"og:image:width\" content=\"2560\" \/>\n\t<meta property=\"og:image:height\" content=\"1709\" \/>\n\t<meta property=\"og:image:type\" content=\"image\/jpeg\" \/>\n<meta name=\"twitter:card\" content=\"summary_large_image\" \/>\n<meta name=\"twitter:label1\" content=\"Tiempo de lectura\" \/>\n\t<meta name=\"twitter:data1\" content=\"1 minuto\" \/>\n<script type=\"application\/ld+json\" class=\"yoast-schema-graph\">{\"@context\":\"https:\\\/\\\/schema.org\",\"@graph\":[{\"@type\":\"WebPage\",\"@id\":\"https:\\\/\\\/www.tourisme-volvestre.fr\\\/es\\\/informacion-practica\\\/\",\"url\":\"https:\\\/\\\/www.tourisme-volvestre.fr\\\/es\\\/informacion-practica\\\/\",\"name\":\"Informaci\u00f3n pr\u00e1ctica - Volvestre Tourisme\",\"isPartOf\":{\"@id\":\"https:\\\/\\\/www.tourisme-volvestre.fr\\\/es\\\/#website\"},\"primaryImageOfPage\":{\"@id\":\"https:\\\/\\\/www.tourisme-volvestre.fr\\\/es\\\/informacion-practica\\\/#primaryimage\"},\"image\":{\"@id\":\"https:\\\/\\\/www.tourisme-volvestre.fr\\\/es\\\/informacion-practica\\\/#primaryimage\"},\"thumbnailUrl\":\"https:\\\/\\\/www.tourisme-volvestre.fr\\\/wp-content\\\/uploads\\\/2025\\\/04\\\/montesquieuvolvestre_paysage_panorama_famille_fig_pri_ete@loicbel-scaled.jpg\",\"datePublished\":\"2024-11-19T08:10:22+00:00\",\"dateModified\":\"2025-09-03T09:59:25+00:00\",\"description\":\"Encuentre nuestra informaci\u00f3n pr\u00e1ctica para preparar bien su estancia con nosotros : c\u00f3mo llegar, la oficina de turismo y nuestros folletos tur\u00edsticos.\",\"breadcrumb\":{\"@id\":\"https:\\\/\\\/www.tourisme-volvestre.fr\\\/es\\\/informacion-practica\\\/#breadcrumb\"},\"inLanguage\":\"es\",\"potentialAction\":[{\"@type\":\"ReadAction\",\"target\":[\"https:\\\/\\\/www.tourisme-volvestre.fr\\\/es\\\/informacion-practica\\\/\"]}]},{\"@type\":\"ImageObject\",\"inLanguage\":\"es\",\"@id\":\"https:\\\/\\\/www.tourisme-volvestre.fr\\\/es\\\/informacion-practica\\\/#primaryimage\",\"url\":\"https:\\\/\\\/www.tourisme-volvestre.fr\\\/wp-content\\\/uploads\\\/2025\\\/04\\\/montesquieuvolvestre_paysage_panorama_famille_fig_pri_ete@loicbel-scaled.jpg\",\"contentUrl\":\"https:\\\/\\\/www.tourisme-volvestre.fr\\\/wp-content\\\/uploads\\\/2025\\\/04\\\/montesquieuvolvestre_paysage_panorama_famille_fig_pri_ete@loicbel-scaled.jpg\",\"width\":2560,\"height\":1709,\"caption\":\"2018_08_23-Famille-randonn\u00e9e-hauteurs-de-Montesquieu-Volvestre\u00a9Lo\u00efcBel-CDT31\"},{\"@type\":\"BreadcrumbList\",\"@id\":\"https:\\\/\\\/www.tourisme-volvestre.fr\\\/es\\\/informacion-practica\\\/#breadcrumb\",\"itemListElement\":[{\"@type\":\"ListItem\",\"position\":1,\"name\":\"Accueil\",\"item\":\"https:\\\/\\\/www.tourisme-volvestre.fr\\\/es\\\/?lang=es\"},{\"@type\":\"ListItem\",\"position\":2,\"name\":\"Informaci\u00f3n pr\u00e1ctica\"}]},{\"@type\":\"WebSite\",\"@id\":\"https:\\\/\\\/www.tourisme-volvestre.fr\\\/es\\\/#website\",\"url\":\"https:\\\/\\\/www.tourisme-volvestre.fr\\\/es\\\/\",\"name\":\"Volvestre Tourisme\",\"description\":\"\",\"publisher\":{\"@id\":\"https:\\\/\\\/www.tourisme-volvestre.fr\\\/es\\\/#organization\"},\"alternateName\":\"OT Volvestre\",\"potentialAction\":[{\"@type\":\"SearchAction\",\"target\":{\"@type\":\"EntryPoint\",\"urlTemplate\":\"https:\\\/\\\/www.tourisme-volvestre.fr\\\/es\\\/?s={search_term_string}\"},\"query-input\":{\"@type\":\"PropertyValueSpecification\",\"valueRequired\":true,\"valueName\":\"search_term_string\"}}],\"inLanguage\":\"es\"},{\"@type\":\"Organization\",\"@id\":\"https:\\\/\\\/www.tourisme-volvestre.fr\\\/es\\\/#organization\",\"name\":\"Volvestre Tourisme\",\"url\":\"https:\\\/\\\/www.tourisme-volvestre.fr\\\/es\\\/\",\"logo\":{\"@type\":\"ImageObject\",\"inLanguage\":\"es\",\"@id\":\"https:\\\/\\\/www.tourisme-volvestre.fr\\\/es\\\/#\\\/schema\\\/logo\\\/image\\\/\",\"url\":\"https:\\\/\\\/www.tourisme-volvestre.fr\\\/wp-content\\\/uploads\\\/2025\\\/02\\\/logo-site.png\",\"contentUrl\":\"https:\\\/\\\/www.tourisme-volvestre.fr\\\/wp-content\\\/uploads\\\/2025\\\/02\\\/logo-site.png\",\"width\":152,\"height\":152,\"caption\":\"Volvestre Tourisme\"},\"image\":{\"@id\":\"https:\\\/\\\/www.tourisme-volvestre.fr\\\/es\\\/#\\\/schema\\\/logo\\\/image\\\/\"},\"sameAs\":[\"https:\\\/\\\/www.facebook.com\\\/TourismeVolvestre\",\"https:\\\/\\\/www.instagram.com\\\/tourismevolvestre\"]}]}<\/script>\n<!-- \/ Yoast SEO plugin. -->","yoast_head_json":{"title":"Informaci\u00f3n pr\u00e1ctica - Volvestre Tourisme","description":"Encuentre nuestra informaci\u00f3n pr\u00e1ctica para preparar bien su estancia con nosotros : c\u00f3mo llegar, la oficina de turismo y nuestros folletos tur\u00edsticos.","robots":{"index":"index","follow":"follow","max-snippet":"max-snippet:-1","max-image-preview":"max-image-preview:large","max-video-preview":"max-video-preview:-1"},"canonical":"https:\/\/www.tourisme-volvestre.fr\/es\/informacion-practica\/","og_locale":"es_ES","og_type":"article","og_title":"Informaci\u00f3n pr\u00e1ctica - Volvestre Tourisme","og_description":"Encuentre nuestra informaci\u00f3n pr\u00e1ctica para preparar bien su estancia con nosotros : c\u00f3mo llegar, la oficina de turismo y nuestros folletos tur\u00edsticos.","og_url":"https:\/\/www.tourisme-volvestre.fr\/es\/informacion-practica\/","og_site_name":"Volvestre Tourisme","article_publisher":"https:\/\/www.facebook.com\/TourismeVolvestre","article_modified_time":"2025-09-03T09:59:25+00:00","og_image":[{"width":2560,"height":1709,"url":"https:\/\/www.tourisme-volvestre.fr\/wp-content\/uploads\/2025\/04\/montesquieuvolvestre_paysage_panorama_famille_fig_pri_ete@loicbel-scaled.jpg","type":"image\/jpeg"}],"twitter_card":"summary_large_image","twitter_misc":{"Tiempo de lectura":"1 minuto"},"schema":{"@context":"https:\/\/schema.org","@graph":[{"@type":"WebPage","@id":"https:\/\/www.tourisme-volvestre.fr\/es\/informacion-practica\/","url":"https:\/\/www.tourisme-volvestre.fr\/es\/informacion-practica\/","name":"Informaci\u00f3n pr\u00e1ctica - Volvestre Tourisme","isPartOf":{"@id":"https:\/\/www.tourisme-volvestre.fr\/es\/#website"},"primaryImageOfPage":{"@id":"https:\/\/www.tourisme-volvestre.fr\/es\/informacion-practica\/#primaryimage"},"image":{"@id":"https:\/\/www.tourisme-volvestre.fr\/es\/informacion-practica\/#primaryimage"},"thumbnailUrl":"https:\/\/www.tourisme-volvestre.fr\/wp-content\/uploads\/2025\/04\/montesquieuvolvestre_paysage_panorama_famille_fig_pri_ete@loicbel-scaled.jpg","datePublished":"2024-11-19T08:10:22+00:00","dateModified":"2025-09-03T09:59:25+00:00","description":"Encuentre nuestra informaci\u00f3n pr\u00e1ctica para preparar bien su estancia con nosotros : c\u00f3mo llegar, la oficina de turismo y nuestros folletos tur\u00edsticos.","breadcrumb":{"@id":"https:\/\/www.tourisme-volvestre.fr\/es\/informacion-practica\/#breadcrumb"},"inLanguage":"es","potentialAction":[{"@type":"ReadAction","target":["https:\/\/www.tourisme-volvestre.fr\/es\/informacion-practica\/"]}]},{"@type":"ImageObject","inLanguage":"es","@id":"https:\/\/www.tourisme-volvestre.fr\/es\/informacion-practica\/#primaryimage","url":"https:\/\/www.tourisme-volvestre.fr\/wp-content\/uploads\/2025\/04\/montesquieuvolvestre_paysage_panorama_famille_fig_pri_ete@loicbel-scaled.jpg","contentUrl":"https:\/\/www.tourisme-volvestre.fr\/wp-content\/uploads\/2025\/04\/montesquieuvolvestre_paysage_panorama_famille_fig_pri_ete@loicbel-scaled.jpg","width":2560,"height":1709,"caption":"2018_08_23-Famille-randonn\u00e9e-hauteurs-de-Montesquieu-Volvestre\u00a9Lo\u00efcBel-CDT31"},{"@type":"BreadcrumbList","@id":"https:\/\/www.tourisme-volvestre.fr\/es\/informacion-practica\/#breadcrumb","itemListElement":[{"@type":"ListItem","position":1,"name":"Accueil","item":"https:\/\/www.tourisme-volvestre.fr\/es\/?lang=es"},{"@type":"ListItem","position":2,"name":"Informaci\u00f3n pr\u00e1ctica"}]},{"@type":"WebSite","@id":"https:\/\/www.tourisme-volvestre.fr\/es\/#website","url":"https:\/\/www.tourisme-volvestre.fr\/es\/","name":"Volvestre Tourisme","description":"","publisher":{"@id":"https:\/\/www.tourisme-volvestre.fr\/es\/#organization"},"alternateName":"OT Volvestre","potentialAction":[{"@type":"SearchAction","target":{"@type":"EntryPoint","urlTemplate":"https:\/\/www.tourisme-volvestre.fr\/es\/?s={search_term_string}"},"query-input":{"@type":"PropertyValueSpecification","valueRequired":true,"valueName":"search_term_string"}}],"inLanguage":"es"},{"@type":"Organization","@id":"https:\/\/www.tourisme-volvestre.fr\/es\/#organization","name":"Volvestre Tourisme","url":"https:\/\/www.tourisme-volvestre.fr\/es\/","logo":{"@type":"ImageObject","inLanguage":"es","@id":"https:\/\/www.tourisme-volvestre.fr\/es\/#\/schema\/logo\/image\/","url":"https:\/\/www.tourisme-volvestre.fr\/wp-content\/uploads\/2025\/02\/logo-site.png","contentUrl":"https:\/\/www.tourisme-volvestre.fr\/wp-content\/uploads\/2025\/02\/logo-site.png","width":152,"height":152,"caption":"Volvestre Tourisme"},"image":{"@id":"https:\/\/www.tourisme-volvestre.fr\/es\/#\/schema\/logo\/image\/"},"sameAs":["https:\/\/www.facebook.com\/TourismeVolvestre","https:\/\/www.instagram.com\/tourismevolvestre"]}]}},"_links":{"self":[{"href":"https:\/\/www.tourisme-volvestre.fr\/es\/wp-json\/wp\/v2\/pages\/10336","targetHints":{"allow":["GET"]}}],"collection":[{"href":"https:\/\/www.tourisme-volvestre.fr\/es\/wp-json\/wp\/v2\/pages"}],"about":[{"href":"https:\/\/www.tourisme-volvestre.fr\/es\/wp-json\/wp\/v2\/types\/page"}],"author":[{"embeddable":true,"href":"https:\/\/www.tourisme-volvestre.fr\/es\/wp-json\/wp\/v2\/users\/1"}],"replies":[{"embeddable":true,"href":"https:\/\/www.tourisme-volvestre.fr\/es\/wp-json\/wp\/v2\/comments?post=10336"}],"version-history":[{"count":2,"href":"https:\/\/www.tourisme-volvestre.fr\/es\/wp-json\/wp\/v2\/pages\/10336\/revisions"}],"predecessor-version":[{"id":10655,"href":"https:\/\/www.tourisme-volvestre.fr\/es\/wp-json\/wp\/v2\/pages\/10336\/revisions\/10655"}],"wp:featuredmedia":[{"embeddable":true,"href":"https:\/\/www.tourisme-volvestre.fr\/es\/wp-json\/wp\/v2\/media\/1336"}],"wp:attachment":[{"href":"https:\/\/www.tourisme-volvestre.fr\/es\/wp-json\/wp\/v2\/media?parent=10336"}],"curies":[{"name":"wp","href":"https:\/\/api.w.org\/{rel}","templated":true}]}}