{"id":8908,"date":"2025-06-17T11:19:04","date_gmt":"2025-06-17T09:19:04","guid":{"rendered":"https:\/\/www.tourisme-volvestre.fr\/espacio-profesional\/"},"modified":"2025-09-01T11:42:51","modified_gmt":"2025-09-01T09:42:51","slug":"espacio-profesional","status":"publish","type":"page","link":"https:\/\/www.tourisme-volvestre.fr\/es\/espacio-profesional\/","title":{"rendered":"Espacio profesional"},"content":{"rendered":"\n<h2 class=\"wp-block-heading has-text-align-center\" style=\"font-size:clamp(1.403rem, 1.403rem + ((1vw - 0.2rem) * 1.495), 2.3rem);\"><strong>\u00a1Bienvenido a nuestro Espacio Pro! <\/strong><\/h2>\n\n<div class=\"wp-block-columns is-layout-flex wp-container-core-columns-is-layout-28f84493 wp-block-columns-is-layout-flex\">\n<div class=\"wp-block-column is-layout-flow wp-block-column-is-layout-flow\">\n<p class=\"has-text-align-center\">La Oficina de turismo del Volvestre contribuye a la reputaci\u00f3n de la regi\u00f3n y apoya a los profesionales del turismo. <br \/>\u00a1Juntos, promocionemos y mostremos su establecimiento!<\/p>\n\n\n\n<figure class=\"wp-block-image aligncenter size-full is-style-rounded is-style-rounded--1\"><img decoding=\"async\" src=\"https:\/\/www.tourisme-volvestre.fr\/wp-content\/uploads\/2025\/08\/n-2048x1019-1.jpg\" alt=\"\" class=\"wp-image-8190\" \/><figcaption class=\"wp-element-caption\">Equipo de la Oficina de Turismo del Volvestre @OTIduVolvestre<\/figcaption><\/figure>\n<\/div>\n<\/div>\n\n<h2 class=\"wp-block-heading has-text-align-center\" style=\"font-size:clamp(1.403rem, 1.403rem + ((1vw - 0.2rem) * 1.495), 2.3rem);\">\u00bfEres un profesional del turismo?<\/h2>\n\n<div class=\"wp-block-columns is-layout-flex wp-container-core-columns-is-layout-28f84493 wp-block-columns-is-layout-flex\">\n<div class=\"wp-block-column is-layout-flow wp-block-column-is-layout-flow\" style=\"flex-basis:66.66%\">\n<p class=\"has-text-align-center has-contrast-color has-text-color has-link-color wp-elements-99d5fc21e8cc2e1593901f72c219e33a\"><strong>Estamos aqu\u00ed para ayudarle a promocionar su actividad profesional, ganar visibilidad y construir relaciones con otros actores locales.<\/strong><\/p>\n<\/div>\n\n\n\n<div class=\"wp-block-column is-layout-flow wp-block-column-is-layout-flow\" style=\"flex-basis:33.33%\">\n<figure class=\"wp-block-image aligncenter size-full is-resized\"><img loading=\"lazy\" decoding=\"async\" width=\"64\" height=\"67\" src=\"https:\/\/www.tourisme-volvestre.fr\/wp-content\/uploads\/2025\/02\/Group-52.png\" alt=\"\" class=\"wp-image-558\" style=\"width:60px;height:auto\" \/><\/figure>\n<\/div>\n<\/div>\n\n<p class=\"has-text-align-center\">La tienda de la Oficina de turismo tambi\u00e9n permite promocionar productos locales a los visitantes. Cada fin de a\u00f1o, organizamos una reuni\u00f3n para hablar, compartir sus necesidades y avanzar juntos.  <br \/><br \/>Todo el equipo de la Oficina de turismo se compromete d\u00eda a d\u00eda a promover y hacer crecer su proyecto en el Volvestre.<\/p>\n\n<div class=\"wp-block-group alignfull has-accent-4-background-color has-background has-global-padding is-layout-constrained wp-container-core-group-is-layout-ed5e8923 wp-block-group-is-layout-constrained\" style=\"margin-top:var(--wp--preset--spacing--20);margin-bottom:0;padding-top:var(--wp--preset--spacing--20);padding-right:var(--wp--preset--spacing--20);padding-bottom:var(--wp--preset--spacing--20);padding-left:var(--wp--preset--spacing--20)\">\n<h2 class=\"wp-block-heading has-text-align-center\">vous avez un h\u00e9bergement ?<\/h2>\n\n\n\n<div class=\"wp-block-columns is-layout-flex wp-container-core-columns-is-layout-28f84493 wp-block-columns-is-layout-flex\">\n<div class=\"wp-block-column is-layout-flow wp-block-column-is-layout-flow\" style=\"flex-basis:66.66%\">\n<p class=\"has-text-align-center\"><strong>Vous souhaitez mettre votre bien en location saisonni\u00e8re touristique ? Des documents sont \u00e0 fournir \u00e0 votre mairie.<\/strong><\/p>\n<\/div>\n\n\n\n<div class=\"wp-block-column is-layout-flow wp-block-column-is-layout-flow\" style=\"flex-basis:33.33%\">\n<figure class=\"wp-block-image aligncenter size-full\"><img loading=\"lazy\" decoding=\"async\" width=\"56\" height=\"86\" src=\"https:\/\/www.tourisme-volvestre.fr\/wp-content\/uploads\/2025\/02\/Group-69.png\" alt=\"\" class=\"wp-image-541\"\/><\/figure>\n<\/div>\n<\/div>\n\n\n\n<h5 class=\"wp-block-heading has-text-align-center\">T\u00e9l\u00e9chargez ci-dessous le formulaire correspondant \u00e0 votre h\u00e9bergement <\/h5>\n\n\n\n<div class=\"wp-block-columns alignwide is-layout-flex wp-container-core-columns-is-layout-28f84493 wp-block-columns-is-layout-flex\">\n<div class=\"wp-block-column is-layout-flow wp-block-column-is-layout-flow\" style=\"flex-basis:100%\">\n<div class=\"wp-block-buttons alignfull is-content-justification-center is-layout-flex wp-container-core-buttons-is-layout-a89b3969 wp-block-buttons-is-layout-flex\">\n<div class=\"wp-block-button\"><a class=\"wp-block-button__link has-text-align-center wp-element-button\" href=\"https:\/\/www.formulaires.service-public.fr\/gf\/cerfa_13566.do\">Cerfa chambres d&#8217;h\u00f4tes<\/a><\/div>\n\n\n\n<div class=\"wp-block-button\"><a class=\"wp-block-button__link has-text-align-center wp-element-button\" href=\"https:\/\/www.formulaires.service-public.fr\/gf\/cerfa_14004.do\" target=\"_blank\" rel=\"noreferrer noopener\">Cerfa g\u00eetes<\/a><\/div>\n<\/div>\n<\/div>\n<\/div>\n\n\n\n<h5 class=\"wp-block-heading has-text-align-center\">ou d\u00e9clarez le directement en ligne ! <\/h5>\n\n\n\n<div class=\"wp-block-buttons is-content-justification-center is-layout-flex wp-container-core-buttons-is-layout-a89b3969 wp-block-buttons-is-layout-flex\">\n<div class=\"wp-block-button\"><a class=\"wp-block-button__link wp-element-button\" href=\"https:\/\/www.service-public.fr\/particuliers\/vosdroits\/R14321\" target=\"_blank\" rel=\"noreferrer noopener\">D\u00e9claration en ligne<\/a><\/div>\n\n\n\n<div class=\"wp-block-button\"><a class=\"wp-block-button__link wp-element-button\"><span class=\"popup-trigger popmake-3711 \" data-popup-id=\"3711\" data-do-default=\"0\">Contacter un conseiller \u00e0 l&#8217;office de Tourisme<\/span><\/a><\/div>\n<\/div>\n<\/div>\n\n<h2 class=\"wp-block-heading has-text-align-center\" style=\"font-size:clamp(1.403rem, 1.403rem + ((1vw - 0.2rem) * 1.495), 2.3rem);\">\u00bfEst\u00e1s organizando un evento?<\/h2>\n\n<figure class=\"wp-block-image aligncenter size-large is-resized\"><img loading=\"lazy\" decoding=\"async\" width=\"26\" height=\"21\" src=\"https:\/\/www.tourisme-volvestre.fr\/wp-content\/uploads\/2025\/06\/picto-ticket.svg\" alt=\"\" class=\"wp-image-5934\" style=\"width:54px;height:auto\" \/><\/figure>\n\n<p class=\"has-text-align-center\">Asociaci\u00f3n, proveedor de servicios, ayuntamiento \u00bfDesea registrar su evento en el sitio?<\/p>\n\n<div class=\"wp-block-buttons is-content-justification-center is-layout-flex wp-container-core-buttons-is-layout-a89b3969 wp-block-buttons-is-layout-flex\">\n<div class=\"wp-block-button\"><a class=\"wp-block-button__link wp-element-button\" href=\"https:\/\/www.tourisme-volvestre.fr\/registro-tu-evento\/?lang=es\">Registra tu evento<\/a><\/div>\n<\/div>\n\n<p class=\"has-text-align-center\">Por favor, espere 24 horas, despu\u00e9s de la validaci\u00f3n por parte de un miembro del equipo de la Oficina de turismo, para que aparezca en el sitio.<\/p>\n\n<div class=\"wp-block-group alignfull has-accent-4-background-color has-background has-global-padding is-layout-constrained wp-container-core-group-is-layout-ed5e8923 wp-block-group-is-layout-constrained\" style=\"margin-top:var(--wp--preset--spacing--20);margin-bottom:0;padding-top:var(--wp--preset--spacing--20);padding-right:var(--wp--preset--spacing--20);padding-bottom:var(--wp--preset--spacing--20);padding-left:var(--wp--preset--spacing--20)\">\n<h2 class=\"wp-block-heading has-text-align-center\">\u00bfQuieres trabajar o reclutar en turismo?<\/h2>\n\n\n\n<div class=\"wp-block-group has-global-padding is-layout-constrained wp-container-core-group-is-layout-c385debf wp-block-group-is-layout-constrained\" style=\"padding-top:var(--wp--preset--spacing--20);padding-right:var(--wp--preset--spacing--20);padding-bottom:var(--wp--preset--spacing--20);padding-left:var(--wp--preset--spacing--20)\">\n<div class=\"wp-block-columns is-layout-flex wp-container-core-columns-is-layout-28f84493 wp-block-columns-is-layout-flex\">\n<div class=\"wp-block-column is-layout-flow wp-block-column-is-layout-flow\">\n<p class=\"has-text-align-center\">\u00bfTe apasiona el turismo y quieres buscar trabajo en este sector? Est\u00e1s en el lugar indicado: el Volvestre te espera. Descubre nuestras ofertas de empleo dedicadas al turismo en nuestra regi\u00f3n. \u00a1Buena suerte!    <\/p>\n\n\n\n<div class=\"wp-block-buttons is-content-justification-center is-layout-flex wp-container-core-buttons-is-layout-a89b3969 wp-block-buttons-is-layout-flex\">\n<div class=\"wp-block-button\"><a class=\"wp-block-button__link wp-element-button\" href=\"https:\/\/www.tourisme-volvestre.fr\/nuestras-ofertas-de-trabajo\/?lang=es\">Descubre nuestras ofertas de empleo<\/a><\/div>\n<\/div>\n\n\n\n<p class=\"has-text-align-center\">\u00bfEres anfitri\u00f3n, restaurante o proveedor de ocio y buscas al candidato perfecto para tu equipo? \u00a1No esperes m\u00e1s! Publica tus ofertas de trabajo en nuestra web.  <\/p>\n\n\n\n<div class=\"wp-block-buttons is-content-justification-center is-layout-flex wp-container-core-buttons-is-layout-a89b3969 wp-block-buttons-is-layout-flex\">\n<div class=\"wp-block-button\"><a class=\"wp-block-button__link wp-element-button\"><span class=\"popup-trigger popmake-3711 \" data-popup-id=\"3711\" data-do-default=\"0\">Presentar una oferta de empleo <\/span><\/a><\/div>\n<\/div>\n<\/div>\n<\/div>\n<\/div>\n<\/div>\n\n<h2 class=\"wp-block-heading has-text-align-center\" style=\"font-size:clamp(1.403rem, 1.403rem + ((1vw - 0.2rem) * 1.495), 2.3rem);\">\u00bfQuieres unirte a la red de embajadores?<\/h2>\n\n<div class=\"wp-block-columns is-layout-flex wp-container-core-columns-is-layout-28f84493 wp-block-columns-is-layout-flex\">\n<div class=\"wp-block-column is-layout-flow wp-block-column-is-layout-flow\" style=\"flex-basis:66.66%\">\n<p><strong>\u00a1En Volvestre, hay informaci\u00f3n tur\u00edstica disponible en todas partes! <\/strong><\/p>\n\n\n\n<p>La red de embajadores re\u00fane ayuntamientos, casas de France Services y socioprofesionales del Volvestre que difunden informaci\u00f3n tur\u00edstica. <\/p>\n\n\n\n<p><strong>Los objetivos de la red<\/strong> :<\/p>\n\n\n\n<ul class=\"wp-block-list\">\n<li>Fomentar la difusi\u00f3n de la imagen del destino.<\/li>\n\n\n\n<li>Incitar a los habitantes a communicarse sobre el destino de boca en boca.<\/li>\n\n\n\n<li>Desarrollar la econom\u00eda del Volvestre.<\/li>\n<\/ul>\n\n\n\n<div class=\"wp-block-buttons is-layout-flex wp-block-buttons-is-layout-flex\">\n<div class=\"wp-block-button\"><a class=\"wp-block-button__link wp-element-button\" href=\"https:\/\/www.tourisme-volvestre.fr\/la-red-de-embajadores\/?lang=es\">\u00a1Descubre m\u00e1s!<\/a><\/div>\n<\/div>\n<\/div>\n\n\n\n<div class=\"wp-block-column is-layout-flow wp-block-column-is-layout-flow\" style=\"flex-basis:33.33%\">\n<figure class=\"wp-block-image size-full\"><img loading=\"lazy\" decoding=\"async\" width=\"500\" height=\"442\" src=\"https:\/\/www.tourisme-volvestre.fr\/wp-content\/uploads\/2025\/05\/Logo_Commercants-1.png\" alt=\"\" class=\"wp-image-3095\" style=\"aspect-ratio:1;object-fit:cover\" srcset=\"https:\/\/www.tourisme-volvestre.fr\/wp-content\/uploads\/2025\/05\/Logo_Commercants-1.png 500w, https:\/\/www.tourisme-volvestre.fr\/wp-content\/uploads\/2025\/05\/Logo_Commercants-1-300x265.png 300w\" sizes=\"auto, (max-width: 500px) 100vw, 500px\" \/><\/figure>\n<\/div>\n<\/div>\n","protected":false},"excerpt":{"rendered":"<p>\u00a1Bienvenido a nuestro Espacio Pro! La Oficina de turismo del Volvestre contribuye a la reputaci\u00f3n de la regi\u00f3n y apoya a los profesionales del turismo. \u00a1Juntos, promocionemos y mostremos su establecimiento! \u00bfEres un profesional del turismo? Estamos aqu\u00ed para ayudarle a promocionar su actividad profesional, ganar visibilidad y construir relaciones con otros actores locales. La [&hellip;]<\/p>\n","protected":false},"author":8,"featured_media":7416,"parent":0,"menu_order":0,"comment_status":"closed","ping_status":"closed","template":"page-no-title","meta":{"_acf_changed":false,"inline_featured_image":false,"footnotes":""},"class_list":["post-8908","page","type-page","status-publish","has-post-thumbnail","hentry"],"acf":[],"yoast_head":"<!-- This site is optimized with the Yoast SEO plugin v27.3 - https:\/\/yoast.com\/product\/yoast-seo-wordpress\/ -->\n<title>Espacio profesional - Volvestre Tourisme<\/title>\n<meta name=\"description\" content=\"Bienvenido a nuestro espacio profesional : abrir su alojamiento, promocionar su evento, nuestras ofertas de empleo, integrarse en la red de embajadores...\" \/>\n<meta name=\"robots\" content=\"index, follow, max-snippet:-1, max-image-preview:large, max-video-preview:-1\" \/>\n<link rel=\"canonical\" href=\"https:\/\/www.tourisme-volvestre.fr\/es\/espacio-profesional\/\" \/>\n<meta property=\"og:locale\" content=\"es_ES\" \/>\n<meta property=\"og:type\" content=\"article\" \/>\n<meta property=\"og:title\" content=\"Espacio profesional - Volvestre Tourisme\" \/>\n<meta property=\"og:description\" content=\"Bienvenido a nuestro espacio profesional : abrir su alojamiento, promocionar su evento, nuestras ofertas de empleo, integrarse en la red de embajadores...\" \/>\n<meta property=\"og:url\" content=\"https:\/\/www.tourisme-volvestre.fr\/es\/espacio-profesional\/\" \/>\n<meta property=\"og:site_name\" content=\"Volvestre Tourisme\" \/>\n<meta property=\"article:publisher\" content=\"https:\/\/www.facebook.com\/TourismeVolvestre\" \/>\n<meta property=\"article:modified_time\" content=\"2025-09-01T09:42:51+00:00\" \/>\n<meta property=\"og:image\" content=\"https:\/\/www.tourisme-volvestre.fr\/wp-content\/uploads\/2025\/07\/ok.jpg\" \/>\n\t<meta property=\"og:image:width\" content=\"1928\" \/>\n\t<meta property=\"og:image:height\" content=\"2560\" \/>\n\t<meta property=\"og:image:type\" content=\"image\/jpeg\" \/>\n<meta name=\"twitter:card\" content=\"summary_large_image\" \/>\n<meta name=\"twitter:label1\" content=\"Tiempo de lectura\" \/>\n\t<meta name=\"twitter:data1\" content=\"2 minutos\" \/>\n<script type=\"application\/ld+json\" class=\"yoast-schema-graph\">{\"@context\":\"https:\\\/\\\/schema.org\",\"@graph\":[{\"@type\":\"WebPage\",\"@id\":\"https:\\\/\\\/www.tourisme-volvestre.fr\\\/es\\\/espacio-profesional\\\/\",\"url\":\"https:\\\/\\\/www.tourisme-volvestre.fr\\\/es\\\/espacio-profesional\\\/\",\"name\":\"Espacio profesional - Volvestre Tourisme\",\"isPartOf\":{\"@id\":\"https:\\\/\\\/www.tourisme-volvestre.fr\\\/es\\\/#website\"},\"primaryImageOfPage\":{\"@id\":\"https:\\\/\\\/www.tourisme-volvestre.fr\\\/es\\\/espacio-profesional\\\/#primaryimage\"},\"image\":{\"@id\":\"https:\\\/\\\/www.tourisme-volvestre.fr\\\/es\\\/espacio-profesional\\\/#primaryimage\"},\"thumbnailUrl\":\"https:\\\/\\\/www.tourisme-volvestre.fr\\\/wp-content\\\/uploads\\\/2025\\\/07\\\/ok.jpg\",\"datePublished\":\"2025-06-17T09:19:04+00:00\",\"dateModified\":\"2025-09-01T09:42:51+00:00\",\"description\":\"Bienvenido a nuestro espacio profesional : abrir su alojamiento, promocionar su evento, nuestras ofertas de empleo, integrarse en la red de embajadores...\",\"breadcrumb\":{\"@id\":\"https:\\\/\\\/www.tourisme-volvestre.fr\\\/es\\\/espacio-profesional\\\/#breadcrumb\"},\"inLanguage\":\"es\",\"potentialAction\":[{\"@type\":\"ReadAction\",\"target\":[\"https:\\\/\\\/www.tourisme-volvestre.fr\\\/es\\\/espacio-profesional\\\/\"]}]},{\"@type\":\"ImageObject\",\"inLanguage\":\"es\",\"@id\":\"https:\\\/\\\/www.tourisme-volvestre.fr\\\/es\\\/espacio-profesional\\\/#primaryimage\",\"url\":\"https:\\\/\\\/www.tourisme-volvestre.fr\\\/wp-content\\\/uploads\\\/2025\\\/07\\\/ok.jpg\",\"contentUrl\":\"https:\\\/\\\/www.tourisme-volvestre.fr\\\/wp-content\\\/uploads\\\/2025\\\/07\\\/ok.jpg\",\"width\":1928,\"height\":2560},{\"@type\":\"BreadcrumbList\",\"@id\":\"https:\\\/\\\/www.tourisme-volvestre.fr\\\/es\\\/espacio-profesional\\\/#breadcrumb\",\"itemListElement\":[{\"@type\":\"ListItem\",\"position\":1,\"name\":\"Accueil\",\"item\":\"https:\\\/\\\/www.tourisme-volvestre.fr\\\/es\\\/?lang=es\"},{\"@type\":\"ListItem\",\"position\":2,\"name\":\"Espacio profesional\"}]},{\"@type\":\"WebSite\",\"@id\":\"https:\\\/\\\/www.tourisme-volvestre.fr\\\/es\\\/#website\",\"url\":\"https:\\\/\\\/www.tourisme-volvestre.fr\\\/es\\\/\",\"name\":\"Volvestre Tourisme\",\"description\":\"\",\"publisher\":{\"@id\":\"https:\\\/\\\/www.tourisme-volvestre.fr\\\/es\\\/#organization\"},\"alternateName\":\"OT Volvestre\",\"potentialAction\":[{\"@type\":\"SearchAction\",\"target\":{\"@type\":\"EntryPoint\",\"urlTemplate\":\"https:\\\/\\\/www.tourisme-volvestre.fr\\\/es\\\/?s={search_term_string}\"},\"query-input\":{\"@type\":\"PropertyValueSpecification\",\"valueRequired\":true,\"valueName\":\"search_term_string\"}}],\"inLanguage\":\"es\"},{\"@type\":\"Organization\",\"@id\":\"https:\\\/\\\/www.tourisme-volvestre.fr\\\/es\\\/#organization\",\"name\":\"Volvestre Tourisme\",\"url\":\"https:\\\/\\\/www.tourisme-volvestre.fr\\\/es\\\/\",\"logo\":{\"@type\":\"ImageObject\",\"inLanguage\":\"es\",\"@id\":\"https:\\\/\\\/www.tourisme-volvestre.fr\\\/es\\\/#\\\/schema\\\/logo\\\/image\\\/\",\"url\":\"https:\\\/\\\/www.tourisme-volvestre.fr\\\/wp-content\\\/uploads\\\/2025\\\/02\\\/logo-site.png\",\"contentUrl\":\"https:\\\/\\\/www.tourisme-volvestre.fr\\\/wp-content\\\/uploads\\\/2025\\\/02\\\/logo-site.png\",\"width\":152,\"height\":152,\"caption\":\"Volvestre Tourisme\"},\"image\":{\"@id\":\"https:\\\/\\\/www.tourisme-volvestre.fr\\\/es\\\/#\\\/schema\\\/logo\\\/image\\\/\"},\"sameAs\":[\"https:\\\/\\\/www.facebook.com\\\/TourismeVolvestre\",\"https:\\\/\\\/www.instagram.com\\\/tourismevolvestre\"]}]}<\/script>\n<!-- \/ Yoast SEO plugin. -->","yoast_head_json":{"title":"Espacio profesional - Volvestre Tourisme","description":"Bienvenido a nuestro espacio profesional : abrir su alojamiento, promocionar su evento, nuestras ofertas de empleo, integrarse en la red de embajadores...","robots":{"index":"index","follow":"follow","max-snippet":"max-snippet:-1","max-image-preview":"max-image-preview:large","max-video-preview":"max-video-preview:-1"},"canonical":"https:\/\/www.tourisme-volvestre.fr\/es\/espacio-profesional\/","og_locale":"es_ES","og_type":"article","og_title":"Espacio profesional - Volvestre Tourisme","og_description":"Bienvenido a nuestro espacio profesional : abrir su alojamiento, promocionar su evento, nuestras ofertas de empleo, integrarse en la red de embajadores...","og_url":"https:\/\/www.tourisme-volvestre.fr\/es\/espacio-profesional\/","og_site_name":"Volvestre Tourisme","article_publisher":"https:\/\/www.facebook.com\/TourismeVolvestre","article_modified_time":"2025-09-01T09:42:51+00:00","og_image":[{"width":1928,"height":2560,"url":"https:\/\/www.tourisme-volvestre.fr\/wp-content\/uploads\/2025\/07\/ok.jpg","type":"image\/jpeg"}],"twitter_card":"summary_large_image","twitter_misc":{"Tiempo de lectura":"2 minutos"},"schema":{"@context":"https:\/\/schema.org","@graph":[{"@type":"WebPage","@id":"https:\/\/www.tourisme-volvestre.fr\/es\/espacio-profesional\/","url":"https:\/\/www.tourisme-volvestre.fr\/es\/espacio-profesional\/","name":"Espacio profesional - Volvestre Tourisme","isPartOf":{"@id":"https:\/\/www.tourisme-volvestre.fr\/es\/#website"},"primaryImageOfPage":{"@id":"https:\/\/www.tourisme-volvestre.fr\/es\/espacio-profesional\/#primaryimage"},"image":{"@id":"https:\/\/www.tourisme-volvestre.fr\/es\/espacio-profesional\/#primaryimage"},"thumbnailUrl":"https:\/\/www.tourisme-volvestre.fr\/wp-content\/uploads\/2025\/07\/ok.jpg","datePublished":"2025-06-17T09:19:04+00:00","dateModified":"2025-09-01T09:42:51+00:00","description":"Bienvenido a nuestro espacio profesional : abrir su alojamiento, promocionar su evento, nuestras ofertas de empleo, integrarse en la red de embajadores...","breadcrumb":{"@id":"https:\/\/www.tourisme-volvestre.fr\/es\/espacio-profesional\/#breadcrumb"},"inLanguage":"es","potentialAction":[{"@type":"ReadAction","target":["https:\/\/www.tourisme-volvestre.fr\/es\/espacio-profesional\/"]}]},{"@type":"ImageObject","inLanguage":"es","@id":"https:\/\/www.tourisme-volvestre.fr\/es\/espacio-profesional\/#primaryimage","url":"https:\/\/www.tourisme-volvestre.fr\/wp-content\/uploads\/2025\/07\/ok.jpg","contentUrl":"https:\/\/www.tourisme-volvestre.fr\/wp-content\/uploads\/2025\/07\/ok.jpg","width":1928,"height":2560},{"@type":"BreadcrumbList","@id":"https:\/\/www.tourisme-volvestre.fr\/es\/espacio-profesional\/#breadcrumb","itemListElement":[{"@type":"ListItem","position":1,"name":"Accueil","item":"https:\/\/www.tourisme-volvestre.fr\/es\/?lang=es"},{"@type":"ListItem","position":2,"name":"Espacio profesional"}]},{"@type":"WebSite","@id":"https:\/\/www.tourisme-volvestre.fr\/es\/#website","url":"https:\/\/www.tourisme-volvestre.fr\/es\/","name":"Volvestre Tourisme","description":"","publisher":{"@id":"https:\/\/www.tourisme-volvestre.fr\/es\/#organization"},"alternateName":"OT Volvestre","potentialAction":[{"@type":"SearchAction","target":{"@type":"EntryPoint","urlTemplate":"https:\/\/www.tourisme-volvestre.fr\/es\/?s={search_term_string}"},"query-input":{"@type":"PropertyValueSpecification","valueRequired":true,"valueName":"search_term_string"}}],"inLanguage":"es"},{"@type":"Organization","@id":"https:\/\/www.tourisme-volvestre.fr\/es\/#organization","name":"Volvestre Tourisme","url":"https:\/\/www.tourisme-volvestre.fr\/es\/","logo":{"@type":"ImageObject","inLanguage":"es","@id":"https:\/\/www.tourisme-volvestre.fr\/es\/#\/schema\/logo\/image\/","url":"https:\/\/www.tourisme-volvestre.fr\/wp-content\/uploads\/2025\/02\/logo-site.png","contentUrl":"https:\/\/www.tourisme-volvestre.fr\/wp-content\/uploads\/2025\/02\/logo-site.png","width":152,"height":152,"caption":"Volvestre Tourisme"},"image":{"@id":"https:\/\/www.tourisme-volvestre.fr\/es\/#\/schema\/logo\/image\/"},"sameAs":["https:\/\/www.facebook.com\/TourismeVolvestre","https:\/\/www.instagram.com\/tourismevolvestre"]}]}},"_links":{"self":[{"href":"https:\/\/www.tourisme-volvestre.fr\/es\/wp-json\/wp\/v2\/pages\/8908","targetHints":{"allow":["GET"]}}],"collection":[{"href":"https:\/\/www.tourisme-volvestre.fr\/es\/wp-json\/wp\/v2\/pages"}],"about":[{"href":"https:\/\/www.tourisme-volvestre.fr\/es\/wp-json\/wp\/v2\/types\/page"}],"author":[{"embeddable":true,"href":"https:\/\/www.tourisme-volvestre.fr\/es\/wp-json\/wp\/v2\/users\/8"}],"replies":[{"embeddable":true,"href":"https:\/\/www.tourisme-volvestre.fr\/es\/wp-json\/wp\/v2\/comments?post=8908"}],"version-history":[{"count":3,"href":"https:\/\/www.tourisme-volvestre.fr\/es\/wp-json\/wp\/v2\/pages\/8908\/revisions"}],"predecessor-version":[{"id":9615,"href":"https:\/\/www.tourisme-volvestre.fr\/es\/wp-json\/wp\/v2\/pages\/8908\/revisions\/9615"}],"wp:featuredmedia":[{"embeddable":true,"href":"https:\/\/www.tourisme-volvestre.fr\/es\/wp-json\/wp\/v2\/media\/7416"}],"wp:attachment":[{"href":"https:\/\/www.tourisme-volvestre.fr\/es\/wp-json\/wp\/v2\/media?parent=8908"}],"curies":[{"name":"wp","href":"https:\/\/api.w.org\/{rel}","templated":true}]}}