{"id":8916,"date":"2025-06-02T14:13:38","date_gmt":"2025-06-02T12:13:38","guid":{"rendered":"https:\/\/www.tourisme-volvestre.fr\/la-coleccion-de-camisetas-de-rugby\/"},"modified":"2025-09-01T11:42:53","modified_gmt":"2025-09-01T09:42:53","slug":"la-coleccion-de-camisetas-de-rugby","status":"publish","type":"page","link":"https:\/\/www.tourisme-volvestre.fr\/es\/la-coleccion-de-camisetas-de-rugby\/","title":{"rendered":"La colecci\u00f3n de camisetas de rugby"},"content":{"rendered":"\n<p class=\"has-text-align-center\">En Mauzac, la<strong> <a href=\"https:\/\/www.brasseriedumoulin.fr\/\" target=\"_blank\" rel=\"noreferrer noopener\">Brasserie du Moulin<\/a><\/strong> le invita a admirar su magn\u00edfica colecci\u00f3n de camisetas de rugby.<\/p>\n\n<div class=\"wp-block-columns is-layout-flex wp-container-core-columns-is-layout-28f84493 wp-block-columns-is-layout-flex\">\n<div class=\"wp-block-column is-layout-flow wp-block-column-is-layout-flow\">\n<figure class=\"wp-block-image aligncenter size-large is-style-rounded is-style-rounded--1\"><img loading=\"lazy\" decoding=\"async\" width=\"1024\" height=\"440\" src=\"https:\/\/www.tourisme-volvestre.fr\/wp-content\/uploads\/2025\/08\/mauzac_brasseriedumoulin_resto_maillotderugby_salle@loicbel-1-2048x1104-1-1024x440.jpg\" alt=\"\" class=\"wp-image-8262\" srcset=\"https:\/\/www.tourisme-volvestre.fr\/wp-content\/uploads\/2025\/08\/mauzac_brasseriedumoulin_resto_maillotderugby_salle@loicbel-1-2048x1104-1-1024x440.jpg 1024w, https:\/\/www.tourisme-volvestre.fr\/wp-content\/uploads\/2025\/08\/mauzac_brasseriedumoulin_resto_maillotderugby_salle@loicbel-1-2048x1104-1-300x129.jpg 300w, https:\/\/www.tourisme-volvestre.fr\/wp-content\/uploads\/2025\/08\/mauzac_brasseriedumoulin_resto_maillotderugby_salle@loicbel-1-2048x1104-1-768x330.jpg 768w, https:\/\/www.tourisme-volvestre.fr\/wp-content\/uploads\/2025\/08\/mauzac_brasseriedumoulin_resto_maillotderugby_salle@loicbel-1-2048x1104-1-1536x660.jpg 1536w, https:\/\/www.tourisme-volvestre.fr\/wp-content\/uploads\/2025\/08\/mauzac_brasseriedumoulin_resto_maillotderugby_salle@loicbel-1-2048x1104-1.jpg 1900w\" sizes=\"auto, (max-width: 1024px) 100vw, 1024px\" \/><figcaption class=\"wp-element-caption\">El restaurante @Lo\u00efcBel<\/figcaption><\/figure>\n<\/div>\n<\/div>\n\n<p class=\"has-text-align-center\">Disfrute de una comida o un caf\u00e9 para descubrir la impresionante colecci\u00f3n de camisetas de rugby en la Brasserie du Moulin. <br \/>Aqu\u00ed, m\u00e1s de 1000 camisetas cuelgan de las paredes y el techo. Cada camiseta, presentada bajo una vitrina, fue firmada por jugadores ic\u00f3nicos y posteriormente entregada a Alex Borret. La camiseta n\u00famero 1000 de esta excepcional colecci\u00f3n fue donada por <strong>Jean Prat<\/strong>, una aut\u00e9ntica leyenda del rugby.   <br \/><br \/>Ahora, los nietos de Alex contin\u00faan la tradici\u00f3n y ponen todos estos tesoros a disposici\u00f3n del p\u00fablico. <br \/><br \/>Considerada la m\u00e1s grande de Europa, \u00a1esta direcci\u00f3n es una<strong> <a href=\"https:\/\/www.tourisme-volvestre.fr\/nuestros-imprescindibles\/?lang=es\">joya del Volvestre<\/a><\/strong> que no debe perderse!<\/p>\n\n<div class=\"wp-block-columns is-layout-flex wp-container-core-columns-is-layout-28f84493 wp-block-columns-is-layout-flex\">\n<div class=\"wp-block-column is-layout-flow wp-block-column-is-layout-flow\">\n<figure class=\"wp-block-image aligncenter size-large is-style-rounded is-style-rounded--2\"><img loading=\"lazy\" decoding=\"async\" width=\"768\" height=\"1024\" src=\"https:\/\/www.tourisme-volvestre.fr\/wp-content\/uploads\/2025\/05\/mauzac_brasseriedumoulin_resto_maillotderugby_decoration@loicbel-768x1024.jpg\" alt=\"\" class=\"wp-image-3246\" srcset=\"https:\/\/www.tourisme-volvestre.fr\/wp-content\/uploads\/2025\/05\/mauzac_brasseriedumoulin_resto_maillotderugby_decoration@loicbel-768x1024.jpg 768w, https:\/\/www.tourisme-volvestre.fr\/wp-content\/uploads\/2025\/05\/mauzac_brasseriedumoulin_resto_maillotderugby_decoration@loicbel-225x300.jpg 225w, https:\/\/www.tourisme-volvestre.fr\/wp-content\/uploads\/2025\/05\/mauzac_brasseriedumoulin_resto_maillotderugby_decoration@loicbel-1152x1536.jpg 1152w, https:\/\/www.tourisme-volvestre.fr\/wp-content\/uploads\/2025\/05\/mauzac_brasseriedumoulin_resto_maillotderugby_decoration@loicbel-1536x2048.jpg 1536w, https:\/\/www.tourisme-volvestre.fr\/wp-content\/uploads\/2025\/05\/mauzac_brasseriedumoulin_resto_maillotderugby_decoration@loicbel-scaled.jpg 1920w\" sizes=\"auto, (max-width: 768px) 100vw, 768px\" \/><figcaption class=\"wp-element-caption\">Pausa caf\u00e9 en la Brasserie du Moulin @Lo\u00efcBel<\/figcaption><\/figure>\n<\/div>\n\n\n\n<div class=\"wp-block-column is-layout-flow wp-block-column-is-layout-flow\">\n<figure class=\"wp-block-image aligncenter size-full is-style-rounded is-style-rounded--3\"><img loading=\"lazy\" decoding=\"async\" width=\"1920\" height=\"2560\" src=\"https:\/\/www.tourisme-volvestre.fr\/wp-content\/uploads\/2025\/05\/mauzac_brasseriedumoulin_resto_bar_rugby@lisaoti-2-1-scaled.jpg\" alt=\"\" class=\"wp-image-3249\" srcset=\"https:\/\/www.tourisme-volvestre.fr\/wp-content\/uploads\/2025\/05\/mauzac_brasseriedumoulin_resto_bar_rugby@lisaoti-2-1-scaled.jpg 1920w, https:\/\/www.tourisme-volvestre.fr\/wp-content\/uploads\/2025\/05\/mauzac_brasseriedumoulin_resto_bar_rugby@lisaoti-2-1-225x300.jpg 225w, https:\/\/www.tourisme-volvestre.fr\/wp-content\/uploads\/2025\/05\/mauzac_brasseriedumoulin_resto_bar_rugby@lisaoti-2-1-768x1024.jpg 768w, https:\/\/www.tourisme-volvestre.fr\/wp-content\/uploads\/2025\/05\/mauzac_brasseriedumoulin_resto_bar_rugby@lisaoti-2-1-1152x1536.jpg 1152w, https:\/\/www.tourisme-volvestre.fr\/wp-content\/uploads\/2025\/05\/mauzac_brasseriedumoulin_resto_bar_rugby@lisaoti-2-1-1536x2048.jpg 1536w\" sizes=\"auto, (max-width: 1920px) 100vw, 1920px\" \/><figcaption class=\"wp-element-caption\">Colecci\u00f3n @OTIduVolvestre<\/figcaption><\/figure>\n<\/div>\n\n\n\n<div class=\"wp-block-column is-layout-flow wp-block-column-is-layout-flow\">\n<figure class=\"wp-block-image aligncenter size-full is-style-rounded is-style-rounded--4\"><img loading=\"lazy\" decoding=\"async\" width=\"1920\" height=\"2560\" src=\"https:\/\/www.tourisme-volvestre.fr\/wp-content\/uploads\/2025\/05\/mauzac_brasseriedumoulin_resto_maillotderugby_bar@loicbel-1-scaled.jpg\" alt=\"\" class=\"wp-image-3255\" srcset=\"https:\/\/www.tourisme-volvestre.fr\/wp-content\/uploads\/2025\/05\/mauzac_brasseriedumoulin_resto_maillotderugby_bar@loicbel-1-scaled.jpg 1920w, https:\/\/www.tourisme-volvestre.fr\/wp-content\/uploads\/2025\/05\/mauzac_brasseriedumoulin_resto_maillotderugby_bar@loicbel-1-225x300.jpg 225w, https:\/\/www.tourisme-volvestre.fr\/wp-content\/uploads\/2025\/05\/mauzac_brasseriedumoulin_resto_maillotderugby_bar@loicbel-1-768x1024.jpg 768w, https:\/\/www.tourisme-volvestre.fr\/wp-content\/uploads\/2025\/05\/mauzac_brasseriedumoulin_resto_maillotderugby_bar@loicbel-1-1152x1536.jpg 1152w, https:\/\/www.tourisme-volvestre.fr\/wp-content\/uploads\/2025\/05\/mauzac_brasseriedumoulin_resto_maillotderugby_bar@loicbel-1-1536x2048.jpg 1536w\" sizes=\"auto, (max-width: 1920px) 100vw, 1920px\" \/><figcaption class=\"wp-element-caption\">El bar @Lo\u00efcBel<\/figcaption><\/figure>\n<\/div>\n<\/div>\n\n<div class=\"wp-block-group alignfull has-accent-4-background-color has-background has-global-padding is-layout-constrained wp-container-core-group-is-layout-ed5e8923 wp-block-group-is-layout-constrained\" style=\"margin-top:var(--wp--preset--spacing--20);margin-bottom:0;padding-top:var(--wp--preset--spacing--20);padding-right:var(--wp--preset--spacing--20);padding-bottom:var(--wp--preset--spacing--20);padding-left:var(--wp--preset--spacing--20)\">\n<h2 class=\"wp-block-heading has-text-align-center\">\u00bfQuieres descubrirlo?<\/h2>\n\n\n\n<div class=\"wp-block-columns is-layout-flex wp-container-core-columns-is-layout-28f84493 wp-block-columns-is-layout-flex\">\n<div class=\"wp-block-column is-vertically-aligned-center is-layout-flow wp-block-column-is-layout-flow\" style=\"flex-basis:66.66%\">\n<p class=\"has-text-align-center\"><strong>\u00a1No esperes m\u00e1s para disfrutar de un delicioso caf\u00e9 o comida en este lugar excepcional! <\/strong><\/p>\n<\/div>\n\n\n\n<div class=\"wp-block-column is-layout-flow wp-block-column-is-layout-flow\" style=\"flex-basis:33.33%\">\n<figure class=\"wp-block-image aligncenter size-full is-resized\"><img loading=\"lazy\" decoding=\"async\" width=\"55\" height=\"62\" src=\"https:\/\/www.tourisme-volvestre.fr\/wp-content\/uploads\/2025\/02\/Group-48.png\" alt=\"\" class=\"wp-image-565\" style=\"width:59px;height:auto\" \/><\/figure>\n<\/div>\n<\/div>\n\n\n\n<p>Direcci\u00f3n : 1 route de Saint-Sulpice-sur-L\u00e8ze \u2013 31410 Mauzac<br \/>Tel\u00e9fono : 05 61 56 22 86<br \/>Horario : De lunes a domingo de 9:00 a 14:30 y de jueves a s\u00e1bado de 9:00 a 14:30 y de 18:00 a 22:30.<br \/><br \/>Descubre Mauzac, un encantador pueblo con mucho car\u00e1cter en Volvestre.<\/p>\n\n\n\n<div class=\"wp-block-buttons is-content-justification-center is-layout-flex wp-container-core-buttons-is-layout-a89b3969 wp-block-buttons-is-layout-flex\">\n<div class=\"wp-block-button\"><a class=\"wp-block-button__link wp-element-button\" href=\"https:\/\/www.tourisme-volvestre.fr\/nuestros-folletos-turisticos\/?lang=es\">Folleto de Mauzac<\/a><\/div>\n<\/div>\n<\/div>\n","protected":false},"excerpt":{"rendered":"<p>En Mauzac, la Brasserie du Moulin le invita a admirar su magn\u00edfica colecci\u00f3n de camisetas de rugby. Disfrute de una comida o un caf\u00e9 para descubrir la impresionante colecci\u00f3n de camisetas de rugby en la Brasserie du Moulin. Aqu\u00ed, m\u00e1s de 1000 camisetas cuelgan de las paredes y el techo. Cada camiseta, presentada bajo una [&hellip;]<\/p>\n","protected":false},"author":8,"featured_media":5763,"parent":0,"menu_order":0,"comment_status":"closed","ping_status":"closed","template":"page-no-title","meta":{"_acf_changed":false,"inline_featured_image":false,"footnotes":""},"class_list":["post-8916","page","type-page","status-publish","has-post-thumbnail","hentry"],"acf":[],"yoast_head":"<!-- This site is optimized with the Yoast SEO plugin v27.3 - https:\/\/yoast.com\/product\/yoast-seo-wordpress\/ -->\n<title>La colecci\u00f3n de camisetas de rugby - Volvestre Tourisme<\/title>\n<meta name=\"description\" content=\"Venga a descubrir la excepcional colecci\u00f3n de camisetas de rugby, la m\u00e1s grande de Europa, en la Brasserie du Moulin, en el pueblo de Mauzac.\" \/>\n<meta name=\"robots\" content=\"index, follow, max-snippet:-1, max-image-preview:large, max-video-preview:-1\" \/>\n<link rel=\"canonical\" href=\"https:\/\/www.tourisme-volvestre.fr\/es\/la-coleccion-de-camisetas-de-rugby\/\" \/>\n<meta property=\"og:locale\" content=\"es_ES\" \/>\n<meta property=\"og:type\" content=\"article\" \/>\n<meta property=\"og:title\" content=\"La colecci\u00f3n de camisetas de rugby - Volvestre Tourisme\" \/>\n<meta property=\"og:description\" content=\"Venga a descubrir la excepcional colecci\u00f3n de camisetas de rugby, la m\u00e1s grande de Europa, en la Brasserie du Moulin, en el pueblo de Mauzac.\" \/>\n<meta property=\"og:url\" content=\"https:\/\/www.tourisme-volvestre.fr\/es\/la-coleccion-de-camisetas-de-rugby\/\" \/>\n<meta property=\"og:site_name\" content=\"Volvestre Tourisme\" \/>\n<meta property=\"article:publisher\" content=\"https:\/\/www.facebook.com\/TourismeVolvestre\" \/>\n<meta property=\"article:modified_time\" content=\"2025-09-01T09:42:53+00:00\" \/>\n<meta property=\"og:image\" content=\"https:\/\/www.tourisme-volvestre.fr\/wp-content\/uploads\/2025\/06\/mauzac_brasseriedumoulin_resto_maillotderugby_salle@loicbel-1.jpg\" \/>\n\t<meta property=\"og:image:width\" content=\"2560\" \/>\n\t<meta property=\"og:image:height\" content=\"1380\" \/>\n\t<meta property=\"og:image:type\" content=\"image\/jpeg\" \/>\n<meta name=\"twitter:card\" content=\"summary_large_image\" \/>\n<meta name=\"twitter:label1\" content=\"Tiempo de lectura\" \/>\n\t<meta name=\"twitter:data1\" content=\"1 minuto\" \/>\n<script type=\"application\/ld+json\" class=\"yoast-schema-graph\">{\"@context\":\"https:\\\/\\\/schema.org\",\"@graph\":[{\"@type\":\"WebPage\",\"@id\":\"https:\\\/\\\/www.tourisme-volvestre.fr\\\/es\\\/la-coleccion-de-camisetas-de-rugby\\\/\",\"url\":\"https:\\\/\\\/www.tourisme-volvestre.fr\\\/es\\\/la-coleccion-de-camisetas-de-rugby\\\/\",\"name\":\"La colecci\u00f3n de camisetas de rugby - Volvestre Tourisme\",\"isPartOf\":{\"@id\":\"https:\\\/\\\/www.tourisme-volvestre.fr\\\/es\\\/#website\"},\"primaryImageOfPage\":{\"@id\":\"https:\\\/\\\/www.tourisme-volvestre.fr\\\/es\\\/la-coleccion-de-camisetas-de-rugby\\\/#primaryimage\"},\"image\":{\"@id\":\"https:\\\/\\\/www.tourisme-volvestre.fr\\\/es\\\/la-coleccion-de-camisetas-de-rugby\\\/#primaryimage\"},\"thumbnailUrl\":\"https:\\\/\\\/www.tourisme-volvestre.fr\\\/wp-content\\\/uploads\\\/2025\\\/06\\\/mauzac_brasseriedumoulin_resto_maillotderugby_salle@loicbel-1.jpg\",\"datePublished\":\"2025-06-02T12:13:38+00:00\",\"dateModified\":\"2025-09-01T09:42:53+00:00\",\"description\":\"Venga a descubrir la excepcional colecci\u00f3n de camisetas de rugby, la m\u00e1s grande de Europa, en la Brasserie du Moulin, en el pueblo de Mauzac.\",\"breadcrumb\":{\"@id\":\"https:\\\/\\\/www.tourisme-volvestre.fr\\\/es\\\/la-coleccion-de-camisetas-de-rugby\\\/#breadcrumb\"},\"inLanguage\":\"es\",\"potentialAction\":[{\"@type\":\"ReadAction\",\"target\":[\"https:\\\/\\\/www.tourisme-volvestre.fr\\\/es\\\/la-coleccion-de-camisetas-de-rugby\\\/\"]}]},{\"@type\":\"ImageObject\",\"inLanguage\":\"es\",\"@id\":\"https:\\\/\\\/www.tourisme-volvestre.fr\\\/es\\\/la-coleccion-de-camisetas-de-rugby\\\/#primaryimage\",\"url\":\"https:\\\/\\\/www.tourisme-volvestre.fr\\\/wp-content\\\/uploads\\\/2025\\\/06\\\/mauzac_brasseriedumoulin_resto_maillotderugby_salle@loicbel-1.jpg\",\"contentUrl\":\"https:\\\/\\\/www.tourisme-volvestre.fr\\\/wp-content\\\/uploads\\\/2025\\\/06\\\/mauzac_brasseriedumoulin_resto_maillotderugby_salle@loicbel-1.jpg\",\"width\":2560,\"height\":1380},{\"@type\":\"BreadcrumbList\",\"@id\":\"https:\\\/\\\/www.tourisme-volvestre.fr\\\/es\\\/la-coleccion-de-camisetas-de-rugby\\\/#breadcrumb\",\"itemListElement\":[{\"@type\":\"ListItem\",\"position\":1,\"name\":\"Accueil\",\"item\":\"https:\\\/\\\/www.tourisme-volvestre.fr\\\/es\\\/?lang=es\"},{\"@type\":\"ListItem\",\"position\":2,\"name\":\"La colecci\u00f3n de camisetas de rugby\"}]},{\"@type\":\"WebSite\",\"@id\":\"https:\\\/\\\/www.tourisme-volvestre.fr\\\/es\\\/#website\",\"url\":\"https:\\\/\\\/www.tourisme-volvestre.fr\\\/es\\\/\",\"name\":\"Volvestre Tourisme\",\"description\":\"\",\"publisher\":{\"@id\":\"https:\\\/\\\/www.tourisme-volvestre.fr\\\/es\\\/#organization\"},\"alternateName\":\"OT Volvestre\",\"potentialAction\":[{\"@type\":\"SearchAction\",\"target\":{\"@type\":\"EntryPoint\",\"urlTemplate\":\"https:\\\/\\\/www.tourisme-volvestre.fr\\\/es\\\/?s={search_term_string}\"},\"query-input\":{\"@type\":\"PropertyValueSpecification\",\"valueRequired\":true,\"valueName\":\"search_term_string\"}}],\"inLanguage\":\"es\"},{\"@type\":\"Organization\",\"@id\":\"https:\\\/\\\/www.tourisme-volvestre.fr\\\/es\\\/#organization\",\"name\":\"Volvestre Tourisme\",\"url\":\"https:\\\/\\\/www.tourisme-volvestre.fr\\\/es\\\/\",\"logo\":{\"@type\":\"ImageObject\",\"inLanguage\":\"es\",\"@id\":\"https:\\\/\\\/www.tourisme-volvestre.fr\\\/es\\\/#\\\/schema\\\/logo\\\/image\\\/\",\"url\":\"https:\\\/\\\/www.tourisme-volvestre.fr\\\/wp-content\\\/uploads\\\/2025\\\/02\\\/logo-site.png\",\"contentUrl\":\"https:\\\/\\\/www.tourisme-volvestre.fr\\\/wp-content\\\/uploads\\\/2025\\\/02\\\/logo-site.png\",\"width\":152,\"height\":152,\"caption\":\"Volvestre Tourisme\"},\"image\":{\"@id\":\"https:\\\/\\\/www.tourisme-volvestre.fr\\\/es\\\/#\\\/schema\\\/logo\\\/image\\\/\"},\"sameAs\":[\"https:\\\/\\\/www.facebook.com\\\/TourismeVolvestre\",\"https:\\\/\\\/www.instagram.com\\\/tourismevolvestre\"]}]}<\/script>\n<!-- \/ Yoast SEO plugin. -->","yoast_head_json":{"title":"La colecci\u00f3n de camisetas de rugby - Volvestre Tourisme","description":"Venga a descubrir la excepcional colecci\u00f3n de camisetas de rugby, la m\u00e1s grande de Europa, en la Brasserie du Moulin, en el pueblo de Mauzac.","robots":{"index":"index","follow":"follow","max-snippet":"max-snippet:-1","max-image-preview":"max-image-preview:large","max-video-preview":"max-video-preview:-1"},"canonical":"https:\/\/www.tourisme-volvestre.fr\/es\/la-coleccion-de-camisetas-de-rugby\/","og_locale":"es_ES","og_type":"article","og_title":"La colecci\u00f3n de camisetas de rugby - Volvestre Tourisme","og_description":"Venga a descubrir la excepcional colecci\u00f3n de camisetas de rugby, la m\u00e1s grande de Europa, en la Brasserie du Moulin, en el pueblo de Mauzac.","og_url":"https:\/\/www.tourisme-volvestre.fr\/es\/la-coleccion-de-camisetas-de-rugby\/","og_site_name":"Volvestre Tourisme","article_publisher":"https:\/\/www.facebook.com\/TourismeVolvestre","article_modified_time":"2025-09-01T09:42:53+00:00","og_image":[{"width":2560,"height":1380,"url":"https:\/\/www.tourisme-volvestre.fr\/wp-content\/uploads\/2025\/06\/mauzac_brasseriedumoulin_resto_maillotderugby_salle@loicbel-1.jpg","type":"image\/jpeg"}],"twitter_card":"summary_large_image","twitter_misc":{"Tiempo de lectura":"1 minuto"},"schema":{"@context":"https:\/\/schema.org","@graph":[{"@type":"WebPage","@id":"https:\/\/www.tourisme-volvestre.fr\/es\/la-coleccion-de-camisetas-de-rugby\/","url":"https:\/\/www.tourisme-volvestre.fr\/es\/la-coleccion-de-camisetas-de-rugby\/","name":"La colecci\u00f3n de camisetas de rugby - Volvestre Tourisme","isPartOf":{"@id":"https:\/\/www.tourisme-volvestre.fr\/es\/#website"},"primaryImageOfPage":{"@id":"https:\/\/www.tourisme-volvestre.fr\/es\/la-coleccion-de-camisetas-de-rugby\/#primaryimage"},"image":{"@id":"https:\/\/www.tourisme-volvestre.fr\/es\/la-coleccion-de-camisetas-de-rugby\/#primaryimage"},"thumbnailUrl":"https:\/\/www.tourisme-volvestre.fr\/wp-content\/uploads\/2025\/06\/mauzac_brasseriedumoulin_resto_maillotderugby_salle@loicbel-1.jpg","datePublished":"2025-06-02T12:13:38+00:00","dateModified":"2025-09-01T09:42:53+00:00","description":"Venga a descubrir la excepcional colecci\u00f3n de camisetas de rugby, la m\u00e1s grande de Europa, en la Brasserie du Moulin, en el pueblo de Mauzac.","breadcrumb":{"@id":"https:\/\/www.tourisme-volvestre.fr\/es\/la-coleccion-de-camisetas-de-rugby\/#breadcrumb"},"inLanguage":"es","potentialAction":[{"@type":"ReadAction","target":["https:\/\/www.tourisme-volvestre.fr\/es\/la-coleccion-de-camisetas-de-rugby\/"]}]},{"@type":"ImageObject","inLanguage":"es","@id":"https:\/\/www.tourisme-volvestre.fr\/es\/la-coleccion-de-camisetas-de-rugby\/#primaryimage","url":"https:\/\/www.tourisme-volvestre.fr\/wp-content\/uploads\/2025\/06\/mauzac_brasseriedumoulin_resto_maillotderugby_salle@loicbel-1.jpg","contentUrl":"https:\/\/www.tourisme-volvestre.fr\/wp-content\/uploads\/2025\/06\/mauzac_brasseriedumoulin_resto_maillotderugby_salle@loicbel-1.jpg","width":2560,"height":1380},{"@type":"BreadcrumbList","@id":"https:\/\/www.tourisme-volvestre.fr\/es\/la-coleccion-de-camisetas-de-rugby\/#breadcrumb","itemListElement":[{"@type":"ListItem","position":1,"name":"Accueil","item":"https:\/\/www.tourisme-volvestre.fr\/es\/?lang=es"},{"@type":"ListItem","position":2,"name":"La colecci\u00f3n de camisetas de rugby"}]},{"@type":"WebSite","@id":"https:\/\/www.tourisme-volvestre.fr\/es\/#website","url":"https:\/\/www.tourisme-volvestre.fr\/es\/","name":"Volvestre Tourisme","description":"","publisher":{"@id":"https:\/\/www.tourisme-volvestre.fr\/es\/#organization"},"alternateName":"OT Volvestre","potentialAction":[{"@type":"SearchAction","target":{"@type":"EntryPoint","urlTemplate":"https:\/\/www.tourisme-volvestre.fr\/es\/?s={search_term_string}"},"query-input":{"@type":"PropertyValueSpecification","valueRequired":true,"valueName":"search_term_string"}}],"inLanguage":"es"},{"@type":"Organization","@id":"https:\/\/www.tourisme-volvestre.fr\/es\/#organization","name":"Volvestre Tourisme","url":"https:\/\/www.tourisme-volvestre.fr\/es\/","logo":{"@type":"ImageObject","inLanguage":"es","@id":"https:\/\/www.tourisme-volvestre.fr\/es\/#\/schema\/logo\/image\/","url":"https:\/\/www.tourisme-volvestre.fr\/wp-content\/uploads\/2025\/02\/logo-site.png","contentUrl":"https:\/\/www.tourisme-volvestre.fr\/wp-content\/uploads\/2025\/02\/logo-site.png","width":152,"height":152,"caption":"Volvestre Tourisme"},"image":{"@id":"https:\/\/www.tourisme-volvestre.fr\/es\/#\/schema\/logo\/image\/"},"sameAs":["https:\/\/www.facebook.com\/TourismeVolvestre","https:\/\/www.instagram.com\/tourismevolvestre"]}]}},"_links":{"self":[{"href":"https:\/\/www.tourisme-volvestre.fr\/es\/wp-json\/wp\/v2\/pages\/8916","targetHints":{"allow":["GET"]}}],"collection":[{"href":"https:\/\/www.tourisme-volvestre.fr\/es\/wp-json\/wp\/v2\/pages"}],"about":[{"href":"https:\/\/www.tourisme-volvestre.fr\/es\/wp-json\/wp\/v2\/types\/page"}],"author":[{"embeddable":true,"href":"https:\/\/www.tourisme-volvestre.fr\/es\/wp-json\/wp\/v2\/users\/8"}],"replies":[{"embeddable":true,"href":"https:\/\/www.tourisme-volvestre.fr\/es\/wp-json\/wp\/v2\/comments?post=8916"}],"version-history":[{"count":3,"href":"https:\/\/www.tourisme-volvestre.fr\/es\/wp-json\/wp\/v2\/pages\/8916\/revisions"}],"predecessor-version":[{"id":10522,"href":"https:\/\/www.tourisme-volvestre.fr\/es\/wp-json\/wp\/v2\/pages\/8916\/revisions\/10522"}],"wp:featuredmedia":[{"embeddable":true,"href":"https:\/\/www.tourisme-volvestre.fr\/es\/wp-json\/wp\/v2\/media\/5763"}],"wp:attachment":[{"href":"https:\/\/www.tourisme-volvestre.fr\/es\/wp-json\/wp\/v2\/media?parent=8916"}],"curies":[{"name":"wp","href":"https:\/\/api.w.org\/{rel}","templated":true}]}}