{"id":8949,"date":"2025-06-06T17:16:38","date_gmt":"2025-06-06T15:16:38","guid":{"rendered":"https:\/\/www.tourisme-volvestre.fr\/el-scac-marestaing\/"},"modified":"2025-08-21T17:26:20","modified_gmt":"2025-08-21T15:26:20","slug":"el-scac-marestaing","status":"publish","type":"page","link":"https:\/\/www.tourisme-volvestre.fr\/es\/el-scac-marestaing\/","title":{"rendered":"El Scac Marestaing"},"content":{"rendered":"\n<div class=\"wp-block-group alignfull has-accent-4-background-color has-background has-global-padding is-layout-constrained wp-container-core-group-is-layout-d89aad35 wp-block-group-is-layout-constrained\" style=\"margin-top:0;margin-bottom:0;padding-top:var(--wp--preset--spacing--50);padding-right:var(--wp--preset--spacing--50);padding-bottom:var(--wp--preset--spacing--50);padding-left:var(--wp--preset--spacing--50)\">\n<div class=\"wp-block-columns alignwide is-layout-flex wp-container-core-columns-is-layout-1da03c2a wp-block-columns-is-layout-flex\">\n<div class=\"wp-block-column is-vertically-aligned-center is-layout-flow wp-block-column-is-layout-flow\" style=\"flex-basis:60%\">\n<figure class=\"wp-block-image aligncenter size-full is-resized is-style-rounded wp-duotone-unset-2 is-style-rounded--1\"><img loading=\"lazy\" decoding=\"async\" width=\"1743\" height=\"773\" src=\"https:\/\/www.tourisme-volvestre.fr\/wp-content\/uploads\/2025\/06\/480943043_669608942067224_8883170005241196140_n-e1754493360877.jpg\" alt=\"\" class=\"wp-image-4116\" style=\"aspect-ratio:1.3333333333333333;object-fit:cover;width:509px;height:auto\" srcset=\"https:\/\/www.tourisme-volvestre.fr\/wp-content\/uploads\/2025\/06\/480943043_669608942067224_8883170005241196140_n-e1754493360877.jpg 1743w, https:\/\/www.tourisme-volvestre.fr\/wp-content\/uploads\/2025\/06\/480943043_669608942067224_8883170005241196140_n-e1754493360877-300x133.jpg 300w, https:\/\/www.tourisme-volvestre.fr\/wp-content\/uploads\/2025\/06\/480943043_669608942067224_8883170005241196140_n-e1754493360877-1024x454.jpg 1024w, https:\/\/www.tourisme-volvestre.fr\/wp-content\/uploads\/2025\/06\/480943043_669608942067224_8883170005241196140_n-e1754493360877-768x341.jpg 768w, https:\/\/www.tourisme-volvestre.fr\/wp-content\/uploads\/2025\/06\/480943043_669608942067224_8883170005241196140_n-e1754493360877-1536x681.jpg 1536w\" sizes=\"auto, (max-width: 1743px) 100vw, 1743px\" \/><figcaption class=\"wp-element-caption\">Vista sobre los Pirineos @SCACMarestaing<\/figcaption><\/figure>\n<\/div>\n\n\n\n<div class=\"wp-block-column is-vertically-aligned-center is-layout-flow wp-block-column-is-layout-flow\" style=\"flex-basis:40%\">\n<h2 class=\"wp-block-heading\" style=\"font-size:clamp(1.25rem, 1.25rem + ((1vw - 0.2rem) * 1.25), 2rem);\">\u00a1\u00c1frica en el Volvestre!<\/h2>\n\n\n\n<p>Situado en las alturas de Montesquieu-Volvestre, el SCAC Marestaing acoge a escultores africanos durante seis semanas durante el verano. Cada artista deja una obra, que se puede admirar mientras se contemplan los majestuosos Pirineos. <\/p>\n<\/div>\n<\/div>\n<\/div>\n\n<div class=\"wp-block-columns is-layout-flex wp-container-core-columns-is-layout-28f84493 wp-block-columns-is-layout-flex\">\n<div class=\"wp-block-column is-layout-flow wp-block-column-is-layout-flow\">\n<h2 class=\"wp-block-heading\" style=\"font-size:clamp(1.25rem, 1.25rem + ((1vw - 0.2rem) * 1.25), 2rem);\">Residencia de escultores africanos<\/h2>\n\n\n\n<p class=\"has-contrast-2-color has-text-color has-link-color wp-elements-b01357835833100cb1168ecff66d3d82\"><strong>\u00a1Descubre el arte africano contempor\u00e1neo del Volvestre !<\/strong><\/p>\n\n\n\n<p><strong>La acogida de los artistas : <\/strong><\/p>\n\n\n\n<ul class=\"wp-block-list\">\n<li>Estancia de 1 a 3 meses del 1 de junio al 30 de octubre<\/li>\n\n\n\n<li>Exposiciones de arte contempor\u00e1neo<\/li>\n\n\n\n<li>Recepci\u00f3n de visitantes y amantes del arte <\/li>\n<\/ul>\n\n\n\n<p><strong>Las herramientas disponibles : <\/strong><\/p>\n\n\n\n<ul class=\"wp-block-list\">\n<li>Metal : forja, cizallas, taladro de columna, motosierra para metal, soldadura, amoladora, etc.<\/li>\n\n\n\n<li>Madera : motosierra, cepilladora, sierra de cinta, mortajadora, lijadoras, cepillo port\u00e1til <\/li>\n\n\n\n<li>Herramientas manuales <\/li>\n<\/ul>\n\n\n\n<p><strong>La selecci\u00f3n : <\/strong><\/p>\n\n\n\n<ul class=\"wp-block-list\">\n<li>No se impone ning\u00fan tema<\/li>\n\n\n\n<li>Selecci\u00f3n basada en archivo y proyecto<\/li>\n\n\n\n<li>Se valoran proyectos territoriales y colaborativos<\/li>\n<\/ul>\n\n\n\n<p>Los artistas seleccionados se reunen con la poblaci\u00f3n local para participar en la sensibilizaci\u00f3n art\u00edstica.<\/p>\n<\/div>\n\n\n\n<div class=\"wp-block-column is-layout-flow wp-block-column-is-layout-flow\">\n<figure class=\"wp-block-image aligncenter size-full is-style-rounded is-style-rounded--3\"><img loading=\"lazy\" decoding=\"async\" width=\"784\" height=\"1728\" src=\"https:\/\/www.tourisme-volvestre.fr\/wp-content\/uploads\/2025\/06\/100478273_2581791308709072_4591488500926251008_n-1-1.jpg\" alt=\"\" class=\"wp-image-4104\" style=\"aspect-ratio:3\/4;object-fit:cover\" srcset=\"https:\/\/www.tourisme-volvestre.fr\/wp-content\/uploads\/2025\/06\/100478273_2581791308709072_4591488500926251008_n-1-1.jpg 784w, https:\/\/www.tourisme-volvestre.fr\/wp-content\/uploads\/2025\/06\/100478273_2581791308709072_4591488500926251008_n-1-1-136x300.jpg 136w, https:\/\/www.tourisme-volvestre.fr\/wp-content\/uploads\/2025\/06\/100478273_2581791308709072_4591488500926251008_n-1-1-465x1024.jpg 465w, https:\/\/www.tourisme-volvestre.fr\/wp-content\/uploads\/2025\/06\/100478273_2581791308709072_4591488500926251008_n-1-1-768x1693.jpg 768w, https:\/\/www.tourisme-volvestre.fr\/wp-content\/uploads\/2025\/06\/100478273_2581791308709072_4591488500926251008_n-1-1-697x1536.jpg 697w\" sizes=\"auto, (max-width: 784px) 100vw, 784px\" \/><figcaption class=\"wp-element-caption\">Obra de arte @SCAC Marestaing<\/figcaption><\/figure>\n<\/div>\n<\/div>\n\n<div class=\"wp-block-group has-contrast-2-background-color has-background has-global-padding is-layout-constrained wp-container-core-group-is-layout-80fb368b wp-block-group-is-layout-constrained\" style=\"border-radius:15px;padding-top:var(--wp--preset--spacing--30);padding-right:var(--wp--preset--spacing--30);padding-bottom:var(--wp--preset--spacing--30);padding-left:var(--wp--preset--spacing--30);background-image:url(&apos;https:\/\/www.volvestre.fr\/wp-content\/uploads\/2024\/09\/Vectorpour-fond-bleu.png&apos;);background-position:100% 0%;background-repeat:no-repeat;background-size:150px;\">\n<h2 class=\"wp-block-heading has-base-2-color has-text-color has-link-color wp-elements-368d9079b3c557e4668db688008ca246\" style=\"font-size:clamp(1.25rem, 1.25rem + ((1vw - 0.2rem) * 1.25), 2rem);\">Informaci\u00f3n pr\u00e1ctica <\/h2>\n\n\n\n<div class=\"wp-block-columns is-layout-flex wp-container-core-columns-is-layout-28f84493 wp-block-columns-is-layout-flex\">\n<div class=\"wp-block-column is-layout-flow wp-block-column-is-layout-flow\" style=\"flex-basis:100%\">\n<div class=\"wp-block-columns is-layout-flex wp-container-core-columns-is-layout-28f84493 wp-block-columns-is-layout-flex\">\n<div class=\"wp-block-column is-layout-flow wp-block-column-is-layout-flow\" style=\"flex-basis:100%\">\n<div class=\"wp-block-columns is-layout-flex wp-container-core-columns-is-layout-28f84493 wp-block-columns-is-layout-flex\">\n<div class=\"wp-block-column is-layout-flow wp-block-column-is-layout-flow\">\n<p class=\"has-base-2-color has-text-color has-link-color wp-elements-e307cf3c748aff62f1284f91ddefea27\">Direcci\u00f3n : Marestaing &#8211; 31310 Montesquieu-Volvestre<br \/>Tel\u00e9fono : 06 58 41 99 <br \/>Correo electr\u00f3nico : scac.marestaing@gmail.com<\/p>\n\n\n\n<ul class=\"wp-block-social-links is-layout-flex wp-block-social-links-is-layout-flex\"><li class=\"wp-social-link wp-social-link-facebook  wp-block-social-link\"><a href=\"https:\/\/www.facebook.com\/marestaingscac\/?locale=fr_FR\" class=\"wp-block-social-link-anchor\"><svg width=\"24\" height=\"24\" viewBox=\"0 0 24 24\" version=\"1.1\" xmlns=\"http:\/\/www.w3.org\/2000\/svg\" aria-hidden=\"true\" focusable=\"false\"><path d=\"M12 2C6.5 2 2 6.5 2 12c0 5 3.7 9.1 8.4 9.9v-7H7.9V12h2.5V9.8c0-2.5 1.5-3.9 3.8-3.9 1.1 0 2.2.2 2.2.2v2.5h-1.3c-1.2 0-1.6.8-1.6 1.6V12h2.8l-.4 2.9h-2.3v7C18.3 21.1 22 17 22 12c0-5.5-4.5-10-10-10z\"><\/path><\/svg><span class=\"wp-block-social-link-label screen-reader-text\">Facebook<\/span><\/a><\/li><\/ul>\n<\/div>\n<\/div>\n<\/div>\n<\/div>\n<\/div>\n<\/div>\n<\/div>\n\n<div class=\"wp-block-group alignfull has-accent-4-background-color has-background has-global-padding is-layout-constrained wp-container-core-group-is-layout-ed5e8923 wp-block-group-is-layout-constrained\" style=\"margin-top:var(--wp--preset--spacing--20);margin-bottom:0;padding-top:var(--wp--preset--spacing--20);padding-right:var(--wp--preset--spacing--20);padding-bottom:var(--wp--preset--spacing--20);padding-left:var(--wp--preset--spacing--20)\">\n<h2 class=\"wp-block-heading has-text-align-center\">Tambi\u00e9n te puede interesar\u2026<\/h2>\n\n\n\n<div class=\"wp-block-group has-global-padding is-layout-constrained wp-container-core-group-is-layout-c385debf wp-block-group-is-layout-constrained\" style=\"padding-top:var(--wp--preset--spacing--20);padding-right:var(--wp--preset--spacing--20);padding-bottom:var(--wp--preset--spacing--20);padding-left:var(--wp--preset--spacing--20)\">\n<div class=\"wp-block-columns is-layout-flex wp-container-core-columns-is-layout-28f84493 wp-block-columns-is-layout-flex\">\n<div class=\"wp-block-column is-layout-flow wp-block-column-is-layout-flow\">\n<figure class=\"wp-block-image aligncenter size-full has-custom-border\"><img loading=\"lazy\" decoding=\"async\" width=\"2560\" height=\"2560\" src=\"https:\/\/www.tourisme-volvestre.fr\/wp-content\/uploads\/2025\/05\/rieuxvolvestre_museedupapogay_patrimoine_archers_maquette-scaled.jpg\" alt=\"\" class=\"wp-image-3056\" style=\"border-radius:25px;aspect-ratio:1;object-fit:cover\" srcset=\"https:\/\/www.tourisme-volvestre.fr\/wp-content\/uploads\/2025\/05\/rieuxvolvestre_museedupapogay_patrimoine_archers_maquette-scaled.jpg 2560w, https:\/\/www.tourisme-volvestre.fr\/wp-content\/uploads\/2025\/05\/rieuxvolvestre_museedupapogay_patrimoine_archers_maquette-300x300.jpg 300w, https:\/\/www.tourisme-volvestre.fr\/wp-content\/uploads\/2025\/05\/rieuxvolvestre_museedupapogay_patrimoine_archers_maquette-1024x1024.jpg 1024w, https:\/\/www.tourisme-volvestre.fr\/wp-content\/uploads\/2025\/05\/rieuxvolvestre_museedupapogay_patrimoine_archers_maquette-150x150.jpg 150w, https:\/\/www.tourisme-volvestre.fr\/wp-content\/uploads\/2025\/05\/rieuxvolvestre_museedupapogay_patrimoine_archers_maquette-768x768.jpg 768w, https:\/\/www.tourisme-volvestre.fr\/wp-content\/uploads\/2025\/05\/rieuxvolvestre_museedupapogay_patrimoine_archers_maquette-1536x1536.jpg 1536w, https:\/\/www.tourisme-volvestre.fr\/wp-content\/uploads\/2025\/05\/rieuxvolvestre_museedupapogay_patrimoine_archers_maquette-2048x2048.jpg 2048w\" sizes=\"auto, (max-width: 2560px) 100vw, 2560px\" \/><figcaption class=\"wp-element-caption\">Museo del Papogay en Rieux-Volvestre @OTIduVolvestre<\/figcaption><\/figure>\n\n\n\n<div class=\"wp-block-buttons is-content-justification-center is-layout-flex wp-container-core-buttons-is-layout-a89b3969 wp-block-buttons-is-layout-flex\">\n<div class=\"wp-block-button\"><a class=\"wp-block-button__link wp-element-button\" href=\"https:\/\/www.tourisme-volvestre.fr\/los-museos-de-la-oficina-de-turismo\/?lang=es\">Nuestros museos<\/a><\/div>\n<\/div>\n<\/div>\n\n\n\n<div class=\"wp-block-column is-layout-flow wp-block-column-is-layout-flow\">\n<figure class=\"wp-block-image aligncenter size-full has-custom-border\"><img loading=\"lazy\" decoding=\"async\" width=\"2560\" height=\"1928\" src=\"https:\/\/www.tourisme-volvestre.fr\/wp-content\/uploads\/2024\/11\/saintsulpicesurleze_exposition_createurslocaux_tableauart@lisaoti-scaled.jpg\" alt=\"\" class=\"wp-image-236\" style=\"border-radius:25px;aspect-ratio:1;object-fit:cover\" srcset=\"https:\/\/www.tourisme-volvestre.fr\/wp-content\/uploads\/2024\/11\/saintsulpicesurleze_exposition_createurslocaux_tableauart@lisaoti-scaled.jpg 2560w, https:\/\/www.tourisme-volvestre.fr\/wp-content\/uploads\/2024\/11\/saintsulpicesurleze_exposition_createurslocaux_tableauart@lisaoti-300x226.jpg 300w, https:\/\/www.tourisme-volvestre.fr\/wp-content\/uploads\/2024\/11\/saintsulpicesurleze_exposition_createurslocaux_tableauart@lisaoti-1024x771.jpg 1024w, https:\/\/www.tourisme-volvestre.fr\/wp-content\/uploads\/2024\/11\/saintsulpicesurleze_exposition_createurslocaux_tableauart@lisaoti-768x578.jpg 768w, https:\/\/www.tourisme-volvestre.fr\/wp-content\/uploads\/2024\/11\/saintsulpicesurleze_exposition_createurslocaux_tableauart@lisaoti-1536x1157.jpg 1536w, https:\/\/www.tourisme-volvestre.fr\/wp-content\/uploads\/2024\/11\/saintsulpicesurleze_exposition_createurslocaux_tableauart@lisaoti-2048x1542.jpg 2048w\" sizes=\"auto, (max-width: 2560px) 100vw, 2560px\" \/><figcaption class=\"wp-element-caption\">Exposici\u00f3n en Saint-Sulpice-sur-L\u00e8ze @OTIduVolvestre<\/figcaption><\/figure>\n\n\n\n<div class=\"wp-block-buttons is-content-justification-center is-layout-flex wp-container-core-buttons-is-layout-a89b3969 wp-block-buttons-is-layout-flex\">\n<div class=\"wp-block-button\"><a class=\"wp-block-button__link wp-element-button\" href=\"https:\/\/www.tourisme-volvestre.fr\/exposiciones-y-galerias\/?lang=es\">Nuestras exposiciones<\/a><\/div>\n<\/div>\n<\/div>\n\n\n\n<div class=\"wp-block-column is-layout-flow wp-block-column-is-layout-flow\">\n<figure class=\"wp-block-image aligncenter size-full has-custom-border\"><img loading=\"lazy\" decoding=\"async\" width=\"2324\" height=\"1859\" src=\"https:\/\/www.tourisme-volvestre.fr\/wp-content\/uploads\/2025\/07\/montbrunbocage_artisanat_bois_details-@oceaneoti.jpg\" alt=\"\" class=\"wp-image-7816\" style=\"border-radius:25px;aspect-ratio:1;object-fit:cover\" srcset=\"https:\/\/www.tourisme-volvestre.fr\/wp-content\/uploads\/2025\/07\/montbrunbocage_artisanat_bois_details-@oceaneoti.jpg 2324w, https:\/\/www.tourisme-volvestre.fr\/wp-content\/uploads\/2025\/07\/montbrunbocage_artisanat_bois_details-@oceaneoti-300x240.jpg 300w, https:\/\/www.tourisme-volvestre.fr\/wp-content\/uploads\/2025\/07\/montbrunbocage_artisanat_bois_details-@oceaneoti-1024x819.jpg 1024w, https:\/\/www.tourisme-volvestre.fr\/wp-content\/uploads\/2025\/07\/montbrunbocage_artisanat_bois_details-@oceaneoti-768x614.jpg 768w, https:\/\/www.tourisme-volvestre.fr\/wp-content\/uploads\/2025\/07\/montbrunbocage_artisanat_bois_details-@oceaneoti-1536x1229.jpg 1536w, https:\/\/www.tourisme-volvestre.fr\/wp-content\/uploads\/2025\/07\/montbrunbocage_artisanat_bois_details-@oceaneoti-2048x1638.jpg 2048w\" sizes=\"auto, (max-width: 2324px) 100vw, 2324px\" \/><figcaption class=\"wp-element-caption\">Artesan\u00eda en Montbrun-Bocage @OTIduVolvestre<\/figcaption><\/figure>\n\n\n\n<div class=\"wp-block-buttons is-content-justification-center is-layout-flex wp-container-core-buttons-is-layout-a89b3969 wp-block-buttons-is-layout-flex\">\n<div class=\"wp-block-button\"><a class=\"wp-block-button__link wp-element-button\" href=\"https:\/\/www.tourisme-volvestre.fr\/los-cursos-y-talleres\/?lang=es\">Nuestros cursos y talleres<\/a><\/div>\n<\/div>\n<\/div>\n<\/div>\n<\/div>\n<\/div>\n","protected":false},"excerpt":{"rendered":"<p>\u00a1\u00c1frica en el Volvestre! Situado en las alturas de Montesquieu-Volvestre, el SCAC Marestaing acoge a escultores africanos durante seis semanas durante el verano. Cada artista deja una obra, que se puede admirar mientras se contemplan los majestuosos Pirineos. Residencia de escultores africanos \u00a1Descubre el arte africano contempor\u00e1neo del Volvestre ! La acogida de los artistas [&hellip;]<\/p>\n","protected":false},"author":8,"featured_media":4118,"parent":0,"menu_order":0,"comment_status":"closed","ping_status":"closed","template":"page-no-title","meta":{"_acf_changed":false,"inline_featured_image":false,"footnotes":""},"class_list":["post-8949","page","type-page","status-publish","has-post-thumbnail","hentry"],"acf":[],"yoast_head":"<!-- This site is optimized with the Yoast SEO plugin v27.3 - https:\/\/yoast.com\/product\/yoast-seo-wordpress\/ -->\n<title>El Scac Marestaing - Volvestre Tourisme<\/title>\n<meta name=\"description\" content=\"\u00a1\u00c1frica se invita en el Volvestre! Conozca a artistas venidos de \u00c1frica y descubra sus obras en la SCAC Marestaing.\" \/>\n<meta name=\"robots\" content=\"index, follow, max-snippet:-1, max-image-preview:large, max-video-preview:-1\" \/>\n<link rel=\"canonical\" href=\"https:\/\/www.tourisme-volvestre.fr\/es\/el-scac-marestaing\/\" \/>\n<meta property=\"og:locale\" content=\"es_ES\" \/>\n<meta property=\"og:type\" content=\"article\" \/>\n<meta property=\"og:title\" content=\"El Scac Marestaing - Volvestre Tourisme\" \/>\n<meta property=\"og:description\" content=\"\u00a1\u00c1frica se invita en el Volvestre! Conozca a artistas venidos de \u00c1frica y descubra sus obras en la SCAC Marestaing.\" \/>\n<meta property=\"og:url\" content=\"https:\/\/www.tourisme-volvestre.fr\/es\/el-scac-marestaing\/\" \/>\n<meta property=\"og:site_name\" content=\"Volvestre Tourisme\" \/>\n<meta property=\"article:publisher\" content=\"https:\/\/www.facebook.com\/TourismeVolvestre\" \/>\n<meta property=\"article:modified_time\" content=\"2025-08-21T15:26:20+00:00\" \/>\n<meta property=\"og:image\" content=\"https:\/\/www.tourisme-volvestre.fr\/wp-content\/uploads\/2025\/06\/480943043_669608942067224_8883170005241196140_n-e1754493360877.jpg\" \/>\n\t<meta property=\"og:image:width\" content=\"1743\" \/>\n\t<meta property=\"og:image:height\" content=\"941\" \/>\n\t<meta property=\"og:image:type\" content=\"image\/jpeg\" \/>\n<meta name=\"twitter:card\" content=\"summary_large_image\" \/>\n<meta name=\"twitter:label1\" content=\"Tiempo de lectura\" \/>\n\t<meta name=\"twitter:data1\" content=\"1 minuto\" \/>\n<script type=\"application\/ld+json\" class=\"yoast-schema-graph\">{\"@context\":\"https:\\\/\\\/schema.org\",\"@graph\":[{\"@type\":\"WebPage\",\"@id\":\"https:\\\/\\\/www.tourisme-volvestre.fr\\\/es\\\/el-scac-marestaing\\\/\",\"url\":\"https:\\\/\\\/www.tourisme-volvestre.fr\\\/es\\\/el-scac-marestaing\\\/\",\"name\":\"El Scac Marestaing - Volvestre Tourisme\",\"isPartOf\":{\"@id\":\"https:\\\/\\\/www.tourisme-volvestre.fr\\\/es\\\/#website\"},\"primaryImageOfPage\":{\"@id\":\"https:\\\/\\\/www.tourisme-volvestre.fr\\\/es\\\/el-scac-marestaing\\\/#primaryimage\"},\"image\":{\"@id\":\"https:\\\/\\\/www.tourisme-volvestre.fr\\\/es\\\/el-scac-marestaing\\\/#primaryimage\"},\"thumbnailUrl\":\"https:\\\/\\\/www.tourisme-volvestre.fr\\\/wp-content\\\/uploads\\\/2025\\\/06\\\/480943043_669608942067224_8883170005241196140_n-e1754493360877.jpg\",\"datePublished\":\"2025-06-06T15:16:38+00:00\",\"dateModified\":\"2025-08-21T15:26:20+00:00\",\"description\":\"\u00a1\u00c1frica se invita en el Volvestre! Conozca a artistas venidos de \u00c1frica y descubra sus obras en la SCAC Marestaing.\",\"breadcrumb\":{\"@id\":\"https:\\\/\\\/www.tourisme-volvestre.fr\\\/es\\\/el-scac-marestaing\\\/#breadcrumb\"},\"inLanguage\":\"es\",\"potentialAction\":[{\"@type\":\"ReadAction\",\"target\":[\"https:\\\/\\\/www.tourisme-volvestre.fr\\\/es\\\/el-scac-marestaing\\\/\"]}]},{\"@type\":\"ImageObject\",\"inLanguage\":\"es\",\"@id\":\"https:\\\/\\\/www.tourisme-volvestre.fr\\\/es\\\/el-scac-marestaing\\\/#primaryimage\",\"url\":\"https:\\\/\\\/www.tourisme-volvestre.fr\\\/wp-content\\\/uploads\\\/2025\\\/06\\\/480943043_669608942067224_8883170005241196140_n-e1754493360877.jpg\",\"contentUrl\":\"https:\\\/\\\/www.tourisme-volvestre.fr\\\/wp-content\\\/uploads\\\/2025\\\/06\\\/480943043_669608942067224_8883170005241196140_n-e1754493360877.jpg\",\"width\":1743,\"height\":941},{\"@type\":\"BreadcrumbList\",\"@id\":\"https:\\\/\\\/www.tourisme-volvestre.fr\\\/es\\\/el-scac-marestaing\\\/#breadcrumb\",\"itemListElement\":[{\"@type\":\"ListItem\",\"position\":1,\"name\":\"Accueil\",\"item\":\"https:\\\/\\\/www.tourisme-volvestre.fr\\\/es\\\/?lang=es\"},{\"@type\":\"ListItem\",\"position\":2,\"name\":\"El Scac Marestaing\"}]},{\"@type\":\"WebSite\",\"@id\":\"https:\\\/\\\/www.tourisme-volvestre.fr\\\/es\\\/#website\",\"url\":\"https:\\\/\\\/www.tourisme-volvestre.fr\\\/es\\\/\",\"name\":\"Volvestre Tourisme\",\"description\":\"\",\"publisher\":{\"@id\":\"https:\\\/\\\/www.tourisme-volvestre.fr\\\/es\\\/#organization\"},\"alternateName\":\"OT Volvestre\",\"potentialAction\":[{\"@type\":\"SearchAction\",\"target\":{\"@type\":\"EntryPoint\",\"urlTemplate\":\"https:\\\/\\\/www.tourisme-volvestre.fr\\\/es\\\/?s={search_term_string}\"},\"query-input\":{\"@type\":\"PropertyValueSpecification\",\"valueRequired\":true,\"valueName\":\"search_term_string\"}}],\"inLanguage\":\"es\"},{\"@type\":\"Organization\",\"@id\":\"https:\\\/\\\/www.tourisme-volvestre.fr\\\/es\\\/#organization\",\"name\":\"Volvestre Tourisme\",\"url\":\"https:\\\/\\\/www.tourisme-volvestre.fr\\\/es\\\/\",\"logo\":{\"@type\":\"ImageObject\",\"inLanguage\":\"es\",\"@id\":\"https:\\\/\\\/www.tourisme-volvestre.fr\\\/es\\\/#\\\/schema\\\/logo\\\/image\\\/\",\"url\":\"https:\\\/\\\/www.tourisme-volvestre.fr\\\/wp-content\\\/uploads\\\/2025\\\/02\\\/logo-site.png\",\"contentUrl\":\"https:\\\/\\\/www.tourisme-volvestre.fr\\\/wp-content\\\/uploads\\\/2025\\\/02\\\/logo-site.png\",\"width\":152,\"height\":152,\"caption\":\"Volvestre Tourisme\"},\"image\":{\"@id\":\"https:\\\/\\\/www.tourisme-volvestre.fr\\\/es\\\/#\\\/schema\\\/logo\\\/image\\\/\"},\"sameAs\":[\"https:\\\/\\\/www.facebook.com\\\/TourismeVolvestre\",\"https:\\\/\\\/www.instagram.com\\\/tourismevolvestre\"]}]}<\/script>\n<!-- \/ Yoast SEO plugin. -->","yoast_head_json":{"title":"El Scac Marestaing - Volvestre Tourisme","description":"\u00a1\u00c1frica se invita en el Volvestre! Conozca a artistas venidos de \u00c1frica y descubra sus obras en la SCAC Marestaing.","robots":{"index":"index","follow":"follow","max-snippet":"max-snippet:-1","max-image-preview":"max-image-preview:large","max-video-preview":"max-video-preview:-1"},"canonical":"https:\/\/www.tourisme-volvestre.fr\/es\/el-scac-marestaing\/","og_locale":"es_ES","og_type":"article","og_title":"El Scac Marestaing - Volvestre Tourisme","og_description":"\u00a1\u00c1frica se invita en el Volvestre! Conozca a artistas venidos de \u00c1frica y descubra sus obras en la SCAC Marestaing.","og_url":"https:\/\/www.tourisme-volvestre.fr\/es\/el-scac-marestaing\/","og_site_name":"Volvestre Tourisme","article_publisher":"https:\/\/www.facebook.com\/TourismeVolvestre","article_modified_time":"2025-08-21T15:26:20+00:00","og_image":[{"width":1743,"height":941,"url":"https:\/\/www.tourisme-volvestre.fr\/wp-content\/uploads\/2025\/06\/480943043_669608942067224_8883170005241196140_n-e1754493360877.jpg","type":"image\/jpeg"}],"twitter_card":"summary_large_image","twitter_misc":{"Tiempo de lectura":"1 minuto"},"schema":{"@context":"https:\/\/schema.org","@graph":[{"@type":"WebPage","@id":"https:\/\/www.tourisme-volvestre.fr\/es\/el-scac-marestaing\/","url":"https:\/\/www.tourisme-volvestre.fr\/es\/el-scac-marestaing\/","name":"El Scac Marestaing - Volvestre Tourisme","isPartOf":{"@id":"https:\/\/www.tourisme-volvestre.fr\/es\/#website"},"primaryImageOfPage":{"@id":"https:\/\/www.tourisme-volvestre.fr\/es\/el-scac-marestaing\/#primaryimage"},"image":{"@id":"https:\/\/www.tourisme-volvestre.fr\/es\/el-scac-marestaing\/#primaryimage"},"thumbnailUrl":"https:\/\/www.tourisme-volvestre.fr\/wp-content\/uploads\/2025\/06\/480943043_669608942067224_8883170005241196140_n-e1754493360877.jpg","datePublished":"2025-06-06T15:16:38+00:00","dateModified":"2025-08-21T15:26:20+00:00","description":"\u00a1\u00c1frica se invita en el Volvestre! Conozca a artistas venidos de \u00c1frica y descubra sus obras en la SCAC Marestaing.","breadcrumb":{"@id":"https:\/\/www.tourisme-volvestre.fr\/es\/el-scac-marestaing\/#breadcrumb"},"inLanguage":"es","potentialAction":[{"@type":"ReadAction","target":["https:\/\/www.tourisme-volvestre.fr\/es\/el-scac-marestaing\/"]}]},{"@type":"ImageObject","inLanguage":"es","@id":"https:\/\/www.tourisme-volvestre.fr\/es\/el-scac-marestaing\/#primaryimage","url":"https:\/\/www.tourisme-volvestre.fr\/wp-content\/uploads\/2025\/06\/480943043_669608942067224_8883170005241196140_n-e1754493360877.jpg","contentUrl":"https:\/\/www.tourisme-volvestre.fr\/wp-content\/uploads\/2025\/06\/480943043_669608942067224_8883170005241196140_n-e1754493360877.jpg","width":1743,"height":941},{"@type":"BreadcrumbList","@id":"https:\/\/www.tourisme-volvestre.fr\/es\/el-scac-marestaing\/#breadcrumb","itemListElement":[{"@type":"ListItem","position":1,"name":"Accueil","item":"https:\/\/www.tourisme-volvestre.fr\/es\/?lang=es"},{"@type":"ListItem","position":2,"name":"El Scac Marestaing"}]},{"@type":"WebSite","@id":"https:\/\/www.tourisme-volvestre.fr\/es\/#website","url":"https:\/\/www.tourisme-volvestre.fr\/es\/","name":"Volvestre Tourisme","description":"","publisher":{"@id":"https:\/\/www.tourisme-volvestre.fr\/es\/#organization"},"alternateName":"OT Volvestre","potentialAction":[{"@type":"SearchAction","target":{"@type":"EntryPoint","urlTemplate":"https:\/\/www.tourisme-volvestre.fr\/es\/?s={search_term_string}"},"query-input":{"@type":"PropertyValueSpecification","valueRequired":true,"valueName":"search_term_string"}}],"inLanguage":"es"},{"@type":"Organization","@id":"https:\/\/www.tourisme-volvestre.fr\/es\/#organization","name":"Volvestre Tourisme","url":"https:\/\/www.tourisme-volvestre.fr\/es\/","logo":{"@type":"ImageObject","inLanguage":"es","@id":"https:\/\/www.tourisme-volvestre.fr\/es\/#\/schema\/logo\/image\/","url":"https:\/\/www.tourisme-volvestre.fr\/wp-content\/uploads\/2025\/02\/logo-site.png","contentUrl":"https:\/\/www.tourisme-volvestre.fr\/wp-content\/uploads\/2025\/02\/logo-site.png","width":152,"height":152,"caption":"Volvestre Tourisme"},"image":{"@id":"https:\/\/www.tourisme-volvestre.fr\/es\/#\/schema\/logo\/image\/"},"sameAs":["https:\/\/www.facebook.com\/TourismeVolvestre","https:\/\/www.instagram.com\/tourismevolvestre"]}]}},"_links":{"self":[{"href":"https:\/\/www.tourisme-volvestre.fr\/es\/wp-json\/wp\/v2\/pages\/8949","targetHints":{"allow":["GET"]}}],"collection":[{"href":"https:\/\/www.tourisme-volvestre.fr\/es\/wp-json\/wp\/v2\/pages"}],"about":[{"href":"https:\/\/www.tourisme-volvestre.fr\/es\/wp-json\/wp\/v2\/types\/page"}],"author":[{"embeddable":true,"href":"https:\/\/www.tourisme-volvestre.fr\/es\/wp-json\/wp\/v2\/users\/8"}],"replies":[{"embeddable":true,"href":"https:\/\/www.tourisme-volvestre.fr\/es\/wp-json\/wp\/v2\/comments?post=8949"}],"version-history":[{"count":4,"href":"https:\/\/www.tourisme-volvestre.fr\/es\/wp-json\/wp\/v2\/pages\/8949\/revisions"}],"predecessor-version":[{"id":9904,"href":"https:\/\/www.tourisme-volvestre.fr\/es\/wp-json\/wp\/v2\/pages\/8949\/revisions\/9904"}],"wp:featuredmedia":[{"embeddable":true,"href":"https:\/\/www.tourisme-volvestre.fr\/es\/wp-json\/wp\/v2\/media\/4118"}],"wp:attachment":[{"href":"https:\/\/www.tourisme-volvestre.fr\/es\/wp-json\/wp\/v2\/media?parent=8949"}],"curies":[{"name":"wp","href":"https:\/\/api.w.org\/{rel}","templated":true}]}}