{"id":9056,"date":"2025-06-09T00:02:12","date_gmt":"2025-06-08T22:02:12","guid":{"rendered":"https:\/\/www.tourisme-volvestre.fr\/nuestros-senderos\/"},"modified":"2026-03-13T09:55:58","modified_gmt":"2026-03-13T08:55:58","slug":"nuestros-senderos","status":"publish","type":"page","link":"https:\/\/www.tourisme-volvestre.fr\/es\/nuestros-senderos\/","title":{"rendered":"Nuestros senderos"},"content":{"rendered":"\n<div class=\"wp-block-columns is-layout-flex wp-container-core-columns-is-layout-28f84493 wp-block-columns-is-layout-flex\">\n<div class=\"wp-block-column is-layout-flow wp-block-column-is-layout-flow\">\n<p class=\"has-text-align-center has-base-2-color has-contrast-2-background-color has-text-color has-background has-link-color wp-elements-9c77b7d7f11c626062c7183e431fdb7d\"><strong>\u26a0\ufe0f Restez prudents<\/strong> <strong>sur nos sentiers.<\/strong><br\/>En raison des intemp\u00e9ries de f\u00e9vrier, nous vous invitons \u00e0 la plus grande vigilance lors de vos sorties en nature et randonn\u00e9es. <br\/>Nos sentiers peuvent \u00eatre d\u00e9grad\u00e9s ou difficiles d&#8217;acc\u00e8s. N&#8217;h\u00e9sitez pas \u00e0 nous faire remonter tout dysfonctionnement ! <\/p>\n<\/div>\n<\/div>\n\n<div class=\"wp-block-columns is-layout-flex wp-container-core-columns-is-layout-28f84493 wp-block-columns-is-layout-flex\">\n<div class=\"wp-block-column is-layout-flow wp-block-column-is-layout-flow\" style=\"flex-basis:33.33%\">\n<figure class=\"wp-block-image aligncenter size-full\"><img loading=\"lazy\" decoding=\"async\" width=\"52\" height=\"78\" src=\"https:\/\/www.tourisme-volvestre.fr\/wp-content\/uploads\/2025\/02\/Group-10.png\" alt=\"\" class=\"wp-image-621\"\/><\/figure>\n<\/div>\n\n\n\n<div class=\"wp-block-column is-layout-flow wp-block-column-is-layout-flow\" style=\"flex-basis:66.66%\">\n<p>Descarga nuestras hojas topogr\u00e1ficas para orientarte con tranquilidad desde tu m\u00f3vil. \u00a1Incluso sin cobertura! Tambi\u00e9n puedes encontrar todas nuestras rutas en la app VisoRando : <a href=\"https:\/\/www.visorando.com\/\" target=\"_blank\" rel=\"noreferrer noopener\">Visorando: ideas para senderismo, ciclismo de monta\u00f1a, raquetas de nieve, etc.<\/a> <\/p>\n<\/div>\n<\/div>\n\n<p><\/p>\n\n<div class=\"wp-block-columns is-layout-flex wp-container-core-columns-is-layout-28f84493 wp-block-columns-is-layout-flex\">\n<div class=\"wp-block-column is-layout-flow wp-block-column-is-layout-flow\" style=\"flex-basis:33.33%\">\n<figure class=\"wp-block-image size-full\"><img loading=\"lazy\" decoding=\"async\" width=\"1450\" height=\"1695\" src=\"https:\/\/www.tourisme-volvestre.fr\/wp-content\/uploads\/2025\/06\/POLAROID.jpg\" alt=\"\" class=\"wp-image-5048\" srcset=\"https:\/\/www.tourisme-volvestre.fr\/wp-content\/uploads\/2025\/06\/POLAROID.jpg 1450w, https:\/\/www.tourisme-volvestre.fr\/wp-content\/uploads\/2025\/06\/POLAROID-257x300.jpg 257w, https:\/\/www.tourisme-volvestre.fr\/wp-content\/uploads\/2025\/06\/POLAROID-876x1024.jpg 876w, https:\/\/www.tourisme-volvestre.fr\/wp-content\/uploads\/2025\/06\/POLAROID-768x898.jpg 768w, https:\/\/www.tourisme-volvestre.fr\/wp-content\/uploads\/2025\/06\/POLAROID-1314x1536.jpg 1314w\" sizes=\"auto, (max-width: 1450px) 100vw, 1450px\" \/><\/figure>\n<\/div>\n\n\n\n<div class=\"wp-block-column is-layout-flow wp-block-column-is-layout-flow\" style=\"flex-basis:66.66%\">\n<ul class=\"wp-block-list\">\n<li>Carbonne &#8211; <a href=\"https:\/\/www.tourisme-volvestre.fr\/wp-content\/uploads\/2025\/06\/Carbonne_Abris.pdf\" type=\"link\" id=\"https:\/\/www.tourisme-volvestre.fr\/wp-content\/uploads\/2025\/06\/Carbonne_Abris.pdf\" target=\"_blank\" rel=\"noreferrer noopener\">Balade des abris au fil de l&#8217;eau<\/a> : 7.3km &#8211; 1h30<\/li>\n\n\n\n<li>Gouzens &#8211; <a href=\"https:\/\/www.tourisme-volvestre.fr\/wp-content\/uploads\/2025\/06\/Gouzens.pdf\" target=\"_blank\" rel=\"noreferrer noopener\">La Gouzinoise<\/a> : 9.1km &#8211; 3h<\/li>\n\n\n\n<li>Lacaugne &#8211; <a href=\"https:\/\/www.tourisme-volvestre.fr\/wp-content\/uploads\/2025\/06\/Lacaugne_boucle-3.pdf\" target=\"_blank\" rel=\"noreferrer noopener\">Boucle de Lacaugne<\/a> : 6.1km &#8211; 2h<\/li>\n\n\n\n<li>Latrape &#8211; <a href=\"https:\/\/www.tourisme-volvestre.fr\/wp-content\/uploads\/2025\/06\/latrape.pdf\" target=\"_blank\" rel=\"noreferrer noopener\">Le Trap\u00e9en<\/a> : 9.9km &#8211; 3h<\/li>\n\n\n\n<li>Lavelanet-de-Comminges &#8211; <a href=\"https:\/\/www.tourisme-volvestre.fr\/wp-content\/uploads\/2025\/06\/lavelanet_de_comminges-2.pdf\" target=\"_blank\" rel=\"noreferrer noopener\">En passant par la Voie Romaine<\/a> : 10km -2h30<\/li>\n\n\n\n<li>Lavelanet-de-Comminges &#8211; <a href=\"https:\/\/www.tourisme-volvestre.fr\/wp-content\/uploads\/2025\/06\/20210927-sentier-lavelanet-4km_compressed.pdf\" target=\"_blank\" rel=\"noreferrer noopener\"><\/a><a href=\"https:\/\/www.tourisme-volvestre.fr\/wp-content\/uploads\/2025\/06\/20210927-sentier-lavelanet-4km_compressed.pdf\">En passant par&#8230; Le Ch\u00e2teau<\/a>  : 4km &#8211; 1h<\/li>\n\n\n\n<li>Longages &#8211; <a href=\"https:\/\/www.tourisme-volvestre.fr\/wp-content\/uploads\/2025\/06\/Longages_linde.pdf\" target=\"_blank\" rel=\"noreferrer noopener\">Lac de la Linde et du Garos<\/a> : 6.8km, 2h<\/li>\n\n\n\n<li>Longages &#8211; <a href=\"https:\/\/www.tourisme-volvestre.fr\/wp-content\/uploads\/2025\/06\/Longages_sabatouse-4.pdf\" target=\"_blank\" rel=\"noreferrer noopener\">Le Rabe et les lacs de Sabatouse<\/a> : 4.7km &#8211; 1h15 \u267f<\/li>\n\n\n\n<li>Mailholas &#8211; <a href=\"https:\/\/www.tourisme-volvestre.fr\/wp-content\/uploads\/2025\/06\/Maiholas_coque_chapelle.pdf\" target=\"_blank\" rel=\"noreferrer noopener\">Boucle de la Coque et de la chapelle de Mailholas<\/a> : 6.5km &#8211; 2h<\/li>\n\n\n\n<li>Massabrac &#8211; <a href=\"https:\/\/www.tourisme-volvestre.fr\/wp-content\/uploads\/2025\/06\/Massabrac_chemin.pdf\" target=\"_blank\" rel=\"noreferrer noopener\">Chemin de Massabrac<\/a> : 4km &#8211; 1h15<\/li>\n\n\n\n<li>Mauzac &#8211; <a href=\"https:\/\/www.tourisme-volvestre.fr\/wp-content\/uploads\/2025\/06\/Mauzac_mauzacaise.pdf\" target=\"_blank\" rel=\"noreferrer noopener\">La boucle Mauzacaise<\/a> : 3.7km &#8211; 1h20<\/li>\n\n\n\n<li>Montaut &#8211; <a href=\"https:\/\/www.tourisme-volvestre.fr\/wp-content\/uploads\/2025\/06\/Montaut_saint_barthelemy.pdf\" target=\"_blank\" rel=\"noreferrer noopener\">Boucle de Saint-Barth\u00e9l\u00e9my<\/a> : 7.5km &#8211; 1h45<\/li>\n\n\n\n<li>Montbrun-Bocage &#8211; <a href=\"https:\/\/www.tourisme-volvestre.fr\/wp-content\/uploads\/2025\/06\/Montbrun_montaut.pdf\" target=\"_blank\" rel=\"noreferrer noopener\">Circuit de Notre Dame de Montaut<\/a> : 6.7km &#8211; 2h<\/li>\n\n\n\n<li>Montesquieu-Volvestre &#8211; <a href=\"https:\/\/www.tourisme-volvestre.fr\/wp-content\/uploads\/2025\/06\/Montesquieu_monleon-3.pdf\" target=\"_blank\" rel=\"noreferrer noopener\">Le chemin du Castera et de Monl\u00e9on<\/a> : 5.4km &#8211; 2h<\/li>\n\n\n\n<li>Montesquieu-Volvestre &#8211; <a href=\"https:\/\/www.tourisme-volvestre.fr\/wp-content\/uploads\/2025\/06\/Montesquieu_argain-1.pdf\" target=\"_blank\" rel=\"noreferrer noopener\">Le Tour d&#8217;Argain<\/a> : 6.7km &#8211; 2h15<\/li>\n\n\n\n<li>Montgazin &#8211; <a href=\"https:\/\/www.tourisme-volvestre.fr\/wp-content\/uploads\/2025\/06\/Montgazin_collines-1.pdf\" target=\"_blank\" rel=\"noreferrer noopener\">Circuit des collines<\/a> : 6.8km &#8211; 2h<\/li>\n\n\n\n<li>Peyssies &#8211; <a href=\"https:\/\/www.tourisme-volvestre.fr\/wp-content\/uploads\/2025\/06\/Peyssies.pdf\" target=\"_blank\" rel=\"noreferrer noopener\">Autour des lacs<\/a> : 4.6km &#8211; 1h30 \u267f<\/li>\n\n\n\n<li>Rieux-Volvestre &#8211; <a href=\"https:\/\/www.tourisme-volvestre.fr\/wp-content\/uploads\/2025\/06\/Rieux_ponts.pdf\" target=\"_blank\" rel=\"noreferrer noopener\">Le sentier des ponts et passerelles<\/a> : 7.4km &#8211; 2h30<\/li>\n\n\n\n<li>Rieux-Volvestre &#8211; <a href=\"https:\/\/www.tourisme-volvestre.fr\/wp-content\/uploads\/2025\/06\/Rieux_gaulois.pdf\" target=\"_blank\" rel=\"noreferrer noopener\">Le Village Gaulois<\/a> : 13km &#8211; 3h30<\/li>\n\n\n\n<li>Saint-Christaud &#8211; <a href=\"https:\/\/www.tourisme-volvestre.fr\/wp-content\/uploads\/2025\/06\/Saint_christaud.pdf\" target=\"_blank\" rel=\"noreferrer noopener\">Chemin de Coume Torte<\/a> : 3.8km &#8211; 1h30<\/li>\n\n\n\n<li>Saint-Sulpice-sur-L\u00e8ze &#8211; <a href=\"https:\/\/www.tourisme-volvestre.fr\/wp-content\/uploads\/2025\/06\/Saint_sulpice_pesquies.pdf\" target=\"_blank\" rel=\"noreferrer noopener\">Boucle de Pesqui\u00e8s<\/a> : 6.2km &#8211; 2h<\/li>\n<\/ul>\n\n\n\n<p>\u267f Accesible para sillas de ruedas equipadas<\/p>\n<\/div>\n<\/div>\n\n<div class=\"wp-block-columns is-layout-flex wp-container-core-columns-is-layout-28f84493 wp-block-columns-is-layout-flex\">\n<div class=\"wp-block-column is-layout-flow wp-block-column-is-layout-flow\" style=\"flex-basis:66.66%\">\n<p>\u00a1Descubre todos nuestros senderos en un mapa interactivo! Encuentra f\u00e1cilmente tu ruta ideal introduciendo la duraci\u00f3n, la distancia o la dificultad deseadas. <\/p>\n<\/div>\n\n\n\n<div class=\"wp-block-column is-layout-flow wp-block-column-is-layout-flow\" style=\"flex-basis:33.33%\">\n<figure class=\"wp-block-image size-full\"><img loading=\"lazy\" decoding=\"async\" width=\"75\" height=\"78\" src=\"https:\/\/www.tourisme-volvestre.fr\/wp-content\/uploads\/2025\/02\/Group-28.png\" alt=\"\" class=\"wp-image-603\"\/><\/figure>\n<\/div>\n<\/div>\n\n<script type=\"text\/javascript\" src=\"https:\/\/www.modulesbox.com\/js\/module-loader.js\" id=\"mb-module-loader\"><\/script>\n<script type=\"text\/javascript\">\n    mbLoadModule({\"id\":\"223089\",\"locale\":\"fr\"});\n<\/script>\n<div id=\"mb-module-223089\"><\/div>\n\n<div class=\"wp-block-columns is-layout-flex wp-container-core-columns-is-layout-28f84493 wp-block-columns-is-layout-flex\">\n<div class=\"wp-block-column is-layout-flow wp-block-column-is-layout-flow\"><\/div>\n<\/div>\n\n<div class=\"wp-block-columns is-layout-flex wp-container-core-columns-is-layout-28f84493 wp-block-columns-is-layout-flex\">\n<div class=\"wp-block-column is-layout-flow wp-block-column-is-layout-flow\">\n<p><\/p>\n\n\n\n<h3 class=\"wp-block-heading\">\u00a1Encuentra todas nuestras propuestas de senderismo! <\/h3>\n\n\n\n<p>\ud83e\udd29 \u00bfTe encantan las vistas de 360\u00b0?<br\/>\ud83d\udca7\u00bfO buscas aire fresco y un lago? <br\/>\ud83c\udf77 \u00bfEres m\u00e1s de senderistas gourmet?<\/p>\n\n\n\n<p>\u00a1No esperes m\u00e1s, consulta todas nuestras propuestas de senderismo para encontrar tu ruta ideal! <\/p>\n\n\n\n<div class=\"wp-block-columns is-layout-flex wp-container-core-columns-is-layout-28f84493 wp-block-columns-is-layout-flex\">\n<div class=\"wp-block-column is-layout-flow wp-block-column-is-layout-flow\">\n<ul class=\"wp-block-list\">\n<li><a href=\"https:\/\/www.tourisme-volvestre.fr\/es\/nuestras-excursiones-panoramicas\/\">Nuestras excursiones panor\u00e1micas<\/a><\/li>\n\n\n\n<li><a href=\"https:\/\/www.tourisme-volvestre.fr\/es\/nuestras-excursiones-gastronomicas\/\">Nuestras excursiones gastron\u00f3micas<\/a><\/li>\n\n\n\n<li><a href=\"https:\/\/www.tourisme-volvestre.fr\/es\/nuestras-excursiones-a-orillas-de-los-lagos\/\">Nuestras excursiones a orillas de lago<\/a><\/li>\n\n\n\n<li><a href=\"https:\/\/www.tourisme-volvestre.fr\/es\/nuestras-excursiones-guiadas-en-volvestre\/\">Nuestras excursiones comentadas<\/a><\/li>\n<\/ul>\n<\/div>\n\n\n\n<div class=\"wp-block-column is-layout-flow wp-block-column-is-layout-flow\">\n<ul class=\"wp-block-list\">\n<li><a href=\"https:\/\/www.tourisme-volvestre.fr\/es\/nuestros-senderos-educativos\/\">Nuestros senderos educativos<\/a><\/li>\n\n\n\n<li><a href=\"https:\/\/www.tourisme-volvestre.fr\/es\/nuestras-excursiones-historicas\/\">Nuestras excursiones hist\u00f3ricas<\/a><\/li>\n\n\n\n<li><a href=\"https:\/\/www.tourisme-volvestre.fr\/es\/paseo-y-mercado\/\">Paseo y mercado<\/a><\/li>\n<\/ul>\n<\/div>\n<\/div>\n\n\n\n<p>\u00a1Lleva tambi\u00e9n contigo nuestro mapa de actividades al aire libre para combinar paseos a caballo, ciclismo, senderismo y mucho m\u00e1s durante tu estancia!<\/p>\n\n\n\n<div class=\"wp-block-buttons is-layout-flex wp-block-buttons-is-layout-flex\">\n<div class=\"wp-block-button\"><a class=\"wp-block-button__link wp-element-button\" href=\"https:\/\/www.calameo.com\/read\/007111853c88a633f165a\" target=\"_blank\" rel=\"noreferrer noopener\">Mapa de excursiones<\/a><\/div>\n<\/div>\n<\/div>\n\n\n\n<div class=\"wp-block-column is-layout-flow wp-block-column-is-layout-flow\">\n<figure class=\"wp-block-image size-large\"><a href=\"https:\/\/www.tourisme-volvestre.fr\/es\/nuestros-folletos-turisticos\/\"><img loading=\"lazy\" decoding=\"async\" width=\"771\" height=\"1024\" src=\"https:\/\/www.tourisme-volvestre.fr\/wp-content\/uploads\/2025\/06\/PXL_20250608_083313566-771x1024.jpg\" alt=\"\" class=\"wp-image-4271\" srcset=\"https:\/\/www.tourisme-volvestre.fr\/wp-content\/uploads\/2025\/06\/PXL_20250608_083313566-771x1024.jpg 771w, https:\/\/www.tourisme-volvestre.fr\/wp-content\/uploads\/2025\/06\/PXL_20250608_083313566-226x300.jpg 226w, https:\/\/www.tourisme-volvestre.fr\/wp-content\/uploads\/2025\/06\/PXL_20250608_083313566-768x1020.jpg 768w, https:\/\/www.tourisme-volvestre.fr\/wp-content\/uploads\/2025\/06\/PXL_20250608_083313566-1157x1536.jpg 1157w, https:\/\/www.tourisme-volvestre.fr\/wp-content\/uploads\/2025\/06\/PXL_20250608_083313566-1542x2048.jpg 1542w, https:\/\/www.tourisme-volvestre.fr\/wp-content\/uploads\/2025\/06\/PXL_20250608_083313566.jpg 1928w\" sizes=\"auto, (max-width: 771px) 100vw, 771px\" \/><\/a><\/figure>\n<\/div>\n<\/div>\n\n<?php $code_html = file_get_contents(\"https:\/\/www.modulesbox.com\/fr\/api\/module\/223089?mb_key=3a20e111c9dc8ce2bc7618e5&#038;\".$_SERVER[\"QUERY_STRING\"].(isset($_COOKIE[\"mb_session\"]) ? \"&#038;mb_session=\".$_COOKIE[\"mb_session\"] : \"\"));\necho $code_html;\n???>\n\n<div class=\"wp-block-group alignfull has-accent-4-background-color has-background has-global-padding is-layout-constrained wp-container-core-group-is-layout-c385debf wp-block-group-is-layout-constrained\" style=\"padding-top:var(--wp--preset--spacing--20);padding-right:var(--wp--preset--spacing--20);padding-bottom:var(--wp--preset--spacing--20);padding-left:var(--wp--preset--spacing--20)\">\n<h2 class=\"wp-block-heading has-text-align-center\"><mark style=\"background-color:rgba(0, 0, 0, 0);color:#1d1d1b\" class=\"has-inline-color\">Descubra<\/mark> nuestras actividades al aire libre<\/h2>\n\n\n\n<div class=\"wp-block-buttons is-content-justification-center is-layout-flex wp-container-core-buttons-is-layout-a89b3969 wp-block-buttons-is-layout-flex\">\n<div class=\"wp-block-button\"><a class=\"wp-block-button__link has-text-align-center wp-element-button\" href=\"https:\/\/www.tourisme-volvestre.fr\/es\/nuestras-actividades\/\">Actividades al aire libre <\/a><\/div>\n<\/div>\n\n\n\n<figure class=\"wp-block-image aligncenter size-full\"><img loading=\"lazy\" decoding=\"async\" width=\"95\" height=\"81\" src=\"https:\/\/www.tourisme-volvestre.fr\/wp-content\/uploads\/2025\/02\/Group-36.png\" alt=\"\" class=\"wp-image-586\"\/><\/figure>\n<\/div>\n","protected":false},"excerpt":{"rendered":"<p>\u26a0\ufe0f Restez prudents sur nos sentiers.En raison des intemp\u00e9ries de f\u00e9vrier, nous vous invitons \u00e0 la plus grande vigilance lors de vos sorties en nature et randonn\u00e9es. Nos sentiers peuvent \u00eatre d\u00e9grad\u00e9s ou difficiles d&#8217;acc\u00e8s. N&#8217;h\u00e9sitez pas \u00e0 nous faire remonter tout dysfonctionnement ! Descarga nuestras hojas topogr\u00e1ficas para orientarte con tranquilidad desde tu m\u00f3vil. [&hellip;]<\/p>\n","protected":false},"author":6,"featured_media":7222,"parent":0,"menu_order":0,"comment_status":"closed","ping_status":"closed","template":"page-no-title","meta":{"_acf_changed":false,"inline_featured_image":false,"footnotes":""},"class_list":["post-9056","page","type-page","status-publish","has-post-thumbnail","hentry"],"acf":[],"yoast_head":"<!-- This site is optimized with the Yoast SEO plugin v27.3 - https:\/\/yoast.com\/product\/yoast-seo-wordpress\/ -->\n<title>Nuestros senderos - Volvestre Tourisme<\/title>\n<meta name=\"description\" content=\"Descubra todas nuestras rutas a trav\u00e9s de un mapa interactivo y nuestras gu\u00edas descargables. \u00a1Encuentre su excursi\u00f3n ideal en el Volvestre!\" \/>\n<meta name=\"robots\" content=\"index, follow, max-snippet:-1, max-image-preview:large, max-video-preview:-1\" \/>\n<link rel=\"canonical\" href=\"https:\/\/www.tourisme-volvestre.fr\/es\/nuestros-senderos\/\" \/>\n<meta property=\"og:locale\" content=\"es_ES\" \/>\n<meta property=\"og:type\" content=\"article\" \/>\n<meta property=\"og:title\" content=\"Nuestros senderos - Volvestre Tourisme\" \/>\n<meta property=\"og:description\" content=\"Descubra todas nuestras rutas a trav\u00e9s de un mapa interactivo y nuestras gu\u00edas descargables. \u00a1Encuentre su excursi\u00f3n ideal en el Volvestre!\" \/>\n<meta property=\"og:url\" content=\"https:\/\/www.tourisme-volvestre.fr\/es\/nuestros-senderos\/\" \/>\n<meta property=\"og:site_name\" content=\"Volvestre Tourisme\" \/>\n<meta property=\"article:publisher\" content=\"https:\/\/www.facebook.com\/TourismeVolvestre\" \/>\n<meta property=\"article:modified_time\" content=\"2026-03-13T08:55:58+00:00\" \/>\n<meta property=\"og:image\" content=\"https:\/\/www.tourisme-volvestre.fr\/wp-content\/uploads\/2025\/07\/P1033563.jpg\" \/>\n\t<meta property=\"og:image:width\" content=\"2074\" \/>\n\t<meta property=\"og:image:height\" content=\"2560\" \/>\n\t<meta property=\"og:image:type\" content=\"image\/jpeg\" \/>\n<meta name=\"twitter:card\" content=\"summary_large_image\" \/>\n<meta name=\"twitter:label1\" content=\"Tiempo de lectura\" \/>\n\t<meta name=\"twitter:data1\" content=\"2 minutos\" \/>\n<script type=\"application\/ld+json\" class=\"yoast-schema-graph\">{\"@context\":\"https:\\\/\\\/schema.org\",\"@graph\":[{\"@type\":\"WebPage\",\"@id\":\"https:\\\/\\\/www.tourisme-volvestre.fr\\\/es\\\/nuestros-senderos\\\/\",\"url\":\"https:\\\/\\\/www.tourisme-volvestre.fr\\\/es\\\/nuestros-senderos\\\/\",\"name\":\"Nuestros senderos - Volvestre Tourisme\",\"isPartOf\":{\"@id\":\"https:\\\/\\\/www.tourisme-volvestre.fr\\\/es\\\/#website\"},\"primaryImageOfPage\":{\"@id\":\"https:\\\/\\\/www.tourisme-volvestre.fr\\\/es\\\/nuestros-senderos\\\/#primaryimage\"},\"image\":{\"@id\":\"https:\\\/\\\/www.tourisme-volvestre.fr\\\/es\\\/nuestros-senderos\\\/#primaryimage\"},\"thumbnailUrl\":\"https:\\\/\\\/www.tourisme-volvestre.fr\\\/wp-content\\\/uploads\\\/2025\\\/07\\\/P1033563.jpg\",\"datePublished\":\"2025-06-08T22:02:12+00:00\",\"dateModified\":\"2026-03-13T08:55:58+00:00\",\"description\":\"Descubra todas nuestras rutas a trav\u00e9s de un mapa interactivo y nuestras gu\u00edas descargables. \u00a1Encuentre su excursi\u00f3n ideal en el Volvestre!\",\"breadcrumb\":{\"@id\":\"https:\\\/\\\/www.tourisme-volvestre.fr\\\/es\\\/nuestros-senderos\\\/#breadcrumb\"},\"inLanguage\":\"es\",\"potentialAction\":[{\"@type\":\"ReadAction\",\"target\":[\"https:\\\/\\\/www.tourisme-volvestre.fr\\\/es\\\/nuestros-senderos\\\/\"]}]},{\"@type\":\"ImageObject\",\"inLanguage\":\"es\",\"@id\":\"https:\\\/\\\/www.tourisme-volvestre.fr\\\/es\\\/nuestros-senderos\\\/#primaryimage\",\"url\":\"https:\\\/\\\/www.tourisme-volvestre.fr\\\/wp-content\\\/uploads\\\/2025\\\/07\\\/P1033563.jpg\",\"contentUrl\":\"https:\\\/\\\/www.tourisme-volvestre.fr\\\/wp-content\\\/uploads\\\/2025\\\/07\\\/P1033563.jpg\",\"width\":2074,\"height\":2560},{\"@type\":\"BreadcrumbList\",\"@id\":\"https:\\\/\\\/www.tourisme-volvestre.fr\\\/es\\\/nuestros-senderos\\\/#breadcrumb\",\"itemListElement\":[{\"@type\":\"ListItem\",\"position\":1,\"name\":\"Accueil\",\"item\":\"https:\\\/\\\/www.tourisme-volvestre.fr\\\/es\\\/?lang=es\"},{\"@type\":\"ListItem\",\"position\":2,\"name\":\"Nuestros senderos\"}]},{\"@type\":\"WebSite\",\"@id\":\"https:\\\/\\\/www.tourisme-volvestre.fr\\\/es\\\/#website\",\"url\":\"https:\\\/\\\/www.tourisme-volvestre.fr\\\/es\\\/\",\"name\":\"Volvestre Tourisme\",\"description\":\"\",\"publisher\":{\"@id\":\"https:\\\/\\\/www.tourisme-volvestre.fr\\\/es\\\/#organization\"},\"alternateName\":\"OT Volvestre\",\"potentialAction\":[{\"@type\":\"SearchAction\",\"target\":{\"@type\":\"EntryPoint\",\"urlTemplate\":\"https:\\\/\\\/www.tourisme-volvestre.fr\\\/es\\\/?s={search_term_string}\"},\"query-input\":{\"@type\":\"PropertyValueSpecification\",\"valueRequired\":true,\"valueName\":\"search_term_string\"}}],\"inLanguage\":\"es\"},{\"@type\":\"Organization\",\"@id\":\"https:\\\/\\\/www.tourisme-volvestre.fr\\\/es\\\/#organization\",\"name\":\"Volvestre Tourisme\",\"url\":\"https:\\\/\\\/www.tourisme-volvestre.fr\\\/es\\\/\",\"logo\":{\"@type\":\"ImageObject\",\"inLanguage\":\"es\",\"@id\":\"https:\\\/\\\/www.tourisme-volvestre.fr\\\/es\\\/#\\\/schema\\\/logo\\\/image\\\/\",\"url\":\"https:\\\/\\\/www.tourisme-volvestre.fr\\\/wp-content\\\/uploads\\\/2025\\\/02\\\/logo-site.png\",\"contentUrl\":\"https:\\\/\\\/www.tourisme-volvestre.fr\\\/wp-content\\\/uploads\\\/2025\\\/02\\\/logo-site.png\",\"width\":152,\"height\":152,\"caption\":\"Volvestre Tourisme\"},\"image\":{\"@id\":\"https:\\\/\\\/www.tourisme-volvestre.fr\\\/es\\\/#\\\/schema\\\/logo\\\/image\\\/\"},\"sameAs\":[\"https:\\\/\\\/www.facebook.com\\\/TourismeVolvestre\",\"https:\\\/\\\/www.instagram.com\\\/tourismevolvestre\"]}]}<\/script>\n<!-- \/ Yoast SEO plugin. -->","yoast_head_json":{"title":"Nuestros senderos - Volvestre Tourisme","description":"Descubra todas nuestras rutas a trav\u00e9s de un mapa interactivo y nuestras gu\u00edas descargables. \u00a1Encuentre su excursi\u00f3n ideal en el Volvestre!","robots":{"index":"index","follow":"follow","max-snippet":"max-snippet:-1","max-image-preview":"max-image-preview:large","max-video-preview":"max-video-preview:-1"},"canonical":"https:\/\/www.tourisme-volvestre.fr\/es\/nuestros-senderos\/","og_locale":"es_ES","og_type":"article","og_title":"Nuestros senderos - Volvestre Tourisme","og_description":"Descubra todas nuestras rutas a trav\u00e9s de un mapa interactivo y nuestras gu\u00edas descargables. \u00a1Encuentre su excursi\u00f3n ideal en el Volvestre!","og_url":"https:\/\/www.tourisme-volvestre.fr\/es\/nuestros-senderos\/","og_site_name":"Volvestre Tourisme","article_publisher":"https:\/\/www.facebook.com\/TourismeVolvestre","article_modified_time":"2026-03-13T08:55:58+00:00","og_image":[{"width":2074,"height":2560,"url":"https:\/\/www.tourisme-volvestre.fr\/wp-content\/uploads\/2025\/07\/P1033563.jpg","type":"image\/jpeg"}],"twitter_card":"summary_large_image","twitter_misc":{"Tiempo de lectura":"2 minutos"},"schema":{"@context":"https:\/\/schema.org","@graph":[{"@type":"WebPage","@id":"https:\/\/www.tourisme-volvestre.fr\/es\/nuestros-senderos\/","url":"https:\/\/www.tourisme-volvestre.fr\/es\/nuestros-senderos\/","name":"Nuestros senderos - Volvestre Tourisme","isPartOf":{"@id":"https:\/\/www.tourisme-volvestre.fr\/es\/#website"},"primaryImageOfPage":{"@id":"https:\/\/www.tourisme-volvestre.fr\/es\/nuestros-senderos\/#primaryimage"},"image":{"@id":"https:\/\/www.tourisme-volvestre.fr\/es\/nuestros-senderos\/#primaryimage"},"thumbnailUrl":"https:\/\/www.tourisme-volvestre.fr\/wp-content\/uploads\/2025\/07\/P1033563.jpg","datePublished":"2025-06-08T22:02:12+00:00","dateModified":"2026-03-13T08:55:58+00:00","description":"Descubra todas nuestras rutas a trav\u00e9s de un mapa interactivo y nuestras gu\u00edas descargables. \u00a1Encuentre su excursi\u00f3n ideal en el Volvestre!","breadcrumb":{"@id":"https:\/\/www.tourisme-volvestre.fr\/es\/nuestros-senderos\/#breadcrumb"},"inLanguage":"es","potentialAction":[{"@type":"ReadAction","target":["https:\/\/www.tourisme-volvestre.fr\/es\/nuestros-senderos\/"]}]},{"@type":"ImageObject","inLanguage":"es","@id":"https:\/\/www.tourisme-volvestre.fr\/es\/nuestros-senderos\/#primaryimage","url":"https:\/\/www.tourisme-volvestre.fr\/wp-content\/uploads\/2025\/07\/P1033563.jpg","contentUrl":"https:\/\/www.tourisme-volvestre.fr\/wp-content\/uploads\/2025\/07\/P1033563.jpg","width":2074,"height":2560},{"@type":"BreadcrumbList","@id":"https:\/\/www.tourisme-volvestre.fr\/es\/nuestros-senderos\/#breadcrumb","itemListElement":[{"@type":"ListItem","position":1,"name":"Accueil","item":"https:\/\/www.tourisme-volvestre.fr\/es\/?lang=es"},{"@type":"ListItem","position":2,"name":"Nuestros senderos"}]},{"@type":"WebSite","@id":"https:\/\/www.tourisme-volvestre.fr\/es\/#website","url":"https:\/\/www.tourisme-volvestre.fr\/es\/","name":"Volvestre Tourisme","description":"","publisher":{"@id":"https:\/\/www.tourisme-volvestre.fr\/es\/#organization"},"alternateName":"OT Volvestre","potentialAction":[{"@type":"SearchAction","target":{"@type":"EntryPoint","urlTemplate":"https:\/\/www.tourisme-volvestre.fr\/es\/?s={search_term_string}"},"query-input":{"@type":"PropertyValueSpecification","valueRequired":true,"valueName":"search_term_string"}}],"inLanguage":"es"},{"@type":"Organization","@id":"https:\/\/www.tourisme-volvestre.fr\/es\/#organization","name":"Volvestre Tourisme","url":"https:\/\/www.tourisme-volvestre.fr\/es\/","logo":{"@type":"ImageObject","inLanguage":"es","@id":"https:\/\/www.tourisme-volvestre.fr\/es\/#\/schema\/logo\/image\/","url":"https:\/\/www.tourisme-volvestre.fr\/wp-content\/uploads\/2025\/02\/logo-site.png","contentUrl":"https:\/\/www.tourisme-volvestre.fr\/wp-content\/uploads\/2025\/02\/logo-site.png","width":152,"height":152,"caption":"Volvestre Tourisme"},"image":{"@id":"https:\/\/www.tourisme-volvestre.fr\/es\/#\/schema\/logo\/image\/"},"sameAs":["https:\/\/www.facebook.com\/TourismeVolvestre","https:\/\/www.instagram.com\/tourismevolvestre"]}]}},"_links":{"self":[{"href":"https:\/\/www.tourisme-volvestre.fr\/es\/wp-json\/wp\/v2\/pages\/9056","targetHints":{"allow":["GET"]}}],"collection":[{"href":"https:\/\/www.tourisme-volvestre.fr\/es\/wp-json\/wp\/v2\/pages"}],"about":[{"href":"https:\/\/www.tourisme-volvestre.fr\/es\/wp-json\/wp\/v2\/types\/page"}],"author":[{"embeddable":true,"href":"https:\/\/www.tourisme-volvestre.fr\/es\/wp-json\/wp\/v2\/users\/6"}],"replies":[{"embeddable":true,"href":"https:\/\/www.tourisme-volvestre.fr\/es\/wp-json\/wp\/v2\/comments?post=9056"}],"version-history":[{"count":9,"href":"https:\/\/www.tourisme-volvestre.fr\/es\/wp-json\/wp\/v2\/pages\/9056\/revisions"}],"predecessor-version":[{"id":11570,"href":"https:\/\/www.tourisme-volvestre.fr\/es\/wp-json\/wp\/v2\/pages\/9056\/revisions\/11570"}],"wp:featuredmedia":[{"embeddable":true,"href":"https:\/\/www.tourisme-volvestre.fr\/es\/wp-json\/wp\/v2\/media\/7222"}],"wp:attachment":[{"href":"https:\/\/www.tourisme-volvestre.fr\/es\/wp-json\/wp\/v2\/media?parent=9056"}],"curies":[{"name":"wp","href":"https:\/\/api.w.org\/{rel}","templated":true}]}}