{"id":9218,"date":"2025-02-19T09:47:14","date_gmt":"2025-02-19T08:47:14","guid":{"rendered":"https:\/\/www.tourisme-volvestre.fr\/avisos-legales\/"},"modified":"2025-08-23T10:52:29","modified_gmt":"2025-08-23T08:52:29","slug":"avisos-legales","status":"publish","type":"page","link":"https:\/\/www.tourisme-volvestre.fr\/es\/avisos-legales\/","title":{"rendered":"Avisos legales"},"content":{"rendered":"\n<h2 class=\"wp-block-heading\">Informaci\u00f3n legal<\/h2>\n\n<p>De conformidad con lo dispuesto en los art\u00edculos 6-III y 19 de la Ley de Confianza en la Econom\u00eda Digital, le informamos que este sitio web es publicado por<strong> :<\/strong><\/p>\n\n<ul class=\"wp-block-list\">\n<li>34 avenue de Toulouse, 31390 Carbonne. <\/li>\n\n\n\n<li><strong>N\u00famero Siret <\/strong>: <strong>200 066 819 00018<\/strong><\/li>\n\n\n\n<li>Tel\u00e9fono : 05 61 90 80 70<\/li>\n\n\n\n<li>Correo electr\u00f3nico : contact@cc-volvestre.fr<\/li>\n\n\n\n<li>Recepci\u00f3n de lunes a viernes de 9:00 a 12:00 horas y de 13:30 a 17:00 horas.<\/li>\n<\/ul>\n\n<p><strong>El director de publicaci\u00f3n<\/strong> del sitio web es Denis Turrel, en su calidad de presidente de la Communaut\u00e9 de Communes du Volvestre.<br\/><br\/>Dise\u00f1o y creaci\u00f3n del sitio: <a href=\"http:\/\/www.lacouleurduzebre.com\/\">www.lacouleurduzebre.com<\/a><br\/>Este sitio web ha sido desarrollado por la empresa <strong>La couleur du Z\u00e8bre<\/strong>, sociedad de responsabilidad limitada con un capital de 10.000 \u20ac, con domicilio social en : 3 passage de la Cath\u00e9drale, 67000 Strasbourg.<br\/>Empresa inscrita en el Registro Mercantil de Strasbourg\/ Siret n.\u00ba 50965258200016 \/ APE 7021Z \/ N.\u00ba de IVA intracomunitario FR11509652582 \/ N.\u00ba de autorizaci\u00f3n de formaci\u00f3n 42 67 04159 67.<\/p>\n\n<h2 class=\"wp-block-heading\">Alojamiento<\/h2>\n\n<p>SAS OVH<br\/>2 rue Kellermann<br\/>BP 80157<br\/>59100 Roubaix<br\/>Web : http:\/\/www.ovh.com<\/p>\n\n<h2 class=\"wp-block-heading\">Presentaci\u00f3n del sitio<\/h2>\n\n<p>Este sitio web tiene como objetivo proporcionarle informaci\u00f3n tur\u00edstica sobre el territorio de la Mancomunidad del Volvestre, as\u00ed como enlaces a diversos sitios web. El sitio web es propiedad de la Mancomunidad del Volvestre. Si tiene alguna pregunta, cont\u00e1ctenos por correo electr\u00f3nico a la siguiente direcci\u00f3n: <a href=\"mailto:contact@cc-volvestre.fr\">contact@cc-volvestre.fr<\/a>  <\/p>\n\n<h2 class=\"wp-block-heading\">Ley aplicable<\/h2>\n\n<p>Todo este sitio web est\u00e1 sujeto a la legislaci\u00f3n francesa e internacional sobre los derechos de autor y la propiedad intelectual. Todos los derechos de reproducci\u00f3n est\u00e1n reservados, incluyendo los documentos descargables y las representaciones iconogr\u00e1ficas y fotogr\u00e1ficas. Queda estrictamente prohibida la reproducci\u00f3n total o parcial de este sitio web en cualquier soporte sin la autorizaci\u00f3n expresa del director de la publicaci\u00f3n. <br\/>Se autoriza la reproducci\u00f3n de textos en papel con fines educativos y siempre que se cumplan las tres condiciones siguientes:<br\/>\u2013 Distribuci\u00f3n gratuita ;<br\/>\u2013 Respeto a la integridad de los documentos reproducidos (sin modificaciones ni alteraciones);<br\/>\u2013 Citaci\u00f3n clara y legible de la fuente con el siguiente formato: \u00abEste documento procede del sitio web: www.cc-volvestre.fr \u2013 Los derechos de reproducci\u00f3n est\u00e1n reservados y estrictamente limitados\u00bb.<br\/><br\/>En el caso de un sitio web, debe incluirse la direcci\u00f3n del mismo.<br\/>Para cualquier otro uso, p\u00f3ngase en contacto con nosotros por correo electr\u00f3nico en esta direcci\u00f3n : <a href=\"mailto:contact@cc-volvestre.fr\"><\/a><a href=\"mailto:contact@cc-volvestre.fr\">contact@cc-volvestre.fr<\/a>.<\/p>\n\n<h2 class=\"wp-block-heading\">Enlaces externos<\/h2>\n\n<p>La <strong>Mancomunidad del Volvestre<\/strong> ofrece enlaces desde su sitio web a otros sitios, tanto afiliados como no afiliados. Estos sitios son independientes del sitio web www.tourisme-volvestre.fr. <strong>La Mancomunidad del Volvestre<\/strong> no publica ni controla estos sitios. Los enlaces a todos estos sitios no constituyen un respaldo ni una colaboraci\u00f3n entre <strong>la Mancomunidad del Volvestre<\/strong> y estos sitios. Por lo tanto, <strong>la Mancomunidad del Volvestre<\/strong> no se responsabiliza de su contenido, productos, publicidad ni de ning\u00fan elemento o servicio presentado en estos sitios. Le recordamos que los sitios, afiliados o no, est\u00e1n sujetos a sus propios t\u00e9rminos de uso y pol\u00edticas de privacidad.    <\/p>\n\n<h2 class=\"wp-block-heading\" id=\"politique-confidentialite\">Pol\u00edtica de privacidad<\/h2>\n\n<h3 class=\"wp-block-heading\">Cookies e informaci\u00f3n personal<\/h3>\n\n<p>Se entiende por informaci\u00f3n personal \u00abla informaci\u00f3n que permite, en cualquier forma, directa o indirectamente, la identificaci\u00f3n de las personas f\u00edsicas a las que se aplica\u00bb (Extracto del art\u00edculo 4 de la Ley n.\u00ba 78-17 del 6 de enero de 1978).<br\/>Esto incluye, por ejemplo :<br\/>&#8211; un nombre ;<br\/>&#8211; una direcci\u00f3n postal ;<br\/>&#8211; un n\u00famero de tel\u00e9fono ;<br\/>&#8211; una direcci\u00f3n de correo electr\u00f3nico.<br\/><br\/>Nuestra pol\u00edtica de cookies est\u00e1 disponible <a href=\"https:\/\/www.volvestre.fr\/politique-de-cookies-ue\/\" target=\"_blank\" rel=\"noreferrer noopener\">aqu\u00ed.<\/a><br\/><br\/>La t\u00e9cnica que permite la configuraci\u00f3n autom\u00e1tica del sitio al conectarse y la preselecci\u00f3n de informaci\u00f3n son las cookies. Esto significa que la configuraci\u00f3n del sitio est\u00e1 vinculada a su ordenador y, por lo tanto, todos los usuarios de su ordenador acceden a un sitio configurado de forma id\u00e9ntica. <br\/><br\/><strong>\u00bfQu\u00e9 es una cookie?<\/strong><br\/>Una cookie es un peque\u00f1o archivo que registra informaci\u00f3n sobre su navegaci\u00f3n en el sitio. En ning\u00fan caso, las cookies nos permiten obtener informaci\u00f3n guardada en su disco duro ni informaci\u00f3n personal. Las cookies nos permiten reconocerle cuando regresa a nuestro sitio y facilitar su uso.  <br\/><br\/><strong>Consecuencias de la configuraci\u00f3n de las cookies<\/strong><br\/>Cada configuraci\u00f3n que modifique puede tener consecuencias en su navegaci\u00f3n y en las condiciones de acceso a ciertos servicios de este sitio, como por ejemplo la memorizaci\u00f3n de sus identificadores de formulario. Rechazar o eliminar las cookies en su navegador no impedir\u00e1 la visualizaci\u00f3n de anuncios en los sitios web que visite. Estos simplemente ya no estar\u00e1n adaptados a sus intereses.  <br\/><br\/><strong>Cookies utilizadas en lacouleurduzebre.com<\/strong><br\/>Cuando navegue por el sitio <strong>www.volvestre.fr<\/strong>, podemos instalar varias cookies en su terminal, y esto durante la duraci\u00f3n de validez de la cookie en cuesti\u00f3n (m\u00e1ximo 13 meses). Estas cookies permiten : <br\/>&#8211; establecer estad\u00edsticas y vol\u00famenes de visitas a los diversos elementos que componen el sitio para mejorar nuestros servicios ;<br\/>\u2013 adaptar la presentaci\u00f3n del sitio a las preferencias de visualizaci\u00f3n de su terminal (idioma o resoluci\u00f3n de pantalla, por ejemplo) durante sus visitas, dependiendo de su hardware y el software que utilice ;<br\/>&#8211; memorizar informaci\u00f3n relacionada con un formulario que haya completado (registro, formulario de contacto o campos de comentarios) o con los servicios que haya utilizado en el sitio ;<br\/>&#8211; para implementar medidas de seguridad, por ejemplo cuando se le solicita que se conecte nuevamente a un contenido o servicio despu\u00e9s de un cierto per\u00edodo de tiempo.<\/p>\n\n<h3 class=\"wp-block-heading\">Confidencialidad de los datos <\/h3>\n\n<p><strong>La Mancomunidad del Volvestre<\/strong> recopila sus datos para procesar su solicitud de contacto (a trav\u00e9s de nuestros formularios) o para registrarse en uno de nuestros servicios. Los datos recopilados son necesarios para dar seguimiento a su solicitud. Ning\u00fan dato suyo se transmite a terceros. De conformidad con la Directiva Europea 2016\/679 RGPD (Reglamento General de Protecci\u00f3n de Datos) y la Ley Org\u00e1nica de Protecci\u00f3n de Datos de 6 de enero de 1978 (modificada el 6 de agosto de 2004), usted tiene derecho a acceder, rectificar y suprimir sus datos. Tambi\u00e9n puede oponerse al uso de sus datos. Solo usted puede ejercer estos derechos sobre sus propios datos escribiendo a : <strong>la Mancomunidad del Volvestre,<\/strong> 34 avenue de Toulouse, 31390 CARBONNE, o por correo electr\u00f3nico contactando con nuestro responsable de protecci\u00f3n de datos en la siguiente direcci\u00f3n :      <a href=\"mailto:contact@cc-volvestre.fr\"><\/a><a href=\"mailto:contact@cc-volvestre.fr\" target=\"_blank\" rel=\"noreferrer noopener\">contact@cc-volvestre.fr<\/a> \u2013 indicando en el asunto del correo electr\u00f3nico \u201cDerechos Personales\u201d y adjuntando una copia de su documento de identidad<br\/><br\/>Informaci\u00f3n sobre el env\u00edo de correos electr\u00f3nicos. Le informamos de que:<br\/>\u2013 no se garantiza la confidencialidad de la correspondencia transmitida por internet ;<br\/>\u2013 las direcciones de correo electr\u00f3nico se almacenan en soporte inform\u00e1tico, lo que implica el tiempo que tarda la administraci\u00f3n en responder o procesar sus solicitudes. <\/p>\n\n<h2 class=\"wp-block-heading\">Respeto a los derechos de propiedad y marcas registradas<\/h2>\n\n<p>Todos los elementos que vea, escuche o lea en el sitio, as\u00ed como el propio sitio, est\u00e1n protegidos por la ley de derechos de autor. No podr\u00e1 usar, distribuir, copiar, reproducir, modificar, distorsionar ni transmitir el sitio ni sus elementos, como texto, im\u00e1genes o sonidos, sin la autorizaci\u00f3n previa por escrito de la Mancomunidad del Volvestre. Las marcas comerciales y los logotipos que aparecen en el sitio son propiedad de la Mancomunidad del Volvestre o est\u00e1n sujetos a autorizaci\u00f3n de uso. No se podr\u00e1 conceder ning\u00fan derecho ni licencia sobre ninguno de estos elementos sin la autorizaci\u00f3n por escrito de la Mancomunidad del Volvestre o del tercero titular de los derechos sobre la marca comercial o el logotipo que aparece en el sitio. La Mancomunidad del Volvestre se reserva el derecho de perseguir cualquier acto de infracci\u00f3n de sus derechos de propiedad intelectual, incluidos los procedimientos penales.    <\/p>\n\n<h2 class=\"wp-block-heading\">Respeto por las im\u00e1genes y cr\u00e9ditos fotogr\u00e1ficos.<\/h2>\n\n<p><strong>Im\u00e1genes o Fotograf\u00edas.<\/strong><br\/>Las im\u00e1genes o fotograf\u00edas de personas o lugares que aparecen en el sitio son propiedad de la Comunidad de Municipios del Volvestre o son utilizadas por esta con el consentimiento de los titulares de los derechos. Queda prohibido el uso de estas im\u00e1genes o fotograf\u00edas sin la autorizaci\u00f3n espec\u00edfica y expresa de la Comunidad de Municipios del Volvestre. Cualquier uso no autorizado puede resultar en una violaci\u00f3n de los derechos de autor, derechos de imagen, derechos personales o cualquier otra normativa aplicable a las comunicaciones o la publicidad.  <\/p>\n\n<p><strong>Cr\u00e9ditos de las fotograf\u00edas :<\/strong><\/p>\n\n<ul class=\"wp-block-list\">\n<li>Mathieu Calviac (producci\u00f3n especial para el sitio web de la Oficina de turismo del Volvestre y banco de im\u00e1genes)<\/li>\n\n\n\n<li>Pierre Honor\u00e9 (banco de im\u00e1genes de la Oficina de turismo del Volvestre)<\/li>\n\n\n\n<li>Lo\u00efc Bel (banco de im\u00e1genes de la Oficina de turismo del Volvestre)<\/li>\n\n\n\n<li>Oficina de Turismo del Volvestre<\/li>\n\n\n\n<li>Pauline Plantrou (banco de im\u00e1genes de la Oficina de turismo del Volvestre)<\/li>\n\n\n\n<li>L\u00e9o Arnoult (Oficina de turismo del Volvestre)<\/li>\n\n\n\n<li>J\u00e9r\u00f4me Jourdan (banco de im\u00e1genes de la Oficina de turismo del Volvestre)<\/li>\n\n\n\n<li>Thierry Olivier (banco de im\u00e1genes de la Oficina de turismo del Volvestre)<\/li>\n\n\n\n<li>Maud Caillet (exposici\u00f3n \u201cComunas\u201d)<\/li>\n\n\n\n<li>Marine Danieli (exposici\u00f3n \u201cComunas\u201d)<\/li>\n\n\n\n<li>Serge Imbert (banco de im\u00e1genes de la Oficina de turismo del Volvestre)<\/li>\n\n\n\n<li>Philippe Boussion (banco de im\u00e1genes de la Oficina de turismo del Volvestre)<\/li>\n\n\n\n<li>Jo\u00eblle Douarche (banco de im\u00e1genes de la Oficina de turismo del Volvestre)<\/li>\n\n\n\n<li>Delphine Cot (foto de portada En Volvestre N\u00b07)<\/li>\n\n\n\n<li>Anna Crouzet (banco de im\u00e1genes de la Oficina de turismo del Volvestre)<\/li>\n\n\n\n<li>Ayuntamientos de la zona<\/li>\n\n\n\n<li>Adobe stock<\/li>\n\n\n\n<li>Canva<\/li>\n\n\n\n<li>St\u00e9phane Lessieux<\/li>\n\n\n\n<li>Maxime Sacr\u00e9<\/li>\n\n\n\n<li>Franchwanderers<\/li>\n\n\n\n<li>Marion Todeschini<\/li>\n\n\n\n<li>Manuel Huynh<\/li>\n\n\n\n<li>Sylvain Carrere<\/li>\n\n\n\n<li>Jean-J\u00e9r\u00f4me Coubard<\/li>\n\n\n\n<li>Laurent Cazabon<\/li>\n\n\n\n<li>Proveedores de servicios propietarios de las estructuras que promocionan (autorizaci\u00f3n de Tourinsoft para utilizar las fotograf\u00edas)<\/li>\n<\/ul>\n\n<h2 class=\"wp-block-heading\">Advertencia general<\/h2>\n\n<p><strong>La Mancomunidad del Volvestre<\/strong> no se responsabiliza de ning\u00fan da\u00f1o que pueda resultar del acceso o uso del sitio, incluyendo cualquier deterioro o virus que pueda infectar su equipo inform\u00e1tico o cualquier otra propiedad. Si bien la Mancomunidad del Volvestre se esfuerza por actualizar la informaci\u00f3n publicada en el sitio, no se responsabiliza de ning\u00fan error u omisi\u00f3n. <\/p>\n\n<h2 class=\"wp-block-heading\">Descargo de responsabilidad e indemnizaci\u00f3n<\/h2>\n\n<p>La <strong>Mancomunidad del Volvestre<\/strong> y cualquier otra parte relacionada con el sitio no ser\u00e1n responsables de ning\u00fan da\u00f1o directo, indirecto o de cualquier otra \u00edndole que pueda derivarse del acceso o uso del sitio o de la informaci\u00f3n que contiene. Usted indemnizar\u00e1, defender\u00e1 y eximir\u00e1 de responsabilidad a la <strong>Mancomunidad del Volvestre <\/strong>y sus filiales, as\u00ed como a sus directores, funcionarios, empleados, representantes, licenciatarios o cualquier persona involucrada en la creaci\u00f3n, producci\u00f3n y distribuci\u00f3n del sitio, frente a cualquier reclamaci\u00f3n, responsabilidad, coste o gasto derivado del incumplimiento por su parte de estas condiciones de uso o en relaci\u00f3n con el uso del sitio. <\/p>\n\n<h2 class=\"wp-block-heading\">Modificaci\u00f3n de las condiciones<\/h2>\n\n<p>La <strong>Mancomunidad del Volvestre<\/strong> se reserva el derecho de modificar o, en general, actualizar estas condiciones generales en cualquier momento y sin previo aviso. Por lo tanto, le invitamos a consultarlas peri\u00f3dicamente. <\/p>\n","protected":false},"excerpt":{"rendered":"<p>Informaci\u00f3n legal De conformidad con lo dispuesto en los art\u00edculos 6-III y 19 de la Ley de Confianza en la Econom\u00eda Digital, le informamos que este sitio web es publicado por : El director de publicaci\u00f3n del sitio web es Denis Turrel, en su calidad de presidente de la Communaut\u00e9 de Communes du Volvestre. Dise\u00f1o [&hellip;]<\/p>\n","protected":false},"author":1,"featured_media":0,"parent":0,"menu_order":0,"comment_status":"closed","ping_status":"closed","template":"page-no-title","meta":{"_acf_changed":false,"inline_featured_image":false,"footnotes":""},"class_list":["post-9218","page","type-page","status-publish","hentry"],"acf":[],"yoast_head":"<!-- This site is optimized with the Yoast SEO plugin v27.3 - https:\/\/yoast.com\/product\/yoast-seo-wordpress\/ -->\n<title>Avisos legales - Volvestre Tourisme<\/title>\n<meta name=\"description\" content=\"Consulte el aviso legal del sitio web : pol\u00edtica y confidencialidad, respeto de los derechos de propiedad y marca, etc.\" \/>\n<meta name=\"robots\" content=\"index, follow, max-snippet:-1, max-image-preview:large, max-video-preview:-1\" \/>\n<link rel=\"canonical\" href=\"https:\/\/www.tourisme-volvestre.fr\/es\/avisos-legales\/\" \/>\n<meta property=\"og:locale\" content=\"es_ES\" \/>\n<meta property=\"og:type\" content=\"article\" \/>\n<meta property=\"og:title\" content=\"Avisos legales - Volvestre Tourisme\" \/>\n<meta property=\"og:description\" content=\"Consulte el aviso legal del sitio web : pol\u00edtica y confidencialidad, respeto de los derechos de propiedad y marca, etc.\" \/>\n<meta property=\"og:url\" content=\"https:\/\/www.tourisme-volvestre.fr\/es\/avisos-legales\/\" \/>\n<meta property=\"og:site_name\" content=\"Volvestre Tourisme\" \/>\n<meta property=\"article:publisher\" content=\"https:\/\/www.facebook.com\/TourismeVolvestre\" \/>\n<meta property=\"article:modified_time\" content=\"2025-08-23T08:52:29+00:00\" \/>\n<meta property=\"og:image\" content=\"https:\/\/www.tourisme-volvestre.fr\/wp-content\/uploads\/2025\/02\/logo-site.png\" \/>\n\t<meta property=\"og:image:width\" content=\"152\" \/>\n\t<meta property=\"og:image:height\" content=\"152\" \/>\n\t<meta property=\"og:image:type\" content=\"image\/png\" \/>\n<meta name=\"twitter:card\" content=\"summary_large_image\" \/>\n<meta name=\"twitter:label1\" content=\"Tiempo de lectura\" \/>\n\t<meta name=\"twitter:data1\" content=\"9 minutos\" \/>\n<script type=\"application\/ld+json\" class=\"yoast-schema-graph\">{\"@context\":\"https:\\\/\\\/schema.org\",\"@graph\":[{\"@type\":\"WebPage\",\"@id\":\"https:\\\/\\\/www.tourisme-volvestre.fr\\\/es\\\/avisos-legales\\\/\",\"url\":\"https:\\\/\\\/www.tourisme-volvestre.fr\\\/es\\\/avisos-legales\\\/\",\"name\":\"Avisos legales - Volvestre Tourisme\",\"isPartOf\":{\"@id\":\"https:\\\/\\\/www.tourisme-volvestre.fr\\\/es\\\/#website\"},\"datePublished\":\"2025-02-19T08:47:14+00:00\",\"dateModified\":\"2025-08-23T08:52:29+00:00\",\"description\":\"Consulte el aviso legal del sitio web : pol\u00edtica y confidencialidad, respeto de los derechos de propiedad y marca, etc.\",\"breadcrumb\":{\"@id\":\"https:\\\/\\\/www.tourisme-volvestre.fr\\\/es\\\/avisos-legales\\\/#breadcrumb\"},\"inLanguage\":\"es\",\"potentialAction\":[{\"@type\":\"ReadAction\",\"target\":[\"https:\\\/\\\/www.tourisme-volvestre.fr\\\/es\\\/avisos-legales\\\/\"]}]},{\"@type\":\"BreadcrumbList\",\"@id\":\"https:\\\/\\\/www.tourisme-volvestre.fr\\\/es\\\/avisos-legales\\\/#breadcrumb\",\"itemListElement\":[{\"@type\":\"ListItem\",\"position\":1,\"name\":\"Accueil\",\"item\":\"https:\\\/\\\/www.tourisme-volvestre.fr\\\/es\\\/?lang=es\"},{\"@type\":\"ListItem\",\"position\":2,\"name\":\"Avisos legales\"}]},{\"@type\":\"WebSite\",\"@id\":\"https:\\\/\\\/www.tourisme-volvestre.fr\\\/es\\\/#website\",\"url\":\"https:\\\/\\\/www.tourisme-volvestre.fr\\\/es\\\/\",\"name\":\"Volvestre Tourisme\",\"description\":\"\",\"publisher\":{\"@id\":\"https:\\\/\\\/www.tourisme-volvestre.fr\\\/es\\\/#organization\"},\"alternateName\":\"OT Volvestre\",\"potentialAction\":[{\"@type\":\"SearchAction\",\"target\":{\"@type\":\"EntryPoint\",\"urlTemplate\":\"https:\\\/\\\/www.tourisme-volvestre.fr\\\/es\\\/?s={search_term_string}\"},\"query-input\":{\"@type\":\"PropertyValueSpecification\",\"valueRequired\":true,\"valueName\":\"search_term_string\"}}],\"inLanguage\":\"es\"},{\"@type\":\"Organization\",\"@id\":\"https:\\\/\\\/www.tourisme-volvestre.fr\\\/es\\\/#organization\",\"name\":\"Volvestre Tourisme\",\"url\":\"https:\\\/\\\/www.tourisme-volvestre.fr\\\/es\\\/\",\"logo\":{\"@type\":\"ImageObject\",\"inLanguage\":\"es\",\"@id\":\"https:\\\/\\\/www.tourisme-volvestre.fr\\\/es\\\/#\\\/schema\\\/logo\\\/image\\\/\",\"url\":\"https:\\\/\\\/www.tourisme-volvestre.fr\\\/wp-content\\\/uploads\\\/2025\\\/02\\\/logo-site.png\",\"contentUrl\":\"https:\\\/\\\/www.tourisme-volvestre.fr\\\/wp-content\\\/uploads\\\/2025\\\/02\\\/logo-site.png\",\"width\":152,\"height\":152,\"caption\":\"Volvestre Tourisme\"},\"image\":{\"@id\":\"https:\\\/\\\/www.tourisme-volvestre.fr\\\/es\\\/#\\\/schema\\\/logo\\\/image\\\/\"},\"sameAs\":[\"https:\\\/\\\/www.facebook.com\\\/TourismeVolvestre\",\"https:\\\/\\\/www.instagram.com\\\/tourismevolvestre\"]}]}<\/script>\n<!-- \/ Yoast SEO plugin. -->","yoast_head_json":{"title":"Avisos legales - Volvestre Tourisme","description":"Consulte el aviso legal del sitio web : pol\u00edtica y confidencialidad, respeto de los derechos de propiedad y marca, etc.","robots":{"index":"index","follow":"follow","max-snippet":"max-snippet:-1","max-image-preview":"max-image-preview:large","max-video-preview":"max-video-preview:-1"},"canonical":"https:\/\/www.tourisme-volvestre.fr\/es\/avisos-legales\/","og_locale":"es_ES","og_type":"article","og_title":"Avisos legales - Volvestre Tourisme","og_description":"Consulte el aviso legal del sitio web : pol\u00edtica y confidencialidad, respeto de los derechos de propiedad y marca, etc.","og_url":"https:\/\/www.tourisme-volvestre.fr\/es\/avisos-legales\/","og_site_name":"Volvestre Tourisme","article_publisher":"https:\/\/www.facebook.com\/TourismeVolvestre","article_modified_time":"2025-08-23T08:52:29+00:00","og_image":[{"width":152,"height":152,"url":"https:\/\/www.tourisme-volvestre.fr\/wp-content\/uploads\/2025\/02\/logo-site.png","type":"image\/png"}],"twitter_card":"summary_large_image","twitter_misc":{"Tiempo de lectura":"9 minutos"},"schema":{"@context":"https:\/\/schema.org","@graph":[{"@type":"WebPage","@id":"https:\/\/www.tourisme-volvestre.fr\/es\/avisos-legales\/","url":"https:\/\/www.tourisme-volvestre.fr\/es\/avisos-legales\/","name":"Avisos legales - Volvestre Tourisme","isPartOf":{"@id":"https:\/\/www.tourisme-volvestre.fr\/es\/#website"},"datePublished":"2025-02-19T08:47:14+00:00","dateModified":"2025-08-23T08:52:29+00:00","description":"Consulte el aviso legal del sitio web : pol\u00edtica y confidencialidad, respeto de los derechos de propiedad y marca, etc.","breadcrumb":{"@id":"https:\/\/www.tourisme-volvestre.fr\/es\/avisos-legales\/#breadcrumb"},"inLanguage":"es","potentialAction":[{"@type":"ReadAction","target":["https:\/\/www.tourisme-volvestre.fr\/es\/avisos-legales\/"]}]},{"@type":"BreadcrumbList","@id":"https:\/\/www.tourisme-volvestre.fr\/es\/avisos-legales\/#breadcrumb","itemListElement":[{"@type":"ListItem","position":1,"name":"Accueil","item":"https:\/\/www.tourisme-volvestre.fr\/es\/?lang=es"},{"@type":"ListItem","position":2,"name":"Avisos legales"}]},{"@type":"WebSite","@id":"https:\/\/www.tourisme-volvestre.fr\/es\/#website","url":"https:\/\/www.tourisme-volvestre.fr\/es\/","name":"Volvestre Tourisme","description":"","publisher":{"@id":"https:\/\/www.tourisme-volvestre.fr\/es\/#organization"},"alternateName":"OT Volvestre","potentialAction":[{"@type":"SearchAction","target":{"@type":"EntryPoint","urlTemplate":"https:\/\/www.tourisme-volvestre.fr\/es\/?s={search_term_string}"},"query-input":{"@type":"PropertyValueSpecification","valueRequired":true,"valueName":"search_term_string"}}],"inLanguage":"es"},{"@type":"Organization","@id":"https:\/\/www.tourisme-volvestre.fr\/es\/#organization","name":"Volvestre Tourisme","url":"https:\/\/www.tourisme-volvestre.fr\/es\/","logo":{"@type":"ImageObject","inLanguage":"es","@id":"https:\/\/www.tourisme-volvestre.fr\/es\/#\/schema\/logo\/image\/","url":"https:\/\/www.tourisme-volvestre.fr\/wp-content\/uploads\/2025\/02\/logo-site.png","contentUrl":"https:\/\/www.tourisme-volvestre.fr\/wp-content\/uploads\/2025\/02\/logo-site.png","width":152,"height":152,"caption":"Volvestre Tourisme"},"image":{"@id":"https:\/\/www.tourisme-volvestre.fr\/es\/#\/schema\/logo\/image\/"},"sameAs":["https:\/\/www.facebook.com\/TourismeVolvestre","https:\/\/www.instagram.com\/tourismevolvestre"]}]}},"_links":{"self":[{"href":"https:\/\/www.tourisme-volvestre.fr\/es\/wp-json\/wp\/v2\/pages\/9218","targetHints":{"allow":["GET"]}}],"collection":[{"href":"https:\/\/www.tourisme-volvestre.fr\/es\/wp-json\/wp\/v2\/pages"}],"about":[{"href":"https:\/\/www.tourisme-volvestre.fr\/es\/wp-json\/wp\/v2\/types\/page"}],"author":[{"embeddable":true,"href":"https:\/\/www.tourisme-volvestre.fr\/es\/wp-json\/wp\/v2\/users\/1"}],"replies":[{"embeddable":true,"href":"https:\/\/www.tourisme-volvestre.fr\/es\/wp-json\/wp\/v2\/comments?post=9218"}],"version-history":[{"count":3,"href":"https:\/\/www.tourisme-volvestre.fr\/es\/wp-json\/wp\/v2\/pages\/9218\/revisions"}],"predecessor-version":[{"id":10362,"href":"https:\/\/www.tourisme-volvestre.fr\/es\/wp-json\/wp\/v2\/pages\/9218\/revisions\/10362"}],"wp:attachment":[{"href":"https:\/\/www.tourisme-volvestre.fr\/es\/wp-json\/wp\/v2\/media?parent=9218"}],"curies":[{"name":"wp","href":"https:\/\/api.w.org\/{rel}","templated":true}]}}