{"id":9239,"date":"2025-06-12T15:33:39","date_gmt":"2025-06-12T13:33:39","guid":{"rendered":"https:\/\/www.tourisme-volvestre.fr\/la-red-de-embajadores\/"},"modified":"2025-09-01T11:43:12","modified_gmt":"2025-09-01T09:43:12","slug":"la-red-de-embajadores","status":"publish","type":"page","link":"https:\/\/www.tourisme-volvestre.fr\/es\/la-red-de-embajadores\/","title":{"rendered":"La Red de Embajadores"},"content":{"rendered":"\n<div class=\"wp-block-group alignfull has-accent-4-background-color has-background has-global-padding is-layout-constrained wp-container-core-group-is-layout-669513ed wp-block-group-is-layout-constrained\" style=\"margin-top:0;margin-bottom:0;padding-top:var(--wp--preset--spacing--50);padding-right:var(--wp--preset--spacing--50);padding-bottom:var(--wp--preset--spacing--50);padding-left:var(--wp--preset--spacing--50)\">\n<h2 class=\"wp-block-heading has-text-align-left\">La Red de Embajadores al recate <\/h2>\n\n\n\n<div class=\"wp-block-columns is-layout-flex wp-container-core-columns-is-layout-28f84493 wp-block-columns-is-layout-flex\">\n<div class=\"wp-block-column is-layout-flow wp-block-column-is-layout-flow\" style=\"flex-basis:66.66%\">\n<p><br \/><br \/>Nuestra revista y folletos urbanos est\u00e1n disponibles en los ayuntamientos y oficinas de France Services en Carbonne y Montesquieu-Volvestre.<br \/><br \/>Tambi\u00e9n colaboramos con comercios, alojamientos, restaurantes y lugares de ocio para distribuir nuestro material promocional por toda la regi\u00f3n.<br \/><br \/>Gracias a nuestros embajadores, compartimos los atractivos del Volvestre con un mayor n\u00famero de visitantes. <\/p>\n\n\n\n<div class=\"wp-block-buttons alignwide is-content-justification-center is-layout-flex wp-container-core-buttons-is-layout-a89b3969 wp-block-buttons-is-layout-flex\">\n<div class=\"wp-block-button\"><a class=\"wp-block-button__link wp-element-button\" href=\"https:\/\/www.tourisme-volvestre.fr\/nuestros-folletos-turisticos\/?lang=es\">Nuestros folletos en l\u00ednea<\/a><\/div>\n<\/div>\n<\/div>\n\n\n\n<div class=\"wp-block-column is-layout-flow wp-block-column-is-layout-flow\" style=\"flex-basis:33.33%\">\n<figure class=\"wp-block-image aligncenter size-full is-resized is-style-rounded is-style-rounded--1\" style=\"margin-right:var(--wp--preset--spacing--40);margin-left:var(--wp--preset--spacing--40)\"><img loading=\"lazy\" decoding=\"async\" width=\"1436\" height=\"2560\" src=\"https:\/\/www.tourisme-volvestre.fr\/wp-content\/uploads\/2025\/07\/PXL_20250620_084725803.MP_.jpg\" alt=\"\" class=\"wp-image-7499\" style=\"aspect-ratio:0.75;object-fit:cover;width:289px;height:auto\" srcset=\"https:\/\/www.tourisme-volvestre.fr\/wp-content\/uploads\/2025\/07\/PXL_20250620_084725803.MP_.jpg 1436w, https:\/\/www.tourisme-volvestre.fr\/wp-content\/uploads\/2025\/07\/PXL_20250620_084725803.MP_-168x300.jpg 168w, https:\/\/www.tourisme-volvestre.fr\/wp-content\/uploads\/2025\/07\/PXL_20250620_084725803.MP_-574x1024.jpg 574w, https:\/\/www.tourisme-volvestre.fr\/wp-content\/uploads\/2025\/07\/PXL_20250620_084725803.MP_-768x1369.jpg 768w, https:\/\/www.tourisme-volvestre.fr\/wp-content\/uploads\/2025\/07\/PXL_20250620_084725803.MP_-862x1536.jpg 862w, https:\/\/www.tourisme-volvestre.fr\/wp-content\/uploads\/2025\/07\/PXL_20250620_084725803.MP_-1149x2048.jpg 1149w\" sizes=\"auto, (max-width: 1436px) 100vw, 1436px\" \/><figcaption class=\"wp-element-caption\">Tienda Les Audacieuses @OTIduVolvestre<\/figcaption><\/figure>\n<\/div>\n<\/div>\n<\/div>\n\n<div class=\"wp-block-columns is-layout-flex wp-container-core-columns-is-layout-28f84493 wp-block-columns-is-layout-flex\">\n<div class=\"wp-block-column is-vertically-aligned-center is-layout-flow wp-block-column-is-layout-flow\">\n<figure class=\"wp-block-image size-full\"><img loading=\"lazy\" decoding=\"async\" width=\"571\" height=\"119\" src=\"https:\/\/www.tourisme-volvestre.fr\/wp-content\/uploads\/2024\/11\/ligneG-decouvrir.png\" alt=\"\" class=\"wp-image-365\" srcset=\"https:\/\/www.tourisme-volvestre.fr\/wp-content\/uploads\/2024\/11\/ligneG-decouvrir.png 571w, https:\/\/www.tourisme-volvestre.fr\/wp-content\/uploads\/2024\/11\/ligneG-decouvrir-300x63.png 300w\" sizes=\"auto, (max-width: 571px) 100vw, 571px\" \/><\/figure>\n<\/div>\n\n\n\n<div class=\"wp-block-column is-layout-flow wp-block-column-is-layout-flow\">\n<div class=\"wp-block-group is-vertical is-content-justification-center is-layout-flex wp-container-core-group-is-layout-ce155fab wp-block-group-is-layout-flex\">\n<h3 class=\"wp-block-heading\">Los objetivos de la red : <\/h3>\n\n\n\n<ul class=\"wp-block-list\">\n<li>Fomentar la difusi\u00f3n de la imagen del destino.<\/li>\n\n\n\n<li>Incitar a los habitantes a communicarse sobre el destino de boca en boca.<\/li>\n\n\n\n<li>Desarrollar la econom\u00eda del Volvestre.<\/li>\n<\/ul>\n<\/div>\n<\/div>\n\n\n\n<div class=\"wp-block-column is-vertically-aligned-center is-layout-flow wp-block-column-is-layout-flow\">\n<figure class=\"wp-block-image aligncenter size-full is-resized\"><img loading=\"lazy\" decoding=\"async\" width=\"500\" height=\"442\" src=\"https:\/\/www.tourisme-volvestre.fr\/wp-content\/uploads\/2025\/05\/Logo_Commercants-1.png\" alt=\"\" class=\"wp-image-3095\" style=\"width:186px;height:auto\" srcset=\"https:\/\/www.tourisme-volvestre.fr\/wp-content\/uploads\/2025\/05\/Logo_Commercants-1.png 500w, https:\/\/www.tourisme-volvestre.fr\/wp-content\/uploads\/2025\/05\/Logo_Commercants-1-300x265.png 300w\" sizes=\"auto, (max-width: 500px) 100vw, 500px\" \/><\/figure>\n<\/div>\n<\/div>\n\n<p class=\"has-text-align-center\">Esta red de embajadores es un c\u00edrculo virtuoso en el que todos ganan y que en \u00faltima instancia beneficiar\u00e1 el atractivo de la regi\u00f3n.<\/p>\n\n<h3 class=\"wp-block-heading has-text-align-center\">Encuentra la informaci\u00f3n tur\u00edstica de nuestros embajadores : <\/h3>\n\n<div class=\"wp-block-columns is-layout-flex wp-container-core-columns-is-layout-28f84493 wp-block-columns-is-layout-flex\">\n<div class=\"wp-block-column is-layout-flow wp-block-column-is-layout-flow\">\n<h4 class=\"wp-block-heading\" style=\"font-size:clamp(0.875rem, 0.875rem + ((1vw - 0.2rem) * 0.542), 1.2rem);\"><strong>Capens<\/strong><\/h4>\n\n\n\n<ul class=\"wp-block-list\">\n<li>\u00c1reas de servicio de la autopista A64 <\/li>\n<\/ul>\n\n\n\n<h4 class=\"wp-block-heading\" style=\"font-size:clamp(0.875rem, 0.875rem + ((1vw - 0.2rem) * 0.542), 1.2rem);\"><strong>Carbonne<\/strong><\/h4>\n\n\n\n<ul class=\"wp-block-list\">\n<li> <strong> <a href=\"https:\/\/www.ville-carbonne.fr\/mon-quotidien\/sinformer\/france-services-du-volvestre\/\" target=\"_blank\" rel=\"noreferrer noopener\">Maison France Service<\/a><\/strong><br \/>111 avenue de Toulouse &#8211; 05 36 17 20 00<br \/><\/li>\n\n\n\n<li><strong><a href=\"https:\/\/www.lasourcewakepark.fr\/\" target=\"_blank\" rel=\"noreferrer noopener\">La Source Wake Park <\/a><\/strong><br \/>Route de Peyssies &#8211; 06 33 98 15 99 <br \/><\/li>\n\n\n\n<li><strong><a href=\"https:\/\/www.domainedelaterrasse.fr\/\" target=\"_blank\" rel=\"noreferrer noopener\">Le Domaine de La Terrasse <\/a><\/strong><br \/>16-18 Avenue Aristide de Briand &#8211; 05 62 01 61 70<br \/><\/li>\n<\/ul>\n<\/div>\n\n\n\n<div class=\"wp-block-column is-layout-flow wp-block-column-is-layout-flow\">\n<h4 class=\"wp-block-heading\" style=\"font-size:clamp(0.875rem, 0.875rem + ((1vw - 0.2rem) * 0.542), 1.2rem);\"><strong><strong>Lafitte-Vigordane <\/strong><\/strong><\/h4>\n\n\n\n<ul class=\"wp-block-list\">\n<li><strong><a href=\"https:\/\/www.facebook.com\/p\/La-Ferme-du-Loup-100063602349191\/\" target=\"_blank\" rel=\"noreferrer noopener\">La Ferme du Loup <\/a><\/strong><br \/>Rue de la chapelle &#8211; 09 87 17 68 85<br \/><\/li>\n\n\n\n<li><strong><a href=\"https:\/\/www.biscuiteriemacarel.com\/\" target=\"_blank\" rel=\"noreferrer noopener\">Biscuiterie Macarel <\/a><\/strong><br \/>Rue de la chapelle &#8211; 06 52 37 42 69 <\/li>\n<\/ul>\n\n\n\n<h4 class=\"wp-block-heading\" style=\"font-size:clamp(0.875rem, 0.875rem + ((1vw - 0.2rem) * 0.542), 1.2rem);\"><strong>Montesquieu-Volvestre <\/strong><\/h4>\n\n\n\n<ul class=\"wp-block-list\">\n<li><strong><a href=\"https:\/\/www.facebook.com\/profile.php?id=61561799080045\" target=\"_blank\" rel=\"noreferrer noopener\">Le Bistrot d&#8217;Armand <\/a><\/strong><br \/>30 Rue Porte de Rieux &#8211; 06 66 98 16 01<br \/><\/li>\n\n\n\n<li><strong><a href=\"https:\/\/www.montesquieu-volvestre.com\/france-services\" target=\"_blank\" rel=\"noreferrer noopener\">Maison France Service<\/a><\/strong><br \/>20 Place des halles &#8211; 05 61 90 19 55<br \/><\/li>\n\n\n\n<li><a href=\"https:\/\/www.patignac.com\/\" target=\"_blank\" rel=\"noreferrer noopener\">Maison Patignac<\/a><br \/>53 route de Toulouse &#8211; 05 61 90 36 08<br \/><\/li>\n<\/ul>\n<\/div>\n\n\n\n<div class=\"wp-block-column is-layout-flow wp-block-column-is-layout-flow\">\n<h4 class=\"wp-block-heading\" style=\"font-size:clamp(0.875rem, 0.875rem + ((1vw - 0.2rem) * 0.542), 1.2rem);\"><strong>Rieux-Volvestre<\/strong><\/h4>\n\n\n\n<ul class=\"wp-block-list\">\n<li><strong><a href=\"https:\/\/www.auptitcoffee.com\/\" target=\"_blank\" rel=\"noreferrer noopener\">Au P&#8217;tit Coffee <\/a><\/strong><br \/>Place du Pr\u00e9au &#8211; 07 62 71 63 63<br \/><\/li>\n\n\n\n<li><strong><a href=\"https:\/\/www.village-gaulois.org\/\" target=\"_blank\" rel=\"noreferrer noopener\">Le Village Gaulois<\/a><\/strong><br \/>La Chauss\u00e9e, RD25 &#8211; 05 61 87 16 38 <br \/><\/li>\n\n\n\n<li><strong><a href=\"https:\/\/rieux-volvestre.monproxi.fr\/default.php\" target=\"_blank\" rel=\"noreferrer noopener\">Proxi<\/a><\/strong><br \/>7 Place du Pr\u00e9au &#8211; 05 61 87 18 60 <br \/><\/li>\n\n\n\n<li><a href=\"https:\/\/www.camping-rieux.eu\/fr\" target=\"_blank\" rel=\"noreferrer noopener\">Le Camping du Plan d&#8217;eau<\/a><br \/>2 impasse du Plan d&#8217;eau &#8211; 05 61 97 24 59<\/li>\n<\/ul>\n\n\n\n<h4 class=\"wp-block-heading\" style=\"font-size:clamp(0.875rem, 0.875rem + ((1vw - 0.2rem) * 0.542), 1.2rem);\"><strong>Saint-Sulpice-sur-L\u00e8ze<\/strong><\/h4>\n\n\n\n<ul class=\"wp-block-list\">\n<li><a href=\"https:\/\/boutiquelesaudacieuses.com\/\" target=\"_blank\" rel=\"noreferrer noopener\"><strong>Boutique Les Audacieuses<\/strong> <\/a><br \/>41 rue de la R\u00e9publique &#8211; 06 07 96 83 86<\/li>\n<\/ul>\n<\/div>\n<\/div>\n\n<div class=\"wp-block-columns is-layout-flex wp-container-core-columns-is-layout-28f84493 wp-block-columns-is-layout-flex\">\n<div class=\"wp-block-column is-layout-flow wp-block-column-is-layout-flow\" id=\"Ambassadeur\"><\/div>\n<\/div>\n\n<ul class=\"wp-block-list\"><\/ul>\n\n<p><\/p>\n","protected":false},"excerpt":{"rendered":"<p>La Red de Embajadores al recate Nuestra revista y folletos urbanos est\u00e1n disponibles en los ayuntamientos y oficinas de France Services en Carbonne y Montesquieu-Volvestre. Tambi\u00e9n colaboramos con comercios, alojamientos, restaurantes y lugares de ocio para distribuir nuestro material promocional por toda la regi\u00f3n. Gracias a nuestros embajadores, compartimos los atractivos del Volvestre con un [&hellip;]<\/p>\n","protected":false},"author":8,"featured_media":4944,"parent":0,"menu_order":0,"comment_status":"closed","ping_status":"closed","template":"page-no-title","meta":{"_acf_changed":false,"inline_featured_image":false,"footnotes":""},"class_list":["post-9239","page","type-page","status-publish","has-post-thumbnail","hentry"],"acf":[],"yoast_head":"<!-- This site is optimized with the Yoast SEO plugin v27.3 - https:\/\/yoast.com\/product\/yoast-seo-wordpress\/ -->\n<title>La Red de Embajadores - Volvestre Tourisme<\/title>\n<meta name=\"description\" content=\"\u00bfBusca informaci\u00f3n tur\u00edstica sobre el Volvestre? Descubra nuestra red de embajadores : comerciantes, alojamientos, restaurantes...\" \/>\n<meta name=\"robots\" content=\"index, follow, max-snippet:-1, max-image-preview:large, max-video-preview:-1\" \/>\n<link rel=\"canonical\" href=\"https:\/\/www.tourisme-volvestre.fr\/es\/la-red-de-embajadores\/\" \/>\n<meta property=\"og:locale\" content=\"es_ES\" \/>\n<meta property=\"og:type\" content=\"article\" \/>\n<meta property=\"og:title\" content=\"La Red de Embajadores - Volvestre Tourisme\" \/>\n<meta property=\"og:description\" content=\"\u00bfBusca informaci\u00f3n tur\u00edstica sobre el Volvestre? Descubra nuestra red de embajadores : comerciantes, alojamientos, restaurantes...\" \/>\n<meta property=\"og:url\" content=\"https:\/\/www.tourisme-volvestre.fr\/es\/la-red-de-embajadores\/\" \/>\n<meta property=\"og:site_name\" content=\"Volvestre Tourisme\" \/>\n<meta property=\"article:publisher\" content=\"https:\/\/www.facebook.com\/TourismeVolvestre\" \/>\n<meta property=\"article:modified_time\" content=\"2025-09-01T09:43:12+00:00\" \/>\n<meta property=\"og:image\" content=\"https:\/\/www.tourisme-volvestre.fr\/wp-content\/uploads\/2025\/06\/rieuxvolvestre_ambassadeur_auptitcoffee@oti.jpg\" \/>\n\t<meta property=\"og:image:width\" content=\"1664\" \/>\n\t<meta property=\"og:image:height\" content=\"2560\" \/>\n\t<meta property=\"og:image:type\" content=\"image\/jpeg\" \/>\n<meta name=\"twitter:card\" content=\"summary_large_image\" \/>\n<meta name=\"twitter:label1\" content=\"Tiempo de lectura\" \/>\n\t<meta name=\"twitter:data1\" content=\"1 minuto\" \/>\n<script type=\"application\/ld+json\" class=\"yoast-schema-graph\">{\"@context\":\"https:\\\/\\\/schema.org\",\"@graph\":[{\"@type\":\"WebPage\",\"@id\":\"https:\\\/\\\/www.tourisme-volvestre.fr\\\/es\\\/la-red-de-embajadores\\\/\",\"url\":\"https:\\\/\\\/www.tourisme-volvestre.fr\\\/es\\\/la-red-de-embajadores\\\/\",\"name\":\"La Red de Embajadores - Volvestre Tourisme\",\"isPartOf\":{\"@id\":\"https:\\\/\\\/www.tourisme-volvestre.fr\\\/es\\\/#website\"},\"primaryImageOfPage\":{\"@id\":\"https:\\\/\\\/www.tourisme-volvestre.fr\\\/es\\\/la-red-de-embajadores\\\/#primaryimage\"},\"image\":{\"@id\":\"https:\\\/\\\/www.tourisme-volvestre.fr\\\/es\\\/la-red-de-embajadores\\\/#primaryimage\"},\"thumbnailUrl\":\"https:\\\/\\\/www.tourisme-volvestre.fr\\\/wp-content\\\/uploads\\\/2025\\\/06\\\/rieuxvolvestre_ambassadeur_auptitcoffee@oti.jpg\",\"datePublished\":\"2025-06-12T13:33:39+00:00\",\"dateModified\":\"2025-09-01T09:43:12+00:00\",\"description\":\"\u00bfBusca informaci\u00f3n tur\u00edstica sobre el Volvestre? Descubra nuestra red de embajadores : comerciantes, alojamientos, restaurantes...\",\"breadcrumb\":{\"@id\":\"https:\\\/\\\/www.tourisme-volvestre.fr\\\/es\\\/la-red-de-embajadores\\\/#breadcrumb\"},\"inLanguage\":\"es\",\"potentialAction\":[{\"@type\":\"ReadAction\",\"target\":[\"https:\\\/\\\/www.tourisme-volvestre.fr\\\/es\\\/la-red-de-embajadores\\\/\"]}]},{\"@type\":\"ImageObject\",\"inLanguage\":\"es\",\"@id\":\"https:\\\/\\\/www.tourisme-volvestre.fr\\\/es\\\/la-red-de-embajadores\\\/#primaryimage\",\"url\":\"https:\\\/\\\/www.tourisme-volvestre.fr\\\/wp-content\\\/uploads\\\/2025\\\/06\\\/rieuxvolvestre_ambassadeur_auptitcoffee@oti.jpg\",\"contentUrl\":\"https:\\\/\\\/www.tourisme-volvestre.fr\\\/wp-content\\\/uploads\\\/2025\\\/06\\\/rieuxvolvestre_ambassadeur_auptitcoffee@oti.jpg\",\"width\":1664,\"height\":2560},{\"@type\":\"BreadcrumbList\",\"@id\":\"https:\\\/\\\/www.tourisme-volvestre.fr\\\/es\\\/la-red-de-embajadores\\\/#breadcrumb\",\"itemListElement\":[{\"@type\":\"ListItem\",\"position\":1,\"name\":\"Accueil\",\"item\":\"https:\\\/\\\/www.tourisme-volvestre.fr\\\/es\\\/?lang=es\"},{\"@type\":\"ListItem\",\"position\":2,\"name\":\"La Red de Embajadores\"}]},{\"@type\":\"WebSite\",\"@id\":\"https:\\\/\\\/www.tourisme-volvestre.fr\\\/es\\\/#website\",\"url\":\"https:\\\/\\\/www.tourisme-volvestre.fr\\\/es\\\/\",\"name\":\"Volvestre Tourisme\",\"description\":\"\",\"publisher\":{\"@id\":\"https:\\\/\\\/www.tourisme-volvestre.fr\\\/es\\\/#organization\"},\"alternateName\":\"OT Volvestre\",\"potentialAction\":[{\"@type\":\"SearchAction\",\"target\":{\"@type\":\"EntryPoint\",\"urlTemplate\":\"https:\\\/\\\/www.tourisme-volvestre.fr\\\/es\\\/?s={search_term_string}\"},\"query-input\":{\"@type\":\"PropertyValueSpecification\",\"valueRequired\":true,\"valueName\":\"search_term_string\"}}],\"inLanguage\":\"es\"},{\"@type\":\"Organization\",\"@id\":\"https:\\\/\\\/www.tourisme-volvestre.fr\\\/es\\\/#organization\",\"name\":\"Volvestre Tourisme\",\"url\":\"https:\\\/\\\/www.tourisme-volvestre.fr\\\/es\\\/\",\"logo\":{\"@type\":\"ImageObject\",\"inLanguage\":\"es\",\"@id\":\"https:\\\/\\\/www.tourisme-volvestre.fr\\\/es\\\/#\\\/schema\\\/logo\\\/image\\\/\",\"url\":\"https:\\\/\\\/www.tourisme-volvestre.fr\\\/wp-content\\\/uploads\\\/2025\\\/02\\\/logo-site.png\",\"contentUrl\":\"https:\\\/\\\/www.tourisme-volvestre.fr\\\/wp-content\\\/uploads\\\/2025\\\/02\\\/logo-site.png\",\"width\":152,\"height\":152,\"caption\":\"Volvestre Tourisme\"},\"image\":{\"@id\":\"https:\\\/\\\/www.tourisme-volvestre.fr\\\/es\\\/#\\\/schema\\\/logo\\\/image\\\/\"},\"sameAs\":[\"https:\\\/\\\/www.facebook.com\\\/TourismeVolvestre\",\"https:\\\/\\\/www.instagram.com\\\/tourismevolvestre\"]}]}<\/script>\n<!-- \/ Yoast SEO plugin. -->","yoast_head_json":{"title":"La Red de Embajadores - Volvestre Tourisme","description":"\u00bfBusca informaci\u00f3n tur\u00edstica sobre el Volvestre? Descubra nuestra red de embajadores : comerciantes, alojamientos, restaurantes...","robots":{"index":"index","follow":"follow","max-snippet":"max-snippet:-1","max-image-preview":"max-image-preview:large","max-video-preview":"max-video-preview:-1"},"canonical":"https:\/\/www.tourisme-volvestre.fr\/es\/la-red-de-embajadores\/","og_locale":"es_ES","og_type":"article","og_title":"La Red de Embajadores - Volvestre Tourisme","og_description":"\u00bfBusca informaci\u00f3n tur\u00edstica sobre el Volvestre? Descubra nuestra red de embajadores : comerciantes, alojamientos, restaurantes...","og_url":"https:\/\/www.tourisme-volvestre.fr\/es\/la-red-de-embajadores\/","og_site_name":"Volvestre Tourisme","article_publisher":"https:\/\/www.facebook.com\/TourismeVolvestre","article_modified_time":"2025-09-01T09:43:12+00:00","og_image":[{"width":1664,"height":2560,"url":"https:\/\/www.tourisme-volvestre.fr\/wp-content\/uploads\/2025\/06\/rieuxvolvestre_ambassadeur_auptitcoffee@oti.jpg","type":"image\/jpeg"}],"twitter_card":"summary_large_image","twitter_misc":{"Tiempo de lectura":"1 minuto"},"schema":{"@context":"https:\/\/schema.org","@graph":[{"@type":"WebPage","@id":"https:\/\/www.tourisme-volvestre.fr\/es\/la-red-de-embajadores\/","url":"https:\/\/www.tourisme-volvestre.fr\/es\/la-red-de-embajadores\/","name":"La Red de Embajadores - Volvestre Tourisme","isPartOf":{"@id":"https:\/\/www.tourisme-volvestre.fr\/es\/#website"},"primaryImageOfPage":{"@id":"https:\/\/www.tourisme-volvestre.fr\/es\/la-red-de-embajadores\/#primaryimage"},"image":{"@id":"https:\/\/www.tourisme-volvestre.fr\/es\/la-red-de-embajadores\/#primaryimage"},"thumbnailUrl":"https:\/\/www.tourisme-volvestre.fr\/wp-content\/uploads\/2025\/06\/rieuxvolvestre_ambassadeur_auptitcoffee@oti.jpg","datePublished":"2025-06-12T13:33:39+00:00","dateModified":"2025-09-01T09:43:12+00:00","description":"\u00bfBusca informaci\u00f3n tur\u00edstica sobre el Volvestre? Descubra nuestra red de embajadores : comerciantes, alojamientos, restaurantes...","breadcrumb":{"@id":"https:\/\/www.tourisme-volvestre.fr\/es\/la-red-de-embajadores\/#breadcrumb"},"inLanguage":"es","potentialAction":[{"@type":"ReadAction","target":["https:\/\/www.tourisme-volvestre.fr\/es\/la-red-de-embajadores\/"]}]},{"@type":"ImageObject","inLanguage":"es","@id":"https:\/\/www.tourisme-volvestre.fr\/es\/la-red-de-embajadores\/#primaryimage","url":"https:\/\/www.tourisme-volvestre.fr\/wp-content\/uploads\/2025\/06\/rieuxvolvestre_ambassadeur_auptitcoffee@oti.jpg","contentUrl":"https:\/\/www.tourisme-volvestre.fr\/wp-content\/uploads\/2025\/06\/rieuxvolvestre_ambassadeur_auptitcoffee@oti.jpg","width":1664,"height":2560},{"@type":"BreadcrumbList","@id":"https:\/\/www.tourisme-volvestre.fr\/es\/la-red-de-embajadores\/#breadcrumb","itemListElement":[{"@type":"ListItem","position":1,"name":"Accueil","item":"https:\/\/www.tourisme-volvestre.fr\/es\/?lang=es"},{"@type":"ListItem","position":2,"name":"La Red de Embajadores"}]},{"@type":"WebSite","@id":"https:\/\/www.tourisme-volvestre.fr\/es\/#website","url":"https:\/\/www.tourisme-volvestre.fr\/es\/","name":"Volvestre Tourisme","description":"","publisher":{"@id":"https:\/\/www.tourisme-volvestre.fr\/es\/#organization"},"alternateName":"OT Volvestre","potentialAction":[{"@type":"SearchAction","target":{"@type":"EntryPoint","urlTemplate":"https:\/\/www.tourisme-volvestre.fr\/es\/?s={search_term_string}"},"query-input":{"@type":"PropertyValueSpecification","valueRequired":true,"valueName":"search_term_string"}}],"inLanguage":"es"},{"@type":"Organization","@id":"https:\/\/www.tourisme-volvestre.fr\/es\/#organization","name":"Volvestre Tourisme","url":"https:\/\/www.tourisme-volvestre.fr\/es\/","logo":{"@type":"ImageObject","inLanguage":"es","@id":"https:\/\/www.tourisme-volvestre.fr\/es\/#\/schema\/logo\/image\/","url":"https:\/\/www.tourisme-volvestre.fr\/wp-content\/uploads\/2025\/02\/logo-site.png","contentUrl":"https:\/\/www.tourisme-volvestre.fr\/wp-content\/uploads\/2025\/02\/logo-site.png","width":152,"height":152,"caption":"Volvestre Tourisme"},"image":{"@id":"https:\/\/www.tourisme-volvestre.fr\/es\/#\/schema\/logo\/image\/"},"sameAs":["https:\/\/www.facebook.com\/TourismeVolvestre","https:\/\/www.instagram.com\/tourismevolvestre"]}]}},"_links":{"self":[{"href":"https:\/\/www.tourisme-volvestre.fr\/es\/wp-json\/wp\/v2\/pages\/9239","targetHints":{"allow":["GET"]}}],"collection":[{"href":"https:\/\/www.tourisme-volvestre.fr\/es\/wp-json\/wp\/v2\/pages"}],"about":[{"href":"https:\/\/www.tourisme-volvestre.fr\/es\/wp-json\/wp\/v2\/types\/page"}],"author":[{"embeddable":true,"href":"https:\/\/www.tourisme-volvestre.fr\/es\/wp-json\/wp\/v2\/users\/8"}],"replies":[{"embeddable":true,"href":"https:\/\/www.tourisme-volvestre.fr\/es\/wp-json\/wp\/v2\/comments?post=9239"}],"version-history":[{"count":3,"href":"https:\/\/www.tourisme-volvestre.fr\/es\/wp-json\/wp\/v2\/pages\/9239\/revisions"}],"predecessor-version":[{"id":10523,"href":"https:\/\/www.tourisme-volvestre.fr\/es\/wp-json\/wp\/v2\/pages\/9239\/revisions\/10523"}],"wp:featuredmedia":[{"embeddable":true,"href":"https:\/\/www.tourisme-volvestre.fr\/es\/wp-json\/wp\/v2\/media\/4944"}],"wp:attachment":[{"href":"https:\/\/www.tourisme-volvestre.fr\/es\/wp-json\/wp\/v2\/media?parent=9239"}],"curies":[{"name":"wp","href":"https:\/\/api.w.org\/{rel}","templated":true}]}}