{"id":9512,"date":"2024-11-19T09:09:56","date_gmt":"2024-11-19T08:09:56","guid":{"rendered":"https:\/\/www.tourisme-volvestre.fr\/geocaching\/"},"modified":"2025-09-01T11:42:52","modified_gmt":"2025-09-01T09:42:52","slug":"geocaching","status":"publish","type":"page","link":"https:\/\/www.tourisme-volvestre.fr\/es\/geocaching\/","title":{"rendered":"G\u00e9ocaching"},"content":{"rendered":"\n<h2 class=\"wp-block-heading\"><strong>\u00a1Recorre nuestras carreteras, disfruta de nuestros paisajes \u00fanicos! <\/strong><\/h2>\n\n<div class=\"wp-block-columns is-layout-flex wp-container-core-columns-is-layout-28f84493 wp-block-columns-is-layout-flex\">\n<div class=\"wp-block-column is-layout-flow wp-block-column-is-layout-flow\" style=\"flex-basis:66.66%\">\n<p class=\"has-medium-font-size\">Para los nost\u00e1lgicos de las b\u00fasquedas de tesoros, los curiosos, los amantes de los paisajes, el patrimonio y los lugares secretos, aqu\u00ed tienes una actividad a tu medida : <strong>Geocaching<\/strong>.<br \/><br \/>Al pie de una mesa de orientaci\u00f3n, cerca de un castillo o una fuente antigua, \u00a1sal en busca de las cajitas escondidas en nuestros pueblos!<br \/><br \/><strong>\u00a1El Geocaching es una forma original de descubrir nuevos lugares, ya sean hist\u00f3ricos o inusuales!<\/strong><br \/><br \/>\u00bfTienes un smartphone? Descarga la aplicaci\u00f3n y sal a la caza de los tesoros del Volvestre, equipado con un l\u00e1piz para dejar un rastro escrito. \u00a1Es gratis, muy divertido y a los ni\u00f1os les encanta!   <br \/><br \/><strong>\u00a1Cuidado!<\/strong> Una vez que encuentres el escondite, esc\u00f3ndelo de nuevo, cuando te toque, exactamente donde lo encontraste para el siguiente buscador.<\/p>\n<\/div>\n\n\n\n<div class=\"wp-block-column is-layout-flow wp-block-column-is-layout-flow\" style=\"flex-basis:33.33%\">\n<figure class=\"wp-block-image size-full\"><img loading=\"lazy\" decoding=\"async\" width=\"800\" height=\"535\" src=\"https:\/\/www.tourisme-volvestre.fr\/wp-content\/uploads\/2025\/03\/geocaching_logo.jpg\" alt=\"\" class=\"wp-image-1313\" srcset=\"https:\/\/www.tourisme-volvestre.fr\/wp-content\/uploads\/2025\/03\/geocaching_logo.jpg 800w, https:\/\/www.tourisme-volvestre.fr\/wp-content\/uploads\/2025\/03\/geocaching_logo-300x201.jpg 300w, https:\/\/www.tourisme-volvestre.fr\/wp-content\/uploads\/2025\/03\/geocaching_logo-768x514.jpg 768w\" sizes=\"auto, (max-width: 800px) 100vw, 800px\" \/><\/figure>\n\n\n\n<div class=\"wp-block-group has-contrast-2-background-color has-background has-global-padding is-layout-constrained wp-container-core-group-is-layout-86dba5ee wp-block-group-is-layout-constrained\" style=\"padding-top:var(--wp--preset--spacing--10);padding-right:var(--wp--preset--spacing--10);padding-bottom:var(--wp--preset--spacing--10);padding-left:var(--wp--preset--spacing--10)\">\n<h3 class=\"wp-block-heading has-contrast-3-color has-text-color has-link-color wp-elements-1563e0f7a859fb3f84a59cadb48ef1c2\" style=\"font-size:clamp(15.747px, 0.984rem + ((1vw - 3.2px) * 0.86), 24px);\">\u00a1Para ir m\u00e1s all\u00e1!<\/h3>\n<\/div>\n\n\n\n<div class=\"wp-block-group has-accent-4-background-color has-background has-global-padding is-layout-constrained wp-container-core-group-is-layout-c81c4ba7 wp-block-group-is-layout-constrained\" style=\"margin-top:0;margin-bottom:0;padding-top:var(--wp--preset--spacing--10);padding-right:var(--wp--preset--spacing--10);padding-bottom:var(--wp--preset--spacing--10);padding-left:var(--wp--preset--spacing--10)\">\n<div class=\"wp-block-group is-nowrap is-layout-flex wp-container-core-group-is-layout-6c531013 wp-block-group-is-layout-flex\">\n<figure class=\"wp-block-image size-full is-resized\"><img loading=\"lazy\" decoding=\"async\" width=\"12\" height=\"18\" src=\"https:\/\/www.tourisme-volvestre.fr\/wp-content\/uploads\/2025\/02\/site.png\" alt=\"\" class=\"wp-image-636\" style=\"aspect-ratio:1;object-fit:contain;width:24px;height:auto\" \/><\/figure>\n\n\n\n<p><a href=\"https:\/\/www.geocaching.com\/play\" target=\"_blank\" rel=\"noreferrer noopener\">Descargar la aplicaci\u00f3n <\/a><\/p>\n<\/div>\n\n\n\n<div class=\"wp-block-group is-nowrap is-layout-flex wp-container-core-group-is-layout-6c531013 wp-block-group-is-layout-flex\">\n<figure class=\"wp-block-image size-full is-resized\"><img loading=\"lazy\" decoding=\"async\" width=\"16\" height=\"16\" src=\"https:\/\/www.tourisme-volvestre.fr\/wp-content\/uploads\/2025\/02\/time.png\" alt=\"\" class=\"wp-image-635\" style=\"object-fit:cover;width:27px;height:auto\" \/><\/figure>\n\n\n\n<p class=\"has-contrast-2-color has-text-color has-link-color wp-elements-7e4233cff0024f8cdce7a6ed989d313a\">Cuando quieras<\/p>\n<\/div>\n<\/div>\n<\/div>\n<\/div>\n\n<p class=\"has-text-align-center has-contrast-2-color has-text-color has-link-color wp-elements-c4c0f91d3bc46aa41879fff94329162f\" style=\"font-size:clamp(0.875rem, 0.875rem + ((1vw - 0.2rem) * 0.375), 1.1rem);\"><strong>\u00bfSer\u00e1s capaz de encontrarlos?<\/strong><\/p>\n\n<div class=\"wp-block-group alignfull has-accent-4-background-color has-background has-global-padding is-layout-constrained wp-container-core-group-is-layout-ed5e8923 wp-block-group-is-layout-constrained\" style=\"margin-top:var(--wp--preset--spacing--20);margin-bottom:0;padding-top:var(--wp--preset--spacing--20);padding-right:var(--wp--preset--spacing--20);padding-bottom:var(--wp--preset--spacing--20);padding-left:var(--wp--preset--spacing--20)\">\n<h2 class=\"wp-block-heading has-text-align-center\">Tambi\u00e9n te puede interesar\u2026<\/h2>\n\n\n\n<div class=\"wp-block-group has-global-padding is-layout-constrained wp-container-core-group-is-layout-c385debf wp-block-group-is-layout-constrained\" style=\"padding-top:var(--wp--preset--spacing--20);padding-right:var(--wp--preset--spacing--20);padding-bottom:var(--wp--preset--spacing--20);padding-left:var(--wp--preset--spacing--20)\">\n<div class=\"wp-block-columns is-layout-flex wp-container-core-columns-is-layout-28f84493 wp-block-columns-is-layout-flex\">\n<div class=\"wp-block-column is-layout-flow wp-block-column-is-layout-flow\">\n<figure class=\"wp-block-image aligncenter size-full has-custom-border\"><img loading=\"lazy\" decoding=\"async\" width=\"2560\" height=\"1919\" src=\"https:\/\/www.tourisme-volvestre.fr\/wp-content\/uploads\/2025\/06\/mailholas_echo_rando_groupe_champ_print@oti.jpg\" alt=\"\" class=\"wp-image-4337\" style=\"border-radius:25px;aspect-ratio:1;object-fit:cover\" srcset=\"https:\/\/www.tourisme-volvestre.fr\/wp-content\/uploads\/2025\/06\/mailholas_echo_rando_groupe_champ_print@oti.jpg 2560w, https:\/\/www.tourisme-volvestre.fr\/wp-content\/uploads\/2025\/06\/mailholas_echo_rando_groupe_champ_print@oti-300x225.jpg 300w, https:\/\/www.tourisme-volvestre.fr\/wp-content\/uploads\/2025\/06\/mailholas_echo_rando_groupe_champ_print@oti-1024x768.jpg 1024w, https:\/\/www.tourisme-volvestre.fr\/wp-content\/uploads\/2025\/06\/mailholas_echo_rando_groupe_champ_print@oti-768x576.jpg 768w, https:\/\/www.tourisme-volvestre.fr\/wp-content\/uploads\/2025\/06\/mailholas_echo_rando_groupe_champ_print@oti-1536x1151.jpg 1536w, https:\/\/www.tourisme-volvestre.fr\/wp-content\/uploads\/2025\/06\/mailholas_echo_rando_groupe_champ_print@oti-2048x1535.jpg 2048w\" sizes=\"auto, (max-width: 2560px) 100vw, 2560px\" \/><figcaption class=\"wp-element-caption\">Mailholas @OTIduVolvestre<\/figcaption><\/figure>\n\n\n\n<div class=\"wp-block-buttons is-content-justification-center is-layout-flex wp-container-core-buttons-is-layout-a89b3969 wp-block-buttons-is-layout-flex\">\n<div class=\"wp-block-button\"><a class=\"wp-block-button__link wp-element-button\" href=\"https:\/\/www.tourisme-volvestre.fr\/nuestras-escursiones\/?lang=es\">Nuestras escursiones<\/a><\/div>\n<\/div>\n<\/div>\n\n\n\n<div class=\"wp-block-column is-layout-flow wp-block-column-is-layout-flow\">\n<figure class=\"wp-block-image aligncenter size-full has-custom-border\"><img loading=\"lazy\" decoding=\"async\" width=\"1919\" height=\"2560\" src=\"https:\/\/www.tourisme-volvestre.fr\/wp-content\/uploads\/2025\/06\/Media-3.jpg\" alt=\"\" class=\"wp-image-4772\" style=\"border-radius:25px;aspect-ratio:1;object-fit:cover\" srcset=\"https:\/\/www.tourisme-volvestre.fr\/wp-content\/uploads\/2025\/06\/Media-3.jpg 1919w, https:\/\/www.tourisme-volvestre.fr\/wp-content\/uploads\/2025\/06\/Media-3-225x300.jpg 225w, https:\/\/www.tourisme-volvestre.fr\/wp-content\/uploads\/2025\/06\/Media-3-768x1025.jpg 768w, https:\/\/www.tourisme-volvestre.fr\/wp-content\/uploads\/2025\/06\/Media-3-1151x1536.jpg 1151w, https:\/\/www.tourisme-volvestre.fr\/wp-content\/uploads\/2025\/06\/Media-3-1535x2048.jpg 1535w\" sizes=\"auto, (max-width: 1919px) 100vw, 1919px\" \/><figcaption class=\"wp-element-caption\">Randoland en Volvestre @OTIduVolvestre<\/figcaption><\/figure>\n\n\n\n<div class=\"wp-block-buttons is-content-justification-center is-layout-flex wp-container-core-buttons-is-layout-a89b3969 wp-block-buttons-is-layout-flex\">\n<div class=\"wp-block-button\"><a class=\"wp-block-button__link wp-element-button\" href=\"https:\/\/www.tourisme-volvestre.fr\/los-ninos\/?lang=es\">Actividades con los ni\u00f1os<\/a><\/div>\n<\/div>\n<\/div>\n\n\n\n<div class=\"wp-block-column is-layout-flow wp-block-column-is-layout-flow\">\n<figure class=\"wp-block-image aligncenter size-full has-custom-border\"><img loading=\"lazy\" decoding=\"async\" width=\"2048\" height=\"843\" src=\"https:\/\/www.tourisme-volvestre.fr\/wp-content\/uploads\/2025\/05\/rieuxvolvestre_villagegaulois_loisir_parc_cloture@levillagegaulois-Copie.jpg\" alt=\"\" class=\"wp-image-3128\" style=\"border-radius:25px;aspect-ratio:1;object-fit:cover\" srcset=\"https:\/\/www.tourisme-volvestre.fr\/wp-content\/uploads\/2025\/05\/rieuxvolvestre_villagegaulois_loisir_parc_cloture@levillagegaulois-Copie.jpg 2048w, https:\/\/www.tourisme-volvestre.fr\/wp-content\/uploads\/2025\/05\/rieuxvolvestre_villagegaulois_loisir_parc_cloture@levillagegaulois-Copie-300x123.jpg 300w, https:\/\/www.tourisme-volvestre.fr\/wp-content\/uploads\/2025\/05\/rieuxvolvestre_villagegaulois_loisir_parc_cloture@levillagegaulois-Copie-1024x422.jpg 1024w, https:\/\/www.tourisme-volvestre.fr\/wp-content\/uploads\/2025\/05\/rieuxvolvestre_villagegaulois_loisir_parc_cloture@levillagegaulois-Copie-768x316.jpg 768w, https:\/\/www.tourisme-volvestre.fr\/wp-content\/uploads\/2025\/05\/rieuxvolvestre_villagegaulois_loisir_parc_cloture@levillagegaulois-Copie-1536x632.jpg 1536w\" sizes=\"auto, (max-width: 2048px) 100vw, 2048px\" \/><figcaption class=\"wp-element-caption\">Saint-Julien-sur-Garonne @LeVillageGaulois<\/figcaption><\/figure>\n\n\n\n<div class=\"wp-block-buttons is-content-justification-center is-layout-flex wp-container-core-buttons-is-layout-a89b3969 wp-block-buttons-is-layout-flex\">\n<div class=\"wp-block-button\"><a class=\"wp-block-button__link wp-element-button\" href=\"https:\/\/www.tourisme-volvestre.fr\/que-hacer\/?lang=es\">Nuestras actividades de ocio<\/a><\/div>\n<\/div>\n<\/div>\n<\/div>\n<\/div>\n<\/div>\n","protected":false},"excerpt":{"rendered":"<p>\u00a1Recorre nuestras carreteras, disfruta de nuestros paisajes \u00fanicos! Para los nost\u00e1lgicos de las b\u00fasquedas de tesoros, los curiosos, los amantes de los paisajes, el patrimonio y los lugares secretos, aqu\u00ed tienes una actividad a tu medida : Geocaching. Al pie de una mesa de orientaci\u00f3n, cerca de un castillo o una fuente antigua, \u00a1sal en [&hellip;]<\/p>\n","protected":false},"author":1,"featured_media":1312,"parent":0,"menu_order":0,"comment_status":"closed","ping_status":"closed","template":"page-no-title","meta":{"_acf_changed":false,"inline_featured_image":false,"footnotes":""},"class_list":["post-9512","page","type-page","status-publish","has-post-thumbnail","hentry"],"acf":[],"yoast_head":"<!-- This site is optimized with the Yoast SEO plugin v27.3 - https:\/\/yoast.com\/product\/yoast-seo-wordpress\/ -->\n<title>G\u00e9ocaching - Volvestre Tourisme<\/title>\n<meta name=\"description\" content=\"\u00a1Emb\u00e1rcate en una aventura con el geocaching! \u00a1Una b\u00fasqueda del tesoro conectada para explorar, resolver acertijos y descubrir el Volvestre!\" \/>\n<meta name=\"robots\" content=\"index, follow, max-snippet:-1, max-image-preview:large, max-video-preview:-1\" \/>\n<link rel=\"canonical\" href=\"https:\/\/www.tourisme-volvestre.fr\/es\/geocaching\/\" \/>\n<meta property=\"og:locale\" content=\"es_ES\" \/>\n<meta property=\"og:type\" content=\"article\" \/>\n<meta property=\"og:title\" content=\"G\u00e9ocaching - Volvestre Tourisme\" \/>\n<meta property=\"og:description\" content=\"\u00a1Emb\u00e1rcate en una aventura con el geocaching! \u00a1Una b\u00fasqueda del tesoro conectada para explorar, resolver acertijos y descubrir el Volvestre!\" \/>\n<meta property=\"og:url\" content=\"https:\/\/www.tourisme-volvestre.fr\/es\/geocaching\/\" \/>\n<meta property=\"og:site_name\" content=\"Volvestre Tourisme\" \/>\n<meta property=\"article:publisher\" content=\"https:\/\/www.facebook.com\/TourismeVolvestre\" \/>\n<meta property=\"article:modified_time\" content=\"2025-09-01T09:42:52+00:00\" \/>\n<meta property=\"og:image\" content=\"https:\/\/www.tourisme-volvestre.fr\/wp-content\/uploads\/2025\/03\/peyssies_loisir_geocaching_feuilles@lisaoti-1-scaled.jpg\" \/>\n\t<meta property=\"og:image:width\" content=\"1928\" \/>\n\t<meta property=\"og:image:height\" content=\"2560\" \/>\n\t<meta property=\"og:image:type\" content=\"image\/jpeg\" \/>\n<meta name=\"twitter:card\" content=\"summary_large_image\" \/>\n<meta name=\"twitter:label1\" content=\"Tiempo de lectura\" \/>\n\t<meta name=\"twitter:data1\" content=\"1 minuto\" \/>\n<script type=\"application\/ld+json\" class=\"yoast-schema-graph\">{\"@context\":\"https:\\\/\\\/schema.org\",\"@graph\":[{\"@type\":\"WebPage\",\"@id\":\"https:\\\/\\\/www.tourisme-volvestre.fr\\\/es\\\/geocaching\\\/\",\"url\":\"https:\\\/\\\/www.tourisme-volvestre.fr\\\/es\\\/geocaching\\\/\",\"name\":\"G\u00e9ocaching - Volvestre Tourisme\",\"isPartOf\":{\"@id\":\"https:\\\/\\\/www.tourisme-volvestre.fr\\\/es\\\/#website\"},\"primaryImageOfPage\":{\"@id\":\"https:\\\/\\\/www.tourisme-volvestre.fr\\\/es\\\/geocaching\\\/#primaryimage\"},\"image\":{\"@id\":\"https:\\\/\\\/www.tourisme-volvestre.fr\\\/es\\\/geocaching\\\/#primaryimage\"},\"thumbnailUrl\":\"https:\\\/\\\/www.tourisme-volvestre.fr\\\/wp-content\\\/uploads\\\/2025\\\/03\\\/peyssies_loisir_geocaching_feuilles@lisaoti-1-scaled.jpg\",\"datePublished\":\"2024-11-19T08:09:56+00:00\",\"dateModified\":\"2025-09-01T09:42:52+00:00\",\"description\":\"\u00a1Emb\u00e1rcate en una aventura con el geocaching! \u00a1Una b\u00fasqueda del tesoro conectada para explorar, resolver acertijos y descubrir el Volvestre!\",\"breadcrumb\":{\"@id\":\"https:\\\/\\\/www.tourisme-volvestre.fr\\\/es\\\/geocaching\\\/#breadcrumb\"},\"inLanguage\":\"es\",\"potentialAction\":[{\"@type\":\"ReadAction\",\"target\":[\"https:\\\/\\\/www.tourisme-volvestre.fr\\\/es\\\/geocaching\\\/\"]}]},{\"@type\":\"ImageObject\",\"inLanguage\":\"es\",\"@id\":\"https:\\\/\\\/www.tourisme-volvestre.fr\\\/es\\\/geocaching\\\/#primaryimage\",\"url\":\"https:\\\/\\\/www.tourisme-volvestre.fr\\\/wp-content\\\/uploads\\\/2025\\\/03\\\/peyssies_loisir_geocaching_feuilles@lisaoti-1-scaled.jpg\",\"contentUrl\":\"https:\\\/\\\/www.tourisme-volvestre.fr\\\/wp-content\\\/uploads\\\/2025\\\/03\\\/peyssies_loisir_geocaching_feuilles@lisaoti-1-scaled.jpg\",\"width\":1928,\"height\":2560},{\"@type\":\"BreadcrumbList\",\"@id\":\"https:\\\/\\\/www.tourisme-volvestre.fr\\\/es\\\/geocaching\\\/#breadcrumb\",\"itemListElement\":[{\"@type\":\"ListItem\",\"position\":1,\"name\":\"Accueil\",\"item\":\"https:\\\/\\\/www.tourisme-volvestre.fr\\\/es\\\/?lang=es\"},{\"@type\":\"ListItem\",\"position\":2,\"name\":\"G\u00e9ocaching\"}]},{\"@type\":\"WebSite\",\"@id\":\"https:\\\/\\\/www.tourisme-volvestre.fr\\\/es\\\/#website\",\"url\":\"https:\\\/\\\/www.tourisme-volvestre.fr\\\/es\\\/\",\"name\":\"Volvestre Tourisme\",\"description\":\"\",\"publisher\":{\"@id\":\"https:\\\/\\\/www.tourisme-volvestre.fr\\\/es\\\/#organization\"},\"alternateName\":\"OT Volvestre\",\"potentialAction\":[{\"@type\":\"SearchAction\",\"target\":{\"@type\":\"EntryPoint\",\"urlTemplate\":\"https:\\\/\\\/www.tourisme-volvestre.fr\\\/es\\\/?s={search_term_string}\"},\"query-input\":{\"@type\":\"PropertyValueSpecification\",\"valueRequired\":true,\"valueName\":\"search_term_string\"}}],\"inLanguage\":\"es\"},{\"@type\":\"Organization\",\"@id\":\"https:\\\/\\\/www.tourisme-volvestre.fr\\\/es\\\/#organization\",\"name\":\"Volvestre Tourisme\",\"url\":\"https:\\\/\\\/www.tourisme-volvestre.fr\\\/es\\\/\",\"logo\":{\"@type\":\"ImageObject\",\"inLanguage\":\"es\",\"@id\":\"https:\\\/\\\/www.tourisme-volvestre.fr\\\/es\\\/#\\\/schema\\\/logo\\\/image\\\/\",\"url\":\"https:\\\/\\\/www.tourisme-volvestre.fr\\\/wp-content\\\/uploads\\\/2025\\\/02\\\/logo-site.png\",\"contentUrl\":\"https:\\\/\\\/www.tourisme-volvestre.fr\\\/wp-content\\\/uploads\\\/2025\\\/02\\\/logo-site.png\",\"width\":152,\"height\":152,\"caption\":\"Volvestre Tourisme\"},\"image\":{\"@id\":\"https:\\\/\\\/www.tourisme-volvestre.fr\\\/es\\\/#\\\/schema\\\/logo\\\/image\\\/\"},\"sameAs\":[\"https:\\\/\\\/www.facebook.com\\\/TourismeVolvestre\",\"https:\\\/\\\/www.instagram.com\\\/tourismevolvestre\"]}]}<\/script>\n<!-- \/ Yoast SEO plugin. -->","yoast_head_json":{"title":"G\u00e9ocaching - Volvestre Tourisme","description":"\u00a1Emb\u00e1rcate en una aventura con el geocaching! \u00a1Una b\u00fasqueda del tesoro conectada para explorar, resolver acertijos y descubrir el Volvestre!","robots":{"index":"index","follow":"follow","max-snippet":"max-snippet:-1","max-image-preview":"max-image-preview:large","max-video-preview":"max-video-preview:-1"},"canonical":"https:\/\/www.tourisme-volvestre.fr\/es\/geocaching\/","og_locale":"es_ES","og_type":"article","og_title":"G\u00e9ocaching - Volvestre Tourisme","og_description":"\u00a1Emb\u00e1rcate en una aventura con el geocaching! \u00a1Una b\u00fasqueda del tesoro conectada para explorar, resolver acertijos y descubrir el Volvestre!","og_url":"https:\/\/www.tourisme-volvestre.fr\/es\/geocaching\/","og_site_name":"Volvestre Tourisme","article_publisher":"https:\/\/www.facebook.com\/TourismeVolvestre","article_modified_time":"2025-09-01T09:42:52+00:00","og_image":[{"width":1928,"height":2560,"url":"https:\/\/www.tourisme-volvestre.fr\/wp-content\/uploads\/2025\/03\/peyssies_loisir_geocaching_feuilles@lisaoti-1-scaled.jpg","type":"image\/jpeg"}],"twitter_card":"summary_large_image","twitter_misc":{"Tiempo de lectura":"1 minuto"},"schema":{"@context":"https:\/\/schema.org","@graph":[{"@type":"WebPage","@id":"https:\/\/www.tourisme-volvestre.fr\/es\/geocaching\/","url":"https:\/\/www.tourisme-volvestre.fr\/es\/geocaching\/","name":"G\u00e9ocaching - Volvestre Tourisme","isPartOf":{"@id":"https:\/\/www.tourisme-volvestre.fr\/es\/#website"},"primaryImageOfPage":{"@id":"https:\/\/www.tourisme-volvestre.fr\/es\/geocaching\/#primaryimage"},"image":{"@id":"https:\/\/www.tourisme-volvestre.fr\/es\/geocaching\/#primaryimage"},"thumbnailUrl":"https:\/\/www.tourisme-volvestre.fr\/wp-content\/uploads\/2025\/03\/peyssies_loisir_geocaching_feuilles@lisaoti-1-scaled.jpg","datePublished":"2024-11-19T08:09:56+00:00","dateModified":"2025-09-01T09:42:52+00:00","description":"\u00a1Emb\u00e1rcate en una aventura con el geocaching! \u00a1Una b\u00fasqueda del tesoro conectada para explorar, resolver acertijos y descubrir el Volvestre!","breadcrumb":{"@id":"https:\/\/www.tourisme-volvestre.fr\/es\/geocaching\/#breadcrumb"},"inLanguage":"es","potentialAction":[{"@type":"ReadAction","target":["https:\/\/www.tourisme-volvestre.fr\/es\/geocaching\/"]}]},{"@type":"ImageObject","inLanguage":"es","@id":"https:\/\/www.tourisme-volvestre.fr\/es\/geocaching\/#primaryimage","url":"https:\/\/www.tourisme-volvestre.fr\/wp-content\/uploads\/2025\/03\/peyssies_loisir_geocaching_feuilles@lisaoti-1-scaled.jpg","contentUrl":"https:\/\/www.tourisme-volvestre.fr\/wp-content\/uploads\/2025\/03\/peyssies_loisir_geocaching_feuilles@lisaoti-1-scaled.jpg","width":1928,"height":2560},{"@type":"BreadcrumbList","@id":"https:\/\/www.tourisme-volvestre.fr\/es\/geocaching\/#breadcrumb","itemListElement":[{"@type":"ListItem","position":1,"name":"Accueil","item":"https:\/\/www.tourisme-volvestre.fr\/es\/?lang=es"},{"@type":"ListItem","position":2,"name":"G\u00e9ocaching"}]},{"@type":"WebSite","@id":"https:\/\/www.tourisme-volvestre.fr\/es\/#website","url":"https:\/\/www.tourisme-volvestre.fr\/es\/","name":"Volvestre Tourisme","description":"","publisher":{"@id":"https:\/\/www.tourisme-volvestre.fr\/es\/#organization"},"alternateName":"OT Volvestre","potentialAction":[{"@type":"SearchAction","target":{"@type":"EntryPoint","urlTemplate":"https:\/\/www.tourisme-volvestre.fr\/es\/?s={search_term_string}"},"query-input":{"@type":"PropertyValueSpecification","valueRequired":true,"valueName":"search_term_string"}}],"inLanguage":"es"},{"@type":"Organization","@id":"https:\/\/www.tourisme-volvestre.fr\/es\/#organization","name":"Volvestre Tourisme","url":"https:\/\/www.tourisme-volvestre.fr\/es\/","logo":{"@type":"ImageObject","inLanguage":"es","@id":"https:\/\/www.tourisme-volvestre.fr\/es\/#\/schema\/logo\/image\/","url":"https:\/\/www.tourisme-volvestre.fr\/wp-content\/uploads\/2025\/02\/logo-site.png","contentUrl":"https:\/\/www.tourisme-volvestre.fr\/wp-content\/uploads\/2025\/02\/logo-site.png","width":152,"height":152,"caption":"Volvestre Tourisme"},"image":{"@id":"https:\/\/www.tourisme-volvestre.fr\/es\/#\/schema\/logo\/image\/"},"sameAs":["https:\/\/www.facebook.com\/TourismeVolvestre","https:\/\/www.instagram.com\/tourismevolvestre"]}]}},"_links":{"self":[{"href":"https:\/\/www.tourisme-volvestre.fr\/es\/wp-json\/wp\/v2\/pages\/9512","targetHints":{"allow":["GET"]}}],"collection":[{"href":"https:\/\/www.tourisme-volvestre.fr\/es\/wp-json\/wp\/v2\/pages"}],"about":[{"href":"https:\/\/www.tourisme-volvestre.fr\/es\/wp-json\/wp\/v2\/types\/page"}],"author":[{"embeddable":true,"href":"https:\/\/www.tourisme-volvestre.fr\/es\/wp-json\/wp\/v2\/users\/1"}],"replies":[{"embeddable":true,"href":"https:\/\/www.tourisme-volvestre.fr\/es\/wp-json\/wp\/v2\/comments?post=9512"}],"version-history":[{"count":3,"href":"https:\/\/www.tourisme-volvestre.fr\/es\/wp-json\/wp\/v2\/pages\/9512\/revisions"}],"predecessor-version":[{"id":9621,"href":"https:\/\/www.tourisme-volvestre.fr\/es\/wp-json\/wp\/v2\/pages\/9512\/revisions\/9621"}],"wp:featuredmedia":[{"embeddable":true,"href":"https:\/\/www.tourisme-volvestre.fr\/es\/wp-json\/wp\/v2\/media\/1312"}],"wp:attachment":[{"href":"https:\/\/www.tourisme-volvestre.fr\/es\/wp-json\/wp\/v2\/media?parent=9512"}],"curies":[{"name":"wp","href":"https:\/\/api.w.org\/{rel}","templated":true}]}}