{"id":9563,"date":"2025-06-08T17:54:18","date_gmt":"2025-06-08T15:54:18","guid":{"rendered":"https:\/\/www.tourisme-volvestre.fr\/paseo-y-mercado\/"},"modified":"2025-09-01T11:43:56","modified_gmt":"2025-09-01T09:43:56","slug":"paseo-y-mercado","status":"publish","type":"page","link":"https:\/\/www.tourisme-volvestre.fr\/es\/paseo-y-mercado\/","title":{"rendered":"Paseo y mercado"},"content":{"rendered":"\n<div class=\"wp-block-columns is-layout-flex wp-container-core-columns-is-layout-28f84493 wp-block-columns-is-layout-flex\">\n<div class=\"wp-block-column is-layout-flow wp-block-column-is-layout-flow\">\n<h3 class=\"wp-block-heading has-text-align-center\" style=\"font-size:clamp(1.25rem, 1.25rem + ((1vw - 0.2rem) * 1.25), 2rem);\">\u00a1Un peque\u00f1o mercado y un peque\u00f1o paseo! <\/h3>\n\n\n\n<p class=\"has-text-align-center\">\u00bfQu\u00e9 mejor que un mercado antes de una excursi\u00f3n? \u00a1Es la oportunidad perfecta para preparar un delicioso picnic! \u00bfTe apetece comer algo despu\u00e9s de entrenar? Tambi\u00e9n tenemos mercados al final del d\u00eda.   <\/p>\n\n\n\n<figure class=\"wp-block-image aligncenter size-large is-style-rounded is-style-rounded--1\"><img loading=\"lazy\" decoding=\"async\" width=\"1024\" height=\"512\" src=\"https:\/\/www.tourisme-volvestre.fr\/wp-content\/uploads\/2025\/08\/volvestre-2025-186-1-2048x1366-1-1024x512.jpg\" alt=\"\" class=\"wp-image-9554\" srcset=\"https:\/\/www.tourisme-volvestre.fr\/wp-content\/uploads\/2025\/08\/volvestre-2025-186-1-2048x1366-1-1024x512.jpg 1024w, https:\/\/www.tourisme-volvestre.fr\/wp-content\/uploads\/2025\/08\/volvestre-2025-186-1-2048x1366-1-300x150.jpg 300w, https:\/\/www.tourisme-volvestre.fr\/wp-content\/uploads\/2025\/08\/volvestre-2025-186-1-2048x1366-1-768x384.jpg 768w, https:\/\/www.tourisme-volvestre.fr\/wp-content\/uploads\/2025\/08\/volvestre-2025-186-1-2048x1366-1-1536x768.jpg 1536w, https:\/\/www.tourisme-volvestre.fr\/wp-content\/uploads\/2025\/08\/volvestre-2025-186-1-2048x1366-1.jpg 2048w\" sizes=\"auto, (max-width: 1024px) 100vw, 1024px\" \/><figcaption class=\"wp-element-caption\">Mercado de Montesquieu-Volvestre @MathieuCalviac<\/figcaption><\/figure>\n<\/div>\n<\/div>\n\n<div class=\"wp-block-columns is-layout-flex wp-container-core-columns-is-layout-28f84493 wp-block-columns-is-layout-flex\">\n<div class=\"wp-block-column is-layout-flow wp-block-column-is-layout-flow\">\n<h2 class=\"wp-block-heading has-large-font-size\">El mercado de Massabrac y su recorrido<\/h2>\n\n\n\n<p>En esta ruta de senderismo parcialmente sombreada, disfrutar\u00e1 de un hermoso panorama de la cordillera pirenaica y de miradores sobre el valle de L\u00e8ze, rodeado de campos. Al final del recorrido, pasar\u00e1 por numerosas granjas. \u00bfPor qu\u00e9 no disfrutar de sus deliciosos productos?  <\/p>\n\n\n\n<p>\ud83c\udf12 Todos los martes de 17:00 a 19:00, descubra el mercado de Massabrac en el mercado cubierto. Un ambiente acogedor le invita a comer all\u00ed o a llevarse sus productos y platos. <\/p>\n\n\n\n<p>\ud83d\udccd Salida: Ayuntamiento<br \/>\ud83d\udc63 Distancia : 3,7km<br \/>\u231b Duraci\u00f3n : 1h15<br \/> \u2197\ufe0fDesnivel positivo : 58m<\/p>\n\n\n\n<div class=\"wp-block-buttons is-layout-flex wp-block-buttons-is-layout-flex\">\n<div class=\"wp-block-button\"><a class=\"wp-block-button__link wp-element-button\" href=\"https:\/\/www.tourisme-volvestre.fr\/wp-content\/uploads\/2025\/06\/Massabrac_chemin.pdf\" target=\"_blank\" rel=\"noreferrer noopener\">Gu\u00eda topogr\u00e1fica<\/a><\/div>\n<\/div>\n<\/div>\n\n\n\n<div class=\"wp-block-column is-layout-flow wp-block-column-is-layout-flow\">\n<figure class=\"wp-block-image aligncenter size-full is-style-rounded is-style-rounded--2\"><img loading=\"lazy\" decoding=\"async\" width=\"611\" height=\"480\" src=\"https:\/\/www.tourisme-volvestre.fr\/wp-content\/uploads\/2025\/05\/carbonne_fermedelarizoir_marche_legumes.jpeg\" alt=\"\" class=\"wp-image-3339\" style=\"aspect-ratio:1;object-fit:cover\" srcset=\"https:\/\/www.tourisme-volvestre.fr\/wp-content\/uploads\/2025\/05\/carbonne_fermedelarizoir_marche_legumes.jpeg 611w, https:\/\/www.tourisme-volvestre.fr\/wp-content\/uploads\/2025\/05\/carbonne_fermedelarizoir_marche_legumes-300x236.jpeg 300w\" sizes=\"auto, (max-width: 611px) 100vw, 611px\" \/><figcaption class=\"wp-element-caption\">Mercado de Carbonne @OTIduVolvestre<\/figcaption><\/figure>\n<\/div>\n<\/div>\n\n<div class=\"wp-block-columns is-layout-flex wp-container-core-columns-is-layout-28f84493 wp-block-columns-is-layout-flex\">\n<div class=\"wp-block-column is-layout-flow wp-block-column-is-layout-flow\">\n<figure class=\"wp-block-image aligncenter size-large is-style-rounded is-style-rounded--3\"><img loading=\"lazy\" decoding=\"async\" width=\"1024\" height=\"683\" src=\"https:\/\/www.tourisme-volvestre.fr\/wp-content\/uploads\/2025\/05\/montbrunbocage_marche_fig_ete@philippeboussion-1-1024x683.jpg\" alt=\"\" class=\"wp-image-2256\" style=\"aspect-ratio:1;object-fit:cover\" srcset=\"https:\/\/www.tourisme-volvestre.fr\/wp-content\/uploads\/2025\/05\/montbrunbocage_marche_fig_ete@philippeboussion-1-1024x683.jpg 1024w, https:\/\/www.tourisme-volvestre.fr\/wp-content\/uploads\/2025\/05\/montbrunbocage_marche_fig_ete@philippeboussion-1-300x200.jpg 300w, https:\/\/www.tourisme-volvestre.fr\/wp-content\/uploads\/2025\/05\/montbrunbocage_marche_fig_ete@philippeboussion-1-768x512.jpg 768w, https:\/\/www.tourisme-volvestre.fr\/wp-content\/uploads\/2025\/05\/montbrunbocage_marche_fig_ete@philippeboussion-1-1536x1024.jpg 1536w, https:\/\/www.tourisme-volvestre.fr\/wp-content\/uploads\/2025\/05\/montbrunbocage_marche_fig_ete@philippeboussion-1-2048x1365.jpg 2048w\" sizes=\"auto, (max-width: 1024px) 100vw, 1024px\" \/><figcaption class=\"wp-element-caption\">Mercado de Montbrun-Bocage @PhilippeBoussion<\/figcaption><\/figure>\n<\/div>\n\n\n\n<div class=\"wp-block-column is-layout-flow wp-block-column-is-layout-flow\">\n<h2 class=\"wp-block-heading has-large-font-size\">El mercado de Montbrun-Bocage y el camino hacia la capilla Montaut<\/h2>\n\n\n\n<p>Conocido por su famoso mercado dominical, Montbrun-Bocage es tambi\u00e9n el pueblo m\u00e1s &#8220;natural&#8221; del Volvestre. \u00bfListos para una aventura deportiva y culinaria? Ofrecemos :  <\/p>\n\n\n\n<ul class=\"wp-block-list\">\n<li>9:00-10:00: Desayuno y compras en el mercado.<\/li>\n\n\n\n<li>10h-12h : Caminata a la \u201cLa chapelle de Montaut\u201d<\/li>\n\n\n\n<li>12h-13h : Picnic en el lago de Bouydou<\/li>\n<\/ul>\n\n\n\n<p>\ud83d\udccdSalida : Sal\u00f3n del pueblo<br \/> \ud83d\udc63Distancia : 6,7 km<br \/> \u231bDuraci\u00f3n : 2 horas<br \/> \u2197\ufe0fDesnivel positivo : 159m<\/p>\n\n\n\n<div class=\"wp-block-buttons is-layout-flex wp-block-buttons-is-layout-flex\">\n<div class=\"wp-block-button\"><a class=\"wp-block-button__link wp-element-button\" href=\"https:\/\/www.tourisme-volvestre.fr\/wp-content\/uploads\/2025\/06\/Montbrun_montaut.pdf\" target=\"_blank\" rel=\"noreferrer noopener\">Gu\u00eda topogr\u00e1fica<\/a><\/div>\n\n\n\n<div class=\"wp-block-button is-style-fill\"><a class=\"wp-block-button__link wp-element-button\" href=\"https:\/\/www.calameo.com\/read\/00711185336daf4125393\" target=\"_blank\" rel=\"noreferrer noopener\">Patrimonio Montbrun-Bocage<\/a><\/div>\n<\/div>\n<\/div>\n<\/div>\n\n<div class=\"wp-block-group alignfull has-accent-4-background-color has-background has-global-padding is-layout-constrained wp-container-core-group-is-layout-ed5e8923 wp-block-group-is-layout-constrained\" style=\"margin-top:var(--wp--preset--spacing--20);margin-bottom:0;padding-top:var(--wp--preset--spacing--20);padding-right:var(--wp--preset--spacing--20);padding-bottom:var(--wp--preset--spacing--20);padding-left:var(--wp--preset--spacing--20)\">\n<h2 class=\"wp-block-heading has-text-align-center\">Tambi\u00e9n te puede interesar\u2026<\/h2>\n\n\n\n<div class=\"wp-block-group has-global-padding is-layout-constrained wp-container-core-group-is-layout-c385debf wp-block-group-is-layout-constrained\" style=\"padding-top:var(--wp--preset--spacing--20);padding-right:var(--wp--preset--spacing--20);padding-bottom:var(--wp--preset--spacing--20);padding-left:var(--wp--preset--spacing--20)\">\n<div class=\"wp-block-columns is-layout-flex wp-container-core-columns-is-layout-28f84493 wp-block-columns-is-layout-flex\">\n<div class=\"wp-block-column is-layout-flow wp-block-column-is-layout-flow\">\n<figure class=\"wp-block-image aligncenter size-full has-custom-border\"><a href=\"https:\/\/www.tourisme-volvestre.fr\/conocimientos-y-savores\/?lang=es\"><img loading=\"lazy\" decoding=\"async\" width=\"2560\" height=\"1707\" src=\"https:\/\/www.tourisme-volvestre.fr\/wp-content\/uploads\/2025\/06\/Chevrerie_Souleya_14.jpg\" alt=\"\" class=\"wp-image-3860\" style=\"border-radius:25px;aspect-ratio:1;object-fit:cover\" srcset=\"https:\/\/www.tourisme-volvestre.fr\/wp-content\/uploads\/2025\/06\/Chevrerie_Souleya_14.jpg 2560w, https:\/\/www.tourisme-volvestre.fr\/wp-content\/uploads\/2025\/06\/Chevrerie_Souleya_14-300x200.jpg 300w, https:\/\/www.tourisme-volvestre.fr\/wp-content\/uploads\/2025\/06\/Chevrerie_Souleya_14-1024x683.jpg 1024w, https:\/\/www.tourisme-volvestre.fr\/wp-content\/uploads\/2025\/06\/Chevrerie_Souleya_14-768x512.jpg 768w, https:\/\/www.tourisme-volvestre.fr\/wp-content\/uploads\/2025\/06\/Chevrerie_Souleya_14-1536x1024.jpg 1536w, https:\/\/www.tourisme-volvestre.fr\/wp-content\/uploads\/2025\/06\/Chevrerie_Souleya_14-2048x1366.jpg 2048w\" sizes=\"auto, (max-width: 2560px) 100vw, 2560px\" \/><\/a><figcaption class=\"wp-element-caption\">Ch\u00e8vrerie de Souleya @maximesacr\u00e9<\/figcaption><\/figure>\n\n\n\n<div class=\"wp-block-buttons is-content-justification-center is-layout-flex wp-container-core-buttons-is-layout-a89b3969 wp-block-buttons-is-layout-flex\">\n<div class=\"wp-block-button\"><a class=\"wp-block-button__link wp-element-button\" href=\"https:\/\/www.tourisme-volvestre.fr\/nuestros-productores\/?lang=es\">Nuestros productores locales<\/a><\/div>\n<\/div>\n<\/div>\n\n\n\n<div class=\"wp-block-column is-layout-flow wp-block-column-is-layout-flow\">\n<figure class=\"wp-block-image aligncenter size-full has-custom-border\"><img loading=\"lazy\" decoding=\"async\" width=\"1705\" height=\"2560\" src=\"https:\/\/www.tourisme-volvestre.fr\/wp-content\/uploads\/2025\/06\/saintsulpicesurleze_domainedescons_anne_exterieur@awardphotographie.jpg\" alt=\"\" class=\"wp-image-6255\" style=\"border-radius:25px;aspect-ratio:1;object-fit:cover\" srcset=\"https:\/\/www.tourisme-volvestre.fr\/wp-content\/uploads\/2025\/06\/saintsulpicesurleze_domainedescons_anne_exterieur@awardphotographie.jpg 1705w, https:\/\/www.tourisme-volvestre.fr\/wp-content\/uploads\/2025\/06\/saintsulpicesurleze_domainedescons_anne_exterieur@awardphotographie-200x300.jpg 200w, https:\/\/www.tourisme-volvestre.fr\/wp-content\/uploads\/2025\/06\/saintsulpicesurleze_domainedescons_anne_exterieur@awardphotographie-682x1024.jpg 682w, https:\/\/www.tourisme-volvestre.fr\/wp-content\/uploads\/2025\/06\/saintsulpicesurleze_domainedescons_anne_exterieur@awardphotographie-768x1153.jpg 768w, https:\/\/www.tourisme-volvestre.fr\/wp-content\/uploads\/2025\/06\/saintsulpicesurleze_domainedescons_anne_exterieur@awardphotographie-1023x1536.jpg 1023w, https:\/\/www.tourisme-volvestre.fr\/wp-content\/uploads\/2025\/06\/saintsulpicesurleze_domainedescons_anne_exterieur@awardphotographie-1364x2048.jpg 1364w\" sizes=\"auto, (max-width: 1705px) 100vw, 1705px\" \/><figcaption class=\"wp-element-caption\">Domaine d&#8217;Escons @awardphotography<\/figcaption><\/figure>\n\n\n\n<div class=\"wp-block-buttons is-content-justification-center is-layout-flex wp-container-core-buttons-is-layout-a89b3969 wp-block-buttons-is-layout-flex\">\n<div class=\"wp-block-button\"><a class=\"wp-block-button__link wp-element-button\" href=\"https:\/\/www.tourisme-volvestre.fr\/nuestras-escursiones\/?lang=es\">Nuestras escursiones<\/a><\/div>\n<\/div>\n<\/div>\n\n\n\n<div class=\"wp-block-column is-layout-flow wp-block-column-is-layout-flow\">\n<figure class=\"wp-block-image aligncenter size-full has-custom-border\"><a href=\"https:\/\/www.tourisme-volvestre.fr\/wp-admin\/post.php?post=4377&amp;action=edit&amp;lang=fr\"><img loading=\"lazy\" decoding=\"async\" width=\"1708\" height=\"2560\" src=\"https:\/\/www.tourisme-volvestre.fr\/wp-content\/uploads\/2025\/06\/carbonne_marche_oignons@pierrehonore-min-1.jpg\" alt=\"\" class=\"wp-image-5123\" style=\"border-radius:25px;aspect-ratio:1;object-fit:cover\" srcset=\"https:\/\/www.tourisme-volvestre.fr\/wp-content\/uploads\/2025\/06\/carbonne_marche_oignons@pierrehonore-min-1.jpg 1708w, https:\/\/www.tourisme-volvestre.fr\/wp-content\/uploads\/2025\/06\/carbonne_marche_oignons@pierrehonore-min-1-200x300.jpg 200w, https:\/\/www.tourisme-volvestre.fr\/wp-content\/uploads\/2025\/06\/carbonne_marche_oignons@pierrehonore-min-1-683x1024.jpg 683w, https:\/\/www.tourisme-volvestre.fr\/wp-content\/uploads\/2025\/06\/carbonne_marche_oignons@pierrehonore-min-1-768x1151.jpg 768w, https:\/\/www.tourisme-volvestre.fr\/wp-content\/uploads\/2025\/06\/carbonne_marche_oignons@pierrehonore-min-1-1025x1536.jpg 1025w, https:\/\/www.tourisme-volvestre.fr\/wp-content\/uploads\/2025\/06\/carbonne_marche_oignons@pierrehonore-min-1-1366x2048.jpg 1366w\" sizes=\"auto, (max-width: 1708px) 100vw, 1708px\" \/><\/a><figcaption class=\"wp-element-caption\">Mercado de Carbonne @pierrehonor\u00e9<\/figcaption><\/figure>\n\n\n\n<div class=\"wp-block-buttons is-content-justification-center is-layout-flex wp-container-core-buttons-is-layout-a89b3969 wp-block-buttons-is-layout-flex\">\n<div class=\"wp-block-button\"><a class=\"wp-block-button__link wp-element-button\" href=\"https:\/\/www.tourisme-volvestre.fr\/los-mercados-del-volvestre\/?lang=es\">Nuestros mercados<\/a><\/div>\n<\/div>\n<\/div>\n\n\n\n<div class=\"wp-block-column is-layout-flow wp-block-column-is-layout-flow\">\n<figure class=\"wp-block-image aligncenter size-full has-custom-border\"><a href=\"https:\/\/www.tourisme-volvestre.fr\/wp-admin\/post.php?post=1487&amp;action=edit&amp;lang=fr\"><img loading=\"lazy\" decoding=\"async\" width=\"2560\" height=\"1707\" src=\"https:\/\/www.tourisme-volvestre.fr\/wp-content\/uploads\/2025\/06\/saintsulpicesurleze_patrimoine_paysage_face@mariont.jpg\" alt=\"\" class=\"wp-image-6240\" style=\"border-radius:25px;aspect-ratio:1;object-fit:cover\" srcset=\"https:\/\/www.tourisme-volvestre.fr\/wp-content\/uploads\/2025\/06\/saintsulpicesurleze_patrimoine_paysage_face@mariont.jpg 2560w, https:\/\/www.tourisme-volvestre.fr\/wp-content\/uploads\/2025\/06\/saintsulpicesurleze_patrimoine_paysage_face@mariont-300x200.jpg 300w, https:\/\/www.tourisme-volvestre.fr\/wp-content\/uploads\/2025\/06\/saintsulpicesurleze_patrimoine_paysage_face@mariont-1024x683.jpg 1024w, https:\/\/www.tourisme-volvestre.fr\/wp-content\/uploads\/2025\/06\/saintsulpicesurleze_patrimoine_paysage_face@mariont-768x512.jpg 768w, https:\/\/www.tourisme-volvestre.fr\/wp-content\/uploads\/2025\/06\/saintsulpicesurleze_patrimoine_paysage_face@mariont-1536x1024.jpg 1536w, https:\/\/www.tourisme-volvestre.fr\/wp-content\/uploads\/2025\/06\/saintsulpicesurleze_patrimoine_paysage_face@mariont-2048x1366.jpg 2048w\" sizes=\"auto, (max-width: 2560px) 100vw, 2560px\" \/><\/a><figcaption class=\"wp-element-caption\">Molino de Pesqui\u00e8s @mariont<\/figcaption><\/figure>\n\n\n\n<div class=\"wp-block-buttons is-content-justification-center is-layout-flex wp-container-core-buttons-is-layout-a89b3969 wp-block-buttons-is-layout-flex\">\n<div class=\"wp-block-button\"><a class=\"wp-block-button__link wp-element-button\" href=\"https:\/\/www.tourisme-volvestre.fr\/nuestros-lugares-para-picnic\/?lang=es\">Nuestras mesas de picnic<\/a><\/div>\n<\/div>\n<\/div>\n<\/div>\n<\/div>\n<\/div>\n","protected":false},"excerpt":{"rendered":"<p>\u00a1Un peque\u00f1o mercado y un peque\u00f1o paseo! \u00bfQu\u00e9 mejor que un mercado antes de una excursi\u00f3n? \u00a1Es la oportunidad perfecta para preparar un delicioso picnic! \u00bfTe apetece comer algo despu\u00e9s de entrenar? Tambi\u00e9n tenemos mercados al final del d\u00eda. El mercado de Massabrac y su recorrido En esta ruta de senderismo parcialmente sombreada, disfrutar\u00e1 de [&hellip;]<\/p>\n","protected":false},"author":6,"featured_media":2685,"parent":0,"menu_order":0,"comment_status":"closed","ping_status":"closed","template":"page-no-title","meta":{"_acf_changed":false,"inline_featured_image":false,"footnotes":""},"class_list":["post-9563","page","type-page","status-publish","has-post-thumbnail","hentry"],"acf":[],"yoast_head":"<!-- This site is optimized with the Yoast SEO plugin v27.3 - https:\/\/yoast.com\/product\/yoast-seo-wordpress\/ -->\n<title>Paseo y mercado - Volvestre Tourisme<\/title>\n<meta name=\"description\" content=\"\u00bfLe gusta comer bien y hacer deporte? \u00a1Descubra nuestras sugerencias de excursiones combinadas con mercados de productores y artesanos locales!\" \/>\n<meta name=\"robots\" content=\"index, follow, max-snippet:-1, max-image-preview:large, max-video-preview:-1\" \/>\n<link rel=\"canonical\" href=\"https:\/\/www.tourisme-volvestre.fr\/es\/paseo-y-mercado\/\" \/>\n<meta property=\"og:locale\" content=\"es_ES\" \/>\n<meta property=\"og:type\" content=\"article\" \/>\n<meta property=\"og:title\" content=\"Paseo y mercado - Volvestre Tourisme\" \/>\n<meta property=\"og:description\" content=\"\u00bfLe gusta comer bien y hacer deporte? \u00a1Descubra nuestras sugerencias de excursiones combinadas con mercados de productores y artesanos locales!\" \/>\n<meta property=\"og:url\" content=\"https:\/\/www.tourisme-volvestre.fr\/es\/paseo-y-mercado\/\" \/>\n<meta property=\"og:site_name\" content=\"Volvestre Tourisme\" \/>\n<meta property=\"article:publisher\" content=\"https:\/\/www.facebook.com\/TourismeVolvestre\" \/>\n<meta property=\"article:modified_time\" content=\"2025-09-01T09:43:56+00:00\" \/>\n<meta property=\"og:image\" content=\"https:\/\/www.tourisme-volvestre.fr\/wp-content\/uploads\/2025\/05\/volvestre-2025-186-scaled.jpg\" \/>\n\t<meta property=\"og:image:width\" content=\"2560\" \/>\n\t<meta property=\"og:image:height\" content=\"1707\" \/>\n\t<meta property=\"og:image:type\" content=\"image\/jpeg\" \/>\n<meta name=\"twitter:card\" content=\"summary_large_image\" \/>\n<meta name=\"twitter:label1\" content=\"Tiempo de lectura\" \/>\n\t<meta name=\"twitter:data1\" content=\"1 minuto\" \/>\n<script type=\"application\/ld+json\" class=\"yoast-schema-graph\">{\"@context\":\"https:\\\/\\\/schema.org\",\"@graph\":[{\"@type\":\"WebPage\",\"@id\":\"https:\\\/\\\/www.tourisme-volvestre.fr\\\/es\\\/paseo-y-mercado\\\/\",\"url\":\"https:\\\/\\\/www.tourisme-volvestre.fr\\\/es\\\/paseo-y-mercado\\\/\",\"name\":\"Paseo y mercado - Volvestre Tourisme\",\"isPartOf\":{\"@id\":\"https:\\\/\\\/www.tourisme-volvestre.fr\\\/es\\\/#website\"},\"primaryImageOfPage\":{\"@id\":\"https:\\\/\\\/www.tourisme-volvestre.fr\\\/es\\\/paseo-y-mercado\\\/#primaryimage\"},\"image\":{\"@id\":\"https:\\\/\\\/www.tourisme-volvestre.fr\\\/es\\\/paseo-y-mercado\\\/#primaryimage\"},\"thumbnailUrl\":\"https:\\\/\\\/www.tourisme-volvestre.fr\\\/wp-content\\\/uploads\\\/2025\\\/05\\\/volvestre-2025-186-scaled.jpg\",\"datePublished\":\"2025-06-08T15:54:18+00:00\",\"dateModified\":\"2025-09-01T09:43:56+00:00\",\"description\":\"\u00bfLe gusta comer bien y hacer deporte? \u00a1Descubra nuestras sugerencias de excursiones combinadas con mercados de productores y artesanos locales!\",\"breadcrumb\":{\"@id\":\"https:\\\/\\\/www.tourisme-volvestre.fr\\\/es\\\/paseo-y-mercado\\\/#breadcrumb\"},\"inLanguage\":\"es\",\"potentialAction\":[{\"@type\":\"ReadAction\",\"target\":[\"https:\\\/\\\/www.tourisme-volvestre.fr\\\/es\\\/paseo-y-mercado\\\/\"]}]},{\"@type\":\"ImageObject\",\"inLanguage\":\"es\",\"@id\":\"https:\\\/\\\/www.tourisme-volvestre.fr\\\/es\\\/paseo-y-mercado\\\/#primaryimage\",\"url\":\"https:\\\/\\\/www.tourisme-volvestre.fr\\\/wp-content\\\/uploads\\\/2025\\\/05\\\/volvestre-2025-186-scaled.jpg\",\"contentUrl\":\"https:\\\/\\\/www.tourisme-volvestre.fr\\\/wp-content\\\/uploads\\\/2025\\\/05\\\/volvestre-2025-186-scaled.jpg\",\"width\":2560,\"height\":1707},{\"@type\":\"BreadcrumbList\",\"@id\":\"https:\\\/\\\/www.tourisme-volvestre.fr\\\/es\\\/paseo-y-mercado\\\/#breadcrumb\",\"itemListElement\":[{\"@type\":\"ListItem\",\"position\":1,\"name\":\"Accueil\",\"item\":\"https:\\\/\\\/www.tourisme-volvestre.fr\\\/es\\\/?lang=es\"},{\"@type\":\"ListItem\",\"position\":2,\"name\":\"Paseo y mercado\"}]},{\"@type\":\"WebSite\",\"@id\":\"https:\\\/\\\/www.tourisme-volvestre.fr\\\/es\\\/#website\",\"url\":\"https:\\\/\\\/www.tourisme-volvestre.fr\\\/es\\\/\",\"name\":\"Volvestre Tourisme\",\"description\":\"\",\"publisher\":{\"@id\":\"https:\\\/\\\/www.tourisme-volvestre.fr\\\/es\\\/#organization\"},\"alternateName\":\"OT Volvestre\",\"potentialAction\":[{\"@type\":\"SearchAction\",\"target\":{\"@type\":\"EntryPoint\",\"urlTemplate\":\"https:\\\/\\\/www.tourisme-volvestre.fr\\\/es\\\/?s={search_term_string}\"},\"query-input\":{\"@type\":\"PropertyValueSpecification\",\"valueRequired\":true,\"valueName\":\"search_term_string\"}}],\"inLanguage\":\"es\"},{\"@type\":\"Organization\",\"@id\":\"https:\\\/\\\/www.tourisme-volvestre.fr\\\/es\\\/#organization\",\"name\":\"Volvestre Tourisme\",\"url\":\"https:\\\/\\\/www.tourisme-volvestre.fr\\\/es\\\/\",\"logo\":{\"@type\":\"ImageObject\",\"inLanguage\":\"es\",\"@id\":\"https:\\\/\\\/www.tourisme-volvestre.fr\\\/es\\\/#\\\/schema\\\/logo\\\/image\\\/\",\"url\":\"https:\\\/\\\/www.tourisme-volvestre.fr\\\/wp-content\\\/uploads\\\/2025\\\/02\\\/logo-site.png\",\"contentUrl\":\"https:\\\/\\\/www.tourisme-volvestre.fr\\\/wp-content\\\/uploads\\\/2025\\\/02\\\/logo-site.png\",\"width\":152,\"height\":152,\"caption\":\"Volvestre Tourisme\"},\"image\":{\"@id\":\"https:\\\/\\\/www.tourisme-volvestre.fr\\\/es\\\/#\\\/schema\\\/logo\\\/image\\\/\"},\"sameAs\":[\"https:\\\/\\\/www.facebook.com\\\/TourismeVolvestre\",\"https:\\\/\\\/www.instagram.com\\\/tourismevolvestre\"]}]}<\/script>\n<!-- \/ Yoast SEO plugin. -->","yoast_head_json":{"title":"Paseo y mercado - Volvestre Tourisme","description":"\u00bfLe gusta comer bien y hacer deporte? \u00a1Descubra nuestras sugerencias de excursiones combinadas con mercados de productores y artesanos locales!","robots":{"index":"index","follow":"follow","max-snippet":"max-snippet:-1","max-image-preview":"max-image-preview:large","max-video-preview":"max-video-preview:-1"},"canonical":"https:\/\/www.tourisme-volvestre.fr\/es\/paseo-y-mercado\/","og_locale":"es_ES","og_type":"article","og_title":"Paseo y mercado - Volvestre Tourisme","og_description":"\u00bfLe gusta comer bien y hacer deporte? \u00a1Descubra nuestras sugerencias de excursiones combinadas con mercados de productores y artesanos locales!","og_url":"https:\/\/www.tourisme-volvestre.fr\/es\/paseo-y-mercado\/","og_site_name":"Volvestre Tourisme","article_publisher":"https:\/\/www.facebook.com\/TourismeVolvestre","article_modified_time":"2025-09-01T09:43:56+00:00","og_image":[{"width":2560,"height":1707,"url":"https:\/\/www.tourisme-volvestre.fr\/wp-content\/uploads\/2025\/05\/volvestre-2025-186-scaled.jpg","type":"image\/jpeg"}],"twitter_card":"summary_large_image","twitter_misc":{"Tiempo de lectura":"1 minuto"},"schema":{"@context":"https:\/\/schema.org","@graph":[{"@type":"WebPage","@id":"https:\/\/www.tourisme-volvestre.fr\/es\/paseo-y-mercado\/","url":"https:\/\/www.tourisme-volvestre.fr\/es\/paseo-y-mercado\/","name":"Paseo y mercado - Volvestre Tourisme","isPartOf":{"@id":"https:\/\/www.tourisme-volvestre.fr\/es\/#website"},"primaryImageOfPage":{"@id":"https:\/\/www.tourisme-volvestre.fr\/es\/paseo-y-mercado\/#primaryimage"},"image":{"@id":"https:\/\/www.tourisme-volvestre.fr\/es\/paseo-y-mercado\/#primaryimage"},"thumbnailUrl":"https:\/\/www.tourisme-volvestre.fr\/wp-content\/uploads\/2025\/05\/volvestre-2025-186-scaled.jpg","datePublished":"2025-06-08T15:54:18+00:00","dateModified":"2025-09-01T09:43:56+00:00","description":"\u00bfLe gusta comer bien y hacer deporte? \u00a1Descubra nuestras sugerencias de excursiones combinadas con mercados de productores y artesanos locales!","breadcrumb":{"@id":"https:\/\/www.tourisme-volvestre.fr\/es\/paseo-y-mercado\/#breadcrumb"},"inLanguage":"es","potentialAction":[{"@type":"ReadAction","target":["https:\/\/www.tourisme-volvestre.fr\/es\/paseo-y-mercado\/"]}]},{"@type":"ImageObject","inLanguage":"es","@id":"https:\/\/www.tourisme-volvestre.fr\/es\/paseo-y-mercado\/#primaryimage","url":"https:\/\/www.tourisme-volvestre.fr\/wp-content\/uploads\/2025\/05\/volvestre-2025-186-scaled.jpg","contentUrl":"https:\/\/www.tourisme-volvestre.fr\/wp-content\/uploads\/2025\/05\/volvestre-2025-186-scaled.jpg","width":2560,"height":1707},{"@type":"BreadcrumbList","@id":"https:\/\/www.tourisme-volvestre.fr\/es\/paseo-y-mercado\/#breadcrumb","itemListElement":[{"@type":"ListItem","position":1,"name":"Accueil","item":"https:\/\/www.tourisme-volvestre.fr\/es\/?lang=es"},{"@type":"ListItem","position":2,"name":"Paseo y mercado"}]},{"@type":"WebSite","@id":"https:\/\/www.tourisme-volvestre.fr\/es\/#website","url":"https:\/\/www.tourisme-volvestre.fr\/es\/","name":"Volvestre Tourisme","description":"","publisher":{"@id":"https:\/\/www.tourisme-volvestre.fr\/es\/#organization"},"alternateName":"OT Volvestre","potentialAction":[{"@type":"SearchAction","target":{"@type":"EntryPoint","urlTemplate":"https:\/\/www.tourisme-volvestre.fr\/es\/?s={search_term_string}"},"query-input":{"@type":"PropertyValueSpecification","valueRequired":true,"valueName":"search_term_string"}}],"inLanguage":"es"},{"@type":"Organization","@id":"https:\/\/www.tourisme-volvestre.fr\/es\/#organization","name":"Volvestre Tourisme","url":"https:\/\/www.tourisme-volvestre.fr\/es\/","logo":{"@type":"ImageObject","inLanguage":"es","@id":"https:\/\/www.tourisme-volvestre.fr\/es\/#\/schema\/logo\/image\/","url":"https:\/\/www.tourisme-volvestre.fr\/wp-content\/uploads\/2025\/02\/logo-site.png","contentUrl":"https:\/\/www.tourisme-volvestre.fr\/wp-content\/uploads\/2025\/02\/logo-site.png","width":152,"height":152,"caption":"Volvestre Tourisme"},"image":{"@id":"https:\/\/www.tourisme-volvestre.fr\/es\/#\/schema\/logo\/image\/"},"sameAs":["https:\/\/www.facebook.com\/TourismeVolvestre","https:\/\/www.instagram.com\/tourismevolvestre"]}]}},"_links":{"self":[{"href":"https:\/\/www.tourisme-volvestre.fr\/es\/wp-json\/wp\/v2\/pages\/9563","targetHints":{"allow":["GET"]}}],"collection":[{"href":"https:\/\/www.tourisme-volvestre.fr\/es\/wp-json\/wp\/v2\/pages"}],"about":[{"href":"https:\/\/www.tourisme-volvestre.fr\/es\/wp-json\/wp\/v2\/types\/page"}],"author":[{"embeddable":true,"href":"https:\/\/www.tourisme-volvestre.fr\/es\/wp-json\/wp\/v2\/users\/6"}],"replies":[{"embeddable":true,"href":"https:\/\/www.tourisme-volvestre.fr\/es\/wp-json\/wp\/v2\/comments?post=9563"}],"version-history":[{"count":4,"href":"https:\/\/www.tourisme-volvestre.fr\/es\/wp-json\/wp\/v2\/pages\/9563\/revisions"}],"predecessor-version":[{"id":9811,"href":"https:\/\/www.tourisme-volvestre.fr\/es\/wp-json\/wp\/v2\/pages\/9563\/revisions\/9811"}],"wp:featuredmedia":[{"embeddable":true,"href":"https:\/\/www.tourisme-volvestre.fr\/es\/wp-json\/wp\/v2\/media\/2685"}],"wp:attachment":[{"href":"https:\/\/www.tourisme-volvestre.fr\/es\/wp-json\/wp\/v2\/media?parent=9563"}],"curies":[{"name":"wp","href":"https:\/\/api.w.org\/{rel}","templated":true}]}}