{"id":9592,"date":"2025-06-08T16:24:51","date_gmt":"2025-06-08T14:24:51","guid":{"rendered":"https:\/\/www.tourisme-volvestre.fr\/nuestras-excursiones-comentadas\/"},"modified":"2025-09-01T11:43:15","modified_gmt":"2025-09-01T09:43:15","slug":"nuestras-excursiones-comentadas","status":"publish","type":"page","link":"https:\/\/www.tourisme-volvestre.fr\/es\/nuestras-excursiones-comentadas\/","title":{"rendered":"Nuestras excursiones comentadas"},"content":{"rendered":"\n<div class=\"wp-block-columns is-layout-flex wp-container-core-columns-is-layout-28f84493 wp-block-columns-is-layout-flex\">\n<div class=\"wp-block-column is-layout-flow wp-block-column-is-layout-flow\">\n<h3 class=\"wp-block-heading has-text-align-center\" style=\"font-size:clamp(1.25rem, 1.25rem + ((1vw - 0.2rem) * 1.25), 2rem);\">\u00a1Conoce a los actores del Volvestre!<\/h3>\n\n\n\n<figure class=\"wp-block-image aligncenter size-full is-style-rounded is-style-rounded--1\"><img loading=\"lazy\" decoding=\"async\" width=\"2560\" height=\"1826\" src=\"https:\/\/www.tourisme-volvestre.fr\/wp-content\/uploads\/2025\/06\/peyssies_echorando_hibou_fig_ete@oti-1.jpg\" alt=\"\" class=\"wp-image-4352\" srcset=\"https:\/\/www.tourisme-volvestre.fr\/wp-content\/uploads\/2025\/06\/peyssies_echorando_hibou_fig_ete@oti-1.jpg 2560w, https:\/\/www.tourisme-volvestre.fr\/wp-content\/uploads\/2025\/06\/peyssies_echorando_hibou_fig_ete@oti-1-300x214.jpg 300w, https:\/\/www.tourisme-volvestre.fr\/wp-content\/uploads\/2025\/06\/peyssies_echorando_hibou_fig_ete@oti-1-1024x730.jpg 1024w, https:\/\/www.tourisme-volvestre.fr\/wp-content\/uploads\/2025\/06\/peyssies_echorando_hibou_fig_ete@oti-1-768x548.jpg 768w, https:\/\/www.tourisme-volvestre.fr\/wp-content\/uploads\/2025\/06\/peyssies_echorando_hibou_fig_ete@oti-1-1536x1096.jpg 1536w, https:\/\/www.tourisme-volvestre.fr\/wp-content\/uploads\/2025\/06\/peyssies_echorando_hibou_fig_ete@oti-1-2048x1461.jpg 2048w\" sizes=\"auto, (max-width: 2560px) 100vw, 2560px\" \/><figcaption class=\"wp-element-caption\">Paseo del cetrero en Peyssies @oti<\/figcaption><\/figure>\n<\/div>\n<\/div>\n\n<div class=\"wp-block-columns is-layout-flex wp-container-core-columns-is-layout-28f84493 wp-block-columns-is-layout-flex\">\n<div class=\"wp-block-column is-layout-flow wp-block-column-is-layout-flow\">\n<h2 class=\"wp-block-heading has-large-font-size\">Las excursiones comentadas : una programaci\u00f3n variada durante todo el a\u00f1o<\/h2>\n\n\n\n<p>\ud83c\udf3fLas excursiones comentadas es un programa de senderismo guiado gratuito ofrecido por la Oficina de turismo del Volvestre. Durante todo el a\u00f1o, conozca a los lugare\u00f1os : <\/p>\n\n\n\n<ul class=\"wp-block-list\">\n<li>Los artesanos y artistas<\/li>\n\n\n\n<li>Los productores y agricultores<\/li>\n\n\n\n<li>Los apasionados <\/li>\n<\/ul>\n\n\n\n<p>J\u00f3venes y mayores, vengan a conocer a quienes animan el Volvestre durante una excursi\u00f3n. Consulten nuestro programa y no olviden reservar por tel\u00e9fono al 05 61 87 63 33, por correo electr\u00f3nico a officetourisme@cc-volvestre.fr o en l\u00ednea. <\/p>\n\n\n\n<div class=\"wp-block-buttons is-layout-flex wp-block-buttons-is-layout-flex\">\n<div class=\"wp-block-button\"><a class=\"wp-block-button__link wp-element-button\" href=\"https:\/\/forms.office.com\/Pages\/ResponsePage.aspx?id=t9ZlGeaEYUmcgG6YxtTvv0yRo04n3yZIthBof7t2eglUQlg2WTdQU0NKM1RXV1hNTkFFOExYN0QwOC4u\" target=\"_blank\" rel=\"noreferrer noopener\">Reserva en l\u00ednea<\/a><\/div>\n\n\n\n<div class=\"wp-block-button\"><a class=\"wp-block-button__link wp-element-button\" href=\"https:\/\/www.tourisme-volvestre.fr\/nuestras-excursiones-guiadas-en-volvestre\/?lang=es\">El programa<\/a><\/div>\n<\/div>\n<\/div>\n\n\n\n<div class=\"wp-block-column is-layout-flow wp-block-column-is-layout-flow\">\n<figure class=\"wp-block-image aligncenter size-large is-style-rounded is-style-rounded--2\"><img loading=\"lazy\" decoding=\"async\" width=\"771\" height=\"1024\" src=\"https:\/\/www.tourisme-volvestre.fr\/wp-content\/uploads\/2025\/06\/montbrun_echorando_groupe_ete@oti-771x1024.jpg\" alt=\"\" class=\"wp-image-4340\" style=\"aspect-ratio:1;object-fit:cover\" srcset=\"https:\/\/www.tourisme-volvestre.fr\/wp-content\/uploads\/2025\/06\/montbrun_echorando_groupe_ete@oti-771x1024.jpg 771w, https:\/\/www.tourisme-volvestre.fr\/wp-content\/uploads\/2025\/06\/montbrun_echorando_groupe_ete@oti-226x300.jpg 226w, https:\/\/www.tourisme-volvestre.fr\/wp-content\/uploads\/2025\/06\/montbrun_echorando_groupe_ete@oti-768x1020.jpg 768w, https:\/\/www.tourisme-volvestre.fr\/wp-content\/uploads\/2025\/06\/montbrun_echorando_groupe_ete@oti-1157x1536.jpg 1157w, https:\/\/www.tourisme-volvestre.fr\/wp-content\/uploads\/2025\/06\/montbrun_echorando_groupe_ete@oti-1542x2048.jpg 1542w, https:\/\/www.tourisme-volvestre.fr\/wp-content\/uploads\/2025\/06\/montbrun_echorando_groupe_ete@oti.jpg 1928w\" sizes=\"auto, (max-width: 771px) 100vw, 771px\" \/><figcaption class=\"wp-element-caption\">Paseo de insectos en Montbrun-Bocage @oti<\/figcaption><\/figure>\n<\/div>\n<\/div>\n\n<div class=\"wp-block-columns is-layout-flex wp-container-core-columns-is-layout-28f84493 wp-block-columns-is-layout-flex\">\n<div class=\"wp-block-column is-layout-flow wp-block-column-is-layout-flow\">\n<figure class=\"wp-block-image aligncenter size-large is-style-rounded is-style-rounded--3\"><img loading=\"lazy\" decoding=\"async\" width=\"683\" height=\"1024\" src=\"https:\/\/www.tourisme-volvestre.fr\/wp-content\/uploads\/2025\/06\/Insecte_6-683x1024.jpg\" alt=\"\" class=\"wp-image-4355\" style=\"aspect-ratio:1;object-fit:cover\" srcset=\"https:\/\/www.tourisme-volvestre.fr\/wp-content\/uploads\/2025\/06\/Insecte_6-683x1024.jpg 683w, https:\/\/www.tourisme-volvestre.fr\/wp-content\/uploads\/2025\/06\/Insecte_6-200x300.jpg 200w, https:\/\/www.tourisme-volvestre.fr\/wp-content\/uploads\/2025\/06\/Insecte_6-768x1152.jpg 768w, https:\/\/www.tourisme-volvestre.fr\/wp-content\/uploads\/2025\/06\/Insecte_6-1024x1536.jpg 1024w, https:\/\/www.tourisme-volvestre.fr\/wp-content\/uploads\/2025\/06\/Insecte_6-1366x2048.jpg 1366w, https:\/\/www.tourisme-volvestre.fr\/wp-content\/uploads\/2025\/06\/Insecte_6.jpg 1707w\" sizes=\"auto, (max-width: 683px) 100vw, 683px\" \/><figcaption class=\"wp-element-caption\">Le diablotin de Provence @maximesacr\u00e9<\/figcaption><\/figure>\n<\/div>\n\n\n\n<div class=\"wp-block-column is-layout-flow wp-block-column-is-layout-flow\">\n<h2 class=\"wp-block-heading has-large-font-size\">La biodiversidad a tu alcance <\/h2>\n\n\n\n<p>\ud83e\udeb6 \u00bfAmantes de la naturaleza? <\/p>\n\n\n\n<p>Las excursiones comentadas te lleva de viaje al fascinante mundo de la flora y la fauna. Cada a\u00f1o, convocamos a expertos para educar a vosotros sobre la biodiversidad : <\/p>\n\n\n\n<ul class=\"wp-block-list\">\n<li>Insectos<\/li>\n\n\n\n<li>Rapaces nocturnas<\/li>\n\n\n\n<li>Orqu\u00eddeas silvestres<\/li>\n\n\n\n<li>Aves acu\u00e1ticas<\/li>\n\n\n\n<li>\u00a1Y m\u00e1s!<\/li>\n<\/ul>\n\n\n\n<p>Tambi\u00e9n podr\u00e1s conocer a los educadores de la naturaleza y los espacios naturales del Volvestre.<\/p>\n\n\n\n<div class=\"wp-block-buttons is-layout-flex wp-block-buttons-is-layout-flex\">\n<div class=\"wp-block-button is-style-fill\"><a class=\"wp-block-button__link wp-element-button\" href=\"https:\/\/laclairiereauxinsectes.fr\/\" target=\"_blank\" rel=\"noreferrer noopener\">La Clairi\u00e8re des insectes<\/a><\/div>\n\n\n\n<div class=\"wp-block-button\"><a class=\"wp-block-button__link wp-element-button\" href=\"https:\/\/www.domainedelaterrasse.fr\/activites-touristiques\/\" target=\"_blank\" rel=\"noreferrer noopener\">Le Domaine de la Terrasse<\/a><\/div>\n<\/div>\n<\/div>\n<\/div>\n\n<div class=\"wp-block-group alignfull has-global-padding is-layout-constrained wp-container-core-group-is-layout-51ce9fa2 wp-block-group-is-layout-constrained has-background\" style=\"margin-top:0;margin-bottom:0;padding-top:var(--wp--preset--spacing--30);padding-right:0;padding-bottom:var(--wp--preset--spacing--30);padding-left:0;background-image:url(&apos;https:\/\/www.tourisme-volvestre.fr\/wp-content\/uploads\/2025\/02\/fond-a-vivre.png&apos;);background-position:0% 50%;background-size:cover;\">\n<h2 class=\"wp-block-heading has-text-align-center is-style-default has-contrast-2-color has-text-color has-link-color wp-elements-7ccf6253bf3b48795286ca4fec4efa58\">nature <mark style=\"background-color:rgba(0, 0, 0, 0);color:#1d1d1b\" class=\"has-inline-color\">en Volvestre<\/mark><\/h2>\n\n\n\n<div class=\"wp-block-group is-layout-flow wp-block-group-is-layout-flow\" style=\"margin-top:0;margin-bottom:0;padding-top:var(--wp--preset--spacing--50);padding-right:0;padding-bottom:0;padding-left:0\">\n<div class=\"wp-block-columns is-layout-flex wp-container-core-columns-is-layout-28f84493 wp-block-columns-is-layout-flex\">\n<div class=\"wp-block-column is-layout-flow wp-block-column-is-layout-flow\">\n<div style=\"height:25px\" aria-hidden=\"true\" class=\"wp-block-spacer\"><\/div>\n\n\n\n<div class=\"wp-block-cover has-custom-content-position is-position-bottom-center\"><img loading=\"lazy\" decoding=\"async\" width=\"771\" height=\"1024\" class=\"wp-block-cover__image-background wp-image-5831 size-large\" alt=\"\" src=\"https:\/\/www.tourisme-volvestre.fr\/wp-content\/uploads\/2025\/06\/mailholas_orchis_becasse_blanche@oti-771x1024.jpg\" data-object-fit=\"cover\" srcset=\"https:\/\/www.tourisme-volvestre.fr\/wp-content\/uploads\/2025\/06\/mailholas_orchis_becasse_blanche@oti-771x1024.jpg 771w, https:\/\/www.tourisme-volvestre.fr\/wp-content\/uploads\/2025\/06\/mailholas_orchis_becasse_blanche@oti-226x300.jpg 226w, https:\/\/www.tourisme-volvestre.fr\/wp-content\/uploads\/2025\/06\/mailholas_orchis_becasse_blanche@oti-768x1020.jpg 768w, https:\/\/www.tourisme-volvestre.fr\/wp-content\/uploads\/2025\/06\/mailholas_orchis_becasse_blanche@oti-1157x1536.jpg 1157w, https:\/\/www.tourisme-volvestre.fr\/wp-content\/uploads\/2025\/06\/mailholas_orchis_becasse_blanche@oti-1542x2048.jpg 1542w, https:\/\/www.tourisme-volvestre.fr\/wp-content\/uploads\/2025\/06\/mailholas_orchis_becasse_blanche@oti.jpg 1928w\" sizes=\"auto, (max-width: 771px) 100vw, 771px\" \/><span aria-hidden=\"true\" class=\"wp-block-cover__background has-background-dim wp-block-cover__gradient-background has-background-gradient\" style=\"background:linear-gradient(180deg,rgba(163,163,163,0.1) 0%,rgba(0,0,0,0.84) 100%)\"><\/span><div class=\"wp-block-cover__inner-container has-global-padding is-layout-constrained wp-block-cover-is-layout-constrained\">\n<h2 class=\"wp-block-heading has-text-align-center has-base-2-color has-text-color has-link-color has-large-font-size wp-elements-3baa04fc28c25a70285b31ce5993aec4\"><a href=\"https:\/\/www.tourisme-volvestre.fr\/nos-sites-naturels\/\">nos sites naturels<\/a><\/h2>\n<\/div><\/div>\n<\/div>\n\n\n\n<div class=\"wp-block-column is-layout-flow wp-block-column-is-layout-flow\">\n<div class=\"wp-block-cover has-custom-content-position is-position-bottom-center\"><img loading=\"lazy\" decoding=\"async\" width=\"2560\" height=\"1707\" class=\"wp-block-cover__image-background wp-image-5823 size-full\" alt=\"\" src=\"https:\/\/www.tourisme-volvestre.fr\/wp-content\/uploads\/2025\/06\/volvestre-2025-14-1.jpg\" data-object-fit=\"cover\" srcset=\"https:\/\/www.tourisme-volvestre.fr\/wp-content\/uploads\/2025\/06\/volvestre-2025-14-1.jpg 2560w, https:\/\/www.tourisme-volvestre.fr\/wp-content\/uploads\/2025\/06\/volvestre-2025-14-1-300x200.jpg 300w, https:\/\/www.tourisme-volvestre.fr\/wp-content\/uploads\/2025\/06\/volvestre-2025-14-1-1024x683.jpg 1024w, https:\/\/www.tourisme-volvestre.fr\/wp-content\/uploads\/2025\/06\/volvestre-2025-14-1-768x512.jpg 768w, https:\/\/www.tourisme-volvestre.fr\/wp-content\/uploads\/2025\/06\/volvestre-2025-14-1-1536x1024.jpg 1536w, https:\/\/www.tourisme-volvestre.fr\/wp-content\/uploads\/2025\/06\/volvestre-2025-14-1-2048x1366.jpg 2048w\" sizes=\"auto, (max-width: 2560px) 100vw, 2560px\" \/><span aria-hidden=\"true\" class=\"wp-block-cover__background has-background-dim wp-block-cover__gradient-background has-background-gradient\" style=\"background:linear-gradient(180deg,rgba(163,163,163,0.1) 0%,rgba(0,0,0,0.84) 100%)\"><\/span><div class=\"wp-block-cover__inner-container has-global-padding is-layout-constrained wp-block-cover-is-layout-constrained\">\n<h2 class=\"wp-block-heading has-text-align-center has-base-2-color has-text-color has-link-color has-large-font-size wp-elements-e854a765d64645f4af45b82ef7847be3\"><a href=\"https:\/\/www.tourisme-volvestre.fr\/nos-sentiers-pedagogiques\/\">Nos sentiers p\u00e9dagogiques<\/a><\/h2>\n<\/div><\/div>\n<\/div>\n\n\n\n<div class=\"wp-block-column is-layout-flow wp-block-column-is-layout-flow\">\n<div style=\"height:25px\" aria-hidden=\"true\" class=\"wp-block-spacer\"><\/div>\n\n\n\n<div class=\"wp-block-cover has-custom-content-position is-position-bottom-center\"><img loading=\"lazy\" decoding=\"async\" width=\"683\" height=\"1024\" class=\"wp-block-cover__image-background wp-image-7194 size-large\" alt=\"\" src=\"https:\/\/www.tourisme-volvestre.fr\/wp-content\/uploads\/2025\/07\/volvestre-2025-134-683x1024.jpg\" data-object-fit=\"cover\" srcset=\"https:\/\/www.tourisme-volvestre.fr\/wp-content\/uploads\/2025\/07\/volvestre-2025-134-683x1024.jpg 683w, https:\/\/www.tourisme-volvestre.fr\/wp-content\/uploads\/2025\/07\/volvestre-2025-134-200x300.jpg 200w, https:\/\/www.tourisme-volvestre.fr\/wp-content\/uploads\/2025\/07\/volvestre-2025-134-768x1152.jpg 768w, https:\/\/www.tourisme-volvestre.fr\/wp-content\/uploads\/2025\/07\/volvestre-2025-134-1024x1536.jpg 1024w, https:\/\/www.tourisme-volvestre.fr\/wp-content\/uploads\/2025\/07\/volvestre-2025-134-1365x2048.jpg 1365w, https:\/\/www.tourisme-volvestre.fr\/wp-content\/uploads\/2025\/07\/volvestre-2025-134.jpg 1600w\" sizes=\"auto, (max-width: 683px) 100vw, 683px\" \/><span aria-hidden=\"true\" class=\"wp-block-cover__background has-background-dim wp-block-cover__gradient-background has-background-gradient\" style=\"background:linear-gradient(180deg,rgba(163,163,163,0.1) 0%,rgba(0,0,0,0.84) 100%)\"><\/span><div class=\"wp-block-cover__inner-container has-global-padding is-layout-constrained wp-block-cover-is-layout-constrained\">\n<h2 class=\"wp-block-heading has-text-align-center has-base-2-color has-text-color has-link-color has-large-font-size wp-elements-43a8b72b2f751239caf7652808fda420\"><a href=\"https:\/\/www.tourisme-volvestre.fr\/les-plus-beaux-points-de-vue\/\">Nos points de vue<\/a><\/h2>\n<\/div><\/div>\n<\/div>\n<\/div>\n<\/div>\n<\/div>\n","protected":false},"excerpt":{"rendered":"<p>\u00a1Conoce a los actores del Volvestre! Las excursiones comentadas : una programaci\u00f3n variada durante todo el a\u00f1o \ud83c\udf3fLas excursiones comentadas es un programa de senderismo guiado gratuito ofrecido por la Oficina de turismo del Volvestre. Durante todo el a\u00f1o, conozca a los lugare\u00f1os : J\u00f3venes y mayores, vengan a conocer a quienes animan el Volvestre [&hellip;]<\/p>\n","protected":false},"author":6,"featured_media":7454,"parent":0,"menu_order":0,"comment_status":"closed","ping_status":"closed","template":"page-no-title","meta":{"_acf_changed":false,"inline_featured_image":false,"footnotes":""},"class_list":["post-9592","page","type-page","status-publish","has-post-thumbnail","hentry"],"acf":[],"yoast_head":"<!-- This site is optimized with the Yoast SEO plugin v27.3 - https:\/\/yoast.com\/product\/yoast-seo-wordpress\/ -->\n<title>Nuestras excursiones comentadas - Volvestre Tourisme<\/title>\n<meta name=\"description\" content=\"\u00a1Nuestras excursiones comentadas te llevan a descubrir a artesanos, productores y expertos en biodiversidad durante una excursi\u00f3n!\" \/>\n<meta name=\"robots\" content=\"index, follow, max-snippet:-1, max-image-preview:large, max-video-preview:-1\" \/>\n<link rel=\"canonical\" href=\"https:\/\/www.tourisme-volvestre.fr\/es\/nuestras-excursiones-comentadas\/\" \/>\n<meta property=\"og:locale\" content=\"es_ES\" \/>\n<meta property=\"og:type\" content=\"article\" \/>\n<meta property=\"og:title\" content=\"Nuestras excursiones comentadas - Volvestre Tourisme\" \/>\n<meta property=\"og:description\" content=\"\u00a1Nuestras excursiones comentadas te llevan a descubrir a artesanos, productores y expertos en biodiversidad durante una excursi\u00f3n!\" \/>\n<meta property=\"og:url\" content=\"https:\/\/www.tourisme-volvestre.fr\/es\/nuestras-excursiones-comentadas\/\" \/>\n<meta property=\"og:site_name\" content=\"Volvestre Tourisme\" \/>\n<meta property=\"article:publisher\" content=\"https:\/\/www.facebook.com\/TourismeVolvestre\" \/>\n<meta property=\"article:modified_time\" content=\"2025-09-01T09:43:15+00:00\" \/>\n<meta property=\"og:image\" content=\"https:\/\/www.tourisme-volvestre.fr\/wp-content\/uploads\/2025\/07\/mailholas_echo_rando_groupe_antoine_firmin@oti.jpg.jpg\" \/>\n\t<meta property=\"og:image:width\" content=\"1928\" \/>\n\t<meta property=\"og:image:height\" content=\"2560\" \/>\n\t<meta property=\"og:image:type\" content=\"image\/jpeg\" \/>\n<meta name=\"twitter:card\" content=\"summary_large_image\" \/>\n<meta name=\"twitter:label1\" content=\"Tiempo de lectura\" \/>\n\t<meta name=\"twitter:data1\" content=\"1 minuto\" \/>\n<script type=\"application\/ld+json\" class=\"yoast-schema-graph\">{\"@context\":\"https:\\\/\\\/schema.org\",\"@graph\":[{\"@type\":\"WebPage\",\"@id\":\"https:\\\/\\\/www.tourisme-volvestre.fr\\\/es\\\/nuestras-excursiones-comentadas\\\/\",\"url\":\"https:\\\/\\\/www.tourisme-volvestre.fr\\\/es\\\/nuestras-excursiones-comentadas\\\/\",\"name\":\"Nuestras excursiones comentadas - Volvestre Tourisme\",\"isPartOf\":{\"@id\":\"https:\\\/\\\/www.tourisme-volvestre.fr\\\/es\\\/#website\"},\"primaryImageOfPage\":{\"@id\":\"https:\\\/\\\/www.tourisme-volvestre.fr\\\/es\\\/nuestras-excursiones-comentadas\\\/#primaryimage\"},\"image\":{\"@id\":\"https:\\\/\\\/www.tourisme-volvestre.fr\\\/es\\\/nuestras-excursiones-comentadas\\\/#primaryimage\"},\"thumbnailUrl\":\"https:\\\/\\\/www.tourisme-volvestre.fr\\\/wp-content\\\/uploads\\\/2025\\\/07\\\/mailholas_echo_rando_groupe_antoine_firmin@oti.jpg.jpg\",\"datePublished\":\"2025-06-08T14:24:51+00:00\",\"dateModified\":\"2025-09-01T09:43:15+00:00\",\"description\":\"\u00a1Nuestras excursiones comentadas te llevan a descubrir a artesanos, productores y expertos en biodiversidad durante una excursi\u00f3n!\",\"breadcrumb\":{\"@id\":\"https:\\\/\\\/www.tourisme-volvestre.fr\\\/es\\\/nuestras-excursiones-comentadas\\\/#breadcrumb\"},\"inLanguage\":\"es\",\"potentialAction\":[{\"@type\":\"ReadAction\",\"target\":[\"https:\\\/\\\/www.tourisme-volvestre.fr\\\/es\\\/nuestras-excursiones-comentadas\\\/\"]}]},{\"@type\":\"ImageObject\",\"inLanguage\":\"es\",\"@id\":\"https:\\\/\\\/www.tourisme-volvestre.fr\\\/es\\\/nuestras-excursiones-comentadas\\\/#primaryimage\",\"url\":\"https:\\\/\\\/www.tourisme-volvestre.fr\\\/wp-content\\\/uploads\\\/2025\\\/07\\\/mailholas_echo_rando_groupe_antoine_firmin@oti.jpg.jpg\",\"contentUrl\":\"https:\\\/\\\/www.tourisme-volvestre.fr\\\/wp-content\\\/uploads\\\/2025\\\/07\\\/mailholas_echo_rando_groupe_antoine_firmin@oti.jpg.jpg\",\"width\":1928,\"height\":2560},{\"@type\":\"BreadcrumbList\",\"@id\":\"https:\\\/\\\/www.tourisme-volvestre.fr\\\/es\\\/nuestras-excursiones-comentadas\\\/#breadcrumb\",\"itemListElement\":[{\"@type\":\"ListItem\",\"position\":1,\"name\":\"Accueil\",\"item\":\"https:\\\/\\\/www.tourisme-volvestre.fr\\\/es\\\/?lang=es\"},{\"@type\":\"ListItem\",\"position\":2,\"name\":\"Nuestras excursiones comentadas\"}]},{\"@type\":\"WebSite\",\"@id\":\"https:\\\/\\\/www.tourisme-volvestre.fr\\\/es\\\/#website\",\"url\":\"https:\\\/\\\/www.tourisme-volvestre.fr\\\/es\\\/\",\"name\":\"Volvestre Tourisme\",\"description\":\"\",\"publisher\":{\"@id\":\"https:\\\/\\\/www.tourisme-volvestre.fr\\\/es\\\/#organization\"},\"alternateName\":\"OT Volvestre\",\"potentialAction\":[{\"@type\":\"SearchAction\",\"target\":{\"@type\":\"EntryPoint\",\"urlTemplate\":\"https:\\\/\\\/www.tourisme-volvestre.fr\\\/es\\\/?s={search_term_string}\"},\"query-input\":{\"@type\":\"PropertyValueSpecification\",\"valueRequired\":true,\"valueName\":\"search_term_string\"}}],\"inLanguage\":\"es\"},{\"@type\":\"Organization\",\"@id\":\"https:\\\/\\\/www.tourisme-volvestre.fr\\\/es\\\/#organization\",\"name\":\"Volvestre Tourisme\",\"url\":\"https:\\\/\\\/www.tourisme-volvestre.fr\\\/es\\\/\",\"logo\":{\"@type\":\"ImageObject\",\"inLanguage\":\"es\",\"@id\":\"https:\\\/\\\/www.tourisme-volvestre.fr\\\/es\\\/#\\\/schema\\\/logo\\\/image\\\/\",\"url\":\"https:\\\/\\\/www.tourisme-volvestre.fr\\\/wp-content\\\/uploads\\\/2025\\\/02\\\/logo-site.png\",\"contentUrl\":\"https:\\\/\\\/www.tourisme-volvestre.fr\\\/wp-content\\\/uploads\\\/2025\\\/02\\\/logo-site.png\",\"width\":152,\"height\":152,\"caption\":\"Volvestre Tourisme\"},\"image\":{\"@id\":\"https:\\\/\\\/www.tourisme-volvestre.fr\\\/es\\\/#\\\/schema\\\/logo\\\/image\\\/\"},\"sameAs\":[\"https:\\\/\\\/www.facebook.com\\\/TourismeVolvestre\",\"https:\\\/\\\/www.instagram.com\\\/tourismevolvestre\"]}]}<\/script>\n<!-- \/ Yoast SEO plugin. -->","yoast_head_json":{"title":"Nuestras excursiones comentadas - Volvestre Tourisme","description":"\u00a1Nuestras excursiones comentadas te llevan a descubrir a artesanos, productores y expertos en biodiversidad durante una excursi\u00f3n!","robots":{"index":"index","follow":"follow","max-snippet":"max-snippet:-1","max-image-preview":"max-image-preview:large","max-video-preview":"max-video-preview:-1"},"canonical":"https:\/\/www.tourisme-volvestre.fr\/es\/nuestras-excursiones-comentadas\/","og_locale":"es_ES","og_type":"article","og_title":"Nuestras excursiones comentadas - Volvestre Tourisme","og_description":"\u00a1Nuestras excursiones comentadas te llevan a descubrir a artesanos, productores y expertos en biodiversidad durante una excursi\u00f3n!","og_url":"https:\/\/www.tourisme-volvestre.fr\/es\/nuestras-excursiones-comentadas\/","og_site_name":"Volvestre Tourisme","article_publisher":"https:\/\/www.facebook.com\/TourismeVolvestre","article_modified_time":"2025-09-01T09:43:15+00:00","og_image":[{"width":1928,"height":2560,"url":"https:\/\/www.tourisme-volvestre.fr\/wp-content\/uploads\/2025\/07\/mailholas_echo_rando_groupe_antoine_firmin@oti.jpg.jpg","type":"image\/jpeg"}],"twitter_card":"summary_large_image","twitter_misc":{"Tiempo de lectura":"1 minuto"},"schema":{"@context":"https:\/\/schema.org","@graph":[{"@type":"WebPage","@id":"https:\/\/www.tourisme-volvestre.fr\/es\/nuestras-excursiones-comentadas\/","url":"https:\/\/www.tourisme-volvestre.fr\/es\/nuestras-excursiones-comentadas\/","name":"Nuestras excursiones comentadas - Volvestre Tourisme","isPartOf":{"@id":"https:\/\/www.tourisme-volvestre.fr\/es\/#website"},"primaryImageOfPage":{"@id":"https:\/\/www.tourisme-volvestre.fr\/es\/nuestras-excursiones-comentadas\/#primaryimage"},"image":{"@id":"https:\/\/www.tourisme-volvestre.fr\/es\/nuestras-excursiones-comentadas\/#primaryimage"},"thumbnailUrl":"https:\/\/www.tourisme-volvestre.fr\/wp-content\/uploads\/2025\/07\/mailholas_echo_rando_groupe_antoine_firmin@oti.jpg.jpg","datePublished":"2025-06-08T14:24:51+00:00","dateModified":"2025-09-01T09:43:15+00:00","description":"\u00a1Nuestras excursiones comentadas te llevan a descubrir a artesanos, productores y expertos en biodiversidad durante una excursi\u00f3n!","breadcrumb":{"@id":"https:\/\/www.tourisme-volvestre.fr\/es\/nuestras-excursiones-comentadas\/#breadcrumb"},"inLanguage":"es","potentialAction":[{"@type":"ReadAction","target":["https:\/\/www.tourisme-volvestre.fr\/es\/nuestras-excursiones-comentadas\/"]}]},{"@type":"ImageObject","inLanguage":"es","@id":"https:\/\/www.tourisme-volvestre.fr\/es\/nuestras-excursiones-comentadas\/#primaryimage","url":"https:\/\/www.tourisme-volvestre.fr\/wp-content\/uploads\/2025\/07\/mailholas_echo_rando_groupe_antoine_firmin@oti.jpg.jpg","contentUrl":"https:\/\/www.tourisme-volvestre.fr\/wp-content\/uploads\/2025\/07\/mailholas_echo_rando_groupe_antoine_firmin@oti.jpg.jpg","width":1928,"height":2560},{"@type":"BreadcrumbList","@id":"https:\/\/www.tourisme-volvestre.fr\/es\/nuestras-excursiones-comentadas\/#breadcrumb","itemListElement":[{"@type":"ListItem","position":1,"name":"Accueil","item":"https:\/\/www.tourisme-volvestre.fr\/es\/?lang=es"},{"@type":"ListItem","position":2,"name":"Nuestras excursiones comentadas"}]},{"@type":"WebSite","@id":"https:\/\/www.tourisme-volvestre.fr\/es\/#website","url":"https:\/\/www.tourisme-volvestre.fr\/es\/","name":"Volvestre Tourisme","description":"","publisher":{"@id":"https:\/\/www.tourisme-volvestre.fr\/es\/#organization"},"alternateName":"OT Volvestre","potentialAction":[{"@type":"SearchAction","target":{"@type":"EntryPoint","urlTemplate":"https:\/\/www.tourisme-volvestre.fr\/es\/?s={search_term_string}"},"query-input":{"@type":"PropertyValueSpecification","valueRequired":true,"valueName":"search_term_string"}}],"inLanguage":"es"},{"@type":"Organization","@id":"https:\/\/www.tourisme-volvestre.fr\/es\/#organization","name":"Volvestre Tourisme","url":"https:\/\/www.tourisme-volvestre.fr\/es\/","logo":{"@type":"ImageObject","inLanguage":"es","@id":"https:\/\/www.tourisme-volvestre.fr\/es\/#\/schema\/logo\/image\/","url":"https:\/\/www.tourisme-volvestre.fr\/wp-content\/uploads\/2025\/02\/logo-site.png","contentUrl":"https:\/\/www.tourisme-volvestre.fr\/wp-content\/uploads\/2025\/02\/logo-site.png","width":152,"height":152,"caption":"Volvestre Tourisme"},"image":{"@id":"https:\/\/www.tourisme-volvestre.fr\/es\/#\/schema\/logo\/image\/"},"sameAs":["https:\/\/www.facebook.com\/TourismeVolvestre","https:\/\/www.instagram.com\/tourismevolvestre"]}]}},"_links":{"self":[{"href":"https:\/\/www.tourisme-volvestre.fr\/es\/wp-json\/wp\/v2\/pages\/9592","targetHints":{"allow":["GET"]}}],"collection":[{"href":"https:\/\/www.tourisme-volvestre.fr\/es\/wp-json\/wp\/v2\/pages"}],"about":[{"href":"https:\/\/www.tourisme-volvestre.fr\/es\/wp-json\/wp\/v2\/types\/page"}],"author":[{"embeddable":true,"href":"https:\/\/www.tourisme-volvestre.fr\/es\/wp-json\/wp\/v2\/users\/6"}],"replies":[{"embeddable":true,"href":"https:\/\/www.tourisme-volvestre.fr\/es\/wp-json\/wp\/v2\/comments?post=9592"}],"version-history":[{"count":1,"href":"https:\/\/www.tourisme-volvestre.fr\/es\/wp-json\/wp\/v2\/pages\/9592\/revisions"}],"predecessor-version":[{"id":9593,"href":"https:\/\/www.tourisme-volvestre.fr\/es\/wp-json\/wp\/v2\/pages\/9592\/revisions\/9593"}],"wp:featuredmedia":[{"embeddable":true,"href":"https:\/\/www.tourisme-volvestre.fr\/es\/wp-json\/wp\/v2\/media\/7454"}],"wp:attachment":[{"href":"https:\/\/www.tourisme-volvestre.fr\/es\/wp-json\/wp\/v2\/media?parent=9592"}],"curies":[{"name":"wp","href":"https:\/\/api.w.org\/{rel}","templated":true}]}}