{"id":9612,"date":"2025-06-02T15:32:29","date_gmt":"2025-06-02T13:32:29","guid":{"rendered":"https:\/\/www.tourisme-volvestre.fr\/nuestras-ofertas-de-trabajo\/"},"modified":"2025-09-01T11:43:16","modified_gmt":"2025-09-01T09:43:16","slug":"nuestras-ofertas-de-trabajo","status":"publish","type":"page","link":"https:\/\/www.tourisme-volvestre.fr\/es\/nuestras-ofertas-de-trabajo\/","title":{"rendered":"Nuestras ofertas de trabajo"},"content":{"rendered":"\n<h2 class=\"wp-block-heading has-text-align-center\">Descubre las ofertas de trabajo en el Volvestre<\/h2>\n\n<p class=\"has-text-align-center\">Volvestre, una regi\u00f3n vibrante y acogedora, ofrece oportunidades profesionales con regularidad. \u00bfBuscas trabajo de temporada, un contrato a largo plazo, una primera experiencia o pr\u00e1cticas? Esta p\u00e1gina enumera las ofertas de trabajo disponibles con nuestros socios locales : proveedores de alojamiento, restaurantes y empresas de ocio.  <br \/><br \/>Los empleadores de la regi\u00f3n buscan con frecuencia perfiles diversos : camareros, cocineros, recepcionistas, animadores, gu\u00edas tur\u00edsticos, profesionales polivalentes, etc.<br \/><br \/>Esta p\u00e1gina se actualiza peri\u00f3dicamente para ofrecerte las \u00faltimas oportunidades de trabajo en la regi\u00f3n del Volvestre.<\/p>\n\n<div class=\"wp-block-columns is-layout-flex wp-container-core-columns-is-layout-28f84493 wp-block-columns-is-layout-flex\">\n<div class=\"wp-block-column is-layout-flow wp-block-column-is-layout-flow\">\n<figure class=\"wp-block-image aligncenter is-style-rounded is-style-rounded--1\"><img decoding=\"async\" src=\"https:\/\/cdn.pixabay.com\/photo\/2022\/03\/11\/23\/47\/pizza-7063096_640.jpg\" alt=\"Pizza, filete, carne, queso\" style=\"aspect-ratio:3\/4;object-fit:cover\" \/><figcaption class=\"wp-element-caption\">Ofertas regulares en restaurante @Derechosreservados<\/figcaption><\/figure>\n<\/div>\n\n\n\n<div class=\"wp-block-column is-layout-flow wp-block-column-is-layout-flow\">\n<figure class=\"wp-block-image aligncenter size-full is-style-rounded is-style-rounded--2\"><img loading=\"lazy\" decoding=\"async\" width=\"1920\" height=\"2560\" src=\"https:\/\/www.tourisme-volvestre.fr\/wp-content\/uploads\/2025\/06\/20250124_153359-rotated-1-scaled.jpg\" alt=\"\" class=\"wp-image-3494\" style=\"aspect-ratio:3\/4;object-fit:cover\" srcset=\"https:\/\/www.tourisme-volvestre.fr\/wp-content\/uploads\/2025\/06\/20250124_153359-rotated-1-scaled.jpg 1920w, https:\/\/www.tourisme-volvestre.fr\/wp-content\/uploads\/2025\/06\/20250124_153359-rotated-1-225x300.jpg 225w, https:\/\/www.tourisme-volvestre.fr\/wp-content\/uploads\/2025\/06\/20250124_153359-rotated-1-768x1024.jpg 768w, https:\/\/www.tourisme-volvestre.fr\/wp-content\/uploads\/2025\/06\/20250124_153359-rotated-1-1152x1536.jpg 1152w, https:\/\/www.tourisme-volvestre.fr\/wp-content\/uploads\/2025\/06\/20250124_153359-rotated-1-1536x2048.jpg 1536w\" sizes=\"auto, (max-width: 1920px) 100vw, 1920px\" \/><figcaption class=\"wp-element-caption\">Un animador en Le Village Gaulois @LeVillageGaulois<\/figcaption><\/figure>\n<\/div>\n\n\n\n<div class=\"wp-block-column is-layout-flow wp-block-column-is-layout-flow\">\n<figure class=\"wp-block-image aligncenter size-full is-style-rounded is-style-rounded--3\"><img loading=\"lazy\" decoding=\"async\" width=\"547\" height=\"703\" src=\"https:\/\/www.tourisme-volvestre.fr\/wp-content\/uploads\/2025\/06\/bipoulie-coaching-1-2.jpg\" alt=\"\" class=\"wp-image-3519\" style=\"aspect-ratio:3\/4;object-fit:cover\" srcset=\"https:\/\/www.tourisme-volvestre.fr\/wp-content\/uploads\/2025\/06\/bipoulie-coaching-1-2.jpg 547w, https:\/\/www.tourisme-volvestre.fr\/wp-content\/uploads\/2025\/06\/bipoulie-coaching-1-2-233x300.jpg 233w\" sizes=\"auto, (max-width: 547px) 100vw, 547px\" \/><figcaption class=\"wp-element-caption\">Coach en La Source Wake Park @LaSourceWakePark<\/figcaption><\/figure>\n<\/div>\n<\/div>\n\n<p class=\"has-text-align-center\">\ud83d\udccc<strong> Nota <\/strong>: Cada abril, la <strong><a href=\"https:\/\/www.volvestre.fr\/\" target=\"_blank\" rel=\"noreferrer noopener\">Mancomunidad del Volvestre<\/a><\/strong> organiza un <strong><a href=\"https:\/\/www.volvestre.fr\/forum-de-lemploi\/\" target=\"_blank\" rel=\"noreferrer noopener\">Foro de Empleo<\/a><\/strong>. Un momento clave para conocer a empleadores y personas en busca de empleo, con un espacio dedicado espec\u00edficamente a las profesiones tur\u00edsticas. Se pueden encontrar ofertas de empleo en el Volvestre en todos los sectores de actividad, en colaboraci\u00f3n con numerosos colaboradores, como <a href=\"https:\/\/www.francetravail.fr\/accueil\/\" target=\"_blank\" rel=\"noreferrer noopener\">France Travail.<\/a><\/p>\n\n<p class=\"has-text-align-center\"><mark style=\"color:#77b342\" class=\"has-inline-color\">\u00bfEs usted un actor local y tiene una posici\u00f3n que cubrir en estos sectores?<\/mark><br \/><mark style=\"color:#77b342\" class=\"has-inline-color\"><strong><a href=\"https:\/\/www.tourisme-volvestre.fr\/contacto\/?lang=es\" target=\"_blank\" rel=\"noreferrer noopener\">Env\u00edanos tu oferta<\/a><\/strong> para que podamos publicarla en esta p\u00e1gina y difundirla en nuestra red.<\/mark><\/p>\n\n<h2 class=\"wp-block-heading has-text-align-center\">Ven a trabajar en el Volvestre<\/h2>\n\n<p class=\"has-text-align-center\">A 40 minutos de Toulouse, el Volvestre es f\u00e1cilmente accesible en tren gracias a la estaci\u00f3n de tren SNCF de Carbonne, con servicio regular desde la estaci\u00f3n de Toulouse-Matabiau. Puedes llegar f\u00e1cilmente a Carbonne sin necesidad de coche. Las l\u00edneas de autob\u00fas de LiO tambi\u00e9n te conectan con otras localidades de la zona, lo que facilita tus desplazamientos diarios. Adem\u00e1s, algunas empresas locales ofrecen soluciones de movilidad, como coches compartidos o lanzaderas, para que ir al trabajo sea a\u00fan m\u00e1s f\u00e1cil y se adapte mejor a tus necesidades.   <\/p>\n\n<div class=\"wp-block-group alignfull has-accent-4-background-color has-background has-global-padding is-layout-constrained wp-container-core-group-is-layout-ed5e8923 wp-block-group-is-layout-constrained\" style=\"margin-top:var(--wp--preset--spacing--20);margin-bottom:0;padding-top:var(--wp--preset--spacing--20);padding-right:var(--wp--preset--spacing--20);padding-bottom:var(--wp--preset--spacing--20);padding-left:var(--wp--preset--spacing--20)\">\n<h2 class=\"wp-block-heading has-text-align-center\">Tambi\u00e9n te puede interesar\u2026<\/h2>\n\n\n\n<div class=\"wp-block-group has-global-padding is-layout-constrained wp-container-core-group-is-layout-c385debf wp-block-group-is-layout-constrained\" style=\"padding-top:var(--wp--preset--spacing--20);padding-right:var(--wp--preset--spacing--20);padding-bottom:var(--wp--preset--spacing--20);padding-left:var(--wp--preset--spacing--20)\">\n<div class=\"wp-block-columns is-layout-flex wp-container-core-columns-is-layout-28f84493 wp-block-columns-is-layout-flex\">\n<div class=\"wp-block-column is-layout-flow wp-block-column-is-layout-flow\">\n<figure class=\"wp-block-image aligncenter size-full has-custom-border\"><img loading=\"lazy\" decoding=\"async\" width=\"1200\" height=\"549\" src=\"https:\/\/www.tourisme-volvestre.fr\/wp-content\/uploads\/2025\/08\/drapeau_occitan_Massimo_Ravera-1.jpg\" alt=\"\" class=\"wp-image-8072\" style=\"border-radius:25px;aspect-ratio:1;object-fit:cover\" srcset=\"https:\/\/www.tourisme-volvestre.fr\/wp-content\/uploads\/2025\/08\/drapeau_occitan_Massimo_Ravera-1.jpg 1200w, https:\/\/www.tourisme-volvestre.fr\/wp-content\/uploads\/2025\/08\/drapeau_occitan_Massimo_Ravera-1-300x137.jpg 300w, https:\/\/www.tourisme-volvestre.fr\/wp-content\/uploads\/2025\/08\/drapeau_occitan_Massimo_Ravera-1-1024x468.jpg 1024w, https:\/\/www.tourisme-volvestre.fr\/wp-content\/uploads\/2025\/08\/drapeau_occitan_Massimo_Ravera-1-768x351.jpg 768w\" sizes=\"auto, (max-width: 1200px) 100vw, 1200px\" \/><figcaption class=\"wp-element-caption\">@Derechosreservados<\/figcaption><\/figure>\n\n\n\n<div class=\"wp-block-buttons is-content-justification-center is-layout-flex wp-container-core-buttons-is-layout-a89b3969 wp-block-buttons-is-layout-flex\">\n<div class=\"wp-block-button\"><a class=\"wp-block-button__link wp-element-button\" href=\"https:\/\/www.tourisme-volvestre.fr\/unas-vacaciones-en-occitania\/?lang=es\">L&#8217;Occitanie y la Haute-Garonne<\/a><\/div>\n<\/div>\n<\/div>\n\n\n\n<div class=\"wp-block-column is-layout-flow wp-block-column-is-layout-flow\">\n<figure class=\"wp-block-image aligncenter size-full has-custom-border\"><img loading=\"lazy\" decoding=\"async\" width=\"2560\" height=\"1707\" src=\"https:\/\/www.tourisme-volvestre.fr\/wp-content\/uploads\/2025\/06\/paysage_pyrenees_pri@mathieucalviac.jpg\" alt=\"\" class=\"wp-image-5330\" style=\"border-radius:25px;aspect-ratio:1;object-fit:cover\" srcset=\"https:\/\/www.tourisme-volvestre.fr\/wp-content\/uploads\/2025\/06\/paysage_pyrenees_pri@mathieucalviac.jpg 2560w, https:\/\/www.tourisme-volvestre.fr\/wp-content\/uploads\/2025\/06\/paysage_pyrenees_pri@mathieucalviac-300x200.jpg 300w, https:\/\/www.tourisme-volvestre.fr\/wp-content\/uploads\/2025\/06\/paysage_pyrenees_pri@mathieucalviac-1024x683.jpg 1024w, https:\/\/www.tourisme-volvestre.fr\/wp-content\/uploads\/2025\/06\/paysage_pyrenees_pri@mathieucalviac-768x512.jpg 768w, https:\/\/www.tourisme-volvestre.fr\/wp-content\/uploads\/2025\/06\/paysage_pyrenees_pri@mathieucalviac-1536x1024.jpg 1536w, https:\/\/www.tourisme-volvestre.fr\/wp-content\/uploads\/2025\/06\/paysage_pyrenees_pri@mathieucalviac-2048x1366.jpg 2048w\" sizes=\"auto, (max-width: 2560px) 100vw, 2560px\" \/><figcaption class=\"wp-element-caption\">Vista sobre los Pirineos @MathieuCalviac<\/figcaption><\/figure>\n\n\n\n<div class=\"wp-block-buttons is-content-justification-center is-layout-flex wp-container-core-buttons-is-layout-a89b3969 wp-block-buttons-is-layout-flex\">\n<div class=\"wp-block-button\"><a class=\"wp-block-button__link wp-element-button\" href=\"https:\/\/www.tourisme-volvestre.fr\/el-volvestre\/?lang=es\">El Volvestre<\/a><\/div>\n<\/div>\n<\/div>\n\n\n\n<div class=\"wp-block-column is-layout-flow wp-block-column-is-layout-flow\">\n<figure class=\"wp-block-image aligncenter size-full has-custom-border\"><img loading=\"lazy\" decoding=\"async\" width=\"1536\" height=\"768\" src=\"https:\/\/www.tourisme-volvestre.fr\/wp-content\/uploads\/2025\/08\/volvestre-2025-113-1536x1024-1.jpg\" alt=\"\" class=\"wp-image-9177\" style=\"border-radius:25px;aspect-ratio:1;object-fit:cover\" srcset=\"https:\/\/www.tourisme-volvestre.fr\/wp-content\/uploads\/2025\/08\/volvestre-2025-113-1536x1024-1.jpg 1536w, https:\/\/www.tourisme-volvestre.fr\/wp-content\/uploads\/2025\/08\/volvestre-2025-113-1536x1024-1-300x150.jpg 300w, https:\/\/www.tourisme-volvestre.fr\/wp-content\/uploads\/2025\/08\/volvestre-2025-113-1536x1024-1-1024x512.jpg 1024w, https:\/\/www.tourisme-volvestre.fr\/wp-content\/uploads\/2025\/08\/volvestre-2025-113-1536x1024-1-768x384.jpg 768w\" sizes=\"auto, (max-width: 1536px) 100vw, 1536px\" \/><figcaption class=\"wp-element-caption\">En las alturas @MathieuCalviac<\/figcaption><\/figure>\n\n\n\n<div class=\"wp-block-buttons is-content-justification-center is-layout-flex wp-container-core-buttons-is-layout-a89b3969 wp-block-buttons-is-layout-flex\">\n<div class=\"wp-block-button\"><a class=\"wp-block-button__link wp-element-button\" href=\"https:\/\/www.tourisme-volvestre.fr\/nuestras-ventajas\/?lang=es\">Nuestras fortalezas<\/a><\/div>\n<\/div>\n<\/div>\n<\/div>\n<\/div>\n<\/div>\n","protected":false},"excerpt":{"rendered":"<p>Descubre las ofertas de trabajo en el Volvestre Volvestre, una regi\u00f3n vibrante y acogedora, ofrece oportunidades profesionales con regularidad. \u00bfBuscas trabajo de temporada, un contrato a largo plazo, una primera experiencia o pr\u00e1cticas? Esta p\u00e1gina enumera las ofertas de trabajo disponibles con nuestros socios locales : proveedores de alojamiento, restaurantes y empresas de ocio. Los [&hellip;]<\/p>\n","protected":false},"author":1,"featured_media":7234,"parent":0,"menu_order":0,"comment_status":"closed","ping_status":"closed","template":"page-no-title","meta":{"_acf_changed":false,"inline_featured_image":false,"footnotes":""},"class_list":["post-9612","page","type-page","status-publish","has-post-thumbnail","hentry"],"acf":[],"yoast_head":"<!-- This site is optimized with the Yoast SEO plugin v27.3 - https:\/\/yoast.com\/product\/yoast-seo-wordpress\/ -->\n<title>Nuestras ofertas de trabajo - Volvestre Tourisme<\/title>\n<meta name=\"description\" content=\"\u00a1Descubre las ofertas de empleo en el Volvestre en los sectores del turismo, la hosteler\u00eda y la restauraci\u00f3n, cerca de Toulouse!\" \/>\n<meta name=\"robots\" content=\"index, follow, max-snippet:-1, max-image-preview:large, max-video-preview:-1\" \/>\n<link rel=\"canonical\" href=\"https:\/\/www.tourisme-volvestre.fr\/es\/nuestras-ofertas-de-trabajo\/\" \/>\n<meta property=\"og:locale\" content=\"es_ES\" \/>\n<meta property=\"og:type\" content=\"article\" \/>\n<meta property=\"og:title\" content=\"Nuestras ofertas de trabajo - Volvestre Tourisme\" \/>\n<meta property=\"og:description\" content=\"\u00a1Descubre las ofertas de empleo en el Volvestre en los sectores del turismo, la hosteler\u00eda y la restauraci\u00f3n, cerca de Toulouse!\" \/>\n<meta property=\"og:url\" content=\"https:\/\/www.tourisme-volvestre.fr\/es\/nuestras-ofertas-de-trabajo\/\" \/>\n<meta property=\"og:site_name\" content=\"Volvestre Tourisme\" \/>\n<meta property=\"article:publisher\" content=\"https:\/\/www.facebook.com\/TourismeVolvestre\" \/>\n<meta property=\"article:modified_time\" content=\"2025-09-01T09:43:16+00:00\" \/>\n<meta property=\"og:image\" content=\"https:\/\/www.tourisme-volvestre.fr\/wp-content\/uploads\/2025\/07\/saintchristaud_randonnee_paysage_pyrenees_fig_hvr@oti.jpg\" \/>\n\t<meta property=\"og:image:width\" content=\"1442\" \/>\n\t<meta property=\"og:image:height\" content=\"2560\" \/>\n\t<meta property=\"og:image:type\" content=\"image\/jpeg\" \/>\n<meta name=\"twitter:card\" content=\"summary_large_image\" \/>\n<meta name=\"twitter:label1\" content=\"Tiempo de lectura\" \/>\n\t<meta name=\"twitter:data1\" content=\"2 minutos\" \/>\n<script type=\"application\/ld+json\" class=\"yoast-schema-graph\">{\"@context\":\"https:\\\/\\\/schema.org\",\"@graph\":[{\"@type\":\"WebPage\",\"@id\":\"https:\\\/\\\/www.tourisme-volvestre.fr\\\/es\\\/nuestras-ofertas-de-trabajo\\\/\",\"url\":\"https:\\\/\\\/www.tourisme-volvestre.fr\\\/es\\\/nuestras-ofertas-de-trabajo\\\/\",\"name\":\"Nuestras ofertas de trabajo - Volvestre Tourisme\",\"isPartOf\":{\"@id\":\"https:\\\/\\\/www.tourisme-volvestre.fr\\\/es\\\/#website\"},\"primaryImageOfPage\":{\"@id\":\"https:\\\/\\\/www.tourisme-volvestre.fr\\\/es\\\/nuestras-ofertas-de-trabajo\\\/#primaryimage\"},\"image\":{\"@id\":\"https:\\\/\\\/www.tourisme-volvestre.fr\\\/es\\\/nuestras-ofertas-de-trabajo\\\/#primaryimage\"},\"thumbnailUrl\":\"https:\\\/\\\/www.tourisme-volvestre.fr\\\/wp-content\\\/uploads\\\/2025\\\/07\\\/saintchristaud_randonnee_paysage_pyrenees_fig_hvr@oti.jpg\",\"datePublished\":\"2025-06-02T13:32:29+00:00\",\"dateModified\":\"2025-09-01T09:43:16+00:00\",\"description\":\"\u00a1Descubre las ofertas de empleo en el Volvestre en los sectores del turismo, la hosteler\u00eda y la restauraci\u00f3n, cerca de Toulouse!\",\"breadcrumb\":{\"@id\":\"https:\\\/\\\/www.tourisme-volvestre.fr\\\/es\\\/nuestras-ofertas-de-trabajo\\\/#breadcrumb\"},\"inLanguage\":\"es\",\"potentialAction\":[{\"@type\":\"ReadAction\",\"target\":[\"https:\\\/\\\/www.tourisme-volvestre.fr\\\/es\\\/nuestras-ofertas-de-trabajo\\\/\"]}]},{\"@type\":\"ImageObject\",\"inLanguage\":\"es\",\"@id\":\"https:\\\/\\\/www.tourisme-volvestre.fr\\\/es\\\/nuestras-ofertas-de-trabajo\\\/#primaryimage\",\"url\":\"https:\\\/\\\/www.tourisme-volvestre.fr\\\/wp-content\\\/uploads\\\/2025\\\/07\\\/saintchristaud_randonnee_paysage_pyrenees_fig_hvr@oti.jpg\",\"contentUrl\":\"https:\\\/\\\/www.tourisme-volvestre.fr\\\/wp-content\\\/uploads\\\/2025\\\/07\\\/saintchristaud_randonnee_paysage_pyrenees_fig_hvr@oti.jpg\",\"width\":1442,\"height\":2560},{\"@type\":\"BreadcrumbList\",\"@id\":\"https:\\\/\\\/www.tourisme-volvestre.fr\\\/es\\\/nuestras-ofertas-de-trabajo\\\/#breadcrumb\",\"itemListElement\":[{\"@type\":\"ListItem\",\"position\":1,\"name\":\"Accueil\",\"item\":\"https:\\\/\\\/www.tourisme-volvestre.fr\\\/es\\\/?lang=es\"},{\"@type\":\"ListItem\",\"position\":2,\"name\":\"Nuestras ofertas de trabajo\"}]},{\"@type\":\"WebSite\",\"@id\":\"https:\\\/\\\/www.tourisme-volvestre.fr\\\/es\\\/#website\",\"url\":\"https:\\\/\\\/www.tourisme-volvestre.fr\\\/es\\\/\",\"name\":\"Volvestre Tourisme\",\"description\":\"\",\"publisher\":{\"@id\":\"https:\\\/\\\/www.tourisme-volvestre.fr\\\/es\\\/#organization\"},\"alternateName\":\"OT Volvestre\",\"potentialAction\":[{\"@type\":\"SearchAction\",\"target\":{\"@type\":\"EntryPoint\",\"urlTemplate\":\"https:\\\/\\\/www.tourisme-volvestre.fr\\\/es\\\/?s={search_term_string}\"},\"query-input\":{\"@type\":\"PropertyValueSpecification\",\"valueRequired\":true,\"valueName\":\"search_term_string\"}}],\"inLanguage\":\"es\"},{\"@type\":\"Organization\",\"@id\":\"https:\\\/\\\/www.tourisme-volvestre.fr\\\/es\\\/#organization\",\"name\":\"Volvestre Tourisme\",\"url\":\"https:\\\/\\\/www.tourisme-volvestre.fr\\\/es\\\/\",\"logo\":{\"@type\":\"ImageObject\",\"inLanguage\":\"es\",\"@id\":\"https:\\\/\\\/www.tourisme-volvestre.fr\\\/es\\\/#\\\/schema\\\/logo\\\/image\\\/\",\"url\":\"https:\\\/\\\/www.tourisme-volvestre.fr\\\/wp-content\\\/uploads\\\/2025\\\/02\\\/logo-site.png\",\"contentUrl\":\"https:\\\/\\\/www.tourisme-volvestre.fr\\\/wp-content\\\/uploads\\\/2025\\\/02\\\/logo-site.png\",\"width\":152,\"height\":152,\"caption\":\"Volvestre Tourisme\"},\"image\":{\"@id\":\"https:\\\/\\\/www.tourisme-volvestre.fr\\\/es\\\/#\\\/schema\\\/logo\\\/image\\\/\"},\"sameAs\":[\"https:\\\/\\\/www.facebook.com\\\/TourismeVolvestre\",\"https:\\\/\\\/www.instagram.com\\\/tourismevolvestre\"]}]}<\/script>\n<!-- \/ Yoast SEO plugin. -->","yoast_head_json":{"title":"Nuestras ofertas de trabajo - Volvestre Tourisme","description":"\u00a1Descubre las ofertas de empleo en el Volvestre en los sectores del turismo, la hosteler\u00eda y la restauraci\u00f3n, cerca de Toulouse!","robots":{"index":"index","follow":"follow","max-snippet":"max-snippet:-1","max-image-preview":"max-image-preview:large","max-video-preview":"max-video-preview:-1"},"canonical":"https:\/\/www.tourisme-volvestre.fr\/es\/nuestras-ofertas-de-trabajo\/","og_locale":"es_ES","og_type":"article","og_title":"Nuestras ofertas de trabajo - Volvestre Tourisme","og_description":"\u00a1Descubre las ofertas de empleo en el Volvestre en los sectores del turismo, la hosteler\u00eda y la restauraci\u00f3n, cerca de Toulouse!","og_url":"https:\/\/www.tourisme-volvestre.fr\/es\/nuestras-ofertas-de-trabajo\/","og_site_name":"Volvestre Tourisme","article_publisher":"https:\/\/www.facebook.com\/TourismeVolvestre","article_modified_time":"2025-09-01T09:43:16+00:00","og_image":[{"width":1442,"height":2560,"url":"https:\/\/www.tourisme-volvestre.fr\/wp-content\/uploads\/2025\/07\/saintchristaud_randonnee_paysage_pyrenees_fig_hvr@oti.jpg","type":"image\/jpeg"}],"twitter_card":"summary_large_image","twitter_misc":{"Tiempo de lectura":"2 minutos"},"schema":{"@context":"https:\/\/schema.org","@graph":[{"@type":"WebPage","@id":"https:\/\/www.tourisme-volvestre.fr\/es\/nuestras-ofertas-de-trabajo\/","url":"https:\/\/www.tourisme-volvestre.fr\/es\/nuestras-ofertas-de-trabajo\/","name":"Nuestras ofertas de trabajo - Volvestre Tourisme","isPartOf":{"@id":"https:\/\/www.tourisme-volvestre.fr\/es\/#website"},"primaryImageOfPage":{"@id":"https:\/\/www.tourisme-volvestre.fr\/es\/nuestras-ofertas-de-trabajo\/#primaryimage"},"image":{"@id":"https:\/\/www.tourisme-volvestre.fr\/es\/nuestras-ofertas-de-trabajo\/#primaryimage"},"thumbnailUrl":"https:\/\/www.tourisme-volvestre.fr\/wp-content\/uploads\/2025\/07\/saintchristaud_randonnee_paysage_pyrenees_fig_hvr@oti.jpg","datePublished":"2025-06-02T13:32:29+00:00","dateModified":"2025-09-01T09:43:16+00:00","description":"\u00a1Descubre las ofertas de empleo en el Volvestre en los sectores del turismo, la hosteler\u00eda y la restauraci\u00f3n, cerca de Toulouse!","breadcrumb":{"@id":"https:\/\/www.tourisme-volvestre.fr\/es\/nuestras-ofertas-de-trabajo\/#breadcrumb"},"inLanguage":"es","potentialAction":[{"@type":"ReadAction","target":["https:\/\/www.tourisme-volvestre.fr\/es\/nuestras-ofertas-de-trabajo\/"]}]},{"@type":"ImageObject","inLanguage":"es","@id":"https:\/\/www.tourisme-volvestre.fr\/es\/nuestras-ofertas-de-trabajo\/#primaryimage","url":"https:\/\/www.tourisme-volvestre.fr\/wp-content\/uploads\/2025\/07\/saintchristaud_randonnee_paysage_pyrenees_fig_hvr@oti.jpg","contentUrl":"https:\/\/www.tourisme-volvestre.fr\/wp-content\/uploads\/2025\/07\/saintchristaud_randonnee_paysage_pyrenees_fig_hvr@oti.jpg","width":1442,"height":2560},{"@type":"BreadcrumbList","@id":"https:\/\/www.tourisme-volvestre.fr\/es\/nuestras-ofertas-de-trabajo\/#breadcrumb","itemListElement":[{"@type":"ListItem","position":1,"name":"Accueil","item":"https:\/\/www.tourisme-volvestre.fr\/es\/?lang=es"},{"@type":"ListItem","position":2,"name":"Nuestras ofertas de trabajo"}]},{"@type":"WebSite","@id":"https:\/\/www.tourisme-volvestre.fr\/es\/#website","url":"https:\/\/www.tourisme-volvestre.fr\/es\/","name":"Volvestre Tourisme","description":"","publisher":{"@id":"https:\/\/www.tourisme-volvestre.fr\/es\/#organization"},"alternateName":"OT Volvestre","potentialAction":[{"@type":"SearchAction","target":{"@type":"EntryPoint","urlTemplate":"https:\/\/www.tourisme-volvestre.fr\/es\/?s={search_term_string}"},"query-input":{"@type":"PropertyValueSpecification","valueRequired":true,"valueName":"search_term_string"}}],"inLanguage":"es"},{"@type":"Organization","@id":"https:\/\/www.tourisme-volvestre.fr\/es\/#organization","name":"Volvestre Tourisme","url":"https:\/\/www.tourisme-volvestre.fr\/es\/","logo":{"@type":"ImageObject","inLanguage":"es","@id":"https:\/\/www.tourisme-volvestre.fr\/es\/#\/schema\/logo\/image\/","url":"https:\/\/www.tourisme-volvestre.fr\/wp-content\/uploads\/2025\/02\/logo-site.png","contentUrl":"https:\/\/www.tourisme-volvestre.fr\/wp-content\/uploads\/2025\/02\/logo-site.png","width":152,"height":152,"caption":"Volvestre Tourisme"},"image":{"@id":"https:\/\/www.tourisme-volvestre.fr\/es\/#\/schema\/logo\/image\/"},"sameAs":["https:\/\/www.facebook.com\/TourismeVolvestre","https:\/\/www.instagram.com\/tourismevolvestre"]}]}},"_links":{"self":[{"href":"https:\/\/www.tourisme-volvestre.fr\/es\/wp-json\/wp\/v2\/pages\/9612","targetHints":{"allow":["GET"]}}],"collection":[{"href":"https:\/\/www.tourisme-volvestre.fr\/es\/wp-json\/wp\/v2\/pages"}],"about":[{"href":"https:\/\/www.tourisme-volvestre.fr\/es\/wp-json\/wp\/v2\/types\/page"}],"author":[{"embeddable":true,"href":"https:\/\/www.tourisme-volvestre.fr\/es\/wp-json\/wp\/v2\/users\/1"}],"replies":[{"embeddable":true,"href":"https:\/\/www.tourisme-volvestre.fr\/es\/wp-json\/wp\/v2\/comments?post=9612"}],"version-history":[{"count":2,"href":"https:\/\/www.tourisme-volvestre.fr\/es\/wp-json\/wp\/v2\/pages\/9612\/revisions"}],"predecessor-version":[{"id":9614,"href":"https:\/\/www.tourisme-volvestre.fr\/es\/wp-json\/wp\/v2\/pages\/9612\/revisions\/9614"}],"wp:featuredmedia":[{"embeddable":true,"href":"https:\/\/www.tourisme-volvestre.fr\/es\/wp-json\/wp\/v2\/media\/7234"}],"wp:attachment":[{"href":"https:\/\/www.tourisme-volvestre.fr\/es\/wp-json\/wp\/v2\/media?parent=9612"}],"curies":[{"name":"wp","href":"https:\/\/api.w.org\/{rel}","templated":true}]}}